{"id":5280,"date":"2024-05-30T13:36:24","date_gmt":"2024-05-30T13:36:24","guid":{"rendered":"https:\/\/kosmeetika24.com\/?post_type=product&#038;p=5280"},"modified":"2025-07-02T11:06:31","modified_gmt":"2025-07-02T08:06:31","slug":"reveel-profitoode-renewal-mask-classics","status":"publish","type":"product","link":"https:\/\/kosmeetika24.com\/fi\/tuote\/reveel-profitoode-renewal-mask-classics\/","title":{"rendered":"Ammattituote Reveel Uudistava naamio Classic"},"content":{"rendered":"<p>Ammattimainen <em>Renewal Mask<\/em> kollageenimaskin avulla voit minimoida ik\u00e4\u00e4ntymisen merkkej\u00e4.<\/p>\n<p>Eritt\u00e4in rauhoittava kaikille ihotyypeille, lis\u00e4\u00e4 kosteutusta ja tukee ihon luonnollista pH-tasapainoa.<\/p>\n<p><em><strong>P\u00c4\u00c4AINEOSAT<\/strong><\/em><\/p>\n<p>L<em>ooduslik kollageen, \u00f5una t\u00fcvirakkude ekstrakt, baikaliin.<\/em><\/p>\n<p><em>Baikalin, kasvipohjainen aine, saadaan luonnollisen kasvin S. baicalensis juuresta tai S. baicalensis viljellyist\u00e4 soluista. Seell\u00e4 on nuorentava vaikutus, suojaa UV-s\u00e4teilylt\u00e4 ja sill\u00e4 on antioksidanttisia ja tonisoivia ominaisuuksia. Voiteessa k\u00e4ytettyn\u00e4 baikalin suojaa ihoa antioksidanttisten ominaisuuksiensa avulla ja v\u00e4hent\u00e4\u00e4 my\u00f6s UV-s\u00e4teilyn aiheuttamaa apoptoosia (solukuolema, joka johtuu UV-s\u00e4teist\u00e4).<\/em><br \/>\n<em>Omenan kantasolujen uute stimuloi solujen aktiivisuutta.<\/em><\/p>\n<p><strong>K\u00e4ytt\u00f6<\/strong><\/p>\n<p>1. Leikkaa haluttuun muotoon tai rep\u00e4ise pitkin reiki\u00e4.<br \/>\n2. Aseta kuiva maski kasvoille.<br \/>\n3. Kostuta sit\u00e4 hitaasti mutta huolellisesti Professional Activating Liquid -nesteell\u00e4.<br \/>\n4. J\u00e4t\u00e4 se vaikuttamaan 15-20 minuutiksi.<br \/>\n5. Poista naamio ja hiero kevyesti j\u00e4ljelle j\u00e4\u00e4nyt aine ihoon.<\/p>\n<p><strong>Ainesosat<\/strong><\/p>\n<p>Collagen, PPG-15 Stearyl Ether, Hydrogenated Polyisobutene, Propylene Glycol, PEG-40 Sorbitan Peroleate, Resveratrol, Malus Domestica Fruit Cell Culture Extract, Baicalin, Glycerin, Lecithin, Di-C12-13 Alkyl Malate, Xanthan Gum, BHT, Phenoxyethanol, CI 75470 (Carmine), CI 77510 (Ferricammonium Ferrocyanide).<\/p>","protected":false},"excerpt":{"rendered":"<p>T\u00e4yslehti, joka on leikattava haluttuun muotoon, mahdollistaen k\u00e4yt\u00f6n kasvoilla ja muilla hoitoalueilla.<\/p>\n<ul>\n<li>Lis\u00e4\u00e4 kosteutusta ja tukee ihon luonnollista tasapainoa.<\/li>\n<li>Neutraloi haitallisia ymp\u00e4rist\u00f6vaikutuksia.<\/li>\n<li>Eritt\u00e4in tehokkaat rauhoittavat ja silottavat ominaisuudet.<\/li>\n<\/ul>\n<p>Pakkauksessa 20 kpl<\/p>","protected":false},"featured_media":6908,"comment_status":"closed","ping_status":"closed","template":"","meta":{"_uag_custom_page_level_css":"","site-sidebar-layout":"default","site-content-layout":"","ast-site-content-layout":"default","site-content-style":"default","site-sidebar-style":"default","ast-global-header-display":"","ast-banner-title-visibility":"","ast-main-header-display":"","ast-hfb-above-header-display":"","ast-hfb-below-header-display":"","ast-hfb-mobile-header-display":"","site-post-title":"","ast-breadcrumbs-content":"","ast-featured-img":"","footer-sml-layout":"","ast-disable-related-posts":"","theme-transparent-header-meta":"default","adv-header-id-meta":"","stick-header-meta":"","header-above-stick-meta":"","header-main-stick-meta":"","header-below-stick-meta":"","astra-migrate-meta-layouts":"set","ast-page-background-enabled":"default","ast-page-background-meta":{"desktop":{"background-color":"var(--ast-global-color-4)","background-image":"","background-repeat":"repeat","background-position":"center center","background-size":"auto","background-attachment":"scroll","background-type":"","background-media":"","overlay-type":"","overlay-color":"","overlay-opacity":"","overlay-gradient":""},"tablet":{"background-color":"","background-image":"","background-repeat":"repeat","background-position":"center center","background-size":"auto","background-attachment":"scroll","background-type":"","background-media":"","overlay-type":"","overlay-color":"","overlay-opacity":"","overlay-gradient":""},"mobile":{"background-color":"","background-image":"","background-repeat":"repeat","background-position":"center center","background-size":"auto","background-attachment":"scroll","background-type":"","background-media":"","overlay-type":"","overlay-color":"","overlay-opacity":"","overlay-gradient":""}},"ast-content-background-meta":{"desktop":{"background-color":"var(--ast-global-color-5)","background-image":"","background-repeat":"repeat","background-position":"center center","background-size":"auto","background-attachment":"scroll","background-type":"","background-media":"","overlay-type":"","overlay-color":"","overlay-opacity":"","overlay-gradient":""},"tablet":{"background-color":"var(--ast-global-color-5)","background-image":"","background-repeat":"repeat","background-position":"center center","background-size":"auto","background-attachment":"scroll","background-type":"","background-media":"","overlay-type":"","overlay-color":"","overlay-opacity":"","overlay-gradient":""},"mobile":{"background-color":"var(--ast-global-color-5)","background-image":"","background-repeat":"repeat","background-position":"center center","background-size":"auto","background-attachment":"scroll","background-type":"","background-media":"","overlay-type":"","overlay-color":"","overlay-opacity":"","overlay-gradient":""}}},"product_brand":[],"product_cat":[96,97,95],"product_tag":[],"class_list":{"0":"post-5280","1":"product","2":"type-product","3":"status-publish","4":"has-post-thumbnail","6":"product_cat-brands","7":"product_cat-naole","8":"product_cat-reveel","9":"desktop-align-left","10":"tablet-align-left","11":"mobile-align-left","13":"first","14":"instock","15":"taxable","16":"shipping-taxable","17":"product-type-simple","18":"add-to-wishlist-before_image"},"uagb_featured_image_src":{"full":["https:\/\/kosmeetika24.com\/wp-content\/uploads\/2024\/05\/renewal.jpg",1800,1800,false],"thumbnail":["https:\/\/kosmeetika24.com\/wp-content\/uploads\/2024\/05\/renewal-150x150.jpg",150,150,true],"medium":["https:\/\/kosmeetika24.com\/wp-content\/uploads\/2024\/05\/renewal-300x300.jpg",300,300,true],"medium_large":["https:\/\/kosmeetika24.com\/wp-content\/uploads\/2024\/05\/renewal-768x768.jpg",768,768,true],"large":["https:\/\/kosmeetika24.com\/wp-content\/uploads\/2024\/05\/renewal-1024x1024.jpg",1024,1024,true],"1536x1536":["https:\/\/kosmeetika24.com\/wp-content\/uploads\/2024\/05\/renewal-1536x1536.jpg",1536,1536,true],"2048x2048":["https:\/\/kosmeetika24.com\/wp-content\/uploads\/2024\/05\/renewal.jpg",1800,1800,false],"trp-custom-language-flag":["https:\/\/kosmeetika24.com\/wp-content\/uploads\/2024\/05\/renewal-12x12.jpg",12,12,true],"woocommerce_thumbnail":["https:\/\/kosmeetika24.com\/wp-content\/uploads\/2024\/05\/renewal-300x300.jpg",300,300,true],"woocommerce_single":["https:\/\/kosmeetika24.com\/wp-content\/uploads\/2024\/05\/renewal-500x500.jpg",500,500,true],"woocommerce_gallery_thumbnail":["https:\/\/kosmeetika24.com\/wp-content\/uploads\/2024\/05\/renewal-100x100.jpg",100,100,true]},"uagb_author_info":{"display_name":"admin","author_link":"https:\/\/kosmeetika24.com\/fi\/author\/"},"uagb_comment_info":0,"uagb_excerpt":"T\u00e4isleht, mis tuleb l\u00f5igata soovitud kuju, v\u00f5imaldades kasutada nii n\u00e4ol kui ka muudel ravipiirkondadel. Suurendab niisutust ja toetab naha loomulikku tasakaalu. Neutraliseerib kahjulikke keskkonnam\u00f5jusid. V\u00e4ga t\u00f5husad rahustavad ja siluvad omadused. Pakis 20 tk","_links":{"self":[{"href":"https:\/\/kosmeetika24.com\/fi\/wp-json\/wp\/v2\/product\/5280","targetHints":{"allow":["GET"]}}],"collection":[{"href":"https:\/\/kosmeetika24.com\/fi\/wp-json\/wp\/v2\/product"}],"about":[{"href":"https:\/\/kosmeetika24.com\/fi\/wp-json\/wp\/v2\/types\/product"}],"replies":[{"embeddable":true,"href":"https:\/\/kosmeetika24.com\/fi\/wp-json\/wp\/v2\/comments?post=5280"}],"version-history":[{"count":12,"href":"https:\/\/kosmeetika24.com\/fi\/wp-json\/wp\/v2\/product\/5280\/revisions"}],"predecessor-version":[{"id":6267,"href":"https:\/\/kosmeetika24.com\/fi\/wp-json\/wp\/v2\/product\/5280\/revisions\/6267"}],"wp:featuredmedia":[{"embeddable":true,"href":"https:\/\/kosmeetika24.com\/fi\/wp-json\/wp\/v2\/media\/6908"}],"wp:attachment":[{"href":"https:\/\/kosmeetika24.com\/fi\/wp-json\/wp\/v2\/media?parent=5280"}],"wp:term":[{"taxonomy":"product_brand","embeddable":true,"href":"https:\/\/kosmeetika24.com\/fi\/wp-json\/wp\/v2\/product_brand?post=5280"},{"taxonomy":"product_cat","embeddable":true,"href":"https:\/\/kosmeetika24.com\/fi\/wp-json\/wp\/v2\/product_cat?post=5280"},{"taxonomy":"product_tag","embeddable":true,"href":"https:\/\/kosmeetika24.com\/fi\/wp-json\/wp\/v2\/product_tag?post=5280"}],"curies":[{"name":"wp","href":"https:\/\/api.w.org\/{rel}","templated":true}]}}