{"id":5261,"date":"2024-04-23T10:43:40","date_gmt":"2024-04-23T10:43:40","guid":{"rendered":"https:\/\/kosmeetika24.com\/?post_type=product&#038;p=5261"},"modified":"2025-07-02T11:37:59","modified_gmt":"2025-07-02T08:37:59","slug":"reveel-kollageeni-seerumi-sprei-50ml","status":"publish","type":"product","link":"https:\/\/kosmeetika24.com\/fi\/tuote\/reveel-kollageeni-seerumi-sprei-50ml\/","title":{"rendered":"Reveel kollageeniseerumi suihke 50 ml"},"content":{"rendered":"<p>Muuttuva ilmaston, ilmastointilaitteen ja muiden stressitekij\u00f6iden seurauksena ihon kosteus voi v\u00e4henty\u00e4. T\u00e4m\u00e4 ilmenee lis\u00e4\u00e4ntyneen\u00e4 kuivuuden, hienojen juonteiden, ryppyjen ja hilseilyn korostumisena. Iho n\u00e4ytt\u00e4\u00e4 v\u00e4syneelt\u00e4 ja samealta.<\/p>\n<p>Innovatiivinen<em><strong> Collagen Serum Spray<\/strong><\/em> <span class=\"Y2IQFc\" lang=\"et\"> palauttaa ihon kosteustasapainon.<\/span> ja poistaa ep\u00e4miellytt\u00e4v\u00e4t j\u00e4nnitteet v\u00e4litt\u00f6m\u00e4sti asettamalla iholle luonnollisista kollageenimolekyyleist\u00e4 koostuvan kosteutusverkoston, ja luonnolliset kosteuttavat ainesosat imeytyv\u00e4t syv\u00e4lle ihoon.<\/p>\n<p><span class=\"Y2IQFc\" lang=\"et\">Iho n\u00e4ytt\u00e4\u00e4 hetkess\u00e4 taas terveemm\u00e4lt\u00e4 ja hoidetummalta.<\/span><\/p>\n<p>Seerumissa oleva omenan kantasolujen uuteen ekstrakti edist\u00e4\u00e4 solujen uudistumista. <span class=\"Y2IQFc\" lang=\"et\">Hienot juonteet v\u00e4henev\u00e4t.<\/span>Iho on sile\u00e4 pidemm\u00e4ksi aikaa.<\/p>\n<p>Omenan kantasolujen uute yhdistettyn\u00e4 kollageenimolekyyleihin kosteuttaa ihoa, tehden siit\u00e4 v\u00e4litt\u00f6m\u00e4sti kiinte\u00e4n. Iho on syv\u00e4sti kosteutettu, ja kirist\u00e4v\u00e4 tunne v\u00e4henee.<\/p>\n<p><strong>K\u00e4ytt\u00f6<\/strong><\/p>\n<p><span class=\"Y2IQFc\" lang=\"et\">Levit\u00e4 aamulla ja illalla ja\/tai tarpeen mukaan. <\/span><\/p>\n<p><span class=\"Y2IQFc\" lang=\"et\">Ravista hyvin ennen k\u00e4ytt\u00f6\u00e4. <\/span><\/p>\n<p><span class=\"Y2IQFc\" lang=\"et\">Pid\u00e4 suihke pystyasennossa, sulje silm\u00e4t ja suihkuta kolme kertaa kasvoille ja kaulalle sek\u00e4 kolme kertaa dekoltee-alueelle.<\/span><\/p>\n<p><span class=\"Y2IQFc\" lang=\"et\"> Vaihtoehtoisesti voit suihkuttaa tuotteen k\u00e4mmenelle ennen sen levitt\u00e4mist\u00e4 kasvoille.<\/span><\/p>\n<p><strong>Ainesosat<\/strong><\/p>\n<p>Aqua (Water), Butylene Glycol, Glycerin, Leuconostoc\/Radish Root Ferment Filtrate, Soluble Collagen, Malus Domestica Fruit Cell Culture Extract, Panthenol, PCA, 1,5-Pentanediol, Saccharide Isomerate, Monosodium Citrate, Isomalt, Parfum (Fragrance)<\/p>","protected":false},"excerpt":{"rendered":"<p><span class=\"Y2IQFc\" lang=\"et\">Innovatiivinen seerumisuihke, jota voit k\u00e4ytt\u00e4\u00e4 milloin tahansa ja miss\u00e4 tahansa.<\/span><\/p>\n<p class=\"h2\"><span style=\"font-size: 16px;\">Hetkellinen ik\u00e4\u00e4ntymist\u00e4 ehk\u00e4isev\u00e4 kollageeniseerumi pehment\u00e4\u00e4 hienoja juonteita ja kosteuttaa ihoa, tehden sek\u00e4 naisten ett\u00e4 miesten ihosta vahvemman ja sile\u00e4mm\u00e4n.<\/span><\/p>\n<p><span class=\"Y2IQFc\" lang=\"et\">Ihanteellinen k\u00e4ytett\u00e4v\u00e4ksi spontaanisti, kun kuivuus johtuu s\u00e4\u00e4st\u00e4 tai stressist\u00e4.<\/span><\/p>\n<p><span style=\"font-size: 16px;\">\u00a0100% silikooniton, alumiiniton, alkoholiton, el\u00e4inkokeeton ja mikromuoviton.<\/span><\/p>\n<p>&nbsp;<\/p>","protected":false},"featured_media":6911,"comment_status":"closed","ping_status":"closed","template":"","meta":{"_uag_custom_page_level_css":"","site-sidebar-layout":"default","site-content-layout":"","ast-site-content-layout":"default","site-content-style":"default","site-sidebar-style":"default","ast-global-header-display":"","ast-banner-title-visibility":"","ast-main-header-display":"","ast-hfb-above-header-display":"","ast-hfb-below-header-display":"","ast-hfb-mobile-header-display":"","site-post-title":"","ast-breadcrumbs-content":"","ast-featured-img":"","footer-sml-layout":"","ast-disable-related-posts":"","theme-transparent-header-meta":"default","adv-header-id-meta":"","stick-header-meta":"","header-above-stick-meta":"","header-main-stick-meta":"","header-below-stick-meta":"","astra-migrate-meta-layouts":"set","ast-page-background-enabled":"default","ast-page-background-meta":{"desktop":{"background-color":"var(--ast-global-color-4)","background-image":"","background-repeat":"repeat","background-position":"center center","background-size":"auto","background-attachment":"scroll","background-type":"","background-media":"","overlay-type":"","overlay-color":"","overlay-opacity":"","overlay-gradient":""},"tablet":{"background-color":"","background-image":"","background-repeat":"repeat","background-position":"center center","background-size":"auto","background-attachment":"scroll","background-type":"","background-media":"","overlay-type":"","overlay-color":"","overlay-opacity":"","overlay-gradient":""},"mobile":{"background-color":"","background-image":"","background-repeat":"repeat","background-position":"center center","background-size":"auto","background-attachment":"scroll","background-type":"","background-media":"","overlay-type":"","overlay-color":"","overlay-opacity":"","overlay-gradient":""}},"ast-content-background-meta":{"desktop":{"background-color":"var(--ast-global-color-5)","background-image":"","background-repeat":"repeat","background-position":"center center","background-size":"auto","background-attachment":"scroll","background-type":"","background-media":"","overlay-type":"","overlay-color":"","overlay-opacity":"","overlay-gradient":""},"tablet":{"background-color":"var(--ast-global-color-5)","background-image":"","background-repeat":"repeat","background-position":"center center","background-size":"auto","background-attachment":"scroll","background-type":"","background-media":"","overlay-type":"","overlay-color":"","overlay-opacity":"","overlay-gradient":""},"mobile":{"background-color":"var(--ast-global-color-5)","background-image":"","background-repeat":"repeat","background-position":"center center","background-size":"auto","background-attachment":"scroll","background-type":"","background-media":"","overlay-type":"","overlay-color":"","overlay-opacity":"","overlay-gradient":""}}},"product_brand":[],"product_cat":[97,95],"product_tag":[],"class_list":{"0":"post-5261","1":"product","2":"type-product","3":"status-publish","4":"has-post-thumbnail","6":"product_cat-naole","7":"product_cat-reveel","8":"desktop-align-left","9":"tablet-align-left","10":"mobile-align-left","12":"first","13":"instock","14":"featured","15":"taxable","16":"shipping-taxable","17":"product-type-simple","18":"add-to-wishlist-before_image"},"uagb_featured_image_src":{"full":["https:\/\/kosmeetika24.com\/wp-content\/uploads\/2024\/04\/Reveel-seerum-sprei.jpg",1800,1800,false],"thumbnail":["https:\/\/kosmeetika24.com\/wp-content\/uploads\/2024\/04\/Reveel-seerum-sprei-150x150.jpg",150,150,true],"medium":["https:\/\/kosmeetika24.com\/wp-content\/uploads\/2024\/04\/Reveel-seerum-sprei-300x300.jpg",300,300,true],"medium_large":["https:\/\/kosmeetika24.com\/wp-content\/uploads\/2024\/04\/Reveel-seerum-sprei-768x768.jpg",768,768,true],"large":["https:\/\/kosmeetika24.com\/wp-content\/uploads\/2024\/04\/Reveel-seerum-sprei-1024x1024.jpg",1024,1024,true],"1536x1536":["https:\/\/kosmeetika24.com\/wp-content\/uploads\/2024\/04\/Reveel-seerum-sprei-1536x1536.jpg",1536,1536,true],"2048x2048":["https:\/\/kosmeetika24.com\/wp-content\/uploads\/2024\/04\/Reveel-seerum-sprei.jpg",1800,1800,false],"trp-custom-language-flag":["https:\/\/kosmeetika24.com\/wp-content\/uploads\/2024\/04\/Reveel-seerum-sprei-12x12.jpg",12,12,true],"woocommerce_thumbnail":["https:\/\/kosmeetika24.com\/wp-content\/uploads\/2024\/04\/Reveel-seerum-sprei-300x300.jpg",300,300,true],"woocommerce_single":["https:\/\/kosmeetika24.com\/wp-content\/uploads\/2024\/04\/Reveel-seerum-sprei-500x500.jpg",500,500,true],"woocommerce_gallery_thumbnail":["https:\/\/kosmeetika24.com\/wp-content\/uploads\/2024\/04\/Reveel-seerum-sprei-100x100.jpg",100,100,true]},"uagb_author_info":{"display_name":"admin","author_link":"https:\/\/kosmeetika24.com\/fi\/author\/"},"uagb_comment_info":0,"uagb_excerpt":"Uuenduslik seerumi sprei, mida saate kasutada alati ja k\u00f5ikjal. Kohese toimega vananemisvastane kollageenne n\u00e4oseerum pehmendab peeneid joonekesi ja niisutab nahka, muutes naiste ja meeste naha tugevamaks ja siledamaks. Ideaalne spontaanseks kasutamiseks ilmastikust v\u00f5i stressist tingitud kuivuse korral. \u00a0100% silikoonivaba, alumiiniumivaba, alkoholivaba, julmusevaba ja mikroplastivaba. &nbsp;","_links":{"self":[{"href":"https:\/\/kosmeetika24.com\/fi\/wp-json\/wp\/v2\/product\/5261","targetHints":{"allow":["GET"]}}],"collection":[{"href":"https:\/\/kosmeetika24.com\/fi\/wp-json\/wp\/v2\/product"}],"about":[{"href":"https:\/\/kosmeetika24.com\/fi\/wp-json\/wp\/v2\/types\/product"}],"replies":[{"embeddable":true,"href":"https:\/\/kosmeetika24.com\/fi\/wp-json\/wp\/v2\/comments?post=5261"}],"version-history":[{"count":4,"href":"https:\/\/kosmeetika24.com\/fi\/wp-json\/wp\/v2\/product\/5261\/revisions"}],"predecessor-version":[{"id":6912,"href":"https:\/\/kosmeetika24.com\/fi\/wp-json\/wp\/v2\/product\/5261\/revisions\/6912"}],"wp:featuredmedia":[{"embeddable":true,"href":"https:\/\/kosmeetika24.com\/fi\/wp-json\/wp\/v2\/media\/6911"}],"wp:attachment":[{"href":"https:\/\/kosmeetika24.com\/fi\/wp-json\/wp\/v2\/media?parent=5261"}],"wp:term":[{"taxonomy":"product_brand","embeddable":true,"href":"https:\/\/kosmeetika24.com\/fi\/wp-json\/wp\/v2\/product_brand?post=5261"},{"taxonomy":"product_cat","embeddable":true,"href":"https:\/\/kosmeetika24.com\/fi\/wp-json\/wp\/v2\/product_cat?post=5261"},{"taxonomy":"product_tag","embeddable":true,"href":"https:\/\/kosmeetika24.com\/fi\/wp-json\/wp\/v2\/product_tag?post=5261"}],"curies":[{"name":"wp","href":"https:\/\/api.w.org\/{rel}","templated":true}]}}