{"id":5230,"date":"2024-04-18T13:19:07","date_gmt":"2024-04-18T13:19:07","guid":{"rendered":"https:\/\/kosmeetika24.com\/?post_type=product&#038;p=5230"},"modified":"2025-07-03T12:32:02","modified_gmt":"2025-07-03T09:32:02","slug":"charmyco-noorendav-kortsudevastane-kompleks-10","status":"publish","type":"product","link":"https:\/\/kosmeetika24.com\/fi\/tuote\/charmyco-noorendav-kortsudevastane-kompleks-10\/","title":{"rendered":"Charmyco Nuorentava ryppyj\u00e4 vastaan -kompleksi, 10 kpl"},"content":{"rendered":"<p><strong>Ainesosat<\/strong><\/p>\n<p>Levit\u00e4 hell\u00e4varaisesti kasvoille, kaulalle ja dekolteelle aamulla ja illalla kevyesti hieroen, kunnes tuote on t\u00e4ysin imeytynyt. P\u00e4ivitt\u00e4iseen k\u00e4ytt\u00f6\u00f6n.<\/p>\n<p>V\u00e4lt\u00e4 kosketusta silmiin.<\/p>\n<p><strong>Ainesosat<\/strong><\/p>\n<p>AQUA, COLLAGEN, ELASTIN, PALMITYL TRIPEPTIDE-5, HYALURONIC ACID, ACETYL HEXAPEPTIDE-8, PHENOXYETHANOL, PEG-40 CATOR OIL, PARFUM, ETHYLHEXYLGLYCERIN, LINALOOL, LIMONENE, HEXYLCINNAMAL, CITRONELLOL, CITRAL, COUMARIN, GERANIOL, CI 42090.<\/p>","protected":false},"excerpt":{"rendered":"<p>Jokaisessa ampullissa on ihon matriisin p\u00e4\u00e4asialliset proteiinikomponentit.<\/p>\n<p>Kollageeni, elastaanin ja hyaluronihappo imeytyv\u00e4t ihoon v\u00e4hent\u00e4en n\u00e4kyvimpi\u00e4 ryppyj\u00e4.<\/p>\n<p>Pakkauksessa on 10 x 2 ml ampullia.<\/p>","protected":false},"featured_media":1434,"comment_status":"open","ping_status":"closed","template":"","meta":{"_uag_custom_page_level_css":"","site-sidebar-layout":"default","site-content-layout":"","ast-site-content-layout":"default","site-content-style":"default","site-sidebar-style":"default","ast-global-header-display":"","ast-banner-title-visibility":"","ast-main-header-display":"","ast-hfb-above-header-display":"","ast-hfb-below-header-display":"","ast-hfb-mobile-header-display":"","site-post-title":"","ast-breadcrumbs-content":"","ast-featured-img":"","footer-sml-layout":"","ast-disable-related-posts":"","theme-transparent-header-meta":"default","adv-header-id-meta":"","stick-header-meta":"","header-above-stick-meta":"","header-main-stick-meta":"","header-below-stick-meta":"","astra-migrate-meta-layouts":"set","ast-page-background-enabled":"default","ast-page-background-meta":{"desktop":{"background-color":"var(--ast-global-color-4)","background-image":"","background-repeat":"repeat","background-position":"center center","background-size":"auto","background-attachment":"scroll","background-type":"","background-media":"","overlay-type":"","overlay-color":"","overlay-opacity":"","overlay-gradient":""},"tablet":{"background-color":"","background-image":"","background-repeat":"repeat","background-position":"center center","background-size":"auto","background-attachment":"scroll","background-type":"","background-media":"","overlay-type":"","overlay-color":"","overlay-opacity":"","overlay-gradient":""},"mobile":{"background-color":"","background-image":"","background-repeat":"repeat","background-position":"center center","background-size":"auto","background-attachment":"scroll","background-type":"","background-media":"","overlay-type":"","overlay-color":"","overlay-opacity":"","overlay-gradient":""}},"ast-content-background-meta":{"desktop":{"background-color":"var(--ast-global-color-5)","background-image":"","background-repeat":"repeat","background-position":"center center","background-size":"auto","background-attachment":"scroll","background-type":"","background-media":"","overlay-type":"","overlay-color":"","overlay-opacity":"","overlay-gradient":""},"tablet":{"background-color":"var(--ast-global-color-5)","background-image":"","background-repeat":"repeat","background-position":"center center","background-size":"auto","background-attachment":"scroll","background-type":"","background-media":"","overlay-type":"","overlay-color":"","overlay-opacity":"","overlay-gradient":""},"mobile":{"background-color":"var(--ast-global-color-5)","background-image":"","background-repeat":"repeat","background-position":"center center","background-size":"auto","background-attachment":"scroll","background-type":"","background-media":"","overlay-type":"","overlay-color":"","overlay-opacity":"","overlay-gradient":""}}},"product_brand":[],"product_cat":[96,81,97],"product_tag":[],"class_list":{"0":"post-5230","1":"product","2":"type-product","3":"status-publish","4":"has-post-thumbnail","6":"product_cat-brands","7":"product_cat-charmyco","8":"product_cat-naole","9":"desktop-align-left","10":"tablet-align-left","11":"mobile-align-left","13":"first","14":"instock","15":"taxable","16":"shipping-taxable","17":"product-type-simple","18":"add-to-wishlist-before_image"},"uagb_featured_image_src":{"full":["https:\/\/kosmeetika24.com\/wp-content\/uploads\/2023\/10\/anti-wrinkle.png",600,600,false],"thumbnail":["https:\/\/kosmeetika24.com\/wp-content\/uploads\/2023\/10\/anti-wrinkle-150x150.png",150,150,true],"medium":["https:\/\/kosmeetika24.com\/wp-content\/uploads\/2023\/10\/anti-wrinkle-300x300.png",300,300,true],"medium_large":["https:\/\/kosmeetika24.com\/wp-content\/uploads\/2023\/10\/anti-wrinkle.png",600,600,false],"large":["https:\/\/kosmeetika24.com\/wp-content\/uploads\/2023\/10\/anti-wrinkle.png",600,600,false],"1536x1536":["https:\/\/kosmeetika24.com\/wp-content\/uploads\/2023\/10\/anti-wrinkle.png",600,600,false],"2048x2048":["https:\/\/kosmeetika24.com\/wp-content\/uploads\/2023\/10\/anti-wrinkle.png",600,600,false],"trp-custom-language-flag":["https:\/\/kosmeetika24.com\/wp-content\/uploads\/2023\/10\/anti-wrinkle-12x12.png",12,12,true],"woocommerce_thumbnail":["https:\/\/kosmeetika24.com\/wp-content\/uploads\/2023\/10\/anti-wrinkle-300x300.png",300,300,true],"woocommerce_single":["https:\/\/kosmeetika24.com\/wp-content\/uploads\/2023\/10\/anti-wrinkle-500x500.png",500,500,true],"woocommerce_gallery_thumbnail":["https:\/\/kosmeetika24.com\/wp-content\/uploads\/2023\/10\/anti-wrinkle-100x100.png",100,100,true]},"uagb_author_info":{"display_name":"admin","author_link":"https:\/\/kosmeetika24.com\/fi\/author\/"},"uagb_comment_info":0,"uagb_excerpt":"\u00dches ampullis nahamaatriksi peamised valgukomponendid. Kollageen, elastiin ja h\u00fcaloroonhape tungivad l\u00e4bi naha, et v\u00e4hendada k\u00f5ige n\u00e4htavamaid kortse. Pakendis 10x 2ml ampulli","_links":{"self":[{"href":"https:\/\/kosmeetika24.com\/fi\/wp-json\/wp\/v2\/product\/5230","targetHints":{"allow":["GET"]}}],"collection":[{"href":"https:\/\/kosmeetika24.com\/fi\/wp-json\/wp\/v2\/product"}],"about":[{"href":"https:\/\/kosmeetika24.com\/fi\/wp-json\/wp\/v2\/types\/product"}],"replies":[{"embeddable":true,"href":"https:\/\/kosmeetika24.com\/fi\/wp-json\/wp\/v2\/comments?post=5230"}],"version-history":[{"count":3,"href":"https:\/\/kosmeetika24.com\/fi\/wp-json\/wp\/v2\/product\/5230\/revisions"}],"predecessor-version":[{"id":6510,"href":"https:\/\/kosmeetika24.com\/fi\/wp-json\/wp\/v2\/product\/5230\/revisions\/6510"}],"wp:featuredmedia":[{"embeddable":true,"href":"https:\/\/kosmeetika24.com\/fi\/wp-json\/wp\/v2\/media\/1434"}],"wp:attachment":[{"href":"https:\/\/kosmeetika24.com\/fi\/wp-json\/wp\/v2\/media?parent=5230"}],"wp:term":[{"taxonomy":"product_brand","embeddable":true,"href":"https:\/\/kosmeetika24.com\/fi\/wp-json\/wp\/v2\/product_brand?post=5230"},{"taxonomy":"product_cat","embeddable":true,"href":"https:\/\/kosmeetika24.com\/fi\/wp-json\/wp\/v2\/product_cat?post=5230"},{"taxonomy":"product_tag","embeddable":true,"href":"https:\/\/kosmeetika24.com\/fi\/wp-json\/wp\/v2\/product_tag?post=5230"}],"curies":[{"name":"wp","href":"https:\/\/api.w.org\/{rel}","templated":true}]}}