{"id":5209,"date":"2024-05-30T13:40:39","date_gmt":"2024-05-30T13:40:39","guid":{"rendered":"https:\/\/kosmeetika24.com\/?post_type=product&#038;p=5209"},"modified":"2025-07-02T11:03:39","modified_gmt":"2025-07-02T08:03:39","slug":"reveel-profitoode-kontsentreeritud-vitamiin-c-helmed","status":"publish","type":"product","link":"https:\/\/kosmeetika24.com\/fi\/tuote\/reveel-profitoode-kontsentreeritud-vitamiin-c-helmed\/","title":{"rendered":"Ammattituote Reveel Konsentroidut C-vitamiinikapselit"},"content":{"rendered":"<p>Ajan my\u00f6t\u00e4, kun iho menett\u00e4\u00e4 luonnollisesti kollageenia, ihonv\u00e4ri voi n\u00e4ytt\u00e4\u00e4 ep\u00e4tasaiselta, jolloin juonteet ja rypyt erottuvat paremmin.<\/p>\n<p>C-vitamiini avulla voidaan parantaa n\u00e4kyvi\u00e4 ik\u00e4\u00e4ntymisen merkkej\u00e4 ja korjata ihon \u00e4\u00e4riviivoja.<\/p>\n<p>Reveelin koostumuksessa oleva L-askorbiinihappo s\u00e4ilytet\u00e4\u00e4n pieniss\u00e4 seerumipalloissa, kunnes se aktivoidaan aktivaattoriliuoksella k\u00e4siss\u00e4 juuri ennen seerumin levitt\u00e4mist\u00e4 asiakkaan iholle. T\u00e4m\u00e4n vuoksi jokainen annos on tuore, vakaa ja maksimaalisesti tehokas.<\/p>\n<p>C-vitamiini tasapainottaa kollageenin ja melaniinin synteesiss\u00e4 mukana olevia entsyymej\u00e4 ja neutraloi vapaita radikaaleja.<\/p>\n<p>C-vitamiini v\u00e4hent\u00e4\u00e4 ryppyjen muodostumista, tarjoaa antioksidanttista suojaa ja lis\u00e4\u00e4 heleytt\u00e4.<\/p>\n<p><strong>Vaikutus<\/strong><\/p>\n<ul>\n<li>Tarjoaa antioksidanttista suojaa ihon ennenaikaista vanhenemista vastaan.<\/li>\n<li>Auttaa ihoa n\u00e4ytt\u00e4m\u00e4\u00e4n kiinte\u00e4mm\u00e4lt\u00e4.<\/li>\n<li>V\u00e4hent\u00e4\u00e4 hienojen juonteiden ja ryppyjen muodostumista.<\/li>\n<li>H\u00e4ik\u00e4isev\u00e4sti kirkastaa ihon v\u00e4rimuutoksia.<\/li>\n<\/ul>\n<p><strong>K\u00e4ytt\u00f6<\/strong><\/p>\n<ul>\n<li>Aseta yksi C-vitamiinikonsentraatin helmi k\u00e4mmenelle ja aktivoi aktivaattorilla. Yksi pumppaus riitt\u00e4\u00e4.<\/li>\n<li>Anna niiden sekoittua k\u00e4mmenell\u00e4 ja levit\u00e4 sitten kasvoille.<\/li>\n<li>Seuraavaksi k\u00e4yt\u00e4 tavallista kosteusvoidetta.<\/li>\n<li>Lopuksi levit\u00e4 iholle aurinkosuojakerma.<\/li>\n<\/ul>\n<p><strong>Ainesosat<\/strong><\/p>\n<p>Ascorbic acid, Polyquaternium-10, Simmondsia Chinensis (jojoba) seed oil, Water (Aqua), Glycerin, 1,5-pentanediol, Sodium lactate, Lactobacillus Ferment.<\/p>","protected":false},"excerpt":{"rendered":"<p>Ihon \u00e4\u00e4riviivat n\u00e4ytt\u00e4v\u00e4t kiinte\u00e4mmilt\u00e4 ja tummat l\u00e4isk\u00e4t vaaleammilta; ihon s\u00e4vy n\u00e4ytt\u00e4\u00e4 tasaisemmalta.<\/p>\n<p>Hienot juonteet ja ryppyt tasoittuvat.<\/p>\n<p>N\u00e4kym\u00e4t vanhenemisen merkit v\u00e4henev\u00e4t.<\/p>\n<p>Seerumi sis\u00e4lt\u00e4\u00e4 eritt\u00e4in tiivistetty\u00e4 C-vitamiinia.<\/p>\n<p>Jokainen C-vitamiinikoentsentraatin ampulli sis\u00e4lt\u00e4\u00e4 7 helme\u00e4.<\/p>\n<p>&nbsp;<\/p>\n<p>&nbsp;<\/p>","protected":false},"featured_media":5222,"comment_status":"closed","ping_status":"closed","template":"","meta":{"_uag_custom_page_level_css":"","site-sidebar-layout":"default","site-content-layout":"","ast-site-content-layout":"default","site-content-style":"default","site-sidebar-style":"default","ast-global-header-display":"","ast-banner-title-visibility":"","ast-main-header-display":"","ast-hfb-above-header-display":"","ast-hfb-below-header-display":"","ast-hfb-mobile-header-display":"","site-post-title":"","ast-breadcrumbs-content":"","ast-featured-img":"","footer-sml-layout":"","ast-disable-related-posts":"","theme-transparent-header-meta":"default","adv-header-id-meta":"","stick-header-meta":"","header-above-stick-meta":"","header-main-stick-meta":"","header-below-stick-meta":"","astra-migrate-meta-layouts":"set","ast-page-background-enabled":"default","ast-page-background-meta":{"desktop":{"background-color":"var(--ast-global-color-4)","background-image":"","background-repeat":"repeat","background-position":"center center","background-size":"auto","background-attachment":"scroll","background-type":"","background-media":"","overlay-type":"","overlay-color":"","overlay-opacity":"","overlay-gradient":""},"tablet":{"background-color":"","background-image":"","background-repeat":"repeat","background-position":"center center","background-size":"auto","background-attachment":"scroll","background-type":"","background-media":"","overlay-type":"","overlay-color":"","overlay-opacity":"","overlay-gradient":""},"mobile":{"background-color":"","background-image":"","background-repeat":"repeat","background-position":"center center","background-size":"auto","background-attachment":"scroll","background-type":"","background-media":"","overlay-type":"","overlay-color":"","overlay-opacity":"","overlay-gradient":""}},"ast-content-background-meta":{"desktop":{"background-color":"var(--ast-global-color-5)","background-image":"","background-repeat":"repeat","background-position":"center center","background-size":"auto","background-attachment":"scroll","background-type":"","background-media":"","overlay-type":"","overlay-color":"","overlay-opacity":"","overlay-gradient":""},"tablet":{"background-color":"var(--ast-global-color-5)","background-image":"","background-repeat":"repeat","background-position":"center center","background-size":"auto","background-attachment":"scroll","background-type":"","background-media":"","overlay-type":"","overlay-color":"","overlay-opacity":"","overlay-gradient":""},"mobile":{"background-color":"var(--ast-global-color-5)","background-image":"","background-repeat":"repeat","background-position":"center center","background-size":"auto","background-attachment":"scroll","background-type":"","background-media":"","overlay-type":"","overlay-color":"","overlay-opacity":"","overlay-gradient":""}}},"product_brand":[],"product_cat":[96,97,95],"product_tag":[],"class_list":{"0":"post-5209","1":"product","2":"type-product","3":"status-publish","4":"has-post-thumbnail","6":"product_cat-brands","7":"product_cat-naole","8":"product_cat-reveel","9":"desktop-align-left","10":"tablet-align-left","11":"mobile-align-left","13":"first","14":"instock","15":"taxable","16":"shipping-taxable","17":"product-type-simple","18":"add-to-wishlist-before_image"},"uagb_featured_image_src":{"full":["https:\/\/kosmeetika24.com\/wp-content\/uploads\/2024\/04\/vitamiin-c.webp",1500,1500,false],"thumbnail":["https:\/\/kosmeetika24.com\/wp-content\/uploads\/2024\/04\/vitamiin-c-150x150.webp",150,150,true],"medium":["https:\/\/kosmeetika24.com\/wp-content\/uploads\/2024\/04\/vitamiin-c-300x300.webp",300,300,true],"medium_large":["https:\/\/kosmeetika24.com\/wp-content\/uploads\/2024\/04\/vitamiin-c-768x768.webp",768,768,true],"large":["https:\/\/kosmeetika24.com\/wp-content\/uploads\/2024\/04\/vitamiin-c-1024x1024.webp",1024,1024,true],"1536x1536":["https:\/\/kosmeetika24.com\/wp-content\/uploads\/2024\/04\/vitamiin-c.webp",1500,1500,false],"2048x2048":["https:\/\/kosmeetika24.com\/wp-content\/uploads\/2024\/04\/vitamiin-c.webp",1500,1500,false],"trp-custom-language-flag":["https:\/\/kosmeetika24.com\/wp-content\/uploads\/2024\/04\/vitamiin-c-12x12.webp",12,12,true],"woocommerce_thumbnail":["https:\/\/kosmeetika24.com\/wp-content\/uploads\/2024\/04\/vitamiin-c-300x300.webp",300,300,true],"woocommerce_single":["https:\/\/kosmeetika24.com\/wp-content\/uploads\/2024\/04\/vitamiin-c-500x500.webp",500,500,true],"woocommerce_gallery_thumbnail":["https:\/\/kosmeetika24.com\/wp-content\/uploads\/2024\/04\/vitamiin-c-100x100.webp",100,100,true]},"uagb_author_info":{"display_name":"admin","author_link":"https:\/\/kosmeetika24.com\/fi\/author\/"},"uagb_comment_info":0,"uagb_excerpt":"Nahakontuurid paistavad pingul ja tumedad laigud heledamaks; jume tundub \u00fchtlasem. Peened jooned ja kortsud siluvad. N\u00e4htavad vananemise m\u00e4rgid v\u00e4henevad. Seerum sisaldab v\u00e4ga kontsentreeritud C-vitamiini. Iga C-vitamiini kontsentraadi viaal sisaldab 7 helmest. &nbsp; &nbsp;","_links":{"self":[{"href":"https:\/\/kosmeetika24.com\/fi\/wp-json\/wp\/v2\/product\/5209","targetHints":{"allow":["GET"]}}],"collection":[{"href":"https:\/\/kosmeetika24.com\/fi\/wp-json\/wp\/v2\/product"}],"about":[{"href":"https:\/\/kosmeetika24.com\/fi\/wp-json\/wp\/v2\/types\/product"}],"replies":[{"embeddable":true,"href":"https:\/\/kosmeetika24.com\/fi\/wp-json\/wp\/v2\/comments?post=5209"}],"version-history":[{"count":13,"href":"https:\/\/kosmeetika24.com\/fi\/wp-json\/wp\/v2\/product\/5209\/revisions"}],"predecessor-version":[{"id":6253,"href":"https:\/\/kosmeetika24.com\/fi\/wp-json\/wp\/v2\/product\/5209\/revisions\/6253"}],"wp:featuredmedia":[{"embeddable":true,"href":"https:\/\/kosmeetika24.com\/fi\/wp-json\/wp\/v2\/media\/5222"}],"wp:attachment":[{"href":"https:\/\/kosmeetika24.com\/fi\/wp-json\/wp\/v2\/media?parent=5209"}],"wp:term":[{"taxonomy":"product_brand","embeddable":true,"href":"https:\/\/kosmeetika24.com\/fi\/wp-json\/wp\/v2\/product_brand?post=5209"},{"taxonomy":"product_cat","embeddable":true,"href":"https:\/\/kosmeetika24.com\/fi\/wp-json\/wp\/v2\/product_cat?post=5209"},{"taxonomy":"product_tag","embeddable":true,"href":"https:\/\/kosmeetika24.com\/fi\/wp-json\/wp\/v2\/product_tag?post=5209"}],"curies":[{"name":"wp","href":"https:\/\/api.w.org\/{rel}","templated":true}]}}