{"id":5205,"date":"2024-05-30T13:39:41","date_gmt":"2024-05-30T13:39:41","guid":{"rendered":"https:\/\/kosmeetika24.com\/?post_type=product&#038;p=5205"},"modified":"2025-07-02T11:04:00","modified_gmt":"2025-07-02T08:04:00","slug":"reveel-profitoode-c-vitamiini-aktivaator-50ml","status":"publish","type":"product","link":"https:\/\/kosmeetika24.com\/fi\/tuote\/reveel-profitoode-c-vitamiini-aktivaator-50ml\/","title":{"rendered":"Ammattilaistuote Reveel C-vitamiini Aktivaattori 50 ml"},"content":{"rendered":"<p>Uniikilla menetelm\u00e4ll\u00e4 valmistettu C-vitamiini on cryogeenisesti j\u00e4\u00e4dytetty, mik\u00e4 mahdollistaa jokaisen p\u00e4ivitt\u00e4isen annoksen aktivoimisen k\u00e4ytt\u00f6hetkell\u00e4, varmistaen, ett\u00e4 jokainen annos on tuore, vakaa ja maksimaalisesti tehokas.<\/p>\n<p>Tieteellisesti todistettu, ett\u00e4 C-vitamiini v\u00e4hent\u00e4\u00e4 n\u00e4kyv\u00e4sti ryppyj\u00e4, tarjoaa antioksidanttisuojan est\u00e4en ihon ik\u00e4\u00e4ntymist\u00e4, kiinteytt\u00e4\u00e4 ihoa, kirkastaa tummoja l\u00e4iski\u00e4 ja lis\u00e4\u00e4 hehkua.<\/p>\n<p>C-vitamiinin t\u00e4ysi vaikutus aktivoituu, kun aktivoit seerumipalat k\u00e4dess\u00e4si \u2013 juuri ennen kuin se imeytyy ihoon.<\/p>\n<p>V\u00f5imas vananemisvastane seerum v\u00e4hendab n\u00e4htavaid vananemise m\u00e4rke, nagu peened jooned, kortsud ja pigmentatsioon, ning aitab pinguldada naha kontuuri.<\/p>\n<h4><strong>P\u00c4\u00c4AINEOSA<\/strong><\/h4>\n<p>C-vitamiini (79% L-askorbiinihappo).<\/p>\n<div id=\"s-c2dec667-f71c-4577-9c6a-f547a985eee5\" class=\"shg-c\">\n<div class=\"shogun-heading-component\">\n<h4>Vaikutus<\/h4>\n<\/div>\n<\/div>\n<div id=\"s-2288c399-abbb-47f7-a36a-cd8002d7f60a\" class=\"shg-c\">\n<div class=\"shg-rich-text shg-theme-text-content\">\n<ul>\n<li>C-vitamiini tasapainottaa kollageenin ja melaniinin synteesiss\u00e4 mukana olevia entsyymej\u00e4 ja neutraloi vapaita radikaaleja.<\/li>\n<li>Lis\u00e4\u00e4 kollageenin synteesi\u00e4 ja v\u00e4hent\u00e4\u00e4 tyrosinaasin aktiivisuutta.<\/li>\n<li>Lis\u00e4\u00e4 ihon antioksidatiivista suojaa.<\/li>\n<li>Hienot juonteet ja ryppyt tasoittuvat.<\/li>\n<li>Tummat t\u00e4pl\u00e4t vaalenevat, ja ihon s\u00e4vy tasoittuu.<\/li>\n<li>Iho on suojattu ennenaikaiselta ik\u00e4\u00e4ntymiselt\u00e4.<\/li>\n<\/ul>\n<\/div>\n<\/div>\n<div id=\"s-63965e03-2cf4-441a-be0e-ae0ec84b51d6\" class=\"shg-c\">\n<div class=\"shogun-heading-component\">\n<h4>K\u00e4ytt\u00f6<\/h4>\n<\/div>\n<\/div>\n<div id=\"s-8dda1559-ce87-4be2-8846-71fdbe0096ed\" class=\"shg-c\">\n<div class=\"shg-rich-text shg-theme-text-content\">\n<p>Levit\u00e4 aamulla ja illalla ja\/tai tarpeen mukaan.<\/p>\n<\/div>\n<\/div>\n<div id=\"s-1ed3271c-eca6-43b2-911d-2aa82c6c8305\" class=\"shg-c\">\n<div class=\"shogun-heading-component\">\n<h4>Ainesosat<\/h4>\n<\/div>\n<\/div>\n<div id=\"s-21ef7474-438a-409b-bc2d-d11b82a97af2\" class=\"shg-c\">\n<div class=\"shg-rich-text shg-theme-text-content\">\n<p>Ascorbic acid, Polyquaternium-10, Simmondsia Chinensis (jojoba) seed oil, Water (Aqua), Glycerin, 1,5-pentanediol, Sodium lactate, Lactobacillus Ferment.<\/p>\n<\/div>\n<\/div>","protected":false},"excerpt":{"rendered":"<p>79 % L-askorbiinihapon tiiviste auttaa kiinteytt\u00e4m\u00e4\u00e4n ihon \u00e4\u00e4riviivoja, v\u00e4hent\u00e4m\u00e4\u00e4n hienoja juonteita ja ryppyj\u00e4, kirkastamaan ihon s\u00e4vy\u00e4 ja suojaamaan kollageenirakennetta.<\/p>\n<p>Kasvoseerumi on 100 % silikoniton, alumiiniton, alkoholiton, el\u00e4inkokeeton ja mikroplastiton.<\/p>","protected":false},"featured_media":6853,"comment_status":"closed","ping_status":"closed","template":"","meta":{"_uag_custom_page_level_css":"","site-sidebar-layout":"default","site-content-layout":"","ast-site-content-layout":"default","site-content-style":"default","site-sidebar-style":"default","ast-global-header-display":"","ast-banner-title-visibility":"","ast-main-header-display":"","ast-hfb-above-header-display":"","ast-hfb-below-header-display":"","ast-hfb-mobile-header-display":"","site-post-title":"","ast-breadcrumbs-content":"","ast-featured-img":"","footer-sml-layout":"","ast-disable-related-posts":"","theme-transparent-header-meta":"default","adv-header-id-meta":"","stick-header-meta":"","header-above-stick-meta":"","header-main-stick-meta":"","header-below-stick-meta":"","astra-migrate-meta-layouts":"set","ast-page-background-enabled":"default","ast-page-background-meta":{"desktop":{"background-color":"var(--ast-global-color-4)","background-image":"","background-repeat":"repeat","background-position":"center center","background-size":"auto","background-attachment":"scroll","background-type":"","background-media":"","overlay-type":"","overlay-color":"","overlay-opacity":"","overlay-gradient":""},"tablet":{"background-color":"","background-image":"","background-repeat":"repeat","background-position":"center center","background-size":"auto","background-attachment":"scroll","background-type":"","background-media":"","overlay-type":"","overlay-color":"","overlay-opacity":"","overlay-gradient":""},"mobile":{"background-color":"","background-image":"","background-repeat":"repeat","background-position":"center center","background-size":"auto","background-attachment":"scroll","background-type":"","background-media":"","overlay-type":"","overlay-color":"","overlay-opacity":"","overlay-gradient":""}},"ast-content-background-meta":{"desktop":{"background-color":"var(--ast-global-color-5)","background-image":"","background-repeat":"repeat","background-position":"center center","background-size":"auto","background-attachment":"scroll","background-type":"","background-media":"","overlay-type":"","overlay-color":"","overlay-opacity":"","overlay-gradient":""},"tablet":{"background-color":"var(--ast-global-color-5)","background-image":"","background-repeat":"repeat","background-position":"center center","background-size":"auto","background-attachment":"scroll","background-type":"","background-media":"","overlay-type":"","overlay-color":"","overlay-opacity":"","overlay-gradient":""},"mobile":{"background-color":"var(--ast-global-color-5)","background-image":"","background-repeat":"repeat","background-position":"center center","background-size":"auto","background-attachment":"scroll","background-type":"","background-media":"","overlay-type":"","overlay-color":"","overlay-opacity":"","overlay-gradient":""}}},"product_brand":[],"product_cat":[96,97,95],"product_tag":[],"class_list":{"0":"post-5205","1":"product","2":"type-product","3":"status-publish","4":"has-post-thumbnail","6":"product_cat-brands","7":"product_cat-naole","8":"product_cat-reveel","9":"desktop-align-left","10":"tablet-align-left","11":"mobile-align-left","13":"first","14":"instock","15":"taxable","16":"shipping-taxable","17":"product-type-simple","18":"add-to-wishlist-before_image"},"uagb_featured_image_src":{"full":["https:\/\/kosmeetika24.com\/wp-content\/uploads\/2024\/05\/ReveelActivatorforVitaminC_2000x.webp",1280,1280,false],"thumbnail":["https:\/\/kosmeetika24.com\/wp-content\/uploads\/2024\/05\/ReveelActivatorforVitaminC_2000x-150x150.webp",150,150,true],"medium":["https:\/\/kosmeetika24.com\/wp-content\/uploads\/2024\/05\/ReveelActivatorforVitaminC_2000x-300x300.webp",300,300,true],"medium_large":["https:\/\/kosmeetika24.com\/wp-content\/uploads\/2024\/05\/ReveelActivatorforVitaminC_2000x-768x768.webp",768,768,true],"large":["https:\/\/kosmeetika24.com\/wp-content\/uploads\/2024\/05\/ReveelActivatorforVitaminC_2000x-1024x1024.webp",1024,1024,true],"1536x1536":["https:\/\/kosmeetika24.com\/wp-content\/uploads\/2024\/05\/ReveelActivatorforVitaminC_2000x.webp",1280,1280,false],"2048x2048":["https:\/\/kosmeetika24.com\/wp-content\/uploads\/2024\/05\/ReveelActivatorforVitaminC_2000x.webp",1280,1280,false],"trp-custom-language-flag":["https:\/\/kosmeetika24.com\/wp-content\/uploads\/2024\/05\/ReveelActivatorforVitaminC_2000x-12x12.webp",12,12,true],"woocommerce_thumbnail":["https:\/\/kosmeetika24.com\/wp-content\/uploads\/2024\/05\/ReveelActivatorforVitaminC_2000x-300x300.webp",300,300,true],"woocommerce_single":["https:\/\/kosmeetika24.com\/wp-content\/uploads\/2024\/05\/ReveelActivatorforVitaminC_2000x-500x500.webp",500,500,true],"woocommerce_gallery_thumbnail":["https:\/\/kosmeetika24.com\/wp-content\/uploads\/2024\/05\/ReveelActivatorforVitaminC_2000x-100x100.webp",100,100,true]},"uagb_author_info":{"display_name":"admin","author_link":"https:\/\/kosmeetika24.com\/fi\/author\/"},"uagb_comment_info":0,"uagb_excerpt":"79% L-askorbiinhappega kontsentraat aitab pinguldab naha kontuure, v\u00e4hendab peeneid joonekesi ja kortse, muudab naha v\u00e4rvuse heledamaks ja kaitseb kollageeni struktuuri. N\u00e4oseerum on 100% silikoonivaba, alumiiniumivaba, alkoholivaba, julmusevaba ja mikroplastivaba.","_links":{"self":[{"href":"https:\/\/kosmeetika24.com\/fi\/wp-json\/wp\/v2\/product\/5205","targetHints":{"allow":["GET"]}}],"collection":[{"href":"https:\/\/kosmeetika24.com\/fi\/wp-json\/wp\/v2\/product"}],"about":[{"href":"https:\/\/kosmeetika24.com\/fi\/wp-json\/wp\/v2\/types\/product"}],"replies":[{"embeddable":true,"href":"https:\/\/kosmeetika24.com\/fi\/wp-json\/wp\/v2\/comments?post=5205"}],"version-history":[{"count":8,"href":"https:\/\/kosmeetika24.com\/fi\/wp-json\/wp\/v2\/product\/5205\/revisions"}],"predecessor-version":[{"id":6805,"href":"https:\/\/kosmeetika24.com\/fi\/wp-json\/wp\/v2\/product\/5205\/revisions\/6805"}],"wp:featuredmedia":[{"embeddable":true,"href":"https:\/\/kosmeetika24.com\/fi\/wp-json\/wp\/v2\/media\/6853"}],"wp:attachment":[{"href":"https:\/\/kosmeetika24.com\/fi\/wp-json\/wp\/v2\/media?parent=5205"}],"wp:term":[{"taxonomy":"product_brand","embeddable":true,"href":"https:\/\/kosmeetika24.com\/fi\/wp-json\/wp\/v2\/product_brand?post=5205"},{"taxonomy":"product_cat","embeddable":true,"href":"https:\/\/kosmeetika24.com\/fi\/wp-json\/wp\/v2\/product_cat?post=5205"},{"taxonomy":"product_tag","embeddable":true,"href":"https:\/\/kosmeetika24.com\/fi\/wp-json\/wp\/v2\/product_tag?post=5205"}],"curies":[{"name":"wp","href":"https:\/\/api.w.org\/{rel}","templated":true}]}}