{"id":3263,"date":"2024-05-31T09:03:53","date_gmt":"2024-05-31T09:03:53","guid":{"rendered":"https:\/\/kosmeetika24.com\/?post_type=product&#038;p=3263"},"modified":"2025-11-13T12:09:36","modified_gmt":"2025-11-13T09:09:36","slug":"mesotech-global-meso-lift-pingudlav-kokteil","status":"publish","type":"product","link":"https:\/\/kosmeetika24.com\/fi\/tuote\/mesotech-global-meso-lift-pingudlav-kokteil\/","title":{"rendered":"Mesotech Global Meso Lift &#8211; pinguldav kokteil"},"content":{"rendered":"<p>Kasvavan kasvojen ihon vanhenemista ei voida verrata muun kehon ihon vanhenemiseen. Kasvojen liikkeet, auringossa oleskelu, tupakointi ja ep\u00e4terveellinen ruokavalio ovat vastuussa ihon vanhenemisesta. Geenitekij\u00f6ill\u00e4 on my\u00f6s t\u00e4rke\u00e4 rooli.<\/p>\n<p>Tied\u00e4mme yh\u00e4 enemm\u00e4n ik\u00e4\u00e4ntymist\u00e4 kiihdytt\u00e4vist\u00e4 tekij\u00f6ist\u00e4 ja ymm\u00e4rr\u00e4mme paremmin, kuinka hidastaa t\u00e4t\u00e4 luonnollista fysiologista prosessia, ja voimme jopa parantaa siihen liittyvi\u00e4 tekij\u00f6it\u00e4.<\/p>\n<p>Ik\u00e4\u00e4ntyminen aiheuttaa solujen ja molekyylien vaurioita, mik\u00e4 vaikuttaa ihon rakenteellisiin ominaisuuksiin, johtaa elastisuuden ja j\u00e4nnityksen menetykseen, ja iho alkaa n\u00e4kyv\u00e4sti roikkua ja l\u00f6ysty\u00e4.<\/p>\n<h6 dir=\"ltr\" data-placeholder=\"T\u00f5lge\"><b>P\u00c4\u00c4AINEOSAT<\/b><\/h6>\n<ul>\n<li>Orgaaninen pii auttaa suojaamaan kehoa infektioilta ja on t\u00e4rke\u00e4 aineenvaihduntaprosesseissa. Se suojaa my\u00f6s kehoa ennenaikaiselta ik\u00e4\u00e4ntymiselt\u00e4.<\/li>\n<li>DMAE \u2013 toimib antioks\u00fcdandina, \u201cp\u00fc\u00fcab\u201d \u00fcleliigsed vabad radikaalid.<\/li>\n<li>Niasiiniamidi \u2013 B3-vitamiinin johdannainen, jolla on antioksidanttisia ominaisuuksia. Est\u00e4\u00e4 ihon ennenaikaista ik\u00e4\u00e4ntymist\u00e4. Se stimuloi my\u00f6s lipidituotantoa sek\u00e4 kollageenin ja elastaanin muodostumista kehossa.<\/li>\n<li>Aminohapped \u2013 on NMF-i oluline komponent, millel on tohutu m\u00f5ju naha h\u00fcdratatsioonile, vee s\u00e4ilitamisele ja sidumisele epidermises.<\/li>\n<\/ul>\n<h6><strong>INDIKAATIOT<\/strong><\/h6>\n<ul>\n<li>Ennaltaehk\u00e4isev\u00e4 ja ik\u00e4\u00e4ntymist\u00e4 est\u00e4v\u00e4 hoito.<\/li>\n<li>Parantaa stressaantunutta, sameaa ja ep\u00e4tasaista ihoa.<\/li>\n<li>V\u00e4hent\u00e4\u00e4 ryppyjen syvyytt\u00e4.<\/li>\n<li>Stimuloi ihon lihaskuitujen supistumista, tarjoten kiinteytt\u00e4v\u00e4n vaikutuksen.<\/li>\n<li>Muotoilee kasvojen \u00e4\u00e4riviivat uudelleen.<\/li>\n<li>Parantaa ihon kosteutusta.<\/li>\n<li>Tarjoaa vahvan radikaale torjuvan vaikutuksen ja suojaa ihoa ulkoisilta vaurioilta.<\/li>\n<\/ul>\n<h6><strong>K\u00c4YTT\u00d6<\/strong><\/h6>\n<ul>\n<li><strong>Krooninen ik\u00e4\u00e4ntyminen<\/strong>\u00a0: yksi hoitokerta viikossa 1 kuukauden ajan, sen j\u00e4lkeen kerran 15 p\u00e4iv\u00e4n v\u00e4lein 2 kuukauden ajan.<\/li>\n<li><strong>Rinnat<\/strong>\u00a0: Kaksi kertaa viikossa 1 kuukauden ajan, sen j\u00e4lkeen kerran viikossa 1 kuukauden ajan.<\/li>\n<\/ul>\n<p><strong>ANNASTUS<\/strong><\/p>\n<ul>\n<li>N\u00e4gu: 1,0 ml \u2013 2,0 ml<\/li>\n<li>Kaula: 1,0 ml<\/li>\n<li>Dekoltee: 2,5 ml<\/li>\n<li>Rinnat: Kukin 2,5 ml<\/li>\n<\/ul>","protected":false},"excerpt":{"rendered":"<p>1 laatikko = 10 pulloa, jokainen 5 ml.<\/p>","protected":false},"featured_media":6851,"comment_status":"open","ping_status":"closed","template":"","meta":{"_uag_custom_page_level_css":"","site-sidebar-layout":"default","site-content-layout":"","ast-site-content-layout":"default","site-content-style":"default","site-sidebar-style":"default","ast-global-header-display":"","ast-banner-title-visibility":"","ast-main-header-display":"","ast-hfb-above-header-display":"","ast-hfb-below-header-display":"","ast-hfb-mobile-header-display":"","site-post-title":"","ast-breadcrumbs-content":"","ast-featured-img":"","footer-sml-layout":"","ast-disable-related-posts":"","theme-transparent-header-meta":"default","adv-header-id-meta":"","stick-header-meta":"","header-above-stick-meta":"","header-main-stick-meta":"","header-below-stick-meta":"","astra-migrate-meta-layouts":"set","ast-page-background-enabled":"default","ast-page-background-meta":{"desktop":{"background-color":"var(--ast-global-color-4)","background-image":"","background-repeat":"repeat","background-position":"center center","background-size":"auto","background-attachment":"scroll","background-type":"","background-media":"","overlay-type":"","overlay-color":"","overlay-opacity":"","overlay-gradient":""},"tablet":{"background-color":"","background-image":"","background-repeat":"repeat","background-position":"center center","background-size":"auto","background-attachment":"scroll","background-type":"","background-media":"","overlay-type":"","overlay-color":"","overlay-opacity":"","overlay-gradient":""},"mobile":{"background-color":"","background-image":"","background-repeat":"repeat","background-position":"center center","background-size":"auto","background-attachment":"scroll","background-type":"","background-media":"","overlay-type":"","overlay-color":"","overlay-opacity":"","overlay-gradient":""}},"ast-content-background-meta":{"desktop":{"background-color":"var(--ast-global-color-5)","background-image":"","background-repeat":"repeat","background-position":"center center","background-size":"auto","background-attachment":"scroll","background-type":"","background-media":"","overlay-type":"","overlay-color":"","overlay-opacity":"","overlay-gradient":""},"tablet":{"background-color":"var(--ast-global-color-5)","background-image":"","background-repeat":"repeat","background-position":"center center","background-size":"auto","background-attachment":"scroll","background-type":"","background-media":"","overlay-type":"","overlay-color":"","overlay-opacity":"","overlay-gradient":""},"mobile":{"background-color":"var(--ast-global-color-5)","background-image":"","background-repeat":"repeat","background-position":"center center","background-size":"auto","background-attachment":"scroll","background-type":"","background-media":"","overlay-type":"","overlay-color":"","overlay-opacity":"","overlay-gradient":""}}},"product_brand":[],"product_cat":[96,127,78,97],"product_tag":[],"class_list":{"0":"post-3263","1":"product","2":"type-product","3":"status-publish","4":"has-post-thumbnail","6":"product_cat-brands","7":"product_cat-eksosoomid","8":"product_cat-global-meso","9":"product_cat-naole","10":"desktop-align-left","11":"tablet-align-left","12":"mobile-align-left","14":"first","15":"instock","16":"taxable","17":"shipping-taxable","18":"product-type-simple","19":"add-to-wishlist-before_image"},"uagb_featured_image_src":{"full":["https:\/\/kosmeetika24.com\/wp-content\/uploads\/2024\/05\/global-meso-lift-2.jpg",1000,1000,false],"thumbnail":["https:\/\/kosmeetika24.com\/wp-content\/uploads\/2024\/05\/global-meso-lift-2-150x150.jpg",150,150,true],"medium":["https:\/\/kosmeetika24.com\/wp-content\/uploads\/2024\/05\/global-meso-lift-2-300x300.jpg",300,300,true],"medium_large":["https:\/\/kosmeetika24.com\/wp-content\/uploads\/2024\/05\/global-meso-lift-2-768x768.jpg",768,768,true],"large":["https:\/\/kosmeetika24.com\/wp-content\/uploads\/2024\/05\/global-meso-lift-2.jpg",1000,1000,false],"1536x1536":["https:\/\/kosmeetika24.com\/wp-content\/uploads\/2024\/05\/global-meso-lift-2.jpg",1000,1000,false],"2048x2048":["https:\/\/kosmeetika24.com\/wp-content\/uploads\/2024\/05\/global-meso-lift-2.jpg",1000,1000,false],"trp-custom-language-flag":["https:\/\/kosmeetika24.com\/wp-content\/uploads\/2024\/05\/global-meso-lift-2-12x12.jpg",12,12,true],"woocommerce_thumbnail":["https:\/\/kosmeetika24.com\/wp-content\/uploads\/2024\/05\/global-meso-lift-2-300x300.jpg",300,300,true],"woocommerce_single":["https:\/\/kosmeetika24.com\/wp-content\/uploads\/2024\/05\/global-meso-lift-2-500x500.jpg",500,500,true],"woocommerce_gallery_thumbnail":["https:\/\/kosmeetika24.com\/wp-content\/uploads\/2024\/05\/global-meso-lift-2-100x100.jpg",100,100,true]},"uagb_author_info":{"display_name":"admin","author_link":"https:\/\/kosmeetika24.com\/fi\/author\/"},"uagb_comment_info":0,"uagb_excerpt":"1 box = 10 vials of 5mL e.a.","_links":{"self":[{"href":"https:\/\/kosmeetika24.com\/fi\/wp-json\/wp\/v2\/product\/3263","targetHints":{"allow":["GET"]}}],"collection":[{"href":"https:\/\/kosmeetika24.com\/fi\/wp-json\/wp\/v2\/product"}],"about":[{"href":"https:\/\/kosmeetika24.com\/fi\/wp-json\/wp\/v2\/types\/product"}],"replies":[{"embeddable":true,"href":"https:\/\/kosmeetika24.com\/fi\/wp-json\/wp\/v2\/comments?post=3263"}],"version-history":[{"count":5,"href":"https:\/\/kosmeetika24.com\/fi\/wp-json\/wp\/v2\/product\/3263\/revisions"}],"predecessor-version":[{"id":6852,"href":"https:\/\/kosmeetika24.com\/fi\/wp-json\/wp\/v2\/product\/3263\/revisions\/6852"}],"wp:featuredmedia":[{"embeddable":true,"href":"https:\/\/kosmeetika24.com\/fi\/wp-json\/wp\/v2\/media\/6851"}],"wp:attachment":[{"href":"https:\/\/kosmeetika24.com\/fi\/wp-json\/wp\/v2\/media?parent=3263"}],"wp:term":[{"taxonomy":"product_brand","embeddable":true,"href":"https:\/\/kosmeetika24.com\/fi\/wp-json\/wp\/v2\/product_brand?post=3263"},{"taxonomy":"product_cat","embeddable":true,"href":"https:\/\/kosmeetika24.com\/fi\/wp-json\/wp\/v2\/product_cat?post=3263"},{"taxonomy":"product_tag","embeddable":true,"href":"https:\/\/kosmeetika24.com\/fi\/wp-json\/wp\/v2\/product_tag?post=3263"}],"curies":[{"name":"wp","href":"https:\/\/api.w.org\/{rel}","templated":true}]}}