{"id":3249,"date":"2024-01-25T13:48:29","date_gmt":"2024-01-25T13:48:29","guid":{"rendered":"https:\/\/kosmeetika24.com\/?post_type=product&#038;p=3249"},"modified":"2025-07-02T11:23:38","modified_gmt":"2025-07-02T08:23:38","slug":"wishpro-plus-seadme-sinine-tehnoloogiline-pea","status":"publish","type":"product","link":"https:\/\/kosmeetika24.com\/fi\/tuote\/wishpro-plus-seadme-sinine-tehnoloogiline-pea\/","title":{"rendered":"WISHPRO Plus+ -laitteen sininen teknologinen p\u00e4\u00e4"},"content":{"rendered":"<p>\u00c4rsyyntynyt ja rasvainen iho voi todellakin olla ongelma.<\/p>\n<p>Akneongelmia edist\u00e4v\u00e4 iho tarvitsee hell\u00e4varaista ja tehokasta hoitoa, jota voi tarjota vain <strong>WishPro Plus+<\/strong> laitteen sininen p\u00e4\u00e4.<\/p>\n<p>Teknologiap\u00e4\u00e4t\u00e4mme, joka k\u00e4ytt\u00e4\u00e4 420 nm sinist\u00e4 valoa, sitoo aknea aiheuttavat bakteerit ja saa ne vapauttamaan happea. Aknen bakteerit eiv\u00e4t kykene selviytym\u00e4\u00e4n t\u00e4ss\u00e4 hapekkaassa ymp\u00e4rist\u00f6ss\u00e4.<\/p>\n<p><strong>420-470nm<\/strong>\u00a0<strong>sininen LED-valo<\/strong>\u00a0Todistettu parantava vaikutus kohdistuu aknen yleisimp\u00e4\u00e4n syyhyn \u2013 anaerobisiin bakteereihin.\u00a0<strong>Proprionibacterium Acnes!<\/strong><\/p>\n<p><strong>Ei aiheuta palovammojen riski\u00e4 ja tuhoaa bakteereja syvemmill\u00e4 kerroksilla!<\/strong><\/p>\n<p>o Valon aallonpituus\u00a0<strong>420 nm laajuus saa aikaan hapen tuotannon porfyriineista,<\/strong>mik\u00e4 on\u00a0<strong>aknebakteerit<\/strong>\u00a0metaboliitti, ja est\u00e4\u00e4 siten bakteerien lis\u00e4\u00e4ntymisen ja tulehduksen kehittymisen.<\/p>\n<p>o\u00a0<strong>470 nm valolla on kyky tuhoata syvemmill\u00e4 ihokerroksilla esiintyvi\u00e4 bakteereja.<\/strong>.<\/p>\n<p>o Sininen\u00a0<strong>LED-valo rauhoittaa ja rentouttaa ihoa,<\/strong>, n\u00e4in nopeuttaen tulehduksen paranemista.<\/p>","protected":false},"excerpt":{"rendered":"<p>\u00c4rritatud ja rasune nahk v\u00f5ib kindlasti olla probleemiks. Aidates kaasa akne probleemidele, vajab seda t\u00fc\u00fcpi nahk \u00f5rna ja t\u00f5husat t\u00e4helepanu, mida pakub ainult WishPro Plus+ seadme sinine pea. Meie tehnoloogiapea, kasutades 420 nm sinist valgust, seob aknet p\u00f5hjustavaid baktereid ja sunnib hapnikku vabastama.\u00a0Akne bakterid ei suuda selles hapnikurikkas keskkonnas ellu j\u00e4\u00e4da. 420-470nm\u00a0sinise LED-valguse\u00a0t\u00f5estatud tervendav toime [&hellip;]<\/p>\n","protected":false},"featured_media":3229,"comment_status":"open","ping_status":"closed","template":"","meta":{"_uag_custom_page_level_css":"","site-sidebar-layout":"default","site-content-layout":"","ast-site-content-layout":"default","site-content-style":"default","site-sidebar-style":"default","ast-global-header-display":"","ast-banner-title-visibility":"","ast-main-header-display":"","ast-hfb-above-header-display":"","ast-hfb-below-header-display":"","ast-hfb-mobile-header-display":"","site-post-title":"","ast-breadcrumbs-content":"","ast-featured-img":"","footer-sml-layout":"","ast-disable-related-posts":"","theme-transparent-header-meta":"default","adv-header-id-meta":"","stick-header-meta":"","header-above-stick-meta":"","header-main-stick-meta":"","header-below-stick-meta":"","astra-migrate-meta-layouts":"set","ast-page-background-enabled":"default","ast-page-background-meta":{"desktop":{"background-color":"var(--ast-global-color-4)","background-image":"","background-repeat":"repeat","background-position":"center center","background-size":"auto","background-attachment":"scroll","background-type":"","background-media":"","overlay-type":"","overlay-color":"","overlay-opacity":"","overlay-gradient":""},"tablet":{"background-color":"","background-image":"","background-repeat":"repeat","background-position":"center center","background-size":"auto","background-attachment":"scroll","background-type":"","background-media":"","overlay-type":"","overlay-color":"","overlay-opacity":"","overlay-gradient":""},"mobile":{"background-color":"","background-image":"","background-repeat":"repeat","background-position":"center center","background-size":"auto","background-attachment":"scroll","background-type":"","background-media":"","overlay-type":"","overlay-color":"","overlay-opacity":"","overlay-gradient":""}},"ast-content-background-meta":{"desktop":{"background-color":"var(--ast-global-color-5)","background-image":"","background-repeat":"repeat","background-position":"center center","background-size":"auto","background-attachment":"scroll","background-type":"","background-media":"","overlay-type":"","overlay-color":"","overlay-opacity":"","overlay-gradient":""},"tablet":{"background-color":"var(--ast-global-color-5)","background-image":"","background-repeat":"repeat","background-position":"center center","background-size":"auto","background-attachment":"scroll","background-type":"","background-media":"","overlay-type":"","overlay-color":"","overlay-opacity":"","overlay-gradient":""},"mobile":{"background-color":"var(--ast-global-color-5)","background-image":"","background-repeat":"repeat","background-position":"center center","background-size":"auto","background-attachment":"scroll","background-type":"","background-media":"","overlay-type":"","overlay-color":"","overlay-opacity":"","overlay-gradient":""}}},"product_brand":[],"product_cat":[96,99,80],"product_tag":[],"class_list":{"0":"post-3249","1":"product","2":"type-product","3":"status-publish","4":"has-post-thumbnail","6":"product_cat-brands","7":"product_cat-seadmed","8":"product_cat-wishpro","9":"desktop-align-left","10":"tablet-align-left","11":"mobile-align-left","13":"first","14":"instock","15":"taxable","16":"shipping-taxable","17":"product-type-simple","18":"add-to-wishlist-before_image"},"uagb_featured_image_src":{"full":["https:\/\/kosmeetika24.com\/wp-content\/uploads\/2024\/01\/3_wishpro-blue-light_.webp",576,480,false],"thumbnail":["https:\/\/kosmeetika24.com\/wp-content\/uploads\/2024\/01\/3_wishpro-blue-light_-150x150.webp",150,150,true],"medium":["https:\/\/kosmeetika24.com\/wp-content\/uploads\/2024\/01\/3_wishpro-blue-light_-300x250.webp",300,250,true],"medium_large":["https:\/\/kosmeetika24.com\/wp-content\/uploads\/2024\/01\/3_wishpro-blue-light_.webp",576,480,false],"large":["https:\/\/kosmeetika24.com\/wp-content\/uploads\/2024\/01\/3_wishpro-blue-light_.webp",576,480,false],"1536x1536":["https:\/\/kosmeetika24.com\/wp-content\/uploads\/2024\/01\/3_wishpro-blue-light_.webp",576,480,false],"2048x2048":["https:\/\/kosmeetika24.com\/wp-content\/uploads\/2024\/01\/3_wishpro-blue-light_.webp",576,480,false],"trp-custom-language-flag":["https:\/\/kosmeetika24.com\/wp-content\/uploads\/2024\/01\/3_wishpro-blue-light_-14x12.webp",14,12,true],"woocommerce_thumbnail":["https:\/\/kosmeetika24.com\/wp-content\/uploads\/2024\/01\/3_wishpro-blue-light_-300x300.webp",300,300,true],"woocommerce_single":["https:\/\/kosmeetika24.com\/wp-content\/uploads\/2024\/01\/3_wishpro-blue-light_-500x417.webp",500,417,true],"woocommerce_gallery_thumbnail":["https:\/\/kosmeetika24.com\/wp-content\/uploads\/2024\/01\/3_wishpro-blue-light_-100x100.webp",100,100,true]},"uagb_author_info":{"display_name":"admin","author_link":"https:\/\/kosmeetika24.com\/fi\/author\/"},"uagb_comment_info":0,"uagb_excerpt":"\u00c4rritatud ja rasune nahk v\u00f5ib kindlasti olla probleemiks. Aidates kaasa akne probleemidele, vajab seda t\u00fc\u00fcpi nahk \u00f5rna ja t\u00f5husat t\u00e4helepanu, mida pakub ainult WishPro Plus+ seadme sinine pea. Meie tehnoloogiapea, kasutades 420 nm sinist valgust, seob aknet p\u00f5hjustavaid baktereid ja sunnib hapnikku vabastama.\u00a0Akne bakterid ei suuda selles hapnikurikkas keskkonnas ellu j\u00e4\u00e4da. 420-470nm\u00a0sinise LED-valguse\u00a0t\u00f5estatud tervendav toime&hellip;","_links":{"self":[{"href":"https:\/\/kosmeetika24.com\/fi\/wp-json\/wp\/v2\/product\/3249","targetHints":{"allow":["GET"]}}],"collection":[{"href":"https:\/\/kosmeetika24.com\/fi\/wp-json\/wp\/v2\/product"}],"about":[{"href":"https:\/\/kosmeetika24.com\/fi\/wp-json\/wp\/v2\/types\/product"}],"replies":[{"embeddable":true,"href":"https:\/\/kosmeetika24.com\/fi\/wp-json\/wp\/v2\/comments?post=3249"}],"version-history":[{"count":5,"href":"https:\/\/kosmeetika24.com\/fi\/wp-json\/wp\/v2\/product\/3249\/revisions"}],"predecessor-version":[{"id":6767,"href":"https:\/\/kosmeetika24.com\/fi\/wp-json\/wp\/v2\/product\/3249\/revisions\/6767"}],"wp:featuredmedia":[{"embeddable":true,"href":"https:\/\/kosmeetika24.com\/fi\/wp-json\/wp\/v2\/media\/3229"}],"wp:attachment":[{"href":"https:\/\/kosmeetika24.com\/fi\/wp-json\/wp\/v2\/media?parent=3249"}],"wp:term":[{"taxonomy":"product_brand","embeddable":true,"href":"https:\/\/kosmeetika24.com\/fi\/wp-json\/wp\/v2\/product_brand?post=3249"},{"taxonomy":"product_cat","embeddable":true,"href":"https:\/\/kosmeetika24.com\/fi\/wp-json\/wp\/v2\/product_cat?post=3249"},{"taxonomy":"product_tag","embeddable":true,"href":"https:\/\/kosmeetika24.com\/fi\/wp-json\/wp\/v2\/product_tag?post=3249"}],"curies":[{"name":"wp","href":"https:\/\/api.w.org\/{rel}","templated":true}]}}