{"id":3248,"date":"2024-01-25T13:28:57","date_gmt":"2024-01-25T13:28:57","guid":{"rendered":"https:\/\/kosmeetika24.com\/?post_type=product&#038;p=3248"},"modified":"2025-07-02T11:23:52","modified_gmt":"2025-07-02T08:23:52","slug":"wishpro-plus-seadme-punane-tehnoloogiline-pea","status":"publish","type":"product","link":"https:\/\/kosmeetika24.com\/fi\/tuote\/wishpro-plus-seadme-punane-tehnoloogiline-pea\/","title":{"rendered":"WISHPRO Plus+ -laitteen punainen teknologinen p\u00e4\u00e4"},"content":{"rendered":"<p>Kun iho tarvitsee vahvan energia-annoksen \u2013 siihen on ratkaisu!<\/p>\n<p><strong>WishPro Plus+<\/strong> laitteen punainen p\u00e4\u00e4 k\u00e4ytt\u00e4\u00e4 <strong>fototerapia<\/strong>\u00a0660nm\u00a0<strong>LED-valolla<\/strong>, joka stimuloi intensiivisesti ihon regeneratiivisia prosesseja.<\/p>\n<p>Punaisen valon fototerapia kehitettiin\u00a0<strong>NASA<\/strong>\u00a0tieteilij\u00e4t, jotka etsiv\u00e4t ratkaisua ihon ik\u00e4\u00e4ntymisprosessin pys\u00e4ytt\u00e4miseen avaruudessa. Ja t\u00e4n\u00e4\u00e4n voit k\u00e4ytt\u00e4\u00e4 t\u00e4t\u00e4 teknologiaa kauneussalongissasi!\u00a0<strong>660 nm valolla varustettu punainen p\u00e4\u00e4 stimuloi ihoa kolmella tasolla!<\/strong><\/p>\n<p><strong>1. Soluenergian lis\u00e4\u00e4ntyminen mitokondriotason tasolla<\/strong>\u00a0yksitt\u00e4iset solut\u00a0<strong>regeneratiivisten prosessien intensiivinen stimulaatio<\/strong>\u00a0ja ihon l\u00e4mp\u00f6tilan nousu.<\/p>\n<p><strong>2<\/strong>.\u00a0<strong>Glukoosin muuntamisen nopeuttaminen ATP<\/strong>\u00a0\u2013 fibroblastide stimuleerimine\u00a0<strong>ihoa tukevat kuidut<\/strong>, esimerkiksi kollageenin ja elastaanin tuotantoon.<\/p>\n<p><strong>3<\/strong>. Immuunij\u00e4rjestelm\u00e4n stimulointi \u2013 aktivoimalla immuunij\u00e4rjestelm\u00e4\u00e4<b> vapauttamalla sytokiineja, nopeuttaa <\/b>t\u00e4m\u00e4 <b>ihon luonnolliset paranemisprosessit<\/b><\/p>","protected":false},"excerpt":{"rendered":"<p>Punainen valo, joka auttaa sinua tuntemaan olosi upeaksi ja n\u00e4ytt\u00e4m\u00e4\u00e4n terveemm\u00e4lt\u00e4, antaa ihons\u00e4vyille lis\u00e4\u00e4 kirkastusta ja hehkua.<\/p>\n<p>Nuorentava, elvytt\u00e4v\u00e4 ja energiaa antava.<\/p>","protected":false},"featured_media":3228,"comment_status":"open","ping_status":"closed","template":"","meta":{"_uag_custom_page_level_css":"","site-sidebar-layout":"default","site-content-layout":"","ast-site-content-layout":"default","site-content-style":"default","site-sidebar-style":"default","ast-global-header-display":"","ast-banner-title-visibility":"","ast-main-header-display":"","ast-hfb-above-header-display":"","ast-hfb-below-header-display":"","ast-hfb-mobile-header-display":"","site-post-title":"","ast-breadcrumbs-content":"","ast-featured-img":"","footer-sml-layout":"","ast-disable-related-posts":"","theme-transparent-header-meta":"default","adv-header-id-meta":"","stick-header-meta":"","header-above-stick-meta":"","header-main-stick-meta":"","header-below-stick-meta":"","astra-migrate-meta-layouts":"set","ast-page-background-enabled":"default","ast-page-background-meta":{"desktop":{"background-color":"var(--ast-global-color-4)","background-image":"","background-repeat":"repeat","background-position":"center center","background-size":"auto","background-attachment":"scroll","background-type":"","background-media":"","overlay-type":"","overlay-color":"","overlay-opacity":"","overlay-gradient":""},"tablet":{"background-color":"","background-image":"","background-repeat":"repeat","background-position":"center center","background-size":"auto","background-attachment":"scroll","background-type":"","background-media":"","overlay-type":"","overlay-color":"","overlay-opacity":"","overlay-gradient":""},"mobile":{"background-color":"","background-image":"","background-repeat":"repeat","background-position":"center center","background-size":"auto","background-attachment":"scroll","background-type":"","background-media":"","overlay-type":"","overlay-color":"","overlay-opacity":"","overlay-gradient":""}},"ast-content-background-meta":{"desktop":{"background-color":"var(--ast-global-color-5)","background-image":"","background-repeat":"repeat","background-position":"center center","background-size":"auto","background-attachment":"scroll","background-type":"","background-media":"","overlay-type":"","overlay-color":"","overlay-opacity":"","overlay-gradient":""},"tablet":{"background-color":"var(--ast-global-color-5)","background-image":"","background-repeat":"repeat","background-position":"center center","background-size":"auto","background-attachment":"scroll","background-type":"","background-media":"","overlay-type":"","overlay-color":"","overlay-opacity":"","overlay-gradient":""},"mobile":{"background-color":"var(--ast-global-color-5)","background-image":"","background-repeat":"repeat","background-position":"center center","background-size":"auto","background-attachment":"scroll","background-type":"","background-media":"","overlay-type":"","overlay-color":"","overlay-opacity":"","overlay-gradient":""}}},"product_brand":[],"product_cat":[96,99,80],"product_tag":[],"class_list":{"0":"post-3248","1":"product","2":"type-product","3":"status-publish","4":"has-post-thumbnail","6":"product_cat-brands","7":"product_cat-seadmed","8":"product_cat-wishpro","9":"desktop-align-left","10":"tablet-align-left","11":"mobile-align-left","13":"first","14":"instock","15":"taxable","16":"shipping-taxable","17":"product-type-simple","18":"add-to-wishlist-before_image"},"uagb_featured_image_src":{"full":["https:\/\/kosmeetika24.com\/wp-content\/uploads\/2024\/01\/5_wishpro-head-rejuvenation_.webp",576,480,false],"thumbnail":["https:\/\/kosmeetika24.com\/wp-content\/uploads\/2024\/01\/5_wishpro-head-rejuvenation_-150x150.webp",150,150,true],"medium":["https:\/\/kosmeetika24.com\/wp-content\/uploads\/2024\/01\/5_wishpro-head-rejuvenation_-300x250.webp",300,250,true],"medium_large":["https:\/\/kosmeetika24.com\/wp-content\/uploads\/2024\/01\/5_wishpro-head-rejuvenation_.webp",576,480,false],"large":["https:\/\/kosmeetika24.com\/wp-content\/uploads\/2024\/01\/5_wishpro-head-rejuvenation_.webp",576,480,false],"1536x1536":["https:\/\/kosmeetika24.com\/wp-content\/uploads\/2024\/01\/5_wishpro-head-rejuvenation_.webp",576,480,false],"2048x2048":["https:\/\/kosmeetika24.com\/wp-content\/uploads\/2024\/01\/5_wishpro-head-rejuvenation_.webp",576,480,false],"trp-custom-language-flag":["https:\/\/kosmeetika24.com\/wp-content\/uploads\/2024\/01\/5_wishpro-head-rejuvenation_-14x12.webp",14,12,true],"woocommerce_thumbnail":["https:\/\/kosmeetika24.com\/wp-content\/uploads\/2024\/01\/5_wishpro-head-rejuvenation_-300x300.webp",300,300,true],"woocommerce_single":["https:\/\/kosmeetika24.com\/wp-content\/uploads\/2024\/01\/5_wishpro-head-rejuvenation_-500x417.webp",500,417,true],"woocommerce_gallery_thumbnail":["https:\/\/kosmeetika24.com\/wp-content\/uploads\/2024\/01\/5_wishpro-head-rejuvenation_-100x100.webp",100,100,true]},"uagb_author_info":{"display_name":"admin","author_link":"https:\/\/kosmeetika24.com\/fi\/author\/"},"uagb_comment_info":0,"uagb_excerpt":"Punane valgus, mis aitab teil end suurep\u00e4raselt tunda ja tervem v\u00e4lja n\u00e4ha, annab nahatoonidele rohkem erksust ja s\u00e4ra. Noorendav, elustav ja energiat andev.","_links":{"self":[{"href":"https:\/\/kosmeetika24.com\/fi\/wp-json\/wp\/v2\/product\/3248","targetHints":{"allow":["GET"]}}],"collection":[{"href":"https:\/\/kosmeetika24.com\/fi\/wp-json\/wp\/v2\/product"}],"about":[{"href":"https:\/\/kosmeetika24.com\/fi\/wp-json\/wp\/v2\/types\/product"}],"replies":[{"embeddable":true,"href":"https:\/\/kosmeetika24.com\/fi\/wp-json\/wp\/v2\/comments?post=3248"}],"version-history":[{"count":1,"href":"https:\/\/kosmeetika24.com\/fi\/wp-json\/wp\/v2\/product\/3248\/revisions"}],"predecessor-version":[{"id":4752,"href":"https:\/\/kosmeetika24.com\/fi\/wp-json\/wp\/v2\/product\/3248\/revisions\/4752"}],"wp:featuredmedia":[{"embeddable":true,"href":"https:\/\/kosmeetika24.com\/fi\/wp-json\/wp\/v2\/media\/3228"}],"wp:attachment":[{"href":"https:\/\/kosmeetika24.com\/fi\/wp-json\/wp\/v2\/media?parent=3248"}],"wp:term":[{"taxonomy":"product_brand","embeddable":true,"href":"https:\/\/kosmeetika24.com\/fi\/wp-json\/wp\/v2\/product_brand?post=3248"},{"taxonomy":"product_cat","embeddable":true,"href":"https:\/\/kosmeetika24.com\/fi\/wp-json\/wp\/v2\/product_cat?post=3248"},{"taxonomy":"product_tag","embeddable":true,"href":"https:\/\/kosmeetika24.com\/fi\/wp-json\/wp\/v2\/product_tag?post=3248"}],"curies":[{"name":"wp","href":"https:\/\/api.w.org\/{rel}","templated":true}]}}