{"id":3247,"date":"2024-01-25T11:40:50","date_gmt":"2024-01-25T11:40:50","guid":{"rendered":"https:\/\/kosmeetika24.com\/?post_type=product&#038;p=3247"},"modified":"2025-07-02T11:24:06","modified_gmt":"2025-07-02T08:24:06","slug":"wishpro-plus-seadme-kollane-tehnoloogiline-pea","status":"publish","type":"product","link":"https:\/\/kosmeetika24.com\/fi\/tuote\/wishpro-plus-seadme-kollane-tehnoloogiline-pea\/","title":{"rendered":"WISHPRO Plus+ -laitteen keltainen teknologinen p\u00e4\u00e4"},"content":{"rendered":"<p><strong>WishPro Plus+<\/strong> laitteen kultainen p\u00e4\u00e4 on tehokkain ase ihon ik\u00e4\u00e4ntymist\u00e4 vastaan!<\/p>\n<p>ATP, adenosiinitrifosfaatti, on\u00a0<b>nukleotidi, joka tunnetaan ohjaavan ja osallistuvan lukemattomiin solunsis\u00e4isiin prosesseihin.<\/b>\u00a0Ik\u00e4\u00e4ntyess\u00e4 ATP-taso ihossa laskee, mik\u00e4 aiheuttaa energiavajetta ja vaikuttaa siten ihon ulkon\u00e4k\u00f6\u00f6n.<\/p>\n<p>Kultainen p\u00e4\u00e4 on suunniteltu lis\u00e4\u00e4m\u00e4\u00e4n ATP-tuotantoa. Miksi ATP on niin t\u00e4rke\u00e4?<\/p>\n<p><strong>o<\/strong>\u00a0<strong>ATP stimuloi, rentouttaa ja vahvistaa lihaksia stimuloimalla<\/strong>\u00a0amanaikaisesti niiden\u00a0<strong>luonnolliset energiaprosessit<\/strong><\/p>\n<p><strong>o<\/strong>\u00a0N\u00e4in ollen aktivoituu\u00a0<strong>lihasmuisti<\/strong>, joka mahdollistaa ihon kiinteytt\u00e4misen.<\/p>\n<p><strong>o<\/strong>\u00a0Lis\u00e4ksi se kuljetetaan kapselissa\u00a0<strong>sis\u00e4lt\u00e4vien vaikuttavien aineiden ionit<\/strong>\u00a0s\u00e4hk\u00f6kent\u00e4n avulla\u00a0<strong>syv\u00e4lle epidermikseen.<\/strong><\/p>\n<p><strong>o<\/strong>\u00a0T\u00e4m\u00e4n synergistisen vaikutuksen tuloksena on\u00a0<strong>ryppyjen ja taitosten v\u00e4hent\u00e4minen sek\u00e4 ihon syv\u00e4 ravitseminen!<\/strong><\/p>","protected":false},"excerpt":{"rendered":"<p>Mikrovool<\/p>\n<p>Melkein heti n\u00e4et ihon, joka on paremmin kiinteytynyt ja selv\u00e4sti sile\u00e4mpi.<\/p>\n<p>Noorus ei ole saladus ega ka ime.<\/p>\n<p>WISHPro\nsaavutat h\u00e4mm\u00e4stytt\u00e4v\u00e4n ihons\u00e4vy, joka vie vuosia pois!<\/p>","protected":false},"featured_media":3230,"comment_status":"open","ping_status":"closed","template":"","meta":{"_uag_custom_page_level_css":"","site-sidebar-layout":"default","site-content-layout":"","ast-site-content-layout":"default","site-content-style":"default","site-sidebar-style":"default","ast-global-header-display":"","ast-banner-title-visibility":"","ast-main-header-display":"","ast-hfb-above-header-display":"","ast-hfb-below-header-display":"","ast-hfb-mobile-header-display":"","site-post-title":"","ast-breadcrumbs-content":"","ast-featured-img":"","footer-sml-layout":"","ast-disable-related-posts":"","theme-transparent-header-meta":"default","adv-header-id-meta":"","stick-header-meta":"","header-above-stick-meta":"","header-main-stick-meta":"","header-below-stick-meta":"","astra-migrate-meta-layouts":"set","ast-page-background-enabled":"default","ast-page-background-meta":{"desktop":{"background-color":"var(--ast-global-color-4)","background-image":"","background-repeat":"repeat","background-position":"center center","background-size":"auto","background-attachment":"scroll","background-type":"","background-media":"","overlay-type":"","overlay-color":"","overlay-opacity":"","overlay-gradient":""},"tablet":{"background-color":"","background-image":"","background-repeat":"repeat","background-position":"center center","background-size":"auto","background-attachment":"scroll","background-type":"","background-media":"","overlay-type":"","overlay-color":"","overlay-opacity":"","overlay-gradient":""},"mobile":{"background-color":"","background-image":"","background-repeat":"repeat","background-position":"center center","background-size":"auto","background-attachment":"scroll","background-type":"","background-media":"","overlay-type":"","overlay-color":"","overlay-opacity":"","overlay-gradient":""}},"ast-content-background-meta":{"desktop":{"background-color":"var(--ast-global-color-5)","background-image":"","background-repeat":"repeat","background-position":"center center","background-size":"auto","background-attachment":"scroll","background-type":"","background-media":"","overlay-type":"","overlay-color":"","overlay-opacity":"","overlay-gradient":""},"tablet":{"background-color":"var(--ast-global-color-5)","background-image":"","background-repeat":"repeat","background-position":"center center","background-size":"auto","background-attachment":"scroll","background-type":"","background-media":"","overlay-type":"","overlay-color":"","overlay-opacity":"","overlay-gradient":""},"mobile":{"background-color":"var(--ast-global-color-5)","background-image":"","background-repeat":"repeat","background-position":"center center","background-size":"auto","background-attachment":"scroll","background-type":"","background-media":"","overlay-type":"","overlay-color":"","overlay-opacity":"","overlay-gradient":""}}},"product_brand":[],"product_cat":[96,99,80],"product_tag":[],"class_list":{"0":"post-3247","1":"product","2":"type-product","3":"status-publish","4":"has-post-thumbnail","6":"product_cat-brands","7":"product_cat-seadmed","8":"product_cat-wishpro","9":"desktop-align-left","10":"tablet-align-left","11":"mobile-align-left","13":"first","14":"instock","15":"taxable","16":"shipping-taxable","17":"product-type-simple","18":"add-to-wishlist-before_image"},"uagb_featured_image_src":{"full":["https:\/\/kosmeetika24.com\/wp-content\/uploads\/2024\/01\/OIP.webp",960,960,false],"thumbnail":["https:\/\/kosmeetika24.com\/wp-content\/uploads\/2024\/01\/OIP-150x150.webp",150,150,true],"medium":["https:\/\/kosmeetika24.com\/wp-content\/uploads\/2024\/01\/OIP-300x300.webp",300,300,true],"medium_large":["https:\/\/kosmeetika24.com\/wp-content\/uploads\/2024\/01\/OIP-768x768.webp",768,768,true],"large":["https:\/\/kosmeetika24.com\/wp-content\/uploads\/2024\/01\/OIP.webp",960,960,false],"1536x1536":["https:\/\/kosmeetika24.com\/wp-content\/uploads\/2024\/01\/OIP.webp",960,960,false],"2048x2048":["https:\/\/kosmeetika24.com\/wp-content\/uploads\/2024\/01\/OIP.webp",960,960,false],"trp-custom-language-flag":["https:\/\/kosmeetika24.com\/wp-content\/uploads\/2024\/01\/OIP-12x12.webp",12,12,true],"woocommerce_thumbnail":["https:\/\/kosmeetika24.com\/wp-content\/uploads\/2024\/01\/OIP-300x300.webp",300,300,true],"woocommerce_single":["https:\/\/kosmeetika24.com\/wp-content\/uploads\/2024\/01\/OIP-500x500.webp",500,500,true],"woocommerce_gallery_thumbnail":["https:\/\/kosmeetika24.com\/wp-content\/uploads\/2024\/01\/OIP-100x100.webp",100,100,true]},"uagb_author_info":{"display_name":"admin","author_link":"https:\/\/kosmeetika24.com\/fi\/author\/"},"uagb_comment_info":0,"uagb_excerpt":"Mikrovool Peaaegu koheselt n\u00e4ete nahka, mis on rohkem toonuses ja silmn\u00e4htavalt siledam. Noorus ei ole saladus ega ka ime. WISHPro abil saavutate h\u00e4mmastava nahatooni, mis v\u00f5tab aastaid maha!","_links":{"self":[{"href":"https:\/\/kosmeetika24.com\/fi\/wp-json\/wp\/v2\/product\/3247","targetHints":{"allow":["GET"]}}],"collection":[{"href":"https:\/\/kosmeetika24.com\/fi\/wp-json\/wp\/v2\/product"}],"about":[{"href":"https:\/\/kosmeetika24.com\/fi\/wp-json\/wp\/v2\/types\/product"}],"replies":[{"embeddable":true,"href":"https:\/\/kosmeetika24.com\/fi\/wp-json\/wp\/v2\/comments?post=3247"}],"version-history":[{"count":1,"href":"https:\/\/kosmeetika24.com\/fi\/wp-json\/wp\/v2\/product\/3247\/revisions"}],"predecessor-version":[{"id":4753,"href":"https:\/\/kosmeetika24.com\/fi\/wp-json\/wp\/v2\/product\/3247\/revisions\/4753"}],"wp:featuredmedia":[{"embeddable":true,"href":"https:\/\/kosmeetika24.com\/fi\/wp-json\/wp\/v2\/media\/3230"}],"wp:attachment":[{"href":"https:\/\/kosmeetika24.com\/fi\/wp-json\/wp\/v2\/media?parent=3247"}],"wp:term":[{"taxonomy":"product_brand","embeddable":true,"href":"https:\/\/kosmeetika24.com\/fi\/wp-json\/wp\/v2\/product_brand?post=3247"},{"taxonomy":"product_cat","embeddable":true,"href":"https:\/\/kosmeetika24.com\/fi\/wp-json\/wp\/v2\/product_cat?post=3247"},{"taxonomy":"product_tag","embeddable":true,"href":"https:\/\/kosmeetika24.com\/fi\/wp-json\/wp\/v2\/product_tag?post=3247"}],"curies":[{"name":"wp","href":"https:\/\/api.w.org\/{rel}","templated":true}]}}