{"id":3244,"date":"2024-01-25T10:45:27","date_gmt":"2024-01-25T10:45:27","guid":{"rendered":"https:\/\/kosmeetika24.com\/?post_type=product&#038;p=3244"},"modified":"2025-07-02T11:24:24","modified_gmt":"2025-07-02T08:24:24","slug":"wishpro-plus-seadme-roheline-tehnoloogiline-pea","status":"publish","type":"product","link":"https:\/\/kosmeetika24.com\/fi\/tuote\/wishpro-plus-seadme-roheline-tehnoloogiline-pea\/","title":{"rendered":"WISHPRO Plus+ -laitteen vihre\u00e4 teknologinen p\u00e4\u00e4"},"content":{"rendered":"<p><strong>WishPro Plus+<\/strong>\u00a0laitteen vihre\u00e4 p\u00e4\u00e4 luo magneettikent\u00e4n, joka l\u00f6ysent\u00e4\u00e4 sidoksia hemoglobiinin ja hapen v\u00e4lill\u00e4, vapauttaen happea ihoon ja lis\u00e4ten n\u00e4in hapen saantia ja mikrokierrosta.<\/p>\n<p><strong>o <\/strong>T\u00e4m\u00e4 vastaa <strong>ravittu ja terveemm\u00e4n ihons\u00e4vyn kanssa.<\/strong><\/p>\n<p><strong>o<\/strong> <strong>Stimuloituu<\/strong> ihoa rauhoittavilla mekaanisilla impulsseilla. T\u00e4ll\u00e4 saavutetaan kaksi asiaa: <strong>lis\u00e4\u00e4ntynyt<\/strong> <strong>verenkierto<\/strong> ja voimakkaampi ihon kuorinta <strong>Kuolleet ihosolut poistetaan.<\/strong> helposti ja nopeasti.<\/p>\n<p><strong>o<\/strong> Niin hell\u00e4varainen kuin kasvohieronta, t\u00e4t\u00e4 erityist\u00e4 p\u00e4\u00e4t\u00e4 on toistuvasti kiitetty sen luonnollisten <strong>stressi\u00e4 lievitt\u00e4vien<\/strong> <strong>ominaisuuksien<\/strong> ja<strong> rauhoittavasta tunteesta<\/strong> .<\/p>","protected":false},"excerpt":{"rendered":"<p>Magneettinen impulsse<\/p>\n<p>Stimuloituu ihoa hell\u00e4varaisesti rauhoittavien mekaanisten impulsseiden avulla.<\/p>\n<p>Iho tuntuu uskomattoman pehme\u00e4lt\u00e4 ja silkkiselt\u00e4.<\/p>","protected":false},"featured_media":3231,"comment_status":"open","ping_status":"closed","template":"","meta":{"_uag_custom_page_level_css":"","site-sidebar-layout":"default","site-content-layout":"","ast-site-content-layout":"default","site-content-style":"default","site-sidebar-style":"default","ast-global-header-display":"","ast-banner-title-visibility":"","ast-main-header-display":"","ast-hfb-above-header-display":"","ast-hfb-below-header-display":"","ast-hfb-mobile-header-display":"","site-post-title":"","ast-breadcrumbs-content":"","ast-featured-img":"","footer-sml-layout":"","ast-disable-related-posts":"","theme-transparent-header-meta":"default","adv-header-id-meta":"","stick-header-meta":"","header-above-stick-meta":"","header-main-stick-meta":"","header-below-stick-meta":"","astra-migrate-meta-layouts":"set","ast-page-background-enabled":"default","ast-page-background-meta":{"desktop":{"background-color":"var(--ast-global-color-4)","background-image":"","background-repeat":"repeat","background-position":"center center","background-size":"auto","background-attachment":"scroll","background-type":"","background-media":"","overlay-type":"","overlay-color":"","overlay-opacity":"","overlay-gradient":""},"tablet":{"background-color":"","background-image":"","background-repeat":"repeat","background-position":"center center","background-size":"auto","background-attachment":"scroll","background-type":"","background-media":"","overlay-type":"","overlay-color":"","overlay-opacity":"","overlay-gradient":""},"mobile":{"background-color":"","background-image":"","background-repeat":"repeat","background-position":"center center","background-size":"auto","background-attachment":"scroll","background-type":"","background-media":"","overlay-type":"","overlay-color":"","overlay-opacity":"","overlay-gradient":""}},"ast-content-background-meta":{"desktop":{"background-color":"var(--ast-global-color-5)","background-image":"","background-repeat":"repeat","background-position":"center center","background-size":"auto","background-attachment":"scroll","background-type":"","background-media":"","overlay-type":"","overlay-color":"","overlay-opacity":"","overlay-gradient":""},"tablet":{"background-color":"var(--ast-global-color-5)","background-image":"","background-repeat":"repeat","background-position":"center center","background-size":"auto","background-attachment":"scroll","background-type":"","background-media":"","overlay-type":"","overlay-color":"","overlay-opacity":"","overlay-gradient":""},"mobile":{"background-color":"var(--ast-global-color-5)","background-image":"","background-repeat":"repeat","background-position":"center center","background-size":"auto","background-attachment":"scroll","background-type":"","background-media":"","overlay-type":"","overlay-color":"","overlay-opacity":"","overlay-gradient":""}}},"product_brand":[],"product_cat":[96,99,80],"product_tag":[],"class_list":{"0":"post-3244","1":"product","2":"type-product","3":"status-publish","4":"has-post-thumbnail","6":"product_cat-brands","7":"product_cat-seadmed","8":"product_cat-wishpro","9":"desktop-align-left","10":"tablet-align-left","11":"mobile-align-left","13":"first","14":"instock","15":"taxable","16":"shipping-taxable","17":"product-type-simple","18":"add-to-wishlist-before_image"},"uagb_featured_image_src":{"full":["https:\/\/kosmeetika24.com\/wp-content\/uploads\/2024\/01\/3_wishpro-magnetic-pulse_.webp",576,480,false],"thumbnail":["https:\/\/kosmeetika24.com\/wp-content\/uploads\/2024\/01\/3_wishpro-magnetic-pulse_-150x150.webp",150,150,true],"medium":["https:\/\/kosmeetika24.com\/wp-content\/uploads\/2024\/01\/3_wishpro-magnetic-pulse_-300x250.webp",300,250,true],"medium_large":["https:\/\/kosmeetika24.com\/wp-content\/uploads\/2024\/01\/3_wishpro-magnetic-pulse_.webp",576,480,false],"large":["https:\/\/kosmeetika24.com\/wp-content\/uploads\/2024\/01\/3_wishpro-magnetic-pulse_.webp",576,480,false],"1536x1536":["https:\/\/kosmeetika24.com\/wp-content\/uploads\/2024\/01\/3_wishpro-magnetic-pulse_.webp",576,480,false],"2048x2048":["https:\/\/kosmeetika24.com\/wp-content\/uploads\/2024\/01\/3_wishpro-magnetic-pulse_.webp",576,480,false],"trp-custom-language-flag":["https:\/\/kosmeetika24.com\/wp-content\/uploads\/2024\/01\/3_wishpro-magnetic-pulse_-14x12.webp",14,12,true],"woocommerce_thumbnail":["https:\/\/kosmeetika24.com\/wp-content\/uploads\/2024\/01\/3_wishpro-magnetic-pulse_-300x300.webp",300,300,true],"woocommerce_single":["https:\/\/kosmeetika24.com\/wp-content\/uploads\/2024\/01\/3_wishpro-magnetic-pulse_-500x417.webp",500,417,true],"woocommerce_gallery_thumbnail":["https:\/\/kosmeetika24.com\/wp-content\/uploads\/2024\/01\/3_wishpro-magnetic-pulse_-100x100.webp",100,100,true]},"uagb_author_info":{"display_name":"admin","author_link":"https:\/\/kosmeetika24.com\/fi\/author\/"},"uagb_comment_info":0,"uagb_excerpt":"Magnetimpulss Stimuleerib\u00a0 nahka \u00f5rnalt rahustavate mehaaniliste impulsside kaudu. Nahk tundub h\u00e4mmastavalt pehme ja siidine.","_links":{"self":[{"href":"https:\/\/kosmeetika24.com\/fi\/wp-json\/wp\/v2\/product\/3244","targetHints":{"allow":["GET"]}}],"collection":[{"href":"https:\/\/kosmeetika24.com\/fi\/wp-json\/wp\/v2\/product"}],"about":[{"href":"https:\/\/kosmeetika24.com\/fi\/wp-json\/wp\/v2\/types\/product"}],"replies":[{"embeddable":true,"href":"https:\/\/kosmeetika24.com\/fi\/wp-json\/wp\/v2\/comments?post=3244"}],"version-history":[{"count":2,"href":"https:\/\/kosmeetika24.com\/fi\/wp-json\/wp\/v2\/product\/3244\/revisions"}],"predecessor-version":[{"id":4754,"href":"https:\/\/kosmeetika24.com\/fi\/wp-json\/wp\/v2\/product\/3244\/revisions\/4754"}],"wp:featuredmedia":[{"embeddable":true,"href":"https:\/\/kosmeetika24.com\/fi\/wp-json\/wp\/v2\/media\/3231"}],"wp:attachment":[{"href":"https:\/\/kosmeetika24.com\/fi\/wp-json\/wp\/v2\/media?parent=3244"}],"wp:term":[{"taxonomy":"product_brand","embeddable":true,"href":"https:\/\/kosmeetika24.com\/fi\/wp-json\/wp\/v2\/product_brand?post=3244"},{"taxonomy":"product_cat","embeddable":true,"href":"https:\/\/kosmeetika24.com\/fi\/wp-json\/wp\/v2\/product_cat?post=3244"},{"taxonomy":"product_tag","embeddable":true,"href":"https:\/\/kosmeetika24.com\/fi\/wp-json\/wp\/v2\/product_tag?post=3244"}],"curies":[{"name":"wp","href":"https:\/\/api.w.org\/{rel}","templated":true}]}}