{"id":3235,"date":"2024-01-25T10:16:27","date_gmt":"2024-01-25T10:16:27","guid":{"rendered":"https:\/\/kosmeetika24.com\/?post_type=product&#038;p=3235"},"modified":"2025-07-02T11:26:19","modified_gmt":"2025-07-02T08:26:19","slug":"wishpro-plus-eu-masin","status":"publish","type":"product","link":"https:\/\/kosmeetika24.com\/fi\/tuote\/wishpro-plus-eu-masin\/","title":{"rendered":"WISHPRO Plus+ EU laite"},"content":{"rendered":"<p><img decoding=\"async\" class=\"aligncenter\" src=\"https:\/\/mimari.com.pl\/public\/assets\/WISH\/Wishproplus.png\" alt=\"\" width=\"213\" height=\"80\" \/><\/p>\n<p style=\"text-align: center;\"><strong>T\u00e4ydellinen innovaatio ammatillisessa ihonhoidossa!<\/strong><\/p>\n<p style=\"text-align: center;\">Ainoa laite maailmassa, joka k\u00e4ytt\u00e4\u00e4 ainutlaatuista magneettista infuusio-tekniikkaa ja nelj\u00e4\u00e4 eri hoitop\u00e4\u00e4t\u00e4!<\/p>\n<p style=\"text-align: center;\">Kiitos\u00a0<strong>magneettisen infuusio-tekniikan ansiosta<\/strong>\u00a0yhdistelm\u00e4lle\u00a0<strong>punaisen<\/strong>\u00a0(660nm) ja\u00a0<strong>sinisen<\/strong>\u00a0(420-470nm)\u00a0<strong>LED-valolla<\/strong>\u00a0ja\u00a0<strong>virralla 500 \u03bcA<\/strong>, saavutamme tuloksia, joita ei ole aiemmin saavutettu!<\/p>\n<p style=\"text-align: center;\">Ihosi on nuorentunut, s\u00e4teilev\u00e4, kosteutettu, kiinteytynyt ja terveempi kuin koskaan ennen!<\/p>\n<p style=\"text-align: center;\">Tee unelmasi kauniista ihosta totta\u00a0<strong>WishPro Plus+<\/strong>\u00a0avulla vain 15 minuutissa!<\/p>\n<hr \/>\n<h2 style=\"text-align: center;\"><span class=\"wysiwyg-font-size-medium\"><strong>Kus teadus kohtub maagiaga \u2013 see on koht, kus WishPro luuakse<\/strong><\/span><\/h2>\n<p style=\"text-align: center;\"><strong>Synoia Technologies LTD<\/strong>\u00a0perustettiin vuonna 2008\u00a0<strong>Israelissa<\/strong>\u00a0<strong>BDR Groupin<\/strong>\u00a0yritys, joka on perustettu osaksi teknologiaryhm\u00e4\u00e4 tavoitteenaan tarjota kosmetiikkamarkkinoille\u00a0<strong>uusia teknologisia ja patentoituja ratkaisuja<\/strong>, n\u00e4in l\u00f6yt\u00e4en\u00a0<strong>korkealaatuiset, tehokkaat ja 100 % turvalliset hoitomenetelm\u00e4t!<\/strong><\/p>\n<p style=\"text-align: center;\">Yrityksen credo on ensisijaisesti tehokkaiden innovaatioiden etsiminen.\u00a0<strong>samalla s\u00e4ilytt\u00e4en tarjottujen ratkaisujen turvallisuuden ja ei-invasiivisuuden!<\/strong>.<\/p>\n<p style=\"text-align: center;\">Synoia Technologies\u2019i lahenduste k\u00f5rget kvaliteeti ja t\u00f5husust\u00a0<strong>vahvistavat globaalit patentit ja useat sertifikaatit:<\/strong><\/p>\n<p style=\"text-align: center;\"><strong>ISO 9001:2015, ISO 13458:2016, ISO 22716:2007, GMP, CTFA, TCB<\/strong><\/p>\n<p style=\"text-align: center;\"><strong>WishPro Plus+ toteuttaa unelmasi kauniista ihosta!<\/strong><\/p>\n<p style=\"text-align: center;\">T\u00e4ydellinen ihon uudistuminen vain 15 minuutissa!<\/p>\n<p style=\"text-align: center;\">\u2713 100% ei-invasiivinen ja turvallinen!<\/p>\n<p style=\"text-align: center;\">\u2713 Kaikille ihotyypeille!<\/p>\n<p style=\"text-align: center;\">\u2713 13 eri kapselia 4 sarjasta!<\/p>\n<p style=\"text-align: center;\">\u2713 1 laite = 50 erilaista hoitoa!<\/p>\n<p style=\"text-align: center;\">\u2713 K\u00e4tev\u00e4, langaton toiminta.<\/p>\n<p style=\"text-align: center;\">\u2713 Jopa 15 hoitoa ilman latausta!<\/p>\n<p style=\"text-align: center;\">\u2713 Koko vuoden k\u00e4ytt\u00f6mahdollisuus!<\/p>\n<p style=\"text-align: center;\">\u2713 T\u00e4ydellinen teknologinen innovaatio!<\/p>\n<p style=\"text-align: center;\">\u2713 Todistetusti tehokkaat vaikuttavat aineet!<\/p>\n<p style=\"text-align: center;\">\u2713 T\u00e4ysin mobiili laite, voit ottaa p\u00e4\u00e4n mukaasi ilman jalustaa!<\/p>\n<p style=\"text-align: center;\">\u2713 Ei palautumisaikaa!<\/p>\n<p style=\"text-align: center;\">\u2713 Mahdollisuus yhdist\u00e4\u00e4\u00a0<strong>WishPro Plus+ hoito<\/strong>\u00a0muiden menetelmien ja laitteiden kanssa!<\/p>\n<p style=\"text-align: center;\">\u2713 Eritt\u00e4in miellytt\u00e4v\u00e4 ja rentouttava toimenpide<\/p>\n<p style=\"text-align: center;\">\u2713 Tehokkuus vahvistettu sertifikaateilla ja patenteilla!<\/p>\n<p style=\"text-align: center;\">\u2713 Yli 30 maata ymp\u00e4ri maailmaa on rakastunut\u00a0<strong>WishPro Plus+<\/strong>!<\/p>\n<p style=\"text-align: center;\">\u2713 Yli 11 vuoden tehokkuustutkimukset!<\/p>\n<p style=\"text-align: center;\"><strong>Magneetti-infuusio nykyaikainen teknologia T.I.M<\/strong><\/p>\n<p style=\"text-align: center;\"><strong>Laaja valikoima kertak\u00e4ytt\u00f6isi\u00e4 kapselia, jotka on omistettu WishPro Plus+ -laitteelle, antaa sinulle mahdollisuuden hoitaa kaikki ihon ongelmat, taaten mukavuuden ja steriiliyden!<\/strong><\/p>\n<p style=\"text-align: center;\"><strong>Vallankumouksellinen ratkaisu jokaiselle kauneussalongille!<\/strong><\/p>\n<p style=\"text-align: center;\">Onko asiakkaillasi tyls\u00e4\u00e4 aiempien hoitomenetelmien kanssa?<\/p>\n<p style=\"text-align: center;\">Etsitk\u00f6 jotain selke\u00e4\u00e4, joka tuottaa v\u00e4litt\u00f6mi\u00e4 tuloksia?<\/p>\n<p style=\"text-align: center;\">Ovatko salonkiasiakkaasi kyll\u00e4styneet tai eiv\u00e4t pid\u00e4 invasiivisista hoidoista?<\/p>\n<p style=\"text-align: center;\">Tarvitsetko jotain, joka yhdist\u00e4\u00e4 tehokkuuden nautintoon?<\/p>\n<p style=\"text-align: center;\">Haluatko erottua kilpailijoista salongillasi?<\/p>\n<p style=\"text-align: center;\">Etsitk\u00f6 jotain, joka tuo pitk\u00e4aikaisia terapeuttisia ja kaupallisia vaikutuksia?<\/p>\n<p style=\"text-align: center;\">Onko sinulla vaikeuksia kulutuskustannusten laskemisessa ja l\u00e4\u00e4kkeiden inventaarion hallinnassa?<\/p>\n<p style=\"text-align: center;\">Haluatko uuden laitteen, mutta olohuoneessasi ei ole tilaa?<\/p>\n<p style=\"text-align: center;\">Ty\u00f6skenteletk\u00f6 liikkeell\u00e4 ollessasi ja tarvitsetko jotain kompaktia?<\/p>\n<p style=\"text-align: center;\">Jos vastasit KYLL\u00c4 v\u00e4hint\u00e4\u00e4n yhteen kysymykseen <strong>\u2013 WishPro Plus+<\/strong>\u00a0on sinulle!<\/p>\n<p style=\"text-align: center;\"><strong>Vaikutus on n\u00e4ht\u00e4viss\u00e4 YHDEN HOITOJAKSON J\u00c4LKEEN!<\/strong><\/p>","protected":false},"excerpt":{"rendered":"<p><a><strong>WishPro Plus+<\/strong>\u00a0k\u00e4ytt\u00e4\u00e4 intensiivisi\u00e4 magneettisia impulsseja, jotka muutetaan aktiiviseksi energiakent\u00e4ksi. Kent\u00e4n energia muutetaan valoksi ja s\u00e4hk\u00f6ksi. Nelj\u00e4n tekij\u00e4n yhdistelm\u00e4 vaikuttavine aineineen mahdollistaa sensaatiomaisten hoitovaikutusten saavuttamisen s\u00e4ilytt\u00e4en samalla turvallisuuden ja 100% ei-invasiivisuuden.<\/a>!<\/p>","protected":false},"featured_media":3236,"comment_status":"open","ping_status":"closed","template":"","meta":{"_uag_custom_page_level_css":"","site-sidebar-layout":"default","site-content-layout":"","ast-site-content-layout":"default","site-content-style":"default","site-sidebar-style":"default","ast-global-header-display":"","ast-banner-title-visibility":"","ast-main-header-display":"","ast-hfb-above-header-display":"","ast-hfb-below-header-display":"","ast-hfb-mobile-header-display":"","site-post-title":"","ast-breadcrumbs-content":"","ast-featured-img":"","footer-sml-layout":"","ast-disable-related-posts":"","theme-transparent-header-meta":"default","adv-header-id-meta":"","stick-header-meta":"","header-above-stick-meta":"","header-main-stick-meta":"","header-below-stick-meta":"","astra-migrate-meta-layouts":"set","ast-page-background-enabled":"default","ast-page-background-meta":{"desktop":{"background-color":"var(--ast-global-color-4)","background-image":"","background-repeat":"repeat","background-position":"center center","background-size":"auto","background-attachment":"scroll","background-type":"","background-media":"","overlay-type":"","overlay-color":"","overlay-opacity":"","overlay-gradient":""},"tablet":{"background-color":"","background-image":"","background-repeat":"repeat","background-position":"center center","background-size":"auto","background-attachment":"scroll","background-type":"","background-media":"","overlay-type":"","overlay-color":"","overlay-opacity":"","overlay-gradient":""},"mobile":{"background-color":"","background-image":"","background-repeat":"repeat","background-position":"center center","background-size":"auto","background-attachment":"scroll","background-type":"","background-media":"","overlay-type":"","overlay-color":"","overlay-opacity":"","overlay-gradient":""}},"ast-content-background-meta":{"desktop":{"background-color":"var(--ast-global-color-5)","background-image":"","background-repeat":"repeat","background-position":"center center","background-size":"auto","background-attachment":"scroll","background-type":"","background-media":"","overlay-type":"","overlay-color":"","overlay-opacity":"","overlay-gradient":""},"tablet":{"background-color":"var(--ast-global-color-5)","background-image":"","background-repeat":"repeat","background-position":"center center","background-size":"auto","background-attachment":"scroll","background-type":"","background-media":"","overlay-type":"","overlay-color":"","overlay-opacity":"","overlay-gradient":""},"mobile":{"background-color":"var(--ast-global-color-5)","background-image":"","background-repeat":"repeat","background-position":"center center","background-size":"auto","background-attachment":"scroll","background-type":"","background-media":"","overlay-type":"","overlay-color":"","overlay-opacity":"","overlay-gradient":""}}},"product_brand":[],"product_cat":[96,99,80],"product_tag":[],"class_list":{"0":"post-3235","1":"product","2":"type-product","3":"status-publish","4":"has-post-thumbnail","6":"product_cat-brands","7":"product_cat-seadmed","8":"product_cat-wishpro","9":"desktop-align-left","10":"tablet-align-left","11":"mobile-align-left","13":"first","14":"instock","15":"taxable","16":"shipping-taxable","17":"product-type-simple","18":"add-to-wishlist-before_image"},"uagb_featured_image_src":{"full":["https:\/\/kosmeetika24.com\/wp-content\/uploads\/2024\/01\/device-m-front-1.webp",761,465,false],"thumbnail":["https:\/\/kosmeetika24.com\/wp-content\/uploads\/2024\/01\/device-m-front-1-150x150.webp",150,150,true],"medium":["https:\/\/kosmeetika24.com\/wp-content\/uploads\/2024\/01\/device-m-front-1-300x183.webp",300,183,true],"medium_large":["https:\/\/kosmeetika24.com\/wp-content\/uploads\/2024\/01\/device-m-front-1.webp",761,465,false],"large":["https:\/\/kosmeetika24.com\/wp-content\/uploads\/2024\/01\/device-m-front-1.webp",761,465,false],"1536x1536":["https:\/\/kosmeetika24.com\/wp-content\/uploads\/2024\/01\/device-m-front-1.webp",761,465,false],"2048x2048":["https:\/\/kosmeetika24.com\/wp-content\/uploads\/2024\/01\/device-m-front-1.webp",761,465,false],"trp-custom-language-flag":["https:\/\/kosmeetika24.com\/wp-content\/uploads\/2024\/01\/device-m-front-1-18x12.webp",18,12,true],"woocommerce_thumbnail":["https:\/\/kosmeetika24.com\/wp-content\/uploads\/2024\/01\/device-m-front-1-300x300.webp",300,300,true],"woocommerce_single":["https:\/\/kosmeetika24.com\/wp-content\/uploads\/2024\/01\/device-m-front-1-500x306.webp",500,306,true],"woocommerce_gallery_thumbnail":["https:\/\/kosmeetika24.com\/wp-content\/uploads\/2024\/01\/device-m-front-1-100x100.webp",100,100,true]},"uagb_author_info":{"display_name":"admin","author_link":"https:\/\/kosmeetika24.com\/fi\/author\/"},"uagb_comment_info":0,"uagb_excerpt":"WishPro Plus+\u00a0kasutab intensiivseid magnetimpulsse, mis muundatakse aktiivseks energiav\u00e4ljaks. Energiav\u00e4lja energia muundatakse valguseks ja elektriks. Nelja teguri kombinatsioon toimeainetega v\u00f5imaldab teil saavutada sensatsioonilisi raviefekte, s\u00e4ilitades samal ajal ohutuse ja 100% mitteinvasiivsuse!","_links":{"self":[{"href":"https:\/\/kosmeetika24.com\/fi\/wp-json\/wp\/v2\/product\/3235","targetHints":{"allow":["GET"]}}],"collection":[{"href":"https:\/\/kosmeetika24.com\/fi\/wp-json\/wp\/v2\/product"}],"about":[{"href":"https:\/\/kosmeetika24.com\/fi\/wp-json\/wp\/v2\/types\/product"}],"replies":[{"embeddable":true,"href":"https:\/\/kosmeetika24.com\/fi\/wp-json\/wp\/v2\/comments?post=3235"}],"version-history":[{"count":1,"href":"https:\/\/kosmeetika24.com\/fi\/wp-json\/wp\/v2\/product\/3235\/revisions"}],"predecessor-version":[{"id":4757,"href":"https:\/\/kosmeetika24.com\/fi\/wp-json\/wp\/v2\/product\/3235\/revisions\/4757"}],"wp:featuredmedia":[{"embeddable":true,"href":"https:\/\/kosmeetika24.com\/fi\/wp-json\/wp\/v2\/media\/3236"}],"wp:attachment":[{"href":"https:\/\/kosmeetika24.com\/fi\/wp-json\/wp\/v2\/media?parent=3235"}],"wp:term":[{"taxonomy":"product_brand","embeddable":true,"href":"https:\/\/kosmeetika24.com\/fi\/wp-json\/wp\/v2\/product_brand?post=3235"},{"taxonomy":"product_cat","embeddable":true,"href":"https:\/\/kosmeetika24.com\/fi\/wp-json\/wp\/v2\/product_cat?post=3235"},{"taxonomy":"product_tag","embeddable":true,"href":"https:\/\/kosmeetika24.com\/fi\/wp-json\/wp\/v2\/product_tag?post=3235"}],"curies":[{"name":"wp","href":"https:\/\/api.w.org\/{rel}","templated":true}]}}