{"id":3211,"date":"2024-01-25T06:49:47","date_gmt":"2024-01-25T06:49:47","guid":{"rendered":"https:\/\/kosmeetika24.com\/?post_type=product&#038;p=3211"},"modified":"2025-07-02T11:29:38","modified_gmt":"2025-07-02T08:29:38","slug":"wishpro-neo-energy-apl-elustab-ja-taastab","status":"publish","type":"product","link":"https:\/\/kosmeetika24.com\/fi\/tuote\/wishpro-neo-energy-apl-elustab-ja-taastab\/","title":{"rendered":"WISHPRO Neo Energy APL \u2013 Elvytt\u00e4v\u00e4 ja palauttava"},"content":{"rendered":"<p style=\"text-align: center;\"><strong><span style=\"color: #0000ff;\">Neo Energy<\/span> kapsel\u00a0 \u2013 <\/strong><strong>Neodermyl<\/strong> kapseli, joka silottaa ryppyj\u00e4 <strong>ja uurteita.<\/strong><\/p>\n<p style=\"text-align: center;\"><strong>V\u00e4hent\u00e4\u00e4<\/strong> n\u00e4kyv\u00e4sti v\u00e4hent\u00e4\u00e4 ryppyj\u00e4 ja antaa <strong>j\u00e4ntev\u00f6itt\u00e4v\u00e4n vaikutuksen iholle.<\/strong><\/p>\n<p style=\"text-align: center;\">15 p\u00e4iv\u00e4n kuluttua kapselin k\u00e4yt\u00f6st\u00e4 iho muuttuu\u00a0\u00a0<strong>n\u00e4kyv\u00e4sti sile\u00e4mm\u00e4ksi ja kiinte\u00e4mm\u00e4ksi.<\/strong><\/p>\n<p style=\"text-align: center;\">Vaikuttavat aineet ja <strong>aminohappojen seos <\/strong><strong>stimuloivat<\/strong> intensiivisesti fibroblastien kollageeni- ja elastiinituotantoa.<\/p>\n<p style=\"text-align: center;\"><strong>K\u00e4ytt\u00f6tarkoitus:\u00a0<\/strong> kaikki ihotyypit, ryppyj\u00e4 ja uurteita, kosteutusta tarvitseva iho, ihon l\u00f6ystyminen.<\/p>\n<p style=\"text-align: center;\"><span style=\"color: #0000ff;\"><strong>Neo Energy<\/strong><\/span><span style=\"color: #0000ff;\">\u00a0<\/span>apseli on tarkoitettu k\u00e4ytett\u00e4v\u00e4ksi kultaisen, punaisen tai sinisen kanssa.\u00a0\u00a0<strong>WishPro Plus+ -teknologisella p\u00e4\u00e4ll\u00e4.<\/strong><\/p>\n<p style=\"text-align: center;\"><span style=\"color: #0000ff;\"><strong>Active Pro-Long sarja<\/strong><\/span><\/p>\n<p style=\"text-align: center;\">APL-sarja luotiin iholle, joka tarvitsee <strong>erityisi\u00e4 ainesosia<\/strong>.\u00a0<strong>Elvytt\u00e4\u00e4 ja palauttaa<\/strong>\u00a0\u00a0ulkoisten tekij\u00f6iden vaurioittamaa ja stressaamaa ihoa. APL-sarja sis\u00e4lt\u00e4\u00e4 kolmea tyyppi\u00e4 voimakkaisiin vaikuttaviin aineisiin perustuvia.\u00a0\u00a0<strong>kapselit, jotka antavat v\u00e4litt\u00f6m\u00e4n <\/strong><strong>tulokset jo yhden hoidon j\u00e4lkeen! <\/strong>Kapselin koostumus koostuu p\u00e4\u00e4asiassa <strong>keve\u00e4t emulsiot<\/strong>jJotka sopivat eri ihotyypeille.<\/p>\n<hr \/>\n<p style=\"text-align: center;\">Kapselit ovat steriilej\u00e4 ja kertak\u00e4ytt\u00f6isi\u00e4, yksi kapseli on tarkoitettu yhteen hoitokertaan.<\/p>\n<p>Koostumus: AQUA, DIMETHICONE, ISOPROPYL PALMITATE, PHENTYL TRIMETHICONE, GLYCERIN, ISOPROPYL MYRISTATE, SIMMONDSIA CHINESIS SEED OIL, SODIUM CHLORIDE, PHENOXYETHANOL, SILICA, PEG-10 DIMETHICONE, METHYLGLUCOSIDE PHOSPHATE, ETHYLHEXYLGLYCERIN, COPPER lYSINATE\/PROLINATE, PARFUM, DIMETHICONE\/VINYL DIMETHICONE CROSSPOLYMER, ISOCETETH-10, HEXYL CINNAMAL, LINALOOL, LIMONENE, METHYL 2-OCTYNOATE.<\/p>","protected":false},"excerpt":{"rendered":"<p>Neo Energy tarkoittaa sile\u00e4\u00e4\u00a0\u00a0<strong>iho ilman ryppyj\u00e4!<\/strong><\/p>\n<p><strong>Hinta koskee pakettia, joka sis\u00e4lt\u00e4\u00e4 10 kapselia.<\/strong><\/p>","protected":false},"featured_media":3212,"comment_status":"open","ping_status":"closed","template":"","meta":{"_uag_custom_page_level_css":"","site-sidebar-layout":"default","site-content-layout":"","ast-site-content-layout":"default","site-content-style":"default","site-sidebar-style":"default","ast-global-header-display":"","ast-banner-title-visibility":"","ast-main-header-display":"","ast-hfb-above-header-display":"","ast-hfb-below-header-display":"","ast-hfb-mobile-header-display":"","site-post-title":"","ast-breadcrumbs-content":"","ast-featured-img":"","footer-sml-layout":"","ast-disable-related-posts":"","theme-transparent-header-meta":"default","adv-header-id-meta":"","stick-header-meta":"","header-above-stick-meta":"","header-main-stick-meta":"","header-below-stick-meta":"","astra-migrate-meta-layouts":"set","ast-page-background-enabled":"default","ast-page-background-meta":{"desktop":{"background-color":"var(--ast-global-color-4)","background-image":"","background-repeat":"repeat","background-position":"center center","background-size":"auto","background-attachment":"scroll","background-type":"","background-media":"","overlay-type":"","overlay-color":"","overlay-opacity":"","overlay-gradient":""},"tablet":{"background-color":"","background-image":"","background-repeat":"repeat","background-position":"center center","background-size":"auto","background-attachment":"scroll","background-type":"","background-media":"","overlay-type":"","overlay-color":"","overlay-opacity":"","overlay-gradient":""},"mobile":{"background-color":"","background-image":"","background-repeat":"repeat","background-position":"center center","background-size":"auto","background-attachment":"scroll","background-type":"","background-media":"","overlay-type":"","overlay-color":"","overlay-opacity":"","overlay-gradient":""}},"ast-content-background-meta":{"desktop":{"background-color":"var(--ast-global-color-5)","background-image":"","background-repeat":"repeat","background-position":"center center","background-size":"auto","background-attachment":"scroll","background-type":"","background-media":"","overlay-type":"","overlay-color":"","overlay-opacity":"","overlay-gradient":""},"tablet":{"background-color":"var(--ast-global-color-5)","background-image":"","background-repeat":"repeat","background-position":"center center","background-size":"auto","background-attachment":"scroll","background-type":"","background-media":"","overlay-type":"","overlay-color":"","overlay-opacity":"","overlay-gradient":""},"mobile":{"background-color":"var(--ast-global-color-5)","background-image":"","background-repeat":"repeat","background-position":"center center","background-size":"auto","background-attachment":"scroll","background-type":"","background-media":"","overlay-type":"","overlay-color":"","overlay-opacity":"","overlay-gradient":""}}},"product_brand":[],"product_cat":[96,97,80],"product_tag":[],"class_list":{"0":"post-3211","1":"product","2":"type-product","3":"status-publish","4":"has-post-thumbnail","6":"product_cat-brands","7":"product_cat-naole","8":"product_cat-wishpro","9":"desktop-align-left","10":"tablet-align-left","11":"mobile-align-left","13":"first","14":"instock","15":"taxable","16":"shipping-taxable","17":"product-type-simple","18":"add-to-wishlist-before_image"},"uagb_featured_image_src":{"full":["https:\/\/kosmeetika24.com\/wp-content\/uploads\/2024\/01\/Neo-Energy-APL.jpg",2048,1509,false],"thumbnail":["https:\/\/kosmeetika24.com\/wp-content\/uploads\/2024\/01\/Neo-Energy-APL-150x150.jpg",150,150,true],"medium":["https:\/\/kosmeetika24.com\/wp-content\/uploads\/2024\/01\/Neo-Energy-APL-300x221.jpg",300,221,true],"medium_large":["https:\/\/kosmeetika24.com\/wp-content\/uploads\/2024\/01\/Neo-Energy-APL-768x566.jpg",768,566,true],"large":["https:\/\/kosmeetika24.com\/wp-content\/uploads\/2024\/01\/Neo-Energy-APL-1024x755.jpg",1024,755,true],"1536x1536":["https:\/\/kosmeetika24.com\/wp-content\/uploads\/2024\/01\/Neo-Energy-APL-1536x1132.jpg",1536,1132,true],"2048x2048":["https:\/\/kosmeetika24.com\/wp-content\/uploads\/2024\/01\/Neo-Energy-APL.jpg",2048,1509,false],"trp-custom-language-flag":["https:\/\/kosmeetika24.com\/wp-content\/uploads\/2024\/01\/Neo-Energy-APL-16x12.jpg",16,12,true],"woocommerce_thumbnail":["https:\/\/kosmeetika24.com\/wp-content\/uploads\/2024\/01\/Neo-Energy-APL-300x300.jpg",300,300,true],"woocommerce_single":["https:\/\/kosmeetika24.com\/wp-content\/uploads\/2024\/01\/Neo-Energy-APL-500x368.jpg",500,368,true],"woocommerce_gallery_thumbnail":["https:\/\/kosmeetika24.com\/wp-content\/uploads\/2024\/01\/Neo-Energy-APL-100x100.jpg",100,100,true]},"uagb_author_info":{"display_name":"admin","author_link":"https:\/\/kosmeetika24.com\/fi\/author\/"},"uagb_comment_info":0,"uagb_excerpt":"Neo Energy t\u00e4hendab siledat\u00a0\u00a0nahka ilma kortsudeta! Hind kehtib 10 kapslit sisaldava pakendi kohta.","_links":{"self":[{"href":"https:\/\/kosmeetika24.com\/fi\/wp-json\/wp\/v2\/product\/3211","targetHints":{"allow":["GET"]}}],"collection":[{"href":"https:\/\/kosmeetika24.com\/fi\/wp-json\/wp\/v2\/product"}],"about":[{"href":"https:\/\/kosmeetika24.com\/fi\/wp-json\/wp\/v2\/types\/product"}],"replies":[{"embeddable":true,"href":"https:\/\/kosmeetika24.com\/fi\/wp-json\/wp\/v2\/comments?post=3211"}],"version-history":[{"count":1,"href":"https:\/\/kosmeetika24.com\/fi\/wp-json\/wp\/v2\/product\/3211\/revisions"}],"predecessor-version":[{"id":4531,"href":"https:\/\/kosmeetika24.com\/fi\/wp-json\/wp\/v2\/product\/3211\/revisions\/4531"}],"wp:featuredmedia":[{"embeddable":true,"href":"https:\/\/kosmeetika24.com\/fi\/wp-json\/wp\/v2\/media\/3212"}],"wp:attachment":[{"href":"https:\/\/kosmeetika24.com\/fi\/wp-json\/wp\/v2\/media?parent=3211"}],"wp:term":[{"taxonomy":"product_brand","embeddable":true,"href":"https:\/\/kosmeetika24.com\/fi\/wp-json\/wp\/v2\/product_brand?post=3211"},{"taxonomy":"product_cat","embeddable":true,"href":"https:\/\/kosmeetika24.com\/fi\/wp-json\/wp\/v2\/product_cat?post=3211"},{"taxonomy":"product_tag","embeddable":true,"href":"https:\/\/kosmeetika24.com\/fi\/wp-json\/wp\/v2\/product_tag?post=3211"}],"curies":[{"name":"wp","href":"https:\/\/api.w.org\/{rel}","templated":true}]}}