{"id":3208,"date":"2024-01-25T07:00:11","date_gmt":"2024-01-25T07:00:11","guid":{"rendered":"https:\/\/kosmeetika24.com\/?post_type=product&#038;p=3208"},"modified":"2025-07-02T11:28:56","modified_gmt":"2025-07-02T08:28:56","slug":"wishpro-wish-care-rahustav-ja-noorendav","status":"publish","type":"product","link":"https:\/\/kosmeetika24.com\/fi\/tuote\/wishpro-wish-care-rahustav-ja-noorendav\/","title":{"rendered":"WISHPRO Wish Care \u2013 rauhoittava ja nuorentava"},"content":{"rendered":"<p style=\"text-align: center;\"><span style=\"color: #ff6600;\"><strong>Wish Care<\/strong><\/span> kapseli perustuu kahteen ainesosaan: <strong>neurofilin\u2122 ja\u00a0<\/strong><strong>Abbisyne\u00ae657 - eksopolysakkaridi<\/strong>, joka on saatu<\/p>\n<p style=\"text-align: center;\"><strong>Ekstremofiililta, joka el\u00e4\u00e4 syv\u00e4nmeren hydrotermisiss\u00e4 venttiileiss\u00e4.<\/strong><\/p>\n<p style=\"text-align: center;\">Se v\u00e4hent\u00e4\u00e4\u00a0<strong>ihon \u00e4rsytyst\u00e4,<\/strong>lis\u00e4\u00e4\u00a0<strong>vastustuskyky\u00e4 mekaanisia tekij\u00f6it\u00e4 ja auringonvaloa vastaan,<\/strong>suojaa ihoa\u00a0<strong>vaurioilta ja v\u00e4hent\u00e4\u00e4 UV-s\u00e4teilyst\u00e4 johtuvaa ihon vanhenemista.\"<\/strong>.<\/p>\n<p style=\"text-align: center;\">Lis\u00e4ksi\u00a0<strong>h\u00e4kukka\u00f6ljyll\u00e4 on<\/strong>\u00a0<strong>ulehdusta ehk\u00e4isev\u00e4t ja antiseptiset ominaisuudet.<\/strong><\/p>\n<p style=\"text-align: center;\"><strong>K\u00e4ytt\u00f6tarkoitus:<\/strong>: Kaikki ihotyypit, herkk\u00e4, eryteema, hyperreaktiivisuus, tulehdus.<\/p>\n<p style=\"text-align: center;\"><span style=\"color: #ff6600;\"><strong>Wish Care<\/strong><\/span>\u00a0kapseli on tarkoitettu k\u00e4ytett\u00e4v\u00e4ksi punaisen tai sinisen kanssa.\u00a0<strong>WishPro Plus+<\/strong> -teknologisella p\u00e4\u00e4ll\u00e4.<\/p>\n<p style=\"text-align: center;\"><span style=\"color: #ff6600;\"><strong>APC-ik\u00e4prosessin ohjauslinja<\/strong><\/span><\/p>\n<p style=\"text-align: center;\" class=\"translation-block\">Uusi <strong>APC-kapslisarja<\/strong> on suunniteltu hallitsemaan ja est\u00e4m\u00e4\u00e4n ihon ik\u00e4\u00e4ntymisprosessia, joka johtuu mekaanisista tekij\u00f6ist\u00e4, el\u00e4m\u00e4ntavoista, stressist\u00e4 ja ymp\u00e4rist\u00f6n saasteista. Sarja on suunnattu <strong>vaurioituneelle<\/strong>, <strong>kuivalle, herk\u00e4lle ja punaiselle<\/strong> iholle. Tuotesarjan ainesosat suojaavat ihoa <strong>mekaanisilta, kemiallisilta ja UV-tekij\u00f6ilt\u00e4.<\/strong><\/p>\n<hr \/>\n<p style=\"text-align: center;\">Kapselit ovat steriilej\u00e4 ja kertak\u00e4ytt\u00f6isi\u00e4, yksi kapseli on tarkoitettu yhteen hoitokertaan.<\/p>","protected":false},"excerpt":{"rendered":"<p>V\u00e4hent\u00e4\u00e4 merkitt\u00e4v\u00e4sti \u00e4rsytyst\u00e4, ep\u00e4mukavuutta ja tarjoaa optimaalisen rauhoittavan vaikutuksen, suojaa UV-vaurioilta ja auttaa yll\u00e4pit\u00e4m\u00e4\u00e4n ihon optimaalista puolustusj\u00e4rjestelm\u00e4\u00e4.<\/p>\n<p>Kapseli on rikastettu keh\u00e4kukka\u00f6ljyll\u00e4, jolla on antiseptiset ja parantavat ominaisuudet.<\/p>\n<p><strong>Hinta koskee pakettia, joka sis\u00e4lt\u00e4\u00e4 10 kapselia.<\/strong><\/p>","protected":false},"featured_media":3217,"comment_status":"open","ping_status":"closed","template":"","meta":{"_uag_custom_page_level_css":"","site-sidebar-layout":"default","site-content-layout":"","ast-site-content-layout":"default","site-content-style":"default","site-sidebar-style":"default","ast-global-header-display":"","ast-banner-title-visibility":"","ast-main-header-display":"","ast-hfb-above-header-display":"","ast-hfb-below-header-display":"","ast-hfb-mobile-header-display":"","site-post-title":"","ast-breadcrumbs-content":"","ast-featured-img":"","footer-sml-layout":"","ast-disable-related-posts":"","theme-transparent-header-meta":"default","adv-header-id-meta":"","stick-header-meta":"","header-above-stick-meta":"","header-main-stick-meta":"","header-below-stick-meta":"","astra-migrate-meta-layouts":"set","ast-page-background-enabled":"default","ast-page-background-meta":{"desktop":{"background-color":"var(--ast-global-color-4)","background-image":"","background-repeat":"repeat","background-position":"center center","background-size":"auto","background-attachment":"scroll","background-type":"","background-media":"","overlay-type":"","overlay-color":"","overlay-opacity":"","overlay-gradient":""},"tablet":{"background-color":"","background-image":"","background-repeat":"repeat","background-position":"center center","background-size":"auto","background-attachment":"scroll","background-type":"","background-media":"","overlay-type":"","overlay-color":"","overlay-opacity":"","overlay-gradient":""},"mobile":{"background-color":"","background-image":"","background-repeat":"repeat","background-position":"center center","background-size":"auto","background-attachment":"scroll","background-type":"","background-media":"","overlay-type":"","overlay-color":"","overlay-opacity":"","overlay-gradient":""}},"ast-content-background-meta":{"desktop":{"background-color":"var(--ast-global-color-5)","background-image":"","background-repeat":"repeat","background-position":"center center","background-size":"auto","background-attachment":"scroll","background-type":"","background-media":"","overlay-type":"","overlay-color":"","overlay-opacity":"","overlay-gradient":""},"tablet":{"background-color":"var(--ast-global-color-5)","background-image":"","background-repeat":"repeat","background-position":"center center","background-size":"auto","background-attachment":"scroll","background-type":"","background-media":"","overlay-type":"","overlay-color":"","overlay-opacity":"","overlay-gradient":""},"mobile":{"background-color":"var(--ast-global-color-5)","background-image":"","background-repeat":"repeat","background-position":"center center","background-size":"auto","background-attachment":"scroll","background-type":"","background-media":"","overlay-type":"","overlay-color":"","overlay-opacity":"","overlay-gradient":""}}},"product_brand":[],"product_cat":[96,97,80],"product_tag":[],"class_list":{"0":"post-3208","1":"product","2":"type-product","3":"status-publish","4":"has-post-thumbnail","6":"product_cat-brands","7":"product_cat-naole","8":"product_cat-wishpro","9":"desktop-align-left","10":"tablet-align-left","11":"mobile-align-left","13":"first","14":"instock","15":"taxable","16":"shipping-taxable","17":"product-type-simple","18":"add-to-wishlist-before_image"},"uagb_featured_image_src":{"full":["https:\/\/kosmeetika24.com\/wp-content\/uploads\/2024\/01\/WISH-Care-APC-scaled.jpg",2560,1887,false],"thumbnail":["https:\/\/kosmeetika24.com\/wp-content\/uploads\/2024\/01\/WISH-Care-APC-150x150.jpg",150,150,true],"medium":["https:\/\/kosmeetika24.com\/wp-content\/uploads\/2024\/01\/WISH-Care-APC-300x221.jpg",300,221,true],"medium_large":["https:\/\/kosmeetika24.com\/wp-content\/uploads\/2024\/01\/WISH-Care-APC-768x566.jpg",768,566,true],"large":["https:\/\/kosmeetika24.com\/wp-content\/uploads\/2024\/01\/WISH-Care-APC-1024x755.jpg",1024,755,true],"1536x1536":["https:\/\/kosmeetika24.com\/wp-content\/uploads\/2024\/01\/WISH-Care-APC-1536x1132.jpg",1536,1132,true],"2048x2048":["https:\/\/kosmeetika24.com\/wp-content\/uploads\/2024\/01\/WISH-Care-APC-2048x1510.jpg",2048,1510,true],"trp-custom-language-flag":["https:\/\/kosmeetika24.com\/wp-content\/uploads\/2024\/01\/WISH-Care-APC-16x12.jpg",16,12,true],"woocommerce_thumbnail":["https:\/\/kosmeetika24.com\/wp-content\/uploads\/2024\/01\/WISH-Care-APC-scaled-300x300.jpg",300,300,true],"woocommerce_single":["https:\/\/kosmeetika24.com\/wp-content\/uploads\/2024\/01\/WISH-Care-APC-scaled-500x369.jpg",500,369,true],"woocommerce_gallery_thumbnail":["https:\/\/kosmeetika24.com\/wp-content\/uploads\/2024\/01\/WISH-Care-APC-scaled-100x100.jpg",100,100,true]},"uagb_author_info":{"display_name":"admin","author_link":"https:\/\/kosmeetika24.com\/fi\/author\/"},"uagb_comment_info":0,"uagb_excerpt":"V\u00e4hendab tugevalt \u00e4rritust, naha ebamugavustunnet ja annab optimaalse rahustava toime, kaitseb UV-kahjustuste eest ja aitab s\u00e4ilitada optimaalset naha kaitses\u00fcsteemi. Kapsel on rikastatud saialille\u00f5liga, millel on antiseptiline ja tervendav toime. Hind kehtib 10 kapslit sisaldava pakendi kohta.","_links":{"self":[{"href":"https:\/\/kosmeetika24.com\/fi\/wp-json\/wp\/v2\/product\/3208","targetHints":{"allow":["GET"]}}],"collection":[{"href":"https:\/\/kosmeetika24.com\/fi\/wp-json\/wp\/v2\/product"}],"about":[{"href":"https:\/\/kosmeetika24.com\/fi\/wp-json\/wp\/v2\/types\/product"}],"replies":[{"embeddable":true,"href":"https:\/\/kosmeetika24.com\/fi\/wp-json\/wp\/v2\/comments?post=3208"}],"version-history":[{"count":1,"href":"https:\/\/kosmeetika24.com\/fi\/wp-json\/wp\/v2\/product\/3208\/revisions"}],"predecessor-version":[{"id":4529,"href":"https:\/\/kosmeetika24.com\/fi\/wp-json\/wp\/v2\/product\/3208\/revisions\/4529"}],"wp:featuredmedia":[{"embeddable":true,"href":"https:\/\/kosmeetika24.com\/fi\/wp-json\/wp\/v2\/media\/3217"}],"wp:attachment":[{"href":"https:\/\/kosmeetika24.com\/fi\/wp-json\/wp\/v2\/media?parent=3208"}],"wp:term":[{"taxonomy":"product_brand","embeddable":true,"href":"https:\/\/kosmeetika24.com\/fi\/wp-json\/wp\/v2\/product_brand?post=3208"},{"taxonomy":"product_cat","embeddable":true,"href":"https:\/\/kosmeetika24.com\/fi\/wp-json\/wp\/v2\/product_cat?post=3208"},{"taxonomy":"product_tag","embeddable":true,"href":"https:\/\/kosmeetika24.com\/fi\/wp-json\/wp\/v2\/product_tag?post=3208"}],"curies":[{"name":"wp","href":"https:\/\/api.w.org\/{rel}","templated":true}]}}