{"id":3137,"date":"2024-01-23T11:33:41","date_gmt":"2024-01-23T11:33:41","guid":{"rendered":"https:\/\/kosmeetika24.com\/?post_type=product&#038;p=3137"},"modified":"2025-12-23T12:40:07","modified_gmt":"2025-12-23T09:40:07","slug":"oxygen-ceuticals-orn-naopiim-250ml","status":"publish","type":"product","link":"https:\/\/kosmeetika24.com\/fi\/tuote\/oxygen-ceuticals-orn-naopiim-250ml\/","title":{"rendered":"OXYGEN CEUTICALS Hell\u00e4 kasvojenmaito 250ml"},"content":{"rendered":"<p class=\"translation-block\">Kasvovoide <em>Gentle Facial Milk Cleanser<\/em> on kermaisen tekstuuriga hell\u00e4varainen puhdistusaine, joka j\u00e4tt\u00e4\u00e4 ihon kosteutetuksi ja pehme\u00e4ksi. Se puhdistaa hell\u00e4varaisesti ilman kuorimista ja kuivattamista. Korkean kosteuttavan vaikutuksen omaava puhdistusmaito poistaa ep\u00e4puhtaudet ja kuolleet ihosolut kasvoilta, auttaa palauttamaan ihon sileytt\u00e4. Antaa kevyen ja raikkaan tunteen.<\/p>\n<p>Sopii kaikille ihotyypeille, erityisesti herk\u00e4lle iholle.<\/p>\n<p><strong>VAIKUTTAVAT AINEET<\/strong><\/p>\n<ul>\n<li><span class=\"a-list-item\">Hyaluronihappo<\/span><\/li>\n<li>Arginiini<\/li>\n<li><span class=\"a-list-item\">Vihre\u00e4 tee<\/span><\/li>\n<li>Aprikoosinsiemen\u00f6ljy<\/li>\n<li>Happi<\/li>\n<li><span class=\"a-list-item\">Safloorinsiemen\u00f6ljy\u00a0<\/span><\/li>\n<li>Lakritsijuuriuute<\/li>\n<\/ul>\n<p><strong>Vaikutus<\/strong><\/p>\n<ul class=\"a-unordered-list a-vertical a-spacing-none\">\n<li>Hyaluronihappo toimii kosteuden s\u00e4ilytt\u00e4j\u00e4n\u00e4, lis\u00e4\u00e4 veden m\u00e4\u00e4r\u00e4\u00e4 ihossa ja auttaa ihoa pysym\u00e4\u00e4n pehme\u00e4n\u00e4 ja sile\u00e4n\u00e4.<\/li>\n<li>Arginiini on aminohappo, jolla on ik\u00e4\u00e4ntymist\u00e4 est\u00e4vi\u00e4 ja haavoja parantavia ominaisuuksia. Arginiini on vahva antioksidantti.<\/li>\n<li>Vihre\u00e4 tee on eritt\u00e4in hyv\u00e4 luonnollinen antioksidantti. Se toimii tulehdusta ehk\u00e4isev\u00e4sti ja suojaa UV-s\u00e4teilylt\u00e4.<\/li>\n<li>Aprikoosinsiemen\u00f6ljy v\u00e4hent\u00e4\u00e4 kutinaa, rauhoittaa, ravitsee ja kirkastaa ihoa.<\/li>\n<li>Happi taistelee ik\u00e4\u00e4ntymisen n\u00e4kyvi\u00e4 merkkej\u00e4 vastaan, jotka johtuvat hapen huonosta liikkumisesta ihonalaisten hiussuonien ja ihon pintakerrosten v\u00e4lill\u00e4. Se stimuloi suoraan kollageenin ja elastaanin synteesi\u00e4 ihossa ja sill\u00e4 on tulehdusta est\u00e4v\u00e4 vaikutus.<\/li>\n<li><span class=\"a-list-item\">Safloorinsiemen\u00f6ljy pehment\u00e4\u00e4 ihoa ja v\u00e4hent\u00e4\u00e4 punoitusta, j\u00e4tt\u00e4en ihon elastiseksi ja puhtaaksi.\u00a0<\/span><\/li>\n<li>Lakritsijuuriuute kirkastaa; pehment\u00e4\u00e4 ihoa; auttaa pit\u00e4m\u00e4\u00e4n ihon pehme\u00e4n\u00e4, sile\u00e4n\u00e4, elastisena ja terveen\u00e4; tasoittaa ja rauhoittaa ihoa.<\/li>\n<\/ul>\n<p><strong>K\u00e4ytt\u00f6<\/strong><\/p>\n<ul>\n<li>Levit\u00e4 kasvojenpuhdistusmaito kasvoille ja kaulalle kevyill\u00e4 hierovilla liikkeill\u00e4.<\/li>\n<li>Poista runsaalla vedell\u00e4. Sopii k\u00e4ytett\u00e4v\u00e4ksi sek\u00e4 aamulla ett\u00e4 illalla.<\/li>\n<\/ul>\n<p><strong>Ainesosat<\/strong><\/p>\n<p><span style=\"font-size: 14px;\">WATER, CETYL ETHYLHEXANOATE, ETHYLHEXYL PALMITATE, GLYCINE SOJA (SOJABEAN) OIL, DIPROPYLENE, GLYCKOL, GLYCERIN, GLYCERYL STEARATE, 1,2-HEXANEDIOL, CARTHAMUS, TINCTORIUS (SAFFLOWER) SEED OIL, CETEARYL ALCOHOL, POLYSORBATE 60, PRUNUS ARMENIACA (APRICOT) KERNEL OIL, SORBITAN STEARATE, STEARIC ACID, PEG-100 STEARATE, ARGININE, DIMETHICONE, BUTYLENE GLYCOL, CAMELLIA SINENSIS LEAF EXTRACT, CETEARYL OLIVATE, GLYCYRRHIZA GLABRA (LICORICE) ROOT EXTRACT, SORBITAN OLIVATE, CARBOMER, CHLORPHENESIN, OXYGEN, SODIUM HYALURONATE, ETHYLHEXYLGLYCERIN, PARFUM.<\/span><\/p>","protected":false},"excerpt":{"rendered":"<p>Kosteuttava puhdistusmaito poistaa likaa ja kuolleita ihosoluja kasvoilta kuivattamatta ihoa.<\/p>\n<p>250 ml<\/p>","protected":false},"featured_media":3138,"comment_status":"open","ping_status":"closed","template":"","meta":{"_uag_custom_page_level_css":"","site-sidebar-layout":"default","site-content-layout":"","ast-site-content-layout":"default","site-content-style":"default","site-sidebar-style":"default","ast-global-header-display":"","ast-banner-title-visibility":"","ast-main-header-display":"disabled","ast-hfb-above-header-display":"","ast-hfb-below-header-display":"","ast-hfb-mobile-header-display":"","site-post-title":"","ast-breadcrumbs-content":"","ast-featured-img":"","footer-sml-layout":"","ast-disable-related-posts":"","theme-transparent-header-meta":"default","adv-header-id-meta":"","stick-header-meta":"","header-above-stick-meta":"","header-main-stick-meta":"","header-below-stick-meta":"","astra-migrate-meta-layouts":"set","ast-page-background-enabled":"default","ast-page-background-meta":{"desktop":{"background-color":"var(--ast-global-color-4)","background-image":"","background-repeat":"repeat","background-position":"center center","background-size":"auto","background-attachment":"scroll","background-type":"","background-media":"","overlay-type":"","overlay-color":"","overlay-opacity":"","overlay-gradient":""},"tablet":{"background-color":"","background-image":"","background-repeat":"repeat","background-position":"center center","background-size":"auto","background-attachment":"scroll","background-type":"","background-media":"","overlay-type":"","overlay-color":"","overlay-opacity":"","overlay-gradient":""},"mobile":{"background-color":"","background-image":"","background-repeat":"repeat","background-position":"center center","background-size":"auto","background-attachment":"scroll","background-type":"","background-media":"","overlay-type":"","overlay-color":"","overlay-opacity":"","overlay-gradient":""}},"ast-content-background-meta":{"desktop":{"background-color":"var(--ast-global-color-5)","background-image":"","background-repeat":"repeat","background-position":"center center","background-size":"auto","background-attachment":"scroll","background-type":"","background-media":"","overlay-type":"","overlay-color":"","overlay-opacity":"","overlay-gradient":""},"tablet":{"background-color":"var(--ast-global-color-5)","background-image":"","background-repeat":"repeat","background-position":"center center","background-size":"auto","background-attachment":"scroll","background-type":"","background-media":"","overlay-type":"","overlay-color":"","overlay-opacity":"","overlay-gradient":""},"mobile":{"background-color":"var(--ast-global-color-5)","background-image":"","background-repeat":"repeat","background-position":"center center","background-size":"auto","background-attachment":"scroll","background-type":"","background-media":"","overlay-type":"","overlay-color":"","overlay-opacity":"","overlay-gradient":""}}},"product_brand":[],"product_cat":[96,97,74],"product_tag":[],"class_list":{"0":"post-3137","1":"product","2":"type-product","3":"status-publish","4":"has-post-thumbnail","6":"product_cat-brands","7":"product_cat-naole","8":"product_cat-oxygen-ceuticals","9":"desktop-align-left","10":"tablet-align-left","11":"mobile-align-left","13":"first","14":"instock","15":"taxable","16":"shipping-taxable","17":"product-type-simple","18":"add-to-wishlist-before_image"},"uagb_featured_image_src":{"full":["https:\/\/kosmeetika24.com\/wp-content\/uploads\/2024\/01\/Gentle-facial-Milk-cleanser.jpg",600,600,false],"thumbnail":["https:\/\/kosmeetika24.com\/wp-content\/uploads\/2024\/01\/Gentle-facial-Milk-cleanser-150x150.jpg",150,150,true],"medium":["https:\/\/kosmeetika24.com\/wp-content\/uploads\/2024\/01\/Gentle-facial-Milk-cleanser-300x300.jpg",300,300,true],"medium_large":["https:\/\/kosmeetika24.com\/wp-content\/uploads\/2024\/01\/Gentle-facial-Milk-cleanser.jpg",600,600,false],"large":["https:\/\/kosmeetika24.com\/wp-content\/uploads\/2024\/01\/Gentle-facial-Milk-cleanser.jpg",600,600,false],"1536x1536":["https:\/\/kosmeetika24.com\/wp-content\/uploads\/2024\/01\/Gentle-facial-Milk-cleanser.jpg",600,600,false],"2048x2048":["https:\/\/kosmeetika24.com\/wp-content\/uploads\/2024\/01\/Gentle-facial-Milk-cleanser.jpg",600,600,false],"trp-custom-language-flag":["https:\/\/kosmeetika24.com\/wp-content\/uploads\/2024\/01\/Gentle-facial-Milk-cleanser-12x12.jpg",12,12,true],"woocommerce_thumbnail":["https:\/\/kosmeetika24.com\/wp-content\/uploads\/2024\/01\/Gentle-facial-Milk-cleanser-300x300.jpg",300,300,true],"woocommerce_single":["https:\/\/kosmeetika24.com\/wp-content\/uploads\/2024\/01\/Gentle-facial-Milk-cleanser-500x500.jpg",500,500,true],"woocommerce_gallery_thumbnail":["https:\/\/kosmeetika24.com\/wp-content\/uploads\/2024\/01\/Gentle-facial-Milk-cleanser-100x100.jpg",100,100,true]},"uagb_author_info":{"display_name":"admin","author_link":"https:\/\/kosmeetika24.com\/fi\/author\/"},"uagb_comment_info":0,"uagb_excerpt":"Niisutava toimega puhastuspiim eemaldab n\u00e4olt mustuse ja surnud naharakud ilma nahka kuivatamata. 250 ml","_links":{"self":[{"href":"https:\/\/kosmeetika24.com\/fi\/wp-json\/wp\/v2\/product\/3137","targetHints":{"allow":["GET"]}}],"collection":[{"href":"https:\/\/kosmeetika24.com\/fi\/wp-json\/wp\/v2\/product"}],"about":[{"href":"https:\/\/kosmeetika24.com\/fi\/wp-json\/wp\/v2\/types\/product"}],"replies":[{"embeddable":true,"href":"https:\/\/kosmeetika24.com\/fi\/wp-json\/wp\/v2\/comments?post=3137"}],"version-history":[{"count":1,"href":"https:\/\/kosmeetika24.com\/fi\/wp-json\/wp\/v2\/product\/3137\/revisions"}],"predecessor-version":[{"id":4535,"href":"https:\/\/kosmeetika24.com\/fi\/wp-json\/wp\/v2\/product\/3137\/revisions\/4535"}],"wp:featuredmedia":[{"embeddable":true,"href":"https:\/\/kosmeetika24.com\/fi\/wp-json\/wp\/v2\/media\/3138"}],"wp:attachment":[{"href":"https:\/\/kosmeetika24.com\/fi\/wp-json\/wp\/v2\/media?parent=3137"}],"wp:term":[{"taxonomy":"product_brand","embeddable":true,"href":"https:\/\/kosmeetika24.com\/fi\/wp-json\/wp\/v2\/product_brand?post=3137"},{"taxonomy":"product_cat","embeddable":true,"href":"https:\/\/kosmeetika24.com\/fi\/wp-json\/wp\/v2\/product_cat?post=3137"},{"taxonomy":"product_tag","embeddable":true,"href":"https:\/\/kosmeetika24.com\/fi\/wp-json\/wp\/v2\/product_tag?post=3137"}],"curies":[{"name":"wp","href":"https:\/\/api.w.org\/{rel}","templated":true}]}}