{"id":3133,"date":"2024-01-23T11:02:40","date_gmt":"2024-01-23T11:02:40","guid":{"rendered":"https:\/\/kosmeetika24.com\/?post_type=product&#038;p=3133"},"modified":"2025-12-23T12:40:36","modified_gmt":"2025-12-23T09:40:36","slug":"oxygen-ceuticals-pooride-puhastamise-mask-200ml","status":"publish","type":"product","link":"https:\/\/kosmeetika24.com\/fi\/tuote\/oxygen-ceuticals-pooride-puhastamise-mask-200ml\/","title":{"rendered":"OXYGEN CEUTICALS Pore-puhdistusnaamio 200ml"},"content":{"rendered":"<p>Poorienpuhdistusnaamio <em>Pore Mask (deep pore cleanser)<\/em> on voimakas vaahtoava puhdistusaine, joka puhdistaa huokoset ja auttaa tasapainottamaan liiallista talinerityst\u00e4. Poistaa hell\u00e4varaisesti lian ja meikin vahingoittamatta ihon pH-tasoa. Joustava ja ilmava koostumus peitt\u00e4\u00e4 kasvojen pehme\u00e4sti luoden erityisen miellytt\u00e4v\u00e4n tunteen. Helpottaa tulehdusprosesseja. Nopeasti n\u00e4kyv\u00e4t tulokset ja kirkas ihons\u00e4vy, puhdas iho ilman sen kuivattamista.<\/p>\n<p>Sopii kaikille ihotyypeille.<\/p>\n<p><strong>VAIKUTTAVAT AINEET<\/strong><\/p>\n<ul>\n<li>Lauriinihappo<\/li>\n<li>Glyseriini<\/li>\n<li>Allantoiini<\/li>\n<li>Laventeli\u00f6ljy<\/li>\n<li>Yleinen portulakka<\/li>\n<li>Happi<\/li>\n<\/ul>\n<p><strong>Vaikutus<\/strong><\/p>\n<ul>\n<li>Lauriinihapolla on hyv\u00e4t luonnolliset antibakteeriset ja tulehdusta est\u00e4v\u00e4t ominaisuudet.<\/li>\n<li>Glyseriini toimii pehment\u00e4j\u00e4n\u00e4 ja auttaa yll\u00e4pit\u00e4m\u00e4\u00e4n ihon luonnollista suojabarri\u00e4\u00e4ri\u00e4. Sill\u00e4 on kyky s\u00e4ilytt\u00e4\u00e4 kosteutta ja n\u00e4in ollen kosteuttaa ihoa.<\/li>\n<li>Allantoiini ja kasviuutteet puhdistavat tehokkaasti ja vapauttavat ihon kuona-aineista.<\/li>\n<li>Laventeli\u00f6ljy rauhoittaa ihoa ja auttaa kontrolloimaan talirauhasten toimintaa.<\/li>\n<li>Yleinen portulakka on rikas antioksidanteista, jotka taistelevat vapaiden radikaalien kanssa, est\u00e4\u00e4 tyrosinaasin aktiivisuutta ja est\u00e4\u00e4 melaniinin synteesi\u00e4. Se v\u00e4hent\u00e4\u00e4 ihon hiussuonia ja lievitt\u00e4\u00e4 kasvojen punoitusta. Suojaa my\u00f6s ihoa auringon s\u00e4teilylt\u00e4.<\/li>\n<li>Happi taistelee ik\u00e4\u00e4ntymisen n\u00e4kyvi\u00e4 merkkej\u00e4 vastaan, jotka johtuvat hapen huonosta liikkumisesta ihonalaisten hiussuonien ja ihon pintakerrosten v\u00e4lill\u00e4. Se stimuloi suoraan kollageenin ja elastaanin synteesi\u00e4 ihossa ja sill\u00e4 on tulehdusta est\u00e4v\u00e4 vaikutus.<\/li>\n<\/ul>\n<p><strong>K\u00e4ytt\u00f6<\/strong><\/p>\n<ol>\n<li>ekoita maski veteen tai tuotteeseen kulhossa\u00a0<a href=\"https:\/\/kosmeetika24.eu\/toode\/oxygen-ceuticals-cryogenic-activator-2\/\">OXYGEN CEUTICALS Kryoaktivaattori<\/a> (1 osa maskia + 2 osaa aktivaattorin kanssa, 10-15 ml). Vatkaa seos vaahdoksi.<\/li>\n<li>Levit\u00e4 vaahto kostealle kasvoille ja kaulalle ja hiero py\u00f6rein liikkein.<\/li>\n<li>K\u00e4yt\u00e4 puhdistukseen vanulappua. Vahto tulee huuhdella huolellisesti ensin l\u00e4mpim\u00e4ll\u00e4 vedell\u00e4 ja sitten kylm\u00e4ll\u00e4 vedell\u00e4.<\/li>\n<li>Lopuksi k\u00e4yt\u00e4 ihotyypillesi sopivaa toneria.<\/li>\n<\/ol>\n<p><strong>Ainesosat<\/strong><\/p>\n<p><span style=\"font-size: 14px;\">WATER, GLYCERIN, MYRISTIC ASIC, STEARIC ACID, LAURIC ACID, POTASSIUM HYDROXIDE, SORBITAN OLIVATE, GLYCERYL STEARATE, PEG-100 STEARATE, GLYCOL DISTEARATE, ACRYLATES COPOLYMER, BEESWAX, POTASSIUM COCOYL GLYCINATE, 1,2-HEXANEDIOL, DIPROPYLENE GLYCOL, OXYGEN, BUTYLENE GLYCOL, PORTULACA OLERACEA EXTRACT, ETHYLHEXYLGLYCERIN, LAVANDULA ANGUSTIFOLIA (LAVENDER) OIL, SODIUM LAURETH SULFATE, DISODIUM EDTA.<\/span><\/p>","protected":false},"excerpt":{"rendered":"<p>Poistaa hell\u00e4varaisesti lian ja meikin vahingoittamatta ihon pH-tasoa.<\/p>\n<p>&nbsp;<\/p>\n<p>200 ml<\/p>","protected":false},"featured_media":6879,"comment_status":"open","ping_status":"closed","template":"","meta":{"_uag_custom_page_level_css":"","site-sidebar-layout":"default","site-content-layout":"","ast-site-content-layout":"default","site-content-style":"default","site-sidebar-style":"default","ast-global-header-display":"","ast-banner-title-visibility":"","ast-main-header-display":"","ast-hfb-above-header-display":"","ast-hfb-below-header-display":"","ast-hfb-mobile-header-display":"","site-post-title":"","ast-breadcrumbs-content":"","ast-featured-img":"","footer-sml-layout":"","ast-disable-related-posts":"","theme-transparent-header-meta":"default","adv-header-id-meta":"","stick-header-meta":"","header-above-stick-meta":"","header-main-stick-meta":"","header-below-stick-meta":"","astra-migrate-meta-layouts":"set","ast-page-background-enabled":"default","ast-page-background-meta":{"desktop":{"background-color":"var(--ast-global-color-4)","background-image":"","background-repeat":"repeat","background-position":"center center","background-size":"auto","background-attachment":"scroll","background-type":"","background-media":"","overlay-type":"","overlay-color":"","overlay-opacity":"","overlay-gradient":""},"tablet":{"background-color":"","background-image":"","background-repeat":"repeat","background-position":"center center","background-size":"auto","background-attachment":"scroll","background-type":"","background-media":"","overlay-type":"","overlay-color":"","overlay-opacity":"","overlay-gradient":""},"mobile":{"background-color":"","background-image":"","background-repeat":"repeat","background-position":"center center","background-size":"auto","background-attachment":"scroll","background-type":"","background-media":"","overlay-type":"","overlay-color":"","overlay-opacity":"","overlay-gradient":""}},"ast-content-background-meta":{"desktop":{"background-color":"var(--ast-global-color-5)","background-image":"","background-repeat":"repeat","background-position":"center center","background-size":"auto","background-attachment":"scroll","background-type":"","background-media":"","overlay-type":"","overlay-color":"","overlay-opacity":"","overlay-gradient":""},"tablet":{"background-color":"var(--ast-global-color-5)","background-image":"","background-repeat":"repeat","background-position":"center center","background-size":"auto","background-attachment":"scroll","background-type":"","background-media":"","overlay-type":"","overlay-color":"","overlay-opacity":"","overlay-gradient":""},"mobile":{"background-color":"var(--ast-global-color-5)","background-image":"","background-repeat":"repeat","background-position":"center center","background-size":"auto","background-attachment":"scroll","background-type":"","background-media":"","overlay-type":"","overlay-color":"","overlay-opacity":"","overlay-gradient":""}}},"product_brand":[],"product_cat":[96,97,74],"product_tag":[],"class_list":{"0":"post-3133","1":"product","2":"type-product","3":"status-publish","4":"has-post-thumbnail","6":"product_cat-brands","7":"product_cat-naole","8":"product_cat-oxygen-ceuticals","9":"desktop-align-left","10":"tablet-align-left","11":"mobile-align-left","13":"first","14":"instock","15":"taxable","16":"shipping-taxable","17":"product-type-simple","18":"add-to-wishlist-before_image"},"uagb_featured_image_src":{"full":["https:\/\/kosmeetika24.com\/wp-content\/uploads\/2024\/01\/CLEANSERS___200ml_5860e481-84ae-4e5d-b44f-c0b16fc1e8c2_720x.webp",720,835,false],"thumbnail":["https:\/\/kosmeetika24.com\/wp-content\/uploads\/2024\/01\/CLEANSERS___200ml_5860e481-84ae-4e5d-b44f-c0b16fc1e8c2_720x-150x150.webp",150,150,true],"medium":["https:\/\/kosmeetika24.com\/wp-content\/uploads\/2024\/01\/CLEANSERS___200ml_5860e481-84ae-4e5d-b44f-c0b16fc1e8c2_720x-259x300.webp",259,300,true],"medium_large":["https:\/\/kosmeetika24.com\/wp-content\/uploads\/2024\/01\/CLEANSERS___200ml_5860e481-84ae-4e5d-b44f-c0b16fc1e8c2_720x.webp",720,835,false],"large":["https:\/\/kosmeetika24.com\/wp-content\/uploads\/2024\/01\/CLEANSERS___200ml_5860e481-84ae-4e5d-b44f-c0b16fc1e8c2_720x.webp",720,835,false],"1536x1536":["https:\/\/kosmeetika24.com\/wp-content\/uploads\/2024\/01\/CLEANSERS___200ml_5860e481-84ae-4e5d-b44f-c0b16fc1e8c2_720x.webp",720,835,false],"2048x2048":["https:\/\/kosmeetika24.com\/wp-content\/uploads\/2024\/01\/CLEANSERS___200ml_5860e481-84ae-4e5d-b44f-c0b16fc1e8c2_720x.webp",720,835,false],"trp-custom-language-flag":["https:\/\/kosmeetika24.com\/wp-content\/uploads\/2024\/01\/CLEANSERS___200ml_5860e481-84ae-4e5d-b44f-c0b16fc1e8c2_720x-10x12.webp",10,12,true],"woocommerce_thumbnail":["https:\/\/kosmeetika24.com\/wp-content\/uploads\/2024\/01\/CLEANSERS___200ml_5860e481-84ae-4e5d-b44f-c0b16fc1e8c2_720x-300x300.webp",300,300,true],"woocommerce_single":["https:\/\/kosmeetika24.com\/wp-content\/uploads\/2024\/01\/CLEANSERS___200ml_5860e481-84ae-4e5d-b44f-c0b16fc1e8c2_720x-500x580.webp",500,580,true],"woocommerce_gallery_thumbnail":["https:\/\/kosmeetika24.com\/wp-content\/uploads\/2024\/01\/CLEANSERS___200ml_5860e481-84ae-4e5d-b44f-c0b16fc1e8c2_720x-100x100.webp",100,100,true]},"uagb_author_info":{"display_name":"admin","author_link":"https:\/\/kosmeetika24.com\/fi\/author\/"},"uagb_comment_info":0,"uagb_excerpt":"Eemaldab \u00f5rnalt mustuse ja meigi, ilma naha pH taset kahjustamata. &nbsp; 200 ml","_links":{"self":[{"href":"https:\/\/kosmeetika24.com\/fi\/wp-json\/wp\/v2\/product\/3133","targetHints":{"allow":["GET"]}}],"collection":[{"href":"https:\/\/kosmeetika24.com\/fi\/wp-json\/wp\/v2\/product"}],"about":[{"href":"https:\/\/kosmeetika24.com\/fi\/wp-json\/wp\/v2\/types\/product"}],"replies":[{"embeddable":true,"href":"https:\/\/kosmeetika24.com\/fi\/wp-json\/wp\/v2\/comments?post=3133"}],"version-history":[{"count":2,"href":"https:\/\/kosmeetika24.com\/fi\/wp-json\/wp\/v2\/product\/3133\/revisions"}],"predecessor-version":[{"id":4537,"href":"https:\/\/kosmeetika24.com\/fi\/wp-json\/wp\/v2\/product\/3133\/revisions\/4537"}],"wp:featuredmedia":[{"embeddable":true,"href":"https:\/\/kosmeetika24.com\/fi\/wp-json\/wp\/v2\/media\/6879"}],"wp:attachment":[{"href":"https:\/\/kosmeetika24.com\/fi\/wp-json\/wp\/v2\/media?parent=3133"}],"wp:term":[{"taxonomy":"product_brand","embeddable":true,"href":"https:\/\/kosmeetika24.com\/fi\/wp-json\/wp\/v2\/product_brand?post=3133"},{"taxonomy":"product_cat","embeddable":true,"href":"https:\/\/kosmeetika24.com\/fi\/wp-json\/wp\/v2\/product_cat?post=3133"},{"taxonomy":"product_tag","embeddable":true,"href":"https:\/\/kosmeetika24.com\/fi\/wp-json\/wp\/v2\/product_tag?post=3133"}],"curies":[{"name":"wp","href":"https:\/\/api.w.org\/{rel}","templated":true}]}}