{"id":3130,"date":"2024-10-15T11:42:19","date_gmt":"2024-10-15T09:42:19","guid":{"rendered":"https:\/\/kosmeetika24.com\/?post_type=product&#038;p=3130"},"modified":"2025-12-23T12:33:40","modified_gmt":"2025-12-23T09:33:40","slug":"oxygen-ceuticals-kaheosaline-meigieemaldaja-110ml","status":"publish","type":"product","link":"https:\/\/kosmeetika24.com\/fi\/tuote\/oxygen-ceuticals-kaheosaline-meigieemaldaja-110ml\/","title":{"rendered":"OXYGEN CEUTICALS kaksivaiheinen meikinpoistoaine 110ml"},"content":{"rendered":"<p>Kaksivaiheinen meikinpoistoaine <em>Double Makeup Remover<\/em> Kaksi-yhdess\u00e4 puhdistusaine, joka puhdistaa ja kosteuttaa ihoa samanaikaisesti. Poistaa kaiken meikin (my\u00f6s vedenkest\u00e4v\u00e4n). Soija\u00f6ljy liuottaa meikin v\u00e4litt\u00f6m\u00e4sti ja vitamiinit ravitsevat ihoa. Ei sis\u00e4ll\u00e4 mineraali\u00f6ljy\u00e4, joten se ei tukkeuta ihohuokosia. Puhdistaa syv\u00e4lt\u00e4 j\u00e4tt\u00e4m\u00e4tt\u00e4 \u00f6ljyist\u00e4 pintaa. Tekee kasvojen ihon s\u00e4teilev\u00e4ksi.<\/p>\n<p>Sopii kaikille ihotyypeille, erityisesti kuivalle ja herk\u00e4lle iholle.<\/p>\n<p><strong>VAIKUTTAVAT AINEET<\/strong><\/p>\n<ul>\n<li>Glyseriini<\/li>\n<li>Hyaluronihappo<\/li>\n<li>Salvia<\/li>\n<li>Keh\u00e4kukka<\/li>\n<li>J\u00e4k\u00e4l\u00e4uute<\/li>\n<li>Happi<\/li>\n<li>Soija\u00f6ljy<\/li>\n<li>Tokoferyyliasetaatti<\/li>\n<\/ul>\n<p><strong>Vaikutus<\/strong><\/p>\n<ul>\n<li>Glyseriini toimii pehment\u00e4j\u00e4n\u00e4 ja auttaa yll\u00e4pit\u00e4m\u00e4\u00e4n ihon luonnollista suojabarri\u00e4\u00e4ri\u00e4. Sill\u00e4 on kyky s\u00e4ilytt\u00e4\u00e4 kosteutta ja n\u00e4in ollen kosteuttaa ihoa.<\/li>\n<li>Hyaluronihappo toimii kosteuden s\u00e4ilytt\u00e4j\u00e4n\u00e4, lis\u00e4\u00e4 veden m\u00e4\u00e4r\u00e4\u00e4 ihossa ja auttaa ihoa pysym\u00e4\u00e4n pehme\u00e4n\u00e4 ja sile\u00e4n\u00e4.<\/li>\n<li>Salvia toimii antioksidanttina; supistaa huokosia, puhdistaa, suojaa, lievitt\u00e4\u00e4 \u00e4rsytyst\u00e4 ja tonisoi ihoa. Pit\u00e4\u00e4 ihon pehme\u00e4n\u00e4, sile\u00e4n\u00e4, elastisena ja terveen\u00e4.<\/li>\n<li>Keh\u00e4kukalla on ihoa parantava ja tulehdusta ehk\u00e4isev\u00e4 vaikutus. Pit\u00e4\u00e4 ihon pehme\u00e4n\u00e4, sile\u00e4n\u00e4, elastisena ja terveen\u00e4.<\/li>\n<li>J\u00e4k\u00e4l\u00e4uute rauhoittaa tulehtunutta ihoa.<\/li>\n<li>Happi taistelee ik\u00e4\u00e4ntymisen n\u00e4kyvi\u00e4 merkkej\u00e4 vastaan, jotka johtuvat hapen huonosta liikkumisesta ihonalaisten hiussuonien ja ihon pintakerrosten v\u00e4lill\u00e4. Se stimuloi suoraan kollageenin ja elastaanin synteesi\u00e4 ihossa ja sill\u00e4 on tulehdusta est\u00e4v\u00e4 vaikutus.<\/li>\n<li>Soija\u00f6ljy est\u00e4\u00e4 ihon kuivumista ja lis\u00e4\u00e4 joustavuutta.<\/li>\n<li>Tokoferyyliasetaatti hoitaa ihoa hell\u00e4varaisesti vahingoittamatta sen rakennetta.<\/li>\n<\/ul>\n<p><strong>K\u00e4ytt\u00f6<\/strong><\/p>\n<ul>\n<li>Kostuta vanulappia meikinpoistoaineella ja aseta se silmille 15-20 sekunniksi. Poista sitten meikki koko kasvoilta. Sopii k\u00e4ytett\u00e4v\u00e4ksi sek\u00e4 aamulla ett\u00e4 illalla.<\/li>\n<li>Syvemp\u00e4\u00e4 ihon puhdistusta varten k\u00e4yt\u00e4 meikinpoiston j\u00e4lkeen esimerkiksi tuotetta. <a href=\"https:\/\/kosmeetika24.eu\/toode\/oxygen-ceuticals-gentle-facial-milk-cleanser\/\">OXYGEN CEUTICALS Hell\u00e4 kasvojenmaito 250ml<\/a> tai tuotetta <a href=\"https:\/\/kosmeetika24.eu\/toode\/oxygen-ceuticals-pore-mask-deep-pore-cleanser\/\">OXYGEN CEUTICALS Pore-puhdistusnaamio 200ml<\/a>.<\/li>\n<\/ul>\n<p><strong>Ainesosat<\/strong><\/p>\n<p><span style=\"font-size: 14px;\">GLYCINE SOJA (SOJABEAN) OIL, CETYL ETHYLHEXANOATE, PEG-20 GLYCERYL TRIISOSTEARATE, CYCLOPENTASILOXANE, CYCLOHEXASILOXANE, PRUNUS AMERICA (APRICOT) KERNEL OIL, LIMNANTHES ALBA (MEADOWFOAM) SEED OIL, MACADAMIA TERMIFOLIA SEED OIL, JASMINUM OFFICINALE (JASMINE) OIL, OXYGEN, DENDROPANAX MORBIFERA EXTRACT, BUTYLENE GLYCOL, WATER, DIPROPYLENE GLYCOL, TOCOPHEROYL ACETATE.<\/span><\/p>","protected":false},"excerpt":{"rendered":"<p>Kaksi-yhdess\u00e4 puhdistusaine poistaa meikin ja kosteuttaa ihoa.<\/p>\n<p>110 ml<\/p>","protected":false},"featured_media":3136,"comment_status":"open","ping_status":"closed","template":"","meta":{"_uag_custom_page_level_css":"","site-sidebar-layout":"default","site-content-layout":"","ast-site-content-layout":"default","site-content-style":"default","site-sidebar-style":"default","ast-global-header-display":"","ast-banner-title-visibility":"","ast-main-header-display":"","ast-hfb-above-header-display":"","ast-hfb-below-header-display":"","ast-hfb-mobile-header-display":"","site-post-title":"","ast-breadcrumbs-content":"","ast-featured-img":"","footer-sml-layout":"","ast-disable-related-posts":"","theme-transparent-header-meta":"default","adv-header-id-meta":"","stick-header-meta":"","header-above-stick-meta":"","header-main-stick-meta":"","header-below-stick-meta":"","astra-migrate-meta-layouts":"set","ast-page-background-enabled":"default","ast-page-background-meta":{"desktop":{"background-color":"var(--ast-global-color-4)","background-image":"","background-repeat":"repeat","background-position":"center center","background-size":"auto","background-attachment":"scroll","background-type":"","background-media":"","overlay-type":"","overlay-color":"","overlay-opacity":"","overlay-gradient":""},"tablet":{"background-color":"","background-image":"","background-repeat":"repeat","background-position":"center center","background-size":"auto","background-attachment":"scroll","background-type":"","background-media":"","overlay-type":"","overlay-color":"","overlay-opacity":"","overlay-gradient":""},"mobile":{"background-color":"","background-image":"","background-repeat":"repeat","background-position":"center center","background-size":"auto","background-attachment":"scroll","background-type":"","background-media":"","overlay-type":"","overlay-color":"","overlay-opacity":"","overlay-gradient":""}},"ast-content-background-meta":{"desktop":{"background-color":"var(--ast-global-color-5)","background-image":"","background-repeat":"repeat","background-position":"center center","background-size":"auto","background-attachment":"scroll","background-type":"","background-media":"","overlay-type":"","overlay-color":"","overlay-opacity":"","overlay-gradient":""},"tablet":{"background-color":"var(--ast-global-color-5)","background-image":"","background-repeat":"repeat","background-position":"center center","background-size":"auto","background-attachment":"scroll","background-type":"","background-media":"","overlay-type":"","overlay-color":"","overlay-opacity":"","overlay-gradient":""},"mobile":{"background-color":"var(--ast-global-color-5)","background-image":"","background-repeat":"repeat","background-position":"center center","background-size":"auto","background-attachment":"scroll","background-type":"","background-media":"","overlay-type":"","overlay-color":"","overlay-opacity":"","overlay-gradient":""}}},"product_brand":[],"product_cat":[96,97,74],"product_tag":[],"class_list":{"0":"post-3130","1":"product","2":"type-product","3":"status-publish","4":"has-post-thumbnail","6":"product_cat-brands","7":"product_cat-naole","8":"product_cat-oxygen-ceuticals","9":"desktop-align-left","10":"tablet-align-left","11":"mobile-align-left","13":"first","14":"instock","15":"taxable","16":"shipping-taxable","17":"product-type-simple","18":"add-to-wishlist-before_image"},"uagb_featured_image_src":{"full":["https:\/\/kosmeetika24.com\/wp-content\/uploads\/2024\/01\/double-makeup-remover.jpg",600,600,false],"thumbnail":["https:\/\/kosmeetika24.com\/wp-content\/uploads\/2024\/01\/double-makeup-remover-150x150.jpg",150,150,true],"medium":["https:\/\/kosmeetika24.com\/wp-content\/uploads\/2024\/01\/double-makeup-remover-300x300.jpg",300,300,true],"medium_large":["https:\/\/kosmeetika24.com\/wp-content\/uploads\/2024\/01\/double-makeup-remover.jpg",600,600,false],"large":["https:\/\/kosmeetika24.com\/wp-content\/uploads\/2024\/01\/double-makeup-remover.jpg",600,600,false],"1536x1536":["https:\/\/kosmeetika24.com\/wp-content\/uploads\/2024\/01\/double-makeup-remover.jpg",600,600,false],"2048x2048":["https:\/\/kosmeetika24.com\/wp-content\/uploads\/2024\/01\/double-makeup-remover.jpg",600,600,false],"trp-custom-language-flag":["https:\/\/kosmeetika24.com\/wp-content\/uploads\/2024\/01\/double-makeup-remover-12x12.jpg",12,12,true],"woocommerce_thumbnail":["https:\/\/kosmeetika24.com\/wp-content\/uploads\/2024\/01\/double-makeup-remover-300x300.jpg",300,300,true],"woocommerce_single":["https:\/\/kosmeetika24.com\/wp-content\/uploads\/2024\/01\/double-makeup-remover-500x500.jpg",500,500,true],"woocommerce_gallery_thumbnail":["https:\/\/kosmeetika24.com\/wp-content\/uploads\/2024\/01\/double-makeup-remover-100x100.jpg",100,100,true]},"uagb_author_info":{"display_name":"admin","author_link":"https:\/\/kosmeetika24.com\/fi\/author\/"},"uagb_comment_info":0,"uagb_excerpt":"Kaks \u00fches puhastusvahend eemaldab meigi ja niisutab naha. 110 ml","_links":{"self":[{"href":"https:\/\/kosmeetika24.com\/fi\/wp-json\/wp\/v2\/product\/3130","targetHints":{"allow":["GET"]}}],"collection":[{"href":"https:\/\/kosmeetika24.com\/fi\/wp-json\/wp\/v2\/product"}],"about":[{"href":"https:\/\/kosmeetika24.com\/fi\/wp-json\/wp\/v2\/types\/product"}],"replies":[{"embeddable":true,"href":"https:\/\/kosmeetika24.com\/fi\/wp-json\/wp\/v2\/comments?post=3130"}],"version-history":[{"count":1,"href":"https:\/\/kosmeetika24.com\/fi\/wp-json\/wp\/v2\/product\/3130\/revisions"}],"predecessor-version":[{"id":4536,"href":"https:\/\/kosmeetika24.com\/fi\/wp-json\/wp\/v2\/product\/3130\/revisions\/4536"}],"wp:featuredmedia":[{"embeddable":true,"href":"https:\/\/kosmeetika24.com\/fi\/wp-json\/wp\/v2\/media\/3136"}],"wp:attachment":[{"href":"https:\/\/kosmeetika24.com\/fi\/wp-json\/wp\/v2\/media?parent=3130"}],"wp:term":[{"taxonomy":"product_brand","embeddable":true,"href":"https:\/\/kosmeetika24.com\/fi\/wp-json\/wp\/v2\/product_brand?post=3130"},{"taxonomy":"product_cat","embeddable":true,"href":"https:\/\/kosmeetika24.com\/fi\/wp-json\/wp\/v2\/product_cat?post=3130"},{"taxonomy":"product_tag","embeddable":true,"href":"https:\/\/kosmeetika24.com\/fi\/wp-json\/wp\/v2\/product_tag?post=3130"}],"curies":[{"name":"wp","href":"https:\/\/api.w.org\/{rel}","templated":true}]}}