{"id":3055,"date":"2024-01-23T08:28:51","date_gmt":"2024-01-23T08:28:51","guid":{"rendered":"https:\/\/kosmeetika24.com\/?post_type=product&#038;p=3055"},"modified":"2025-12-23T12:40:56","modified_gmt":"2025-12-23T09:40:56","slug":"oxygen-ceuticals-toniseeriv-geel-50ml","status":"publish","type":"product","link":"https:\/\/kosmeetika24.com\/fi\/tuote\/oxygen-ceuticals-toniseeriv-geel-50ml\/","title":{"rendered":"OXYGEN CEUTICALS tonisoiva geeli 50ml"},"content":{"rendered":"<p class=\"translation-block\">Tonisoiva geeli <em>Toning Gel<\/em> on helposti imeytyv\u00e4 toneri, joka luo tasapainon talintuotannon ja kosteutuksen v\u00e4lill\u00e4. Se v\u00e4hent\u00e4\u00e4 talinerityst\u00e4, lis\u00e4\u00e4 ihon kimmoisuutta ja toimii ryppyj\u00e4 vastaan.<\/p>\n<p>Sopii herk\u00e4lle ja nuorelle iholle, atoopisen ihottuman yhteydess\u00e4.<\/p>\n<p><strong>VAIKUTTAVAT AINEET<\/strong><\/p>\n<ul>\n<li>Natrium PCA<\/li>\n<li>Adenosiini<\/li>\n<li>Luonnolliset kasviuutteet: aasialainen vesilupiini, laventeli, kamomilla<\/li>\n<li>Monivitamiinit<\/li>\n<\/ul>\n<p><strong>Vaikutus<\/strong><\/p>\n<ul>\n<li>Natrium PCA auttaa luomaan sile\u00e4n ihon ja pit\u00e4m\u00e4\u00e4n sen kosteutettuna.<\/li>\n<li>\u0410\u0434\u0435\u043d\u043e\u0437\u0438\u043d \u0432\u043e\u0441\u0441\u0442\u0430\u043d\u0430\u0432\u043b\u0438\u0432\u0430\u0435\u0442 \u0443\u0441\u0442\u0430\u043b\u0443\u044e \u043a\u043e\u0436\u0443 \u0438 \u043f\u043e\u0432\u044b\u0448\u0430\u0435\u0442 \u0435\u0451 \u044d\u043b\u0430\u0441\u0442\u0438\u0447\u043d\u043e\u0441\u0442\u044c.<\/li>\n<li>Luonnolliset kasviuutteet rauhoittavat vaurioitunutta ihoa, parantavat ihon rakennetta ja kosteustasoa. Lis\u00e4ksi kasviuutteet v\u00e4hent\u00e4v\u00e4t kipua leikkauksen j\u00e4lkeen.<\/li>\n<li>Monivitamiinit ja luonnolliset uutteet auttavat tasapainottamaan ihon pH-arvon ja kosteustason.<\/li>\n<\/ul>\n<p><strong>K\u00e4ytt\u00f6<\/strong><\/p>\n<ul>\n<li>Aamulla ja illalla, puhdistuksen j\u00e4lkeen tai ennen seerumeita, ampulleja ja kosteusvoiteita, levit\u00e4 kasvoille ja kaulalle vanulapulla.<\/li>\n<li>K\u00e4yt\u00f6n j\u00e4lkeen iho on puhdas, pehme\u00e4 ja kosteutettu, valmis kasvohoitoon.<\/li>\n<\/ul>\n<p><strong>Ainesosat<\/strong><\/p>\n<p><span style=\"font-size: 14px;\">WATER, DIPROPYLENE GLYCOL, PROPYLENE GLYCOL, GHAMOMILLA RECUTITA (MATRICARIA) FLOWER EXTRACT, SODIUM HYALURONATE, CENTELLA ASIATICA LEAF EXTRACT, ALOE BARBADENSIS LEAF EXTRACT, PORTULACA OLERACEA EXTRACT, CARBOMER, ARGININE, LACANDULA ANGUSTFOLIA (LAVENDER) FLOWER EXTRACT, NELUMBIUM SPECIOSUM FLOWER EXTRACT, ARTEMISIA ANNUA EXTRACT, ORYZA SATIVA (RICE) EXTRACT, SACCHAROMYCES FERMENT, GLYCYRRHIZA GLABRA (LICORICE) ROOT EXTRACT, LONICERA JAPONICA (HONEYSUCKLE) FLOWER EXTRAXT, ZANTHOXYLUM PIPERITUM FRUIT EXTRACT, PULSATILLA KOREANA EXTRACT, CITRUS PARADISI (GRAPEFRUIT) FRUIT EXTRACT, ADENOSINE, SODIUM PCA, ALLATOIN, DISODIUM EDTA, GLEDITSCHIA AUSTRALIS FRUIT EXTRACT, POLYGONUM CUSPIDATUM ROOT EXTRACT, PRUNELLA VULGARIS LEAF EXTRACT, CNIDIUM MONNIERI FRUIT EXTRACT, TOCOPHERYL ACETATE, OXTGEN, BUTYLENE GLYCOL, 1,2 HEXANEDIOL, CI 42090, FRAGRANCE.<\/span><\/p>","protected":false},"excerpt":{"rendered":"<p>Helposti imeytyv\u00e4 toneri luo tasapainon talin erityksen ja kosteutuksen v\u00e4lill\u00e4 ihon pinnalla.<\/p>\n<p>&nbsp;<\/p>\n<p>50 ml<\/p>","protected":false},"featured_media":3056,"comment_status":"open","ping_status":"closed","template":"","meta":{"_uag_custom_page_level_css":"","site-sidebar-layout":"default","site-content-layout":"","ast-site-content-layout":"default","site-content-style":"default","site-sidebar-style":"default","ast-global-header-display":"","ast-banner-title-visibility":"","ast-main-header-display":"","ast-hfb-above-header-display":"","ast-hfb-below-header-display":"","ast-hfb-mobile-header-display":"","site-post-title":"","ast-breadcrumbs-content":"","ast-featured-img":"","footer-sml-layout":"","ast-disable-related-posts":"","theme-transparent-header-meta":"default","adv-header-id-meta":"","stick-header-meta":"","header-above-stick-meta":"","header-main-stick-meta":"","header-below-stick-meta":"","astra-migrate-meta-layouts":"set","ast-page-background-enabled":"default","ast-page-background-meta":{"desktop":{"background-color":"var(--ast-global-color-4)","background-image":"","background-repeat":"repeat","background-position":"center center","background-size":"auto","background-attachment":"scroll","background-type":"","background-media":"","overlay-type":"","overlay-color":"","overlay-opacity":"","overlay-gradient":""},"tablet":{"background-color":"","background-image":"","background-repeat":"repeat","background-position":"center center","background-size":"auto","background-attachment":"scroll","background-type":"","background-media":"","overlay-type":"","overlay-color":"","overlay-opacity":"","overlay-gradient":""},"mobile":{"background-color":"","background-image":"","background-repeat":"repeat","background-position":"center center","background-size":"auto","background-attachment":"scroll","background-type":"","background-media":"","overlay-type":"","overlay-color":"","overlay-opacity":"","overlay-gradient":""}},"ast-content-background-meta":{"desktop":{"background-color":"var(--ast-global-color-5)","background-image":"","background-repeat":"repeat","background-position":"center center","background-size":"auto","background-attachment":"scroll","background-type":"","background-media":"","overlay-type":"","overlay-color":"","overlay-opacity":"","overlay-gradient":""},"tablet":{"background-color":"var(--ast-global-color-5)","background-image":"","background-repeat":"repeat","background-position":"center center","background-size":"auto","background-attachment":"scroll","background-type":"","background-media":"","overlay-type":"","overlay-color":"","overlay-opacity":"","overlay-gradient":""},"mobile":{"background-color":"var(--ast-global-color-5)","background-image":"","background-repeat":"repeat","background-position":"center center","background-size":"auto","background-attachment":"scroll","background-type":"","background-media":"","overlay-type":"","overlay-color":"","overlay-opacity":"","overlay-gradient":""}}},"product_brand":[],"product_cat":[96,97,74],"product_tag":[],"class_list":{"0":"post-3055","1":"product","2":"type-product","3":"status-publish","4":"has-post-thumbnail","6":"product_cat-brands","7":"product_cat-naole","8":"product_cat-oxygen-ceuticals","9":"desktop-align-left","10":"tablet-align-left","11":"mobile-align-left","13":"first","14":"instock","15":"taxable","16":"shipping-taxable","17":"product-type-simple","18":"add-to-wishlist-before_image"},"uagb_featured_image_src":{"full":["https:\/\/kosmeetika24.com\/wp-content\/uploads\/2024\/01\/toning-gel-50.jpg",600,600,false],"thumbnail":["https:\/\/kosmeetika24.com\/wp-content\/uploads\/2024\/01\/toning-gel-50-150x150.jpg",150,150,true],"medium":["https:\/\/kosmeetika24.com\/wp-content\/uploads\/2024\/01\/toning-gel-50-300x300.jpg",300,300,true],"medium_large":["https:\/\/kosmeetika24.com\/wp-content\/uploads\/2024\/01\/toning-gel-50.jpg",600,600,false],"large":["https:\/\/kosmeetika24.com\/wp-content\/uploads\/2024\/01\/toning-gel-50.jpg",600,600,false],"1536x1536":["https:\/\/kosmeetika24.com\/wp-content\/uploads\/2024\/01\/toning-gel-50.jpg",600,600,false],"2048x2048":["https:\/\/kosmeetika24.com\/wp-content\/uploads\/2024\/01\/toning-gel-50.jpg",600,600,false],"trp-custom-language-flag":["https:\/\/kosmeetika24.com\/wp-content\/uploads\/2024\/01\/toning-gel-50-12x12.jpg",12,12,true],"woocommerce_thumbnail":["https:\/\/kosmeetika24.com\/wp-content\/uploads\/2024\/01\/toning-gel-50-300x300.jpg",300,300,true],"woocommerce_single":["https:\/\/kosmeetika24.com\/wp-content\/uploads\/2024\/01\/toning-gel-50-500x500.jpg",500,500,true],"woocommerce_gallery_thumbnail":["https:\/\/kosmeetika24.com\/wp-content\/uploads\/2024\/01\/toning-gel-50-100x100.jpg",100,100,true]},"uagb_author_info":{"display_name":"admin","author_link":"https:\/\/kosmeetika24.com\/fi\/author\/"},"uagb_comment_info":0,"uagb_excerpt":"Kergesti imenduv toonik loob nahapinnal tasakaalu rasuerituse ja niisutuse vahel. &nbsp; 50 ml","_links":{"self":[{"href":"https:\/\/kosmeetika24.com\/fi\/wp-json\/wp\/v2\/product\/3055","targetHints":{"allow":["GET"]}}],"collection":[{"href":"https:\/\/kosmeetika24.com\/fi\/wp-json\/wp\/v2\/product"}],"about":[{"href":"https:\/\/kosmeetika24.com\/fi\/wp-json\/wp\/v2\/types\/product"}],"replies":[{"embeddable":true,"href":"https:\/\/kosmeetika24.com\/fi\/wp-json\/wp\/v2\/comments?post=3055"}],"version-history":[{"count":1,"href":"https:\/\/kosmeetika24.com\/fi\/wp-json\/wp\/v2\/product\/3055\/revisions"}],"predecessor-version":[{"id":4539,"href":"https:\/\/kosmeetika24.com\/fi\/wp-json\/wp\/v2\/product\/3055\/revisions\/4539"}],"wp:featuredmedia":[{"embeddable":true,"href":"https:\/\/kosmeetika24.com\/fi\/wp-json\/wp\/v2\/media\/3056"}],"wp:attachment":[{"href":"https:\/\/kosmeetika24.com\/fi\/wp-json\/wp\/v2\/media?parent=3055"}],"wp:term":[{"taxonomy":"product_brand","embeddable":true,"href":"https:\/\/kosmeetika24.com\/fi\/wp-json\/wp\/v2\/product_brand?post=3055"},{"taxonomy":"product_cat","embeddable":true,"href":"https:\/\/kosmeetika24.com\/fi\/wp-json\/wp\/v2\/product_cat?post=3055"},{"taxonomy":"product_tag","embeddable":true,"href":"https:\/\/kosmeetika24.com\/fi\/wp-json\/wp\/v2\/product_tag?post=3055"}],"curies":[{"name":"wp","href":"https:\/\/api.w.org\/{rel}","templated":true}]}}