{"id":3047,"date":"2024-01-23T08:18:08","date_gmt":"2024-01-23T08:18:08","guid":{"rendered":"https:\/\/kosmeetika24.com\/?post_type=product&#038;p=3047"},"modified":"2025-12-23T12:41:15","modified_gmt":"2025-12-23T09:41:15","slug":"oxygen-ceuticals-niisutav-seerum-3","status":"publish","type":"product","link":"https:\/\/kosmeetika24.com\/fi\/tuote\/oxygen-ceuticals-niisutav-seerum-3\/","title":{"rendered":"OXYGEN CEUTICALS kasvipohjainen entsymaattinen kuorinta 75ml"},"content":{"rendered":"<p class=\"translation-block\">Kasvipohjainen entsyymi-kuorinta <em>Daily Botanicals Enzyme Peel<\/em> on neutraali, hell\u00e4varainen entsyymi-kuorinta-aine. Hypoallergeeninen kuorinta sis\u00e4lt\u00e4\u00e4 luonnollisia ainesosia ja entsyymej\u00e4, jotka poistavat kuolleet ihosolut \u00e4rsytt\u00e4m\u00e4tt\u00e4 ihoa. Auttaa parantamaan ja palauttamaan ihon uudistumisprosessia.<\/p>\n<p>Eritt\u00e4in hyv\u00e4 kuivalle ja herk\u00e4lle ihotyypille.<\/p>\n<p>Sis\u00e4lt\u00e4\u00e4 kahdeksaa eri luonnollista uutetta.<\/p>\n<p><strong>VAIKUTTAVAT AINEET<\/strong><\/p>\n<ul>\n<li>Papaija<\/li>\n<li>Ananas<\/li>\n<li>Algiini<\/li>\n<li>Arginiini<\/li>\n<li>Salvia<\/li>\n<li>Keh\u00e4kukka<\/li>\n<li>Laventeli\u00f6ljy<\/li>\n<li>Happi<\/li>\n<\/ul>\n<p><strong>Vaikutus<\/strong><\/p>\n<ul>\n<li>Papaija sis\u00e4lt\u00e4\u00e4 papaaiini-entsyymi\u00e4, joka puhdistaa ihoa ja poistaa kuolleet ihosolut. Papaimehu v\u00e4hent\u00e4\u00e4 pigmenttimuutoksia ja tasoittaa ihon s\u00e4vy\u00e4. Lis\u00e4ksi papaijalla on antibakteerinen ja haavoja parantava vaikutus.<\/li>\n<li>Ananaksella on kosteuttava, ravitseva ja antioksidanttinen vaikutus ihoon.<\/li>\n<li>Arginiini on aminohappo, jolla on ik\u00e4\u00e4ntymist\u00e4 est\u00e4vi\u00e4 ja haavoja parantavia ominaisuuksia. Arginiini on vahva antioksidantti.<\/li>\n<li>Salvia toimii antioksidanttina; supistaa huokosia, puhdistaa, suojaa, lievitt\u00e4\u00e4 \u00e4rsytyst\u00e4 ja tonisoi ihoa. Pit\u00e4\u00e4 ihon pehme\u00e4n\u00e4, sile\u00e4n\u00e4, elastisena ja terveen\u00e4.<\/li>\n<li>Keh\u00e4kukalla on ihoa parantava ja tulehdusta ehk\u00e4isev\u00e4 vaikutus. Pit\u00e4\u00e4 ihon pehme\u00e4n\u00e4, sile\u00e4n\u00e4, elastisena ja terveen\u00e4.<\/li>\n<li>Laventeli\u00f6ljy rauhoittaa ihoa ja auttaa kontrolloimaan talirauhasten toimintaa.<\/li>\n<li>Happi taistelee ik\u00e4\u00e4ntymisen n\u00e4kyvi\u00e4 merkkej\u00e4 vastaan, jotka johtuvat hapen huonosta liikkumisesta ihonalaisten hiussuonien ja ihon pintakerrosten v\u00e4lill\u00e4. Se stimuloi suoraan kollageenin ja elastaanin synteesi\u00e4 ihossa ja sill\u00e4 on tulehdusta est\u00e4v\u00e4 vaikutus.<\/li>\n<\/ul>\n<p><strong>K\u00e4ytt\u00f6<\/strong><\/p>\n<ol>\n<li>Levit\u00e4 kuorinta py\u00f6rivin hierovin liikkein puhdistetulle ja kuivalle iholle. Hiero, kunnes geeli kuivuu ja alkaa kuoriutua. V\u00e4lt\u00e4 silm\u00e4nymp\u00e4rysaluetta. Ensimm\u00e4isell\u00e4 kerralla suorita hieronta ja kuolleiden ihosolujen poisto tuotteen kanssa. <a href=\"https:\/\/kosmeetika24.eu\/toode\/oxygen-ceuticals-cryogenic-activator-2\/\">OXYGEN CEUTICALS Kryoaktivaattori<\/a><\/li>\n<li>Huuhtele huolellisesti l\u00e4mpim\u00e4ll\u00e4 vedell\u00e4 ja taputtele kuivaksi.<\/li>\n<li>Seuraavaksi k\u00e4yt\u00e4 sopivaa toneria ja kosteusvoidetta.<\/li>\n<\/ol>\n<p>K\u00e4yt\u00e4 1-2 kertaa viikossa.<\/p>\n<p>Parhaan tuloksen saavuttamiseksi k\u00e4yt\u00e4 kahdesti viikossa.<\/p>\n<p><strong>Ainesosat<\/strong><\/p>\n<p><span style=\"font-size: 14px;\">WATER, CELLULOSE, PEG-8, ALCOHOL, ARGININE, PEG-60 HYDROGENATED CASTOR OIL, CLARICA PAPAYA (PAPAYA) FRUIT EXTRACT, ALGIN, DISODIUM ADENOSINE TRIPHOSPHATE, CARBOMER, ARCTIUM LAPPA ROOT EXTRACT, CITRUS LIMON (LEMON) FRUIT EXTRACT, HUMULUS LUPULUS (HOPS) EXTRACT,\u00a0 HYPERICUM PERFORATUM EXTRACT, SALVIA OFFICINALIS (SAGE) LEAF EXTRACT, CALENDULA OFFICINALIS FLOWER EXTRACT, SAPONARIA OFFICINALIS LEAF\/ROOT EXTRACT, PROPYLENE GLYCOL, ANANAS SATIVUS (PINEAPPLE) FRUIT EXTRACT, OXYGEN, BUTYLENE GLYCOL, 1,2 HEXANEDIOL, CAPRYLHYDROXAMIC ACID, CAPRYLYL GLYCOL, GLYCERIN, DISODIUM EDTA, PARFUM.<\/span><\/p>","protected":false},"excerpt":{"rendered":"<p>Kasvipohjainen kuorinta poistaa kuolleet ihosolut \u00e4rsytt\u00e4m\u00e4tt\u00e4 ihoa.<\/p>\n<p>&nbsp;<\/p>\n<p>75 ml<\/p>","protected":false},"featured_media":3132,"comment_status":"open","ping_status":"closed","template":"","meta":{"_uag_custom_page_level_css":"","site-sidebar-layout":"default","site-content-layout":"","ast-site-content-layout":"default","site-content-style":"default","site-sidebar-style":"default","ast-global-header-display":"","ast-banner-title-visibility":"","ast-main-header-display":"","ast-hfb-above-header-display":"","ast-hfb-below-header-display":"","ast-hfb-mobile-header-display":"","site-post-title":"","ast-breadcrumbs-content":"","ast-featured-img":"","footer-sml-layout":"","ast-disable-related-posts":"","theme-transparent-header-meta":"default","adv-header-id-meta":"","stick-header-meta":"","header-above-stick-meta":"","header-main-stick-meta":"","header-below-stick-meta":"","astra-migrate-meta-layouts":"set","ast-page-background-enabled":"default","ast-page-background-meta":{"desktop":{"background-color":"var(--ast-global-color-4)","background-image":"","background-repeat":"repeat","background-position":"center center","background-size":"auto","background-attachment":"scroll","background-type":"","background-media":"","overlay-type":"","overlay-color":"","overlay-opacity":"","overlay-gradient":""},"tablet":{"background-color":"","background-image":"","background-repeat":"repeat","background-position":"center center","background-size":"auto","background-attachment":"scroll","background-type":"","background-media":"","overlay-type":"","overlay-color":"","overlay-opacity":"","overlay-gradient":""},"mobile":{"background-color":"","background-image":"","background-repeat":"repeat","background-position":"center center","background-size":"auto","background-attachment":"scroll","background-type":"","background-media":"","overlay-type":"","overlay-color":"","overlay-opacity":"","overlay-gradient":""}},"ast-content-background-meta":{"desktop":{"background-color":"var(--ast-global-color-5)","background-image":"","background-repeat":"repeat","background-position":"center center","background-size":"auto","background-attachment":"scroll","background-type":"","background-media":"","overlay-type":"","overlay-color":"","overlay-opacity":"","overlay-gradient":""},"tablet":{"background-color":"var(--ast-global-color-5)","background-image":"","background-repeat":"repeat","background-position":"center center","background-size":"auto","background-attachment":"scroll","background-type":"","background-media":"","overlay-type":"","overlay-color":"","overlay-opacity":"","overlay-gradient":""},"mobile":{"background-color":"var(--ast-global-color-5)","background-image":"","background-repeat":"repeat","background-position":"center center","background-size":"auto","background-attachment":"scroll","background-type":"","background-media":"","overlay-type":"","overlay-color":"","overlay-opacity":"","overlay-gradient":""}}},"product_brand":[],"product_cat":[96,97,74],"product_tag":[],"class_list":{"0":"post-3047","1":"product","2":"type-product","3":"status-publish","4":"has-post-thumbnail","6":"product_cat-brands","7":"product_cat-naole","8":"product_cat-oxygen-ceuticals","9":"desktop-align-left","10":"tablet-align-left","11":"mobile-align-left","13":"first","14":"instock","15":"taxable","16":"shipping-taxable","17":"product-type-simple","18":"add-to-wishlist-before_image"},"uagb_featured_image_src":{"full":["https:\/\/kosmeetika24.com\/wp-content\/uploads\/2024\/01\/enzyme.jpg",600,600,false],"thumbnail":["https:\/\/kosmeetika24.com\/wp-content\/uploads\/2024\/01\/enzyme-150x150.jpg",150,150,true],"medium":["https:\/\/kosmeetika24.com\/wp-content\/uploads\/2024\/01\/enzyme-300x300.jpg",300,300,true],"medium_large":["https:\/\/kosmeetika24.com\/wp-content\/uploads\/2024\/01\/enzyme.jpg",600,600,false],"large":["https:\/\/kosmeetika24.com\/wp-content\/uploads\/2024\/01\/enzyme.jpg",600,600,false],"1536x1536":["https:\/\/kosmeetika24.com\/wp-content\/uploads\/2024\/01\/enzyme.jpg",600,600,false],"2048x2048":["https:\/\/kosmeetika24.com\/wp-content\/uploads\/2024\/01\/enzyme.jpg",600,600,false],"trp-custom-language-flag":["https:\/\/kosmeetika24.com\/wp-content\/uploads\/2024\/01\/enzyme-12x12.jpg",12,12,true],"woocommerce_thumbnail":["https:\/\/kosmeetika24.com\/wp-content\/uploads\/2024\/01\/enzyme-300x300.jpg",300,300,true],"woocommerce_single":["https:\/\/kosmeetika24.com\/wp-content\/uploads\/2024\/01\/enzyme-500x500.jpg",500,500,true],"woocommerce_gallery_thumbnail":["https:\/\/kosmeetika24.com\/wp-content\/uploads\/2024\/01\/enzyme-100x100.jpg",100,100,true]},"uagb_author_info":{"display_name":"admin","author_link":"https:\/\/kosmeetika24.com\/fi\/author\/"},"uagb_comment_info":0,"uagb_excerpt":"Taimne koorija eemaldab surnud naharakud ilma nahka \u00e4rritamata. &nbsp; 75 ml","_links":{"self":[{"href":"https:\/\/kosmeetika24.com\/fi\/wp-json\/wp\/v2\/product\/3047","targetHints":{"allow":["GET"]}}],"collection":[{"href":"https:\/\/kosmeetika24.com\/fi\/wp-json\/wp\/v2\/product"}],"about":[{"href":"https:\/\/kosmeetika24.com\/fi\/wp-json\/wp\/v2\/types\/product"}],"replies":[{"embeddable":true,"href":"https:\/\/kosmeetika24.com\/fi\/wp-json\/wp\/v2\/comments?post=3047"}],"version-history":[{"count":2,"href":"https:\/\/kosmeetika24.com\/fi\/wp-json\/wp\/v2\/product\/3047\/revisions"}],"predecessor-version":[{"id":4543,"href":"https:\/\/kosmeetika24.com\/fi\/wp-json\/wp\/v2\/product\/3047\/revisions\/4543"}],"wp:featuredmedia":[{"embeddable":true,"href":"https:\/\/kosmeetika24.com\/fi\/wp-json\/wp\/v2\/media\/3132"}],"wp:attachment":[{"href":"https:\/\/kosmeetika24.com\/fi\/wp-json\/wp\/v2\/media?parent=3047"}],"wp:term":[{"taxonomy":"product_brand","embeddable":true,"href":"https:\/\/kosmeetika24.com\/fi\/wp-json\/wp\/v2\/product_brand?post=3047"},{"taxonomy":"product_cat","embeddable":true,"href":"https:\/\/kosmeetika24.com\/fi\/wp-json\/wp\/v2\/product_cat?post=3047"},{"taxonomy":"product_tag","embeddable":true,"href":"https:\/\/kosmeetika24.com\/fi\/wp-json\/wp\/v2\/product_tag?post=3047"}],"curies":[{"name":"wp","href":"https:\/\/api.w.org\/{rel}","templated":true}]}}