{"id":3045,"date":"2024-01-23T08:14:29","date_gmt":"2024-01-23T08:14:29","guid":{"rendered":"https:\/\/kosmeetika24.com\/?post_type=product&#038;p=3045"},"modified":"2025-12-23T12:41:42","modified_gmt":"2025-12-23T09:41:42","slug":"oxygen-ceuticals-niisutav-seerum-2","status":"publish","type":"product","link":"https:\/\/kosmeetika24.com\/fi\/tuote\/oxygen-ceuticals-niisutav-seerum-2\/","title":{"rendered":"OXYGEN CEUTICALS kosteuttava seerumi"},"content":{"rendered":"<p class=\"translation-block\">Kosteuttava seerumi <em>Moisture Aqua Serum<\/em> on tehokas kosteuttaja iholle. Ei sis\u00e4ll\u00e4 \u00f6ljy\u00e4, ei \u00e4rsyt\u00e4 ihoa ja normalisoi sek\u00e4 yll\u00e4pit\u00e4\u00e4 tasapainoa ihon kosteuden ja rasvaisuuden v\u00e4lill\u00e4. Tasaa ihon pintaa ja supistaa huokosia. Pehme\u00e4, geelim\u00e4inen ja kermainen koostumus, imeytyy nopeasti ja sit\u00e4 voi sekoittaa muiden seerumien kanssa paremman tuloksen saavuttamiseksi.<\/p>\n<p>Seerumi sopii kaikille ihotyypeille, erityisesti tulehtuneelle, kuivalle ja herk\u00e4lle iholle.<\/p>\n<p><strong>VAIKUTTAVAT AINEET<\/strong><\/p>\n<ul>\n<li>Rikastettu hyaluronihapolla<\/li>\n<li>Arginiini<\/li>\n<li>Vihre\u00e4n teen uutehdas<\/li>\n<li>Monivitamiinit<\/li>\n<li>Jojoba\u00f6ljy<\/li>\n<li>Happi<\/li>\n<\/ul>\n<p><strong>Vaikutus<\/strong><\/p>\n<ul>\n<li>Rikastettu hyaluronihapolla, se toimii kosteuden s\u00e4ilytt\u00e4j\u00e4n\u00e4, lis\u00e4\u00e4 veden m\u00e4\u00e4r\u00e4\u00e4 ihossa ja auttaa ihoa pysym\u00e4\u00e4n pehme\u00e4n\u00e4 ja sile\u00e4n\u00e4.<\/li>\n<li>Arginiini on aminohappo, jolla on ik\u00e4\u00e4ntymist\u00e4 est\u00e4vi\u00e4 ja haavoja parantavia ominaisuuksia. Arginiini on vahva antioksidantti.<\/li>\n<li>Vihre\u00e4n teen uutehdas, sen erinomaisilla rauhoittavilla ominaisuuksilla, auttaa suojaamaan ihoa.<\/li>\n<li>Monivitamiinit ja luonnolliset uutteet auttavat tasapainottamaan ihon pH-arvon ja kosteustason.<\/li>\n<li>Jojoba\u00f6ljy suojaa ihoa haihtumiselta ja myrkyllisilt\u00e4 aineilta.<\/li>\n<li>Happi taistelee ik\u00e4\u00e4ntymisen n\u00e4kyvi\u00e4 merkkej\u00e4 vastaan, jotka johtuvat hapen huonosta liikkumisesta ihonalaisten hiussuonien ja ihon pintakerrosten v\u00e4lill\u00e4. Se stimuloi suoraan kollageenin ja elastaanin synteesi\u00e4 ihossa ja sill\u00e4 on tulehdusta est\u00e4v\u00e4 vaikutus.<\/li>\n<\/ul>\n<p><strong>K\u00e4ytt\u00f6<\/strong><\/p>\n<ul>\n<li>Levit\u00e4 seerumi aamulla ja illalla hell\u00e4varaisilla hierontaliikkeill\u00e4 puhdistetulle ja tonisoidulle kasvojen ja kaulan iholle. Hiero, kunnes seerumi on t\u00e4ysin imeytynyt.<\/li>\n<li>Kosteuttavia seerumeita voi k\u00e4ytt\u00e4\u00e4 muiden Oxygen Ceuticals -seerumien kanssa:<\/li>\n<\/ul>\n<ol>\n<li><a href=\"https:\/\/kosmeetika24.eu\/toode\/oxygen-ceuticals-kortsudevastane-seerum\/\">OXYGEN CEUTICALS ryppyj\u00e4 est\u00e4v\u00e4 seerumi<\/a><\/li>\n<li><a href=\"https:\/\/kosmeetika24.eu\/toode\/oxygen-ceuticals-acell-300-fluid\/\">OXYGEN CEUTICALS intensiivisesti kosteuttava seerumi<\/a><\/li>\n<li><a href=\"https:\/\/kosmeetika24.eu\/toode\/oxygen-ceuticals-phyto-gel\/\">OXYGEN CEUTICALS ihon s\u00e4vyn tasoittava seerumi<\/a><\/li>\n<li><a href=\"https:\/\/kosmeetika24.eu\/toode\/oxygen-ceuticals-fermented-fluid\/\">OXYGEN CEUTICALS kirkastava seerumi<\/a><\/li>\n<li><a href=\"https:\/\/kosmeetika24.eu\/toode\/oxygen-ceuticals-seerum-17\/\">OXYGEN CEUTICALS seerumi 17<\/a><\/li>\n<li><a href=\"https:\/\/kosmeetika24.eu\/toode\/oxygen-ceuticals-herbal-fluid\/\">OXYGEN CEUTICALS seerumi rasvoittuvalle iholle<\/a><\/li>\n<li><a href=\"https:\/\/kosmeetika24.eu\/toode\/oxygen-ceuticals-couperosa-fluid\/\">OXYGEN CEUTICALS seerumi herk\u00e4lle ja vaurioituneelle iholle<\/a><\/li>\n<li><a href=\"https:\/\/kosmeetika24.eu\/toode\/oxygen-ceuticals-acell-300-fluid\/\">OXYGEN CEUTICALS intensiivisesti kosteuttava seerumi<\/a><\/li>\n<li><a href=\"https:\/\/kosmeetika24.eu\/toode\/oxygen-ceuticals-skin-barrier-fluid\/\">OXYGEN CEUTICALS ik\u00e4\u00e4ntymist\u00e4 est\u00e4v\u00e4 seerumi<\/a><\/li>\n<\/ol>\n<p><strong>Ainesosat<\/strong><\/p>\n<p><span style=\"font-size: 14px;\">WATER, DIPROPYLENE GLYCOL, GLYCERIN, 1,2-HEXANEDIOL, SIMMONDSIA CHINENSIS (JOJOBA) SEED OIL, POLYACRYLATE-13, OXYGEN, BUTYLENE GLYCOL, CAMELLIA SIENSIS LEAF EXTRACT, PORTULACA OLERACEA EXTRACT, POLYISOBUTENE, ARGININE, CARBOMER, DISODIUM EDTA, POLYSORBATE 20, SODIUM HYALURONATE, SORBITAN ISOSTEARATE, PROPOLIS EXTRACT, PENTYLENE GLYCOL, CAPRYLYL GLYCOL, ETHYLHEXYLGLYCERIN, PARFUM.<\/span><\/p>","protected":false},"excerpt":{"rendered":"<p>Ei sis\u00e4ll\u00e4 \u00f6ljy\u00e4, ei \u00e4rsyt\u00e4 ihoa, ja normalisoi sek\u00e4 tasapainottaa ihon kosteuden ja rasvaisuuden.<\/p>\n<p>50 ml<\/p>","protected":false},"featured_media":3046,"comment_status":"open","ping_status":"closed","template":"","meta":{"_uag_custom_page_level_css":"","site-sidebar-layout":"default","site-content-layout":"","ast-site-content-layout":"default","site-content-style":"default","site-sidebar-style":"default","ast-global-header-display":"","ast-banner-title-visibility":"","ast-main-header-display":"","ast-hfb-above-header-display":"","ast-hfb-below-header-display":"","ast-hfb-mobile-header-display":"","site-post-title":"","ast-breadcrumbs-content":"","ast-featured-img":"","footer-sml-layout":"","ast-disable-related-posts":"","theme-transparent-header-meta":"default","adv-header-id-meta":"","stick-header-meta":"","header-above-stick-meta":"","header-main-stick-meta":"","header-below-stick-meta":"","astra-migrate-meta-layouts":"set","ast-page-background-enabled":"default","ast-page-background-meta":{"desktop":{"background-color":"var(--ast-global-color-4)","background-image":"","background-repeat":"repeat","background-position":"center center","background-size":"auto","background-attachment":"scroll","background-type":"","background-media":"","overlay-type":"","overlay-color":"","overlay-opacity":"","overlay-gradient":""},"tablet":{"background-color":"","background-image":"","background-repeat":"repeat","background-position":"center center","background-size":"auto","background-attachment":"scroll","background-type":"","background-media":"","overlay-type":"","overlay-color":"","overlay-opacity":"","overlay-gradient":""},"mobile":{"background-color":"","background-image":"","background-repeat":"repeat","background-position":"center center","background-size":"auto","background-attachment":"scroll","background-type":"","background-media":"","overlay-type":"","overlay-color":"","overlay-opacity":"","overlay-gradient":""}},"ast-content-background-meta":{"desktop":{"background-color":"var(--ast-global-color-5)","background-image":"","background-repeat":"repeat","background-position":"center center","background-size":"auto","background-attachment":"scroll","background-type":"","background-media":"","overlay-type":"","overlay-color":"","overlay-opacity":"","overlay-gradient":""},"tablet":{"background-color":"var(--ast-global-color-5)","background-image":"","background-repeat":"repeat","background-position":"center center","background-size":"auto","background-attachment":"scroll","background-type":"","background-media":"","overlay-type":"","overlay-color":"","overlay-opacity":"","overlay-gradient":""},"mobile":{"background-color":"var(--ast-global-color-5)","background-image":"","background-repeat":"repeat","background-position":"center center","background-size":"auto","background-attachment":"scroll","background-type":"","background-media":"","overlay-type":"","overlay-color":"","overlay-opacity":"","overlay-gradient":""}}},"product_brand":[],"product_cat":[96,97,74],"product_tag":[],"class_list":{"0":"post-3045","1":"product","2":"type-product","3":"status-publish","4":"has-post-thumbnail","6":"product_cat-brands","7":"product_cat-naole","8":"product_cat-oxygen-ceuticals","9":"desktop-align-left","10":"tablet-align-left","11":"mobile-align-left","13":"first","14":"outofstock","15":"taxable","16":"shipping-taxable","17":"product-type-simple","18":"add-to-wishlist-before_image"},"uagb_featured_image_src":{"full":["https:\/\/kosmeetika24.com\/wp-content\/uploads\/2024\/01\/moisture-aqua.jpg",600,600,false],"thumbnail":["https:\/\/kosmeetika24.com\/wp-content\/uploads\/2024\/01\/moisture-aqua-150x150.jpg",150,150,true],"medium":["https:\/\/kosmeetika24.com\/wp-content\/uploads\/2024\/01\/moisture-aqua-300x300.jpg",300,300,true],"medium_large":["https:\/\/kosmeetika24.com\/wp-content\/uploads\/2024\/01\/moisture-aqua.jpg",600,600,false],"large":["https:\/\/kosmeetika24.com\/wp-content\/uploads\/2024\/01\/moisture-aqua.jpg",600,600,false],"1536x1536":["https:\/\/kosmeetika24.com\/wp-content\/uploads\/2024\/01\/moisture-aqua.jpg",600,600,false],"2048x2048":["https:\/\/kosmeetika24.com\/wp-content\/uploads\/2024\/01\/moisture-aqua.jpg",600,600,false],"trp-custom-language-flag":["https:\/\/kosmeetika24.com\/wp-content\/uploads\/2024\/01\/moisture-aqua-12x12.jpg",12,12,true],"woocommerce_thumbnail":["https:\/\/kosmeetika24.com\/wp-content\/uploads\/2024\/01\/moisture-aqua-300x300.jpg",300,300,true],"woocommerce_single":["https:\/\/kosmeetika24.com\/wp-content\/uploads\/2024\/01\/moisture-aqua-500x500.jpg",500,500,true],"woocommerce_gallery_thumbnail":["https:\/\/kosmeetika24.com\/wp-content\/uploads\/2024\/01\/moisture-aqua-100x100.jpg",100,100,true]},"uagb_author_info":{"display_name":"admin","author_link":"https:\/\/kosmeetika24.com\/fi\/author\/"},"uagb_comment_info":0,"uagb_excerpt":"Ei sisalda \u00f5li, ei \u00e4rrita nahka, normaliseerib ja hoiab tasakaalu naha niisutatuse ja rasususe vahel. 50 ml","_links":{"self":[{"href":"https:\/\/kosmeetika24.com\/fi\/wp-json\/wp\/v2\/product\/3045","targetHints":{"allow":["GET"]}}],"collection":[{"href":"https:\/\/kosmeetika24.com\/fi\/wp-json\/wp\/v2\/product"}],"about":[{"href":"https:\/\/kosmeetika24.com\/fi\/wp-json\/wp\/v2\/types\/product"}],"replies":[{"embeddable":true,"href":"https:\/\/kosmeetika24.com\/fi\/wp-json\/wp\/v2\/comments?post=3045"}],"version-history":[{"count":1,"href":"https:\/\/kosmeetika24.com\/fi\/wp-json\/wp\/v2\/product\/3045\/revisions"}],"predecessor-version":[{"id":4544,"href":"https:\/\/kosmeetika24.com\/fi\/wp-json\/wp\/v2\/product\/3045\/revisions\/4544"}],"wp:featuredmedia":[{"embeddable":true,"href":"https:\/\/kosmeetika24.com\/fi\/wp-json\/wp\/v2\/media\/3046"}],"wp:attachment":[{"href":"https:\/\/kosmeetika24.com\/fi\/wp-json\/wp\/v2\/media?parent=3045"}],"wp:term":[{"taxonomy":"product_brand","embeddable":true,"href":"https:\/\/kosmeetika24.com\/fi\/wp-json\/wp\/v2\/product_brand?post=3045"},{"taxonomy":"product_cat","embeddable":true,"href":"https:\/\/kosmeetika24.com\/fi\/wp-json\/wp\/v2\/product_cat?post=3045"},{"taxonomy":"product_tag","embeddable":true,"href":"https:\/\/kosmeetika24.com\/fi\/wp-json\/wp\/v2\/product_tag?post=3045"}],"curies":[{"name":"wp","href":"https:\/\/api.w.org\/{rel}","templated":true}]}}