{"id":3043,"date":"2024-01-23T08:08:09","date_gmt":"2024-01-23T08:08:09","guid":{"rendered":"https:\/\/kosmeetika24.com\/?post_type=product&#038;p=3043"},"modified":"2025-12-23T12:42:06","modified_gmt":"2025-12-23T09:42:06","slug":"oxygen-ceuticals-palsam-nahale-pp-kreem-2","status":"publish","type":"product","link":"https:\/\/kosmeetika24.com\/fi\/tuote\/oxygen-ceuticals-palsam-nahale-pp-kreem-2\/","title":{"rendered":"OXYGEN CEUTICALS voide iholle (PP-voide)"},"content":{"rendered":"<p>Toimenpiteen j\u00e4lkeinen voide <em>PP cream<\/em> Auttaa parantamaan ihon suojabarri\u00e4\u00e4ri\u00e4, kimmoisuutta ja edist\u00e4\u00e4 ihon uusiutumista<br \/>\ntekee ihon s\u00e4vyn kirkkaaksi. Rauhoittaa \u00e4rsytyst\u00e4, kosteuttaa, v\u00e4hent\u00e4\u00e4 tulehdusta ja suojaa ihoa. Voide on t\u00e4ydennetty epidermiksen kasvutekij\u00f6ill\u00e4 (EGF) ja sis\u00e4lt\u00e4\u00e4 53 aminohappoa. N\u00e4m\u00e4 ainesosat aktivoivat ihon uudistumista.<\/p>\n<p>K\u00e4yt\u00e4 p\u00e4ivitt\u00e4in salonkipalveluiden j\u00e4lkeen. T\u00e4ydellinen k\u00e4ytett\u00e4v\u00e4ksi esteettisten toimenpiteiden j\u00e4lkeen.<\/p>\n<p>Sopii kaikille ihotyypeille, erityisesti herk\u00e4lle, vaurioituneelle ja kuivalle iholle.<\/p>\n<p><strong>VAIKUTTAVAT AINEET<\/strong><\/p>\n<ul>\n<li>Adenosiini<\/li>\n<li>Aprikoosinsiemen\u00f6ljy<\/li>\n<li>Macadamia\u00f6ljy<\/li>\n<li>Arbutiini<\/li>\n<li>Natriumhyaluronaatti<\/li>\n<li>SH-Oligopeptidi-1<\/li>\n<li>E-vitamiini asetaatti<\/li>\n<li>Happi<\/li>\n<\/ul>\n<p><strong>Vaikutus<\/strong><\/p>\n<ul>\n<li>\u0410\u0434\u0435\u043d\u043e\u0437\u0438\u043d \u0432\u043e\u0441\u0441\u0442\u0430\u043d\u0430\u0432\u043b\u0438\u0432\u0430\u0435\u0442 \u0443\u0441\u0442\u0430\u043b\u0443\u044e \u043a\u043e\u0436\u0443 \u0438 \u043f\u043e\u0432\u044b\u0448\u0430\u0435\u0442 \u0435\u0451 \u044d\u043b\u0430\u0441\u0442\u0438\u0447\u043d\u043e\u0441\u0442\u044c.<\/li>\n<li>Aprikoosinsiemen\u00f6ljy v\u00e4hent\u00e4\u00e4 kutinaa, rauhoittaa, ravitsee ja kirkastaa ihoa.<\/li>\n<li>Macadamia\u00f6ljy suojaa kuivumiselta vahvistamalla ihon suojatoimintaa ja virkist\u00e4\u00e4 ihoa.<\/li>\n<li>Arbutiini s\u00e4\u00e4telee melaniinipigmentti\u00e4 ja kirkastaa ihon s\u00e4vy\u00e4.<\/li>\n<li>Natriumhyaluronaatti on vett sitova ainesosa, joka kykenee t\u00e4ytt\u00e4m\u00e4\u00e4n tilat kollageeni- ja elastiinifibrillien v\u00e4liss\u00e4.<\/li>\n<li>SH-Oligopeptidi-1 parantaa ihon kimmoisuutta ja palauttaa ihon suojaavan toimintakyvyn vaurioituneessa ihossa.<\/li>\n<li>E-vitamiini asetaatti palauttaa ihon tekstuurin ja kirkastaa ihoa.<\/li>\n<li>Happi taistelee ik\u00e4\u00e4ntymisen n\u00e4kyvi\u00e4 merkkej\u00e4 vastaan, jotka johtuvat hapen huonosta liikkumisesta ihonalaisten hiussuonien ja ihon pintakerrosten v\u00e4lill\u00e4. Se stimuloi suoraan kollageenin ja elastaanin synteesi\u00e4 ihossa ja sill\u00e4 on tulehdusta est\u00e4v\u00e4 vaikutus.<\/li>\n<\/ul>\n<p><strong>K\u00e4ytt\u00f6<\/strong><\/p>\n<ul>\n<li>Levit\u00e4 ihonbalsami kevyill\u00e4 hierontaliikkeill\u00e4 puhdistetulle ja tonisoidulle kasvojen ja kaulan iholle.<\/li>\n<li>Parhaan tuloksen saavuttamiseksi k\u00e4yt\u00e4 ensin tuotetta. <a href=\"https:\/\/kosmeetika24.eu\/toode\/oxygen-ceuticals-toning-gel-2\/\">OXYGEN CEUTICALS tonisoiva geeli 50ml<\/a>, sitten tuotetta <a href=\"https:\/\/kosmeetika24.eu\/toode\/oxygen-ceuticals-couperosa-fluid\/\">OXYGEN CEUTICALS seerumi herk\u00e4lle ja vaurioituneelle iholle<\/a>. Jatka tuotteen k\u00e4yt\u00f6ll\u00e4 <a href=\"https:\/\/kosmeetika24.eu\/toode\/oxygen-ceuticals-moisture-aqua-serum\/\">OXYGEN CEUTICALS kosteuttava seerumi<\/a> lopuksi levit\u00e4 ihonbalsami kasvoille.<\/li>\n<li>Lis\u00e4ksi ihonbalsamia voi k\u00e4ytt\u00e4\u00e4 niin usein kuin tarpeen ja yhdess\u00e4 tuotteen kanssa <a href=\"https:\/\/kosmeetika24.eu\/toode\/oxygen-ceuticals-anti-oxidant-cream\/\">OXYGEN CEUTICALS Antioksidanttinen ik\u00e4\u00e4ntymist\u00e4 est\u00e4v\u00e4 voide<\/a>\u00a0tai\u00a0<a href=\"https:\/\/kosmeetika24.eu\/toode\/oxygen-ceuticals-hydrating-cream\/\">OXYGEN CEUTICALS Kosteuttava voide<\/a>.<\/li>\n<\/ul>\n<p><strong>Ainesosat<\/strong><\/p>\n<p><span style=\"font-size: 14px;\">WATER, CAPRYLIC\/CAPRIC TRIGLYCERIDE, GLYCERIN, CETEARYL ALCOHOL, MACADAMIA TERNIFOLIA SEED OIL, CETYL ETHYLHEXANOATE, DIPROPYLENE GLYCOL, ROSA CENTIFOLIA FLOWER WATER, NIACINAMIDE, CETEARYL OLIVATE, 1,2-HEXANEDIOL, BEESWAX, GLYCERYL STEARATE, DIMETHICONE, SORBITAN OLIVATE, OXYGEN, PALMITOYL TRIPEPTIDE-5, ADENOSINE, SODIUM HYALURONATE, ALLATOIN, CAMELIA SINENSIS LEAF EXTRACT, PULSATILLA KOREANA EXTRACT, ZANTHOXYLUM PIPERITUM FRUIT EXTRACT, TOCOPHERYL ACETATE, USNEA BARBATA (LICHEN) EXTRACT, ORYZA SATIVA (RICE) EXTRACT, SOLANUM LYCOPERSICUM (TOMATO) FRUIT\/LEAF\/STEM EXTRACT, ALPINUM GRAVEOLENS (CELERY) EXTRACT, DAUCUS CAROTA SATIVA (CARROT) ROOT EXTRACT, BRASSICA OLERACEA CAPITATA (CABBAGE)LEAF EXTRACT, BRASSICA RAPA (TURNIP) LEAF EXTRACT, BUTYLENE GLYCOL, CARTHAMUS TINCTORIUS (SAFFLOWER) SEED OIL, PRUNUS ARMENIACA (APRICOT) KERNEL OIL, SODIUM POLYACRYLATE, TRIDECETH-6, CETEARYL GLUCOSIDE, ETHYLHEXYL STEARATE, CHLORPHENESIN, ETHYLHEXYLGLYCERIN, DISODIUM EDTA, PARFUM.<\/span><\/p>","protected":false},"excerpt":{"rendered":"<p>T\u00e4ydellinen kosteusvoide hoitoprosessin j\u00e4lkeisen tilan parantamiseen tai kuivan ihon ravitsemiseen. Se auttaa vahvistamaan ihon suojabarri\u00e4\u00e4ri\u00e4, elastisuutta, edist\u00e4\u00e4 ihon uusiutumista ja antaa s\u00e4ihkett\u00e4.<\/p>\n<p>&nbsp;<\/p>\n<p>50 ml<\/p>","protected":false},"featured_media":3044,"comment_status":"open","ping_status":"closed","template":"","meta":{"_uag_custom_page_level_css":"","site-sidebar-layout":"default","site-content-layout":"","ast-site-content-layout":"default","site-content-style":"default","site-sidebar-style":"default","ast-global-header-display":"","ast-banner-title-visibility":"","ast-main-header-display":"","ast-hfb-above-header-display":"","ast-hfb-below-header-display":"","ast-hfb-mobile-header-display":"","site-post-title":"","ast-breadcrumbs-content":"","ast-featured-img":"","footer-sml-layout":"","ast-disable-related-posts":"","theme-transparent-header-meta":"default","adv-header-id-meta":"","stick-header-meta":"","header-above-stick-meta":"","header-main-stick-meta":"","header-below-stick-meta":"","astra-migrate-meta-layouts":"set","ast-page-background-enabled":"default","ast-page-background-meta":{"desktop":{"background-color":"var(--ast-global-color-4)","background-image":"","background-repeat":"repeat","background-position":"center center","background-size":"auto","background-attachment":"scroll","background-type":"","background-media":"","overlay-type":"","overlay-color":"","overlay-opacity":"","overlay-gradient":""},"tablet":{"background-color":"","background-image":"","background-repeat":"repeat","background-position":"center center","background-size":"auto","background-attachment":"scroll","background-type":"","background-media":"","overlay-type":"","overlay-color":"","overlay-opacity":"","overlay-gradient":""},"mobile":{"background-color":"","background-image":"","background-repeat":"repeat","background-position":"center center","background-size":"auto","background-attachment":"scroll","background-type":"","background-media":"","overlay-type":"","overlay-color":"","overlay-opacity":"","overlay-gradient":""}},"ast-content-background-meta":{"desktop":{"background-color":"var(--ast-global-color-5)","background-image":"","background-repeat":"repeat","background-position":"center center","background-size":"auto","background-attachment":"scroll","background-type":"","background-media":"","overlay-type":"","overlay-color":"","overlay-opacity":"","overlay-gradient":""},"tablet":{"background-color":"var(--ast-global-color-5)","background-image":"","background-repeat":"repeat","background-position":"center center","background-size":"auto","background-attachment":"scroll","background-type":"","background-media":"","overlay-type":"","overlay-color":"","overlay-opacity":"","overlay-gradient":""},"mobile":{"background-color":"var(--ast-global-color-5)","background-image":"","background-repeat":"repeat","background-position":"center center","background-size":"auto","background-attachment":"scroll","background-type":"","background-media":"","overlay-type":"","overlay-color":"","overlay-opacity":"","overlay-gradient":""}}},"product_brand":[],"product_cat":[96,97,74],"product_tag":[],"class_list":{"0":"post-3043","1":"product","2":"type-product","3":"status-publish","4":"has-post-thumbnail","6":"product_cat-brands","7":"product_cat-naole","8":"product_cat-oxygen-ceuticals","9":"desktop-align-left","10":"tablet-align-left","11":"mobile-align-left","13":"first","14":"instock","15":"taxable","16":"shipping-taxable","17":"product-type-simple","18":"add-to-wishlist-before_image"},"uagb_featured_image_src":{"full":["https:\/\/kosmeetika24.com\/wp-content\/uploads\/2024\/01\/pp-kreem.jpg",600,600,false],"thumbnail":["https:\/\/kosmeetika24.com\/wp-content\/uploads\/2024\/01\/pp-kreem-150x150.jpg",150,150,true],"medium":["https:\/\/kosmeetika24.com\/wp-content\/uploads\/2024\/01\/pp-kreem-300x300.jpg",300,300,true],"medium_large":["https:\/\/kosmeetika24.com\/wp-content\/uploads\/2024\/01\/pp-kreem.jpg",600,600,false],"large":["https:\/\/kosmeetika24.com\/wp-content\/uploads\/2024\/01\/pp-kreem.jpg",600,600,false],"1536x1536":["https:\/\/kosmeetika24.com\/wp-content\/uploads\/2024\/01\/pp-kreem.jpg",600,600,false],"2048x2048":["https:\/\/kosmeetika24.com\/wp-content\/uploads\/2024\/01\/pp-kreem.jpg",600,600,false],"trp-custom-language-flag":["https:\/\/kosmeetika24.com\/wp-content\/uploads\/2024\/01\/pp-kreem-12x12.jpg",12,12,true],"woocommerce_thumbnail":["https:\/\/kosmeetika24.com\/wp-content\/uploads\/2024\/01\/pp-kreem-300x300.jpg",300,300,true],"woocommerce_single":["https:\/\/kosmeetika24.com\/wp-content\/uploads\/2024\/01\/pp-kreem-500x500.jpg",500,500,true],"woocommerce_gallery_thumbnail":["https:\/\/kosmeetika24.com\/wp-content\/uploads\/2024\/01\/pp-kreem-100x100.jpg",100,100,true]},"uagb_author_info":{"display_name":"admin","author_link":"https:\/\/kosmeetika24.com\/fi\/author\/"},"uagb_comment_info":0,"uagb_excerpt":"T\u00e4iuslik niisutaja protseduurij\u00e4rgse seisundi parandamiseks v\u00f5i kuiva naha toitmiseks. Aitab suurendada naha kaitsebarj\u00e4\u00e4ri, elastsust, parandab naha uuendamist ja annab s\u00e4rava jume. &nbsp; 50 ml","_links":{"self":[{"href":"https:\/\/kosmeetika24.com\/fi\/wp-json\/wp\/v2\/product\/3043","targetHints":{"allow":["GET"]}}],"collection":[{"href":"https:\/\/kosmeetika24.com\/fi\/wp-json\/wp\/v2\/product"}],"about":[{"href":"https:\/\/kosmeetika24.com\/fi\/wp-json\/wp\/v2\/types\/product"}],"replies":[{"embeddable":true,"href":"https:\/\/kosmeetika24.com\/fi\/wp-json\/wp\/v2\/comments?post=3043"}],"version-history":[{"count":1,"href":"https:\/\/kosmeetika24.com\/fi\/wp-json\/wp\/v2\/product\/3043\/revisions"}],"predecessor-version":[{"id":4545,"href":"https:\/\/kosmeetika24.com\/fi\/wp-json\/wp\/v2\/product\/3043\/revisions\/4545"}],"wp:featuredmedia":[{"embeddable":true,"href":"https:\/\/kosmeetika24.com\/fi\/wp-json\/wp\/v2\/media\/3044"}],"wp:attachment":[{"href":"https:\/\/kosmeetika24.com\/fi\/wp-json\/wp\/v2\/media?parent=3043"}],"wp:term":[{"taxonomy":"product_brand","embeddable":true,"href":"https:\/\/kosmeetika24.com\/fi\/wp-json\/wp\/v2\/product_brand?post=3043"},{"taxonomy":"product_cat","embeddable":true,"href":"https:\/\/kosmeetika24.com\/fi\/wp-json\/wp\/v2\/product_cat?post=3043"},{"taxonomy":"product_tag","embeddable":true,"href":"https:\/\/kosmeetika24.com\/fi\/wp-json\/wp\/v2\/product_tag?post=3043"}],"curies":[{"name":"wp","href":"https:\/\/api.w.org\/{rel}","templated":true}]}}