{"id":3039,"date":"2024-01-23T08:04:26","date_gmt":"2024-01-23T08:04:26","guid":{"rendered":"https:\/\/kosmeetika24.com\/?post_type=product&#038;p=3039"},"modified":"2025-12-23T12:42:28","modified_gmt":"2025-12-23T09:42:28","slug":"oxygen-ceuticals-kreem-kuperoossele-nahale-2","status":"publish","type":"product","link":"https:\/\/kosmeetika24.com\/fi\/tuote\/oxygen-ceuticals-kreem-kuperoossele-nahale-2\/","title":{"rendered":"OXYGEN CEUTICALS Kuperoosaihon voide"},"content":{"rendered":"<p class=\"translation-block\">Kreem <em>Cell Couperose Cream<\/em> on kosteuttava, rauhoittava ja parantaa ihon kimmoisuutta ja ihonv\u00e4ri\u00e4. Se sis\u00e4lt\u00e4\u00e4 7 kasviuutetta, jotka rauhoittavat ihoa ja v\u00e4hent\u00e4v\u00e4t herkkyytt\u00e4, kutinaa, punoitusta, kuivuutta ja ik\u00e4\u00e4ntymisen merkkej\u00e4.<\/p>\n<p>T\u00e4m\u00e4 on SOS-voide kuivalle ja punottavalle iholle, joka vahvistaa ja rauhoittaa hetkess\u00e4.<\/p>\n<p>Sopii kaikille ihotyypeille, erityisesti kuivalle ja herk\u00e4lle iholle sek\u00e4 iholle, jossa on ruusufinnin oireita.<\/p>\n<p><strong>VAIKUTTAVAT AINEET<\/strong><\/p>\n<ul>\n<li>Ceramide 3: SH-Oligopeptidi-1, E-vitamiini asetaatti.<\/li>\n<li>Vihre\u00e4n teen uutehdas<\/li>\n<li>Tomaattiuute<\/li>\n<li>Kaalin uute<\/li>\n<li>Porkkanauute<\/li>\n<li>Selleriuute<\/li>\n<li>Parsakaalin uute<\/li>\n<li>Ruskean riisin uute<\/li>\n<\/ul>\n<p><strong>Vaikutus<\/strong><\/p>\n<ul>\n<li>Ceramide 3 parantaa pitk\u00e4kestoista kosteutusta. Se suojaa ihoa ulkoisilta vaikutuksilta ja auttaa ihoa palautumaan.<\/li>\n<li>Vihre\u00e4n teen uutehdas, sen erinomaisilla rauhoittavilla ominaisuuksilla, auttaa suojaamaan ihoa.<\/li>\n<li>Tomaattiuute kosteuttaa ja parantaa ihon s\u00e4vy\u00e4.<\/li>\n<li>Kaalin uute sis\u00e4lt\u00e4\u00e4 C-vitamiinia ja parantaa ihon vaurioita.<\/li>\n<li>Porkkanauute kosteuttaa ja antaa iholle kimmoisuutta.<\/li>\n<li>Selleriuute antaa iholle A- ja C-vitamiinit sek\u00e4 kosteuttaa ihoa.<\/li>\n<li>Parsakaalin uute stimuloi kollageenin synteesi.<\/li>\n<li>Tavallisen riisin uute parantaa ihon rakennetta ja kosteuttaa.<\/li>\n<\/ul>\n<p><strong>K\u00e4ytt\u00f6<\/strong><\/p>\n<ul>\n<li>Levit\u00e4 voidetta kevyill\u00e4 hierontaliikkeill\u00e4 puhdistetulle iholle.<\/li>\n<li>Parhaan tuloksen saavuttamiseksi suositellaan k\u00e4ytett\u00e4v\u00e4ksi tuotteen kanssa. <a href=\"https:\/\/kosmeetika24.eu\/toode\/oxygen-ceuticals-couperosa-fluid\/\">OXYGEN CEUTICALS seerumi herk\u00e4lle ja vaurioituneelle iholle<\/a>\u00a0ja <a href=\"https:\/\/kosmeetika24.eu\/toode\/oxygen-ceuticals-moisture-aqua-serum\/\">OXYGEN CEUTICALS Kosteuttava seerumi<\/a><\/li>\n<\/ul>\n<p><strong>KOOSTS<\/strong><\/p>\n<p><span style=\"font-size: 14px;\">WATER, GLYCERIN, DIPROPYLENE GLYCOL, CETEARYL ALCOHOL, BEESWAX, CAMELLIA JAPONICA SEED OIL, LIMNANTHE ALBA (MEADOWFOAM) SEED OIL, 1,2-HEXANEDIOL, CETYL ETHYLHEXANOATE, CETEARYL GLUCOSIDE, DIMETHICONE, SODIUM HYALURONATE, GLYCERYL STEARATE, PEG-100 STEARATE, ARGININE, CARBOMER, OXYGEN, BUTYLENE GLYCOL, ACETYL HEXAPEPTIDE-8, CAMELLIA SINENSIS LEAF EXTRACT, APIUM GRAVEOLENS (CELERY) EXTRACT, BRASSICA OLERACEA CAPITATA (CABBAGE) LEAF EXTRACT, ORYZA SATIVA (RICE) EXTRACT, SOLANUM LYCOPERSICUM (TOMATO) FRUIT\/LEAF\/STEM EXTRACT, BRASSICA RAPA (TURNIP) LEAF EXTRACT, DAUCUS CAROTA SATIVA (CARROT) ROOT EXTRACT, BRASSICA OLERACEA ITALICA (BROCCOLI) EXTRACT, POLYACRYLATE-13, POLYISOBUTENE, POLYSORBATE 20, SORBITAN ISOSTEARATE, PALMITOYL TRIPEPTIDE-5, TOCOPHERYL ACETATE, CERAMIDE NP, CAPRYLIC\/CAPRIC TRIGLYCERIDE, HYDROGENATED LECITHIN, HYDROLYZED COLLAGEN, CHLORPHENESIN, ETHYLHEXYLGLYCERIN, PARFUM, DISODIUM EDTA.\u00a0<\/span><\/p>","protected":false},"excerpt":{"rendered":"<p>Voide auttaa v\u00e4hent\u00e4m\u00e4\u00e4n ihon herkkyytt\u00e4, kutinaa, punoitusta, kuivuutta ja ik\u00e4\u00e4ntymisen merkkej\u00e4.<\/p>\n<p>50 ml<\/p>","protected":false},"featured_media":3040,"comment_status":"open","ping_status":"closed","template":"","meta":{"_uag_custom_page_level_css":"","site-sidebar-layout":"default","site-content-layout":"","ast-site-content-layout":"default","site-content-style":"default","site-sidebar-style":"default","ast-global-header-display":"","ast-banner-title-visibility":"","ast-main-header-display":"","ast-hfb-above-header-display":"","ast-hfb-below-header-display":"","ast-hfb-mobile-header-display":"","site-post-title":"","ast-breadcrumbs-content":"","ast-featured-img":"","footer-sml-layout":"","ast-disable-related-posts":"","theme-transparent-header-meta":"default","adv-header-id-meta":"","stick-header-meta":"","header-above-stick-meta":"","header-main-stick-meta":"","header-below-stick-meta":"","astra-migrate-meta-layouts":"set","ast-page-background-enabled":"default","ast-page-background-meta":{"desktop":{"background-color":"var(--ast-global-color-4)","background-image":"","background-repeat":"repeat","background-position":"center center","background-size":"auto","background-attachment":"scroll","background-type":"","background-media":"","overlay-type":"","overlay-color":"","overlay-opacity":"","overlay-gradient":""},"tablet":{"background-color":"","background-image":"","background-repeat":"repeat","background-position":"center center","background-size":"auto","background-attachment":"scroll","background-type":"","background-media":"","overlay-type":"","overlay-color":"","overlay-opacity":"","overlay-gradient":""},"mobile":{"background-color":"","background-image":"","background-repeat":"repeat","background-position":"center center","background-size":"auto","background-attachment":"scroll","background-type":"","background-media":"","overlay-type":"","overlay-color":"","overlay-opacity":"","overlay-gradient":""}},"ast-content-background-meta":{"desktop":{"background-color":"var(--ast-global-color-5)","background-image":"","background-repeat":"repeat","background-position":"center center","background-size":"auto","background-attachment":"scroll","background-type":"","background-media":"","overlay-type":"","overlay-color":"","overlay-opacity":"","overlay-gradient":""},"tablet":{"background-color":"var(--ast-global-color-5)","background-image":"","background-repeat":"repeat","background-position":"center center","background-size":"auto","background-attachment":"scroll","background-type":"","background-media":"","overlay-type":"","overlay-color":"","overlay-opacity":"","overlay-gradient":""},"mobile":{"background-color":"var(--ast-global-color-5)","background-image":"","background-repeat":"repeat","background-position":"center center","background-size":"auto","background-attachment":"scroll","background-type":"","background-media":"","overlay-type":"","overlay-color":"","overlay-opacity":"","overlay-gradient":""}}},"product_brand":[],"product_cat":[96,97,74],"product_tag":[],"class_list":{"0":"post-3039","1":"product","2":"type-product","3":"status-publish","4":"has-post-thumbnail","6":"product_cat-brands","7":"product_cat-naole","8":"product_cat-oxygen-ceuticals","9":"desktop-align-left","10":"tablet-align-left","11":"mobile-align-left","13":"first","14":"instock","15":"taxable","16":"shipping-taxable","17":"product-type-simple","18":"add-to-wishlist-before_image"},"uagb_featured_image_src":{"full":["https:\/\/kosmeetika24.com\/wp-content\/uploads\/2024\/01\/cell-coup.jpg",600,600,false],"thumbnail":["https:\/\/kosmeetika24.com\/wp-content\/uploads\/2024\/01\/cell-coup-150x150.jpg",150,150,true],"medium":["https:\/\/kosmeetika24.com\/wp-content\/uploads\/2024\/01\/cell-coup-300x300.jpg",300,300,true],"medium_large":["https:\/\/kosmeetika24.com\/wp-content\/uploads\/2024\/01\/cell-coup.jpg",600,600,false],"large":["https:\/\/kosmeetika24.com\/wp-content\/uploads\/2024\/01\/cell-coup.jpg",600,600,false],"1536x1536":["https:\/\/kosmeetika24.com\/wp-content\/uploads\/2024\/01\/cell-coup.jpg",600,600,false],"2048x2048":["https:\/\/kosmeetika24.com\/wp-content\/uploads\/2024\/01\/cell-coup.jpg",600,600,false],"trp-custom-language-flag":["https:\/\/kosmeetika24.com\/wp-content\/uploads\/2024\/01\/cell-coup-12x12.jpg",12,12,true],"woocommerce_thumbnail":["https:\/\/kosmeetika24.com\/wp-content\/uploads\/2024\/01\/cell-coup-300x300.jpg",300,300,true],"woocommerce_single":["https:\/\/kosmeetika24.com\/wp-content\/uploads\/2024\/01\/cell-coup-500x500.jpg",500,500,true],"woocommerce_gallery_thumbnail":["https:\/\/kosmeetika24.com\/wp-content\/uploads\/2024\/01\/cell-coup-100x100.jpg",100,100,true]},"uagb_author_info":{"display_name":"admin","author_link":"https:\/\/kosmeetika24.com\/fi\/author\/"},"uagb_comment_info":0,"uagb_excerpt":"Kreem aitab v\u00e4hendada naha tundlikkust, s\u00fcgelust, punetust, kuivust ja vananemise m\u00e4rke. 50 ml","_links":{"self":[{"href":"https:\/\/kosmeetika24.com\/fi\/wp-json\/wp\/v2\/product\/3039","targetHints":{"allow":["GET"]}}],"collection":[{"href":"https:\/\/kosmeetika24.com\/fi\/wp-json\/wp\/v2\/product"}],"about":[{"href":"https:\/\/kosmeetika24.com\/fi\/wp-json\/wp\/v2\/types\/product"}],"replies":[{"embeddable":true,"href":"https:\/\/kosmeetika24.com\/fi\/wp-json\/wp\/v2\/comments?post=3039"}],"version-history":[{"count":2,"href":"https:\/\/kosmeetika24.com\/fi\/wp-json\/wp\/v2\/product\/3039\/revisions"}],"predecessor-version":[{"id":4546,"href":"https:\/\/kosmeetika24.com\/fi\/wp-json\/wp\/v2\/product\/3039\/revisions\/4546"}],"wp:featuredmedia":[{"embeddable":true,"href":"https:\/\/kosmeetika24.com\/fi\/wp-json\/wp\/v2\/media\/3040"}],"wp:attachment":[{"href":"https:\/\/kosmeetika24.com\/fi\/wp-json\/wp\/v2\/media?parent=3039"}],"wp:term":[{"taxonomy":"product_brand","embeddable":true,"href":"https:\/\/kosmeetika24.com\/fi\/wp-json\/wp\/v2\/product_brand?post=3039"},{"taxonomy":"product_cat","embeddable":true,"href":"https:\/\/kosmeetika24.com\/fi\/wp-json\/wp\/v2\/product_cat?post=3039"},{"taxonomy":"product_tag","embeddable":true,"href":"https:\/\/kosmeetika24.com\/fi\/wp-json\/wp\/v2\/product_tag?post=3039"}],"curies":[{"name":"wp","href":"https:\/\/api.w.org\/{rel}","templated":true}]}}