{"id":3035,"date":"2024-01-23T07:57:33","date_gmt":"2024-01-23T07:57:33","guid":{"rendered":"https:\/\/kosmeetika24.com\/?post_type=product&#038;p=3035"},"modified":"2025-07-02T09:39:02","modified_gmt":"2025-07-02T06:39:02","slug":"oxygen-ceuticals-antioksudantne-vananemisvastane-kreem-2","status":"publish","type":"product","link":"https:\/\/kosmeetika24.com\/fi\/tuote\/oxygen-ceuticals-antioksudantne-vananemisvastane-kreem-2\/","title":{"rendered":"OXYGEN CEUTICALS Antioksidanttinen ik\u00e4\u00e4ntymist\u00e4 est\u00e4v\u00e4 voide"},"content":{"rendered":"<p>Ik\u00e4\u00e4ntymist\u00e4 ehk\u00e4isev\u00e4 kevyt <em>Anti-Oxidant Cream<\/em> kosteuttaa, suojaa ihoa vapailta radikaaleilta, tasoittaa ihon s\u00e4vy\u00e4 ja antaa soluillle elinvoimaa. Se j\u00e4tt\u00e4\u00e4 iholle samettisen, raikkaan ja kosteutetun tunteen.<\/p>\n<p>Ihanteellinen ik\u00e4\u00e4ntyv\u00e4lle, samealle ja elottomalle iholle.<\/p>\n<p><strong>VAIKUTTAVAT AINEET<\/strong><\/p>\n<ul>\n<li>Peptidit<\/li>\n<li>Adenosiini<\/li>\n<li>Tomaattiuute<\/li>\n<li>Skvalaani<\/li>\n<li>Likopeni<\/li>\n<li>Sh-Oligopeptidi-1<\/li>\n<li>Happi<\/li>\n<\/ul>\n<p><strong>Vaikutus<\/strong><\/p>\n<ul>\n<li>Peptidit hidastavat ik\u00e4\u00e4ntymisprosessia ja auttavat silottamaan jo olemassa olevia ryppyj\u00e4.<\/li>\n<li>\u0410\u0434\u0435\u043d\u043e\u0437\u0438\u043d \u0432\u043e\u0441\u0441\u0442\u0430\u043d\u0430\u0432\u043b\u0438\u0432\u0430\u0435\u0442 \u0443\u0441\u0442\u0430\u043b\u0443\u044e \u043a\u043e\u0436\u0443 \u0438 \u043f\u043e\u0432\u044b\u0448\u0430\u0435\u0442 \u0435\u0451 \u044d\u043b\u0430\u0441\u0442\u0438\u0447\u043d\u043e\u0441\u0442\u044c.<\/li>\n<li>Tomaattiuute kosteuttaa ja parantaa ihon s\u00e4vy\u00e4.<\/li>\n<li>Skvalaani tukee ihon suojaavaa toimintoa. J\u00e4tt\u00e4\u00e4 ihon pehme\u00e4ksi ja silkkiseksi.<\/li>\n<li>Likopene on luonnollinen antioksidantti, joka vastaa hyv\u00e4n mielialan yll\u00e4pidosta ja est\u00e4\u00e4 pigmenttit\u00e4plien muodostumista. Se auttaa palauttamaan vaurioitunutta ja herk\u00e4\u00e4 ihoa sek\u00e4 antaa elinvoimaa ja elastisuutta v\u00e4syneelle iholle.<\/li>\n<li>Sh-Oligopeptidi-1 lis\u00e4\u00e4 ihon paranemisen ja uusiutumisen nopeutta sek\u00e4 hidastaa ik\u00e4\u00e4ntyv\u00e4n ihon ohentumista, v\u00e4hent\u00e4en n\u00e4in ryppyj\u00e4.<\/li>\n<li>Happi taistelee ik\u00e4\u00e4ntymisen n\u00e4kyvi\u00e4 merkkej\u00e4 vastaan, jotka johtuvat hapen huonosta liikkumisesta ihonalaisten hiussuonien ja ihon pintakerrosten v\u00e4lill\u00e4. Se stimuloi suoraan kollageenin ja elastaanin synteesi\u00e4 ihossa ja sill\u00e4 on tulehdusta est\u00e4v\u00e4 vaikutus.<\/li>\n<\/ul>\n<p><strong>K\u00e4ytt\u00f6<\/strong><\/p>\n<ul>\n<li>Levit\u00e4 voidetta puhdistetulle iholle kevyill\u00e4 hierovilla liikkeill\u00e4. Sopii k\u00e4ytett\u00e4v\u00e4ksi sek\u00e4 aamulla ett\u00e4 illalla.<\/li>\n<li>Parhaan tuloksen saavuttamiseksi yhdist\u00e4 tuotteen <a href=\"https:\/\/kosmeetika24.eu\/toode\/oxygen-ceuticals-skin-barrier-fluid\/\">OXYGEN CEUTICALS ik\u00e4\u00e4ntymist\u00e4 est\u00e4v\u00e4 seerumi<\/a>.<\/li>\n<\/ul>\n<p><strong>Ainesosat<\/strong><\/p>\n<p><span style=\"font-size: 14px;\">WATER, GLYCERIN, DIPROPYLENE GLYCOL, CETEARYL ALCOHOL, CETYL ETHYLHEXANOATE, BEESWAX, CYCLOMETHICONE, OXYGEN, BUTLENE GLYCOL, 1,2-HEXANEDIOL, PHYTOSQUALANE, LIMNANTHES ALBA (MEADOWFOAM) SEED OIL, GLYCERYL STEARATE, PEG-100 STEARATE, GLYCOSYL TREHALOSE, HYDROGENATED STARCH HYDROLYSATE, CARBOMER, CETEARYL GLUCOSIDE, DIMETHICONE\/VINYL DIMETHICONE CROSSPOLYMER, SODIUM HYALURONATE, DIMETHICONE, ARGININE, ALPINIA OFFICINARUM ROOT EXTRACT, TERMINALIA CHEBULA FRUIT EXTRAXT, PAEONIA SUFFRUTICOSA ROOT EXTRACT, DRYOPTERIS CRASSIRHIZOMA\u00a0 EXTRACT, DIPOTASSIUM GLYCYRRHIZATE, CAPRYLHYDROXAMIC ACID, CAPRYLYL GLYCOL, SOLANUM LYCOPERSICUM (TOMATO) CALLUS CULTURE EXTRACT, ACETYL HEXAPEPTIDE-8, BETAINE, XANTHAN GUM, DISODIUM EDTA, ADENOSINE.<\/span><\/p>","protected":false},"excerpt":{"rendered":"<p>oide kosteuttaa, suojaa ihoa vapailta radikaaleilta, tasoittaa ihon s\u00e4vy\u00e4 ja antaa soluillle elinvoimaa.<\/p>\n<p>50 ml<\/p>\n<p>&nbsp;<\/p>","protected":false},"featured_media":5343,"comment_status":"open","ping_status":"closed","template":"","meta":{"_uag_custom_page_level_css":"","site-sidebar-layout":"default","site-content-layout":"","ast-site-content-layout":"default","site-content-style":"default","site-sidebar-style":"default","ast-global-header-display":"","ast-banner-title-visibility":"","ast-main-header-display":"","ast-hfb-above-header-display":"","ast-hfb-below-header-display":"","ast-hfb-mobile-header-display":"","site-post-title":"","ast-breadcrumbs-content":"","ast-featured-img":"","footer-sml-layout":"","ast-disable-related-posts":"","theme-transparent-header-meta":"default","adv-header-id-meta":"","stick-header-meta":"","header-above-stick-meta":"","header-main-stick-meta":"","header-below-stick-meta":"","astra-migrate-meta-layouts":"set","ast-page-background-enabled":"default","ast-page-background-meta":{"desktop":{"background-color":"var(--ast-global-color-4)","background-image":"","background-repeat":"repeat","background-position":"center center","background-size":"auto","background-attachment":"scroll","background-type":"","background-media":"","overlay-type":"","overlay-color":"","overlay-opacity":"","overlay-gradient":""},"tablet":{"background-color":"","background-image":"","background-repeat":"repeat","background-position":"center center","background-size":"auto","background-attachment":"scroll","background-type":"","background-media":"","overlay-type":"","overlay-color":"","overlay-opacity":"","overlay-gradient":""},"mobile":{"background-color":"","background-image":"","background-repeat":"repeat","background-position":"center center","background-size":"auto","background-attachment":"scroll","background-type":"","background-media":"","overlay-type":"","overlay-color":"","overlay-opacity":"","overlay-gradient":""}},"ast-content-background-meta":{"desktop":{"background-color":"var(--ast-global-color-5)","background-image":"","background-repeat":"repeat","background-position":"center center","background-size":"auto","background-attachment":"scroll","background-type":"","background-media":"","overlay-type":"","overlay-color":"","overlay-opacity":"","overlay-gradient":""},"tablet":{"background-color":"var(--ast-global-color-5)","background-image":"","background-repeat":"repeat","background-position":"center center","background-size":"auto","background-attachment":"scroll","background-type":"","background-media":"","overlay-type":"","overlay-color":"","overlay-opacity":"","overlay-gradient":""},"mobile":{"background-color":"var(--ast-global-color-5)","background-image":"","background-repeat":"repeat","background-position":"center center","background-size":"auto","background-attachment":"scroll","background-type":"","background-media":"","overlay-type":"","overlay-color":"","overlay-opacity":"","overlay-gradient":""}}},"product_brand":[],"product_cat":[96,97,74],"product_tag":[],"class_list":{"0":"post-3035","1":"product","2":"type-product","3":"status-publish","4":"has-post-thumbnail","6":"product_cat-brands","7":"product_cat-naole","8":"product_cat-oxygen-ceuticals","9":"desktop-align-left","10":"tablet-align-left","11":"mobile-align-left","13":"first","14":"instock","15":"taxable","16":"shipping-taxable","17":"product-type-simple","18":"add-to-wishlist-before_image"},"uagb_featured_image_src":{"full":["https:\/\/kosmeetika24.com\/wp-content\/uploads\/2024\/01\/advanced-OXY2-e1714633954650.jpg",1000,1000,false],"thumbnail":["https:\/\/kosmeetika24.com\/wp-content\/uploads\/2024\/01\/advanced-OXY2-e1714633954650-150x150.jpg",150,150,true],"medium":["https:\/\/kosmeetika24.com\/wp-content\/uploads\/2024\/01\/advanced-OXY2-e1714633954650-300x300.jpg",300,300,true],"medium_large":["https:\/\/kosmeetika24.com\/wp-content\/uploads\/2024\/01\/advanced-OXY2-e1714633954650-768x768.jpg",768,768,true],"large":["https:\/\/kosmeetika24.com\/wp-content\/uploads\/2024\/01\/advanced-OXY2-1024x695.jpg",1024,695,true],"1536x1536":["https:\/\/kosmeetika24.com\/wp-content\/uploads\/2024\/01\/advanced-OXY2-1536x1043.jpg",1536,1043,true],"2048x2048":["https:\/\/kosmeetika24.com\/wp-content\/uploads\/2024\/01\/advanced-OXY2-e1714633954650.jpg",1000,1000,false],"trp-custom-language-flag":["https:\/\/kosmeetika24.com\/wp-content\/uploads\/2024\/01\/advanced-OXY2-e1714633954650-12x12.jpg",12,12,true],"woocommerce_thumbnail":["https:\/\/kosmeetika24.com\/wp-content\/uploads\/2024\/01\/advanced-OXY2-e1714633954650-300x300.jpg",300,300,true],"woocommerce_single":["https:\/\/kosmeetika24.com\/wp-content\/uploads\/2024\/01\/advanced-OXY2-e1714633954650-500x500.jpg",500,500,true],"woocommerce_gallery_thumbnail":["https:\/\/kosmeetika24.com\/wp-content\/uploads\/2024\/01\/advanced-OXY2-e1714633954650-100x100.jpg",100,100,true]},"uagb_author_info":{"display_name":"admin","author_link":"https:\/\/kosmeetika24.com\/fi\/author\/"},"uagb_comment_info":0,"uagb_excerpt":"Kreem niisutab, kaitseb nahka vabade radikaalide eest, muudab nahatooni \u00fchtlasemaks ja annab rakkudele eluj\u00f5udu. 50 ml &nbsp;","_links":{"self":[{"href":"https:\/\/kosmeetika24.com\/fi\/wp-json\/wp\/v2\/product\/3035","targetHints":{"allow":["GET"]}}],"collection":[{"href":"https:\/\/kosmeetika24.com\/fi\/wp-json\/wp\/v2\/product"}],"about":[{"href":"https:\/\/kosmeetika24.com\/fi\/wp-json\/wp\/v2\/types\/product"}],"replies":[{"embeddable":true,"href":"https:\/\/kosmeetika24.com\/fi\/wp-json\/wp\/v2\/comments?post=3035"}],"version-history":[{"count":1,"href":"https:\/\/kosmeetika24.com\/fi\/wp-json\/wp\/v2\/product\/3035\/revisions"}],"predecessor-version":[{"id":4549,"href":"https:\/\/kosmeetika24.com\/fi\/wp-json\/wp\/v2\/product\/3035\/revisions\/4549"}],"wp:featuredmedia":[{"embeddable":true,"href":"https:\/\/kosmeetika24.com\/fi\/wp-json\/wp\/v2\/media\/5343"}],"wp:attachment":[{"href":"https:\/\/kosmeetika24.com\/fi\/wp-json\/wp\/v2\/media?parent=3035"}],"wp:term":[{"taxonomy":"product_brand","embeddable":true,"href":"https:\/\/kosmeetika24.com\/fi\/wp-json\/wp\/v2\/product_brand?post=3035"},{"taxonomy":"product_cat","embeddable":true,"href":"https:\/\/kosmeetika24.com\/fi\/wp-json\/wp\/v2\/product_cat?post=3035"},{"taxonomy":"product_tag","embeddable":true,"href":"https:\/\/kosmeetika24.com\/fi\/wp-json\/wp\/v2\/product_tag?post=3035"}],"curies":[{"name":"wp","href":"https:\/\/api.w.org\/{rel}","templated":true}]}}