{"id":3011,"date":"2024-01-23T07:51:41","date_gmt":"2024-01-23T07:51:41","guid":{"rendered":"https:\/\/kosmeetika24.com\/?post_type=product&#038;p=3011"},"modified":"2025-07-02T09:39:39","modified_gmt":"2025-07-02T06:39:39","slug":"oxygen-ceuticals-paikesekaitsekreem-spf-50","status":"publish","type":"product","link":"https:\/\/kosmeetika24.com\/fi\/tuote\/oxygen-ceuticals-paikesekaitsekreem-spf-50\/","title":{"rendered":"OXYGEN CEUTICALS aurinkovoide SPF 50"},"content":{"rendered":"<p>Aurinkovoiteella<em> TP Sun Cream SPF 50<\/em> kanssa iho tuntuu kosteutetulta ilman \u00f6ljyisyytt\u00e4! Se taistelee valovanhentumista vastaan ja antaa iholle terveellisen ulkon\u00e4\u00f6n. T\u00e4m\u00e4 helposti levitett\u00e4v\u00e4 voide sopii p\u00e4ivitt\u00e4iseen k\u00e4ytt\u00f6\u00f6n kasvoilla ja keholla.<\/p>\n<p>Sopii kaikille ihotyypeille.<\/p>\n<p><strong>VAIKUTTAVAT AINEET<\/strong><\/p>\n<ul>\n<li>Hyaluronihappo<\/li>\n<li>Allantoiini<\/li>\n<li>Tokoferyyliasetaatti<\/li>\n<li>Titaanidioksidi<\/li>\n<li>Vihre\u00e4n teen uutehdas<\/li>\n<li>UVA- ja UVB-s\u00e4teily<\/li>\n<\/ul>\n<p><strong>Vaikutus<\/strong><\/p>\n<ul>\n<li>Hyaluronihappo elvytt\u00e4\u00e4 ja kosteuttaa ihoa.<\/li>\n<li>Allantoiini on tulehdusta ehk\u00e4isevi\u00e4 ominaisuuksia, se rauhoittaa ihon \u00e4rsytyst\u00e4, kosteuttaa, silottaa ja palauttaa ihoa.<\/li>\n<li>Vihre\u00e4n teen uutehdas, sen erinomaisilla rauhoittavilla ominaisuuksilla, auttaa suojaamaan ihoa.<\/li>\n<li>Tokoferyyliatsetaatti sitoo vapaita radikaale, tukee solujen uudistumista ja soluhengityst\u00e4.<\/li>\n<li>Titaanidioksidilla on kirkastava vaikutus ja se toimii UV-suodattimena.<\/li>\n<li>Vihre\u00e4n teen uuteekstrakti: Eritt\u00e4in hyv\u00e4 luonnollinen antioksidantti. Se toimii tulehduksenvastaisesti ja suojaa UV-s\u00e4teilylt\u00e4.<\/li>\n<li>Kreemi suojaa ihoa UVA-s\u00e4teilt\u00e4, jotka aiheuttavat ennenaikaista ik\u00e4\u00e4ntymist\u00e4, ja UVB-s\u00e4teilt\u00e4, jotka stimuloivat melaniinin tuotantoa.<\/li>\n<\/ul>\n<p><strong>K\u00e4ytt\u00f6<\/strong><\/p>\n<ul>\n<li>Levit\u00e4 iholle 30 minuuttia ennen auringonvalolle altistumista, levitt\u00e4en tuotteen tasaisesti iholle. K\u00e4yt\u00e4 tarpeen mukaan.<\/li>\n<li>Levit\u00e4 tasaisesti kasvoille ja kaulalle 15 minuuttia ennen meikki\u00e4 aamulla. Sopii k\u00e4ytett\u00e4v\u00e4ksi tuotteen kanssa <a href=\"https:\/\/kosmeetika24.eu\/toode\/oxygen-ceuticals-pp-cream-palsam-nahale\/\">OXYGEN CEUTICALS voide iholle (PP-voide)<\/a>.<\/li>\n<\/ul>\n<p><strong>Ainesosat<\/strong><\/p>\n<p><span style=\"font-size: 14px;\">WATER, DIPROPYLENE GLYCOL, ETHYLHEXYL METHOXYCINNAMATE, TITANIUM DIOXIDE, 4-METHYLBENZYLIDENE CAMPHOR, C12-15 ALKYL BENZOATE, CETEARYL ALCOHOL, CETEARYL OLIVATE, BUTYLENE GLYCOL, CYCLOPENTASILOXANE, 1,2-HEXANEDIOL, SORBITAN OLIVATE, BEESWAX, POLYSORBATE 60, TOCOPHERYL ACETATE, BIS-ETHYLHEXYLOXYPHENOL METHOXYPHENYL TRIAZINE, OXYGEN, PANTHENOL, CAPRYLYL GLYCOL, SODIUM HYALURONATE, ALLANTOIN, HYDROXYETHYL ACRYLATE \/SODIUM ACRYLOYLDIMETHYL TAURATE COPOLYMER, CYCLOHEXASILOXANE, PORTULACA OLERACEA EXTRACT, HYDROGENATED POLYDECENE, ALUMINIUM HYDROXIDE, CHLORPHENESIN, CITRIC ACID, STEARIC ACID, CETEARYL GLUCOSIDE, ALOE BARBADENSIS LEAF JUICE POWDER, SORBITAN ISOSTEARATE, PENTYLENE GLYCOL, SODIUM POLYACRYLATE, TRIECETH-6, LAURETH-23, ETHYLHEXYLGLYCERIN, AUREOBASIDIUM PULLULANS FERMENT, PACHYRRHIZUS EROSUS ROOT EXTRACT, IMPATIENS BALSAMINA FLOWER EXTRACT, LEPIDIUM MEYENII ROOT EXTRACT, ERIOBOTRYA JAPONICA LEAF EXTRACT, ROSA MULTIFLORA FRUIT EXTRACT, DIMETHICONE \/VINYL DIMETHICONE CROSSPOLYMER, DIMETHICONE, DECYLENE GLYCOL, PARFUM.<\/span><\/p>","protected":false},"excerpt":{"rendered":"<p>\u00d6ljyt\u00f6n aurinkovoide kasvoille ja vartalolle.<\/p>\n<p>&nbsp;<\/p>\n<p>50 ml<\/p>","protected":false},"featured_media":3030,"comment_status":"open","ping_status":"closed","template":"","meta":{"_uag_custom_page_level_css":"","site-sidebar-layout":"default","site-content-layout":"","ast-site-content-layout":"default","site-content-style":"default","site-sidebar-style":"default","ast-global-header-display":"","ast-banner-title-visibility":"","ast-main-header-display":"","ast-hfb-above-header-display":"","ast-hfb-below-header-display":"","ast-hfb-mobile-header-display":"","site-post-title":"","ast-breadcrumbs-content":"","ast-featured-img":"","footer-sml-layout":"","ast-disable-related-posts":"","theme-transparent-header-meta":"","adv-header-id-meta":"","stick-header-meta":"","header-above-stick-meta":"","header-main-stick-meta":"","header-below-stick-meta":"","astra-migrate-meta-layouts":"default","ast-page-background-enabled":"default","ast-page-background-meta":{"desktop":{"background-color":"var(--ast-global-color-4)","background-image":"","background-repeat":"repeat","background-position":"center center","background-size":"auto","background-attachment":"scroll","background-type":"","background-media":"","overlay-type":"","overlay-color":"","overlay-opacity":"","overlay-gradient":""},"tablet":{"background-color":"","background-image":"","background-repeat":"repeat","background-position":"center center","background-size":"auto","background-attachment":"scroll","background-type":"","background-media":"","overlay-type":"","overlay-color":"","overlay-opacity":"","overlay-gradient":""},"mobile":{"background-color":"","background-image":"","background-repeat":"repeat","background-position":"center center","background-size":"auto","background-attachment":"scroll","background-type":"","background-media":"","overlay-type":"","overlay-color":"","overlay-opacity":"","overlay-gradient":""}},"ast-content-background-meta":{"desktop":{"background-color":"var(--ast-global-color-5)","background-image":"","background-repeat":"repeat","background-position":"center center","background-size":"auto","background-attachment":"scroll","background-type":"","background-media":"","overlay-type":"","overlay-color":"","overlay-opacity":"","overlay-gradient":""},"tablet":{"background-color":"var(--ast-global-color-5)","background-image":"","background-repeat":"repeat","background-position":"center center","background-size":"auto","background-attachment":"scroll","background-type":"","background-media":"","overlay-type":"","overlay-color":"","overlay-opacity":"","overlay-gradient":""},"mobile":{"background-color":"var(--ast-global-color-5)","background-image":"","background-repeat":"repeat","background-position":"center center","background-size":"auto","background-attachment":"scroll","background-type":"","background-media":"","overlay-type":"","overlay-color":"","overlay-opacity":"","overlay-gradient":""}}},"product_brand":[],"product_cat":[96,98,97,74],"product_tag":[],"class_list":{"0":"post-3011","1":"product","2":"type-product","3":"status-publish","4":"has-post-thumbnail","6":"product_cat-brands","7":"product_cat-kehale","8":"product_cat-naole","9":"product_cat-oxygen-ceuticals","10":"desktop-align-left","11":"tablet-align-left","12":"mobile-align-left","14":"first","15":"instock","16":"taxable","17":"shipping-taxable","18":"product-type-simple","19":"add-to-wishlist-before_image"},"uagb_featured_image_src":{"full":["https:\/\/kosmeetika24.com\/wp-content\/uploads\/2024\/01\/TP-Sun-Cream.jpg",600,600,false],"thumbnail":["https:\/\/kosmeetika24.com\/wp-content\/uploads\/2024\/01\/TP-Sun-Cream-150x150.jpg",150,150,true],"medium":["https:\/\/kosmeetika24.com\/wp-content\/uploads\/2024\/01\/TP-Sun-Cream-300x300.jpg",300,300,true],"medium_large":["https:\/\/kosmeetika24.com\/wp-content\/uploads\/2024\/01\/TP-Sun-Cream.jpg",600,600,false],"large":["https:\/\/kosmeetika24.com\/wp-content\/uploads\/2024\/01\/TP-Sun-Cream.jpg",600,600,false],"1536x1536":["https:\/\/kosmeetika24.com\/wp-content\/uploads\/2024\/01\/TP-Sun-Cream.jpg",600,600,false],"2048x2048":["https:\/\/kosmeetika24.com\/wp-content\/uploads\/2024\/01\/TP-Sun-Cream.jpg",600,600,false],"trp-custom-language-flag":["https:\/\/kosmeetika24.com\/wp-content\/uploads\/2024\/01\/TP-Sun-Cream-12x12.jpg",12,12,true],"woocommerce_thumbnail":["https:\/\/kosmeetika24.com\/wp-content\/uploads\/2024\/01\/TP-Sun-Cream-300x300.jpg",300,300,true],"woocommerce_single":["https:\/\/kosmeetika24.com\/wp-content\/uploads\/2024\/01\/TP-Sun-Cream-500x500.jpg",500,500,true],"woocommerce_gallery_thumbnail":["https:\/\/kosmeetika24.com\/wp-content\/uploads\/2024\/01\/TP-Sun-Cream-100x100.jpg",100,100,true]},"uagb_author_info":{"display_name":"admin","author_link":"https:\/\/kosmeetika24.com\/fi\/author\/"},"uagb_comment_info":0,"uagb_excerpt":"\u00d5livaba p\u00e4ikesekaitsekreem n\u00e4ole ja kehale. &nbsp; 50 ml","_links":{"self":[{"href":"https:\/\/kosmeetika24.com\/fi\/wp-json\/wp\/v2\/product\/3011","targetHints":{"allow":["GET"]}}],"collection":[{"href":"https:\/\/kosmeetika24.com\/fi\/wp-json\/wp\/v2\/product"}],"about":[{"href":"https:\/\/kosmeetika24.com\/fi\/wp-json\/wp\/v2\/types\/product"}],"replies":[{"embeddable":true,"href":"https:\/\/kosmeetika24.com\/fi\/wp-json\/wp\/v2\/comments?post=3011"}],"version-history":[{"count":1,"href":"https:\/\/kosmeetika24.com\/fi\/wp-json\/wp\/v2\/product\/3011\/revisions"}],"predecessor-version":[{"id":4550,"href":"https:\/\/kosmeetika24.com\/fi\/wp-json\/wp\/v2\/product\/3011\/revisions\/4550"}],"wp:featuredmedia":[{"embeddable":true,"href":"https:\/\/kosmeetika24.com\/fi\/wp-json\/wp\/v2\/media\/3030"}],"wp:attachment":[{"href":"https:\/\/kosmeetika24.com\/fi\/wp-json\/wp\/v2\/media?parent=3011"}],"wp:term":[{"taxonomy":"product_brand","embeddable":true,"href":"https:\/\/kosmeetika24.com\/fi\/wp-json\/wp\/v2\/product_brand?post=3011"},{"taxonomy":"product_cat","embeddable":true,"href":"https:\/\/kosmeetika24.com\/fi\/wp-json\/wp\/v2\/product_cat?post=3011"},{"taxonomy":"product_tag","embeddable":true,"href":"https:\/\/kosmeetika24.com\/fi\/wp-json\/wp\/v2\/product_tag?post=3011"}],"curies":[{"name":"wp","href":"https:\/\/api.w.org\/{rel}","templated":true}]}}