{"id":2898,"date":"2024-01-22T13:38:55","date_gmt":"2024-01-22T13:38:55","guid":{"rendered":"https:\/\/kosmeetika24.com\/?post_type=product&#038;p=2898"},"modified":"2025-12-23T12:49:15","modified_gmt":"2025-12-23T09:49:15","slug":"oxygen-ceuticals-hapniku-hualuroonhappega-geel-2","status":"publish","type":"product","link":"https:\/\/kosmeetika24.com\/fi\/tuote\/oxygen-ceuticals-hapniku-hualuroonhappega-geel-2\/","title":{"rendered":"OXYGEN CEUTICALS happi-hyaluronihappogeeli"},"content":{"rendered":"<p>Happi-hyaluronihappogeeli <em>HA Gel<\/em> tasoittaa ryppyj\u00e4, kosteuttaa syv\u00e4lt\u00e4 ja tekee ihosta hehkuvan. Parantaa ihon elastisuutta ja suojaavaa kyky\u00e4. Geelin 10 % hyaluronihappopitoisuus sitoo vett\u00e4 useita kertoja tehokkaammin kuin vastaavat tuotteet.<\/p>\n<p>Sopii kaikille ihotyypeille, erityisesti kuivalle ja ik\u00e4\u00e4ntyv\u00e4lle iholle.<\/p>\n<p>Ei tule k\u00e4ytt\u00e4\u00e4 akneiholla.<\/p>\n<p><strong>VAIKUTTAVAT AINEET<\/strong><\/p>\n<ul>\n<li>Hyaluronihappo<\/li>\n<li>Niasiiniamidi<\/li>\n<li>Adenosiini<\/li>\n<li>Keraamidit<\/li>\n<li>Oligopeptidit<\/li>\n<li>Happi<\/li>\n<li>Hydrolysoitu kollageeni<\/li>\n<li>Tomaattien kantasolut<\/li>\n<\/ul>\n<p><strong>Vaikutus<\/strong><\/p>\n<ul>\n<li>Hyaluronihappo auttaa ihoa s\u00e4ilytt\u00e4m\u00e4\u00e4n kosteuden ja tasapainottamaan pH-tasoa.<\/li>\n<li>Niasiiniamidi kirkastaa ihoa, auttaa v\u00e4hent\u00e4m\u00e4\u00e4n pigmentaatiota ja stimuloi kollageenin tuotantoa.<\/li>\n<li>Adenosiini parantaa ihon elastisuutta ja antaa iholle elinvoimaa.<\/li>\n<li>Keraamid suojaavat ulkoisia tekij\u00f6it\u00e4 vastaan ja tarjoavat kosteutusta.<\/li>\n<li>Oligopeptidit vahvistavat ihon suojaesteit\u00e4 ja antavat sille elastisuutta ja elinvoimaa.<\/li>\n<li>Happi taistelee ik\u00e4\u00e4ntymisen n\u00e4kyvi\u00e4 merkkej\u00e4 vastaan, jotka johtuvat hapen huonosta liikkumisesta ihonalaisten hiussuonien ja ihon pintakerrosten v\u00e4lill\u00e4. Se stimuloi suoraan kollageenin ja elastaanin synteesi\u00e4 ihossa ja sill\u00e4 on tulehdusta est\u00e4v\u00e4 vaikutus.<\/li>\n<li>Hydrolysoitu kollageeni auttaa ihoa lis\u00e4\u00e4m\u00e4\u00e4n kollageenin tuotantoa ja kollageenin kuitujen tiheytt\u00e4. Ihon s\u00e4vy tasoittuu, iho tulee elastisemmaksi ja hienot juonteet v\u00e4henev\u00e4t.<\/li>\n<li>Tomaattien kantasolut kosteuttavat ja parantavat ihon s\u00e4vy\u00e4.<\/li>\n<\/ul>\n<p><strong>K\u00e4ytt\u00f6<\/strong><\/p>\n<ul>\n<li>Ennen HA-geelin k\u00e4ytt\u00f6\u00e4 juo enemm\u00e4n nesteit\u00e4, jotta hoidon aikana saavutetaan ihon maksimaalinen kosteutus.<\/li>\n<li>P\u00e4ivitt\u00e4isess\u00e4 k\u00e4yt\u00f6ss\u00e4 puhdista iho pinta etuk\u00e4teen. Sekoita 1 osa tuotetta\u00a0<a href=\"https:\/\/kosmeetika24.eu\/toode\/oxygen-ceuticals-toning-gel-3\/\">OXYGEN CEUTICALS tonisoiva geeli 50ml<\/a> ja 2 osaa HA-geeli\u00e4. Hiero saadut seos iholle. Parhaan tuloksen saavuttamiseksi k\u00e4yt\u00e4 yhdess\u00e4 tuotteen kanssa\u00a0<a href=\"https:\/\/kosmeetika24.eu\/toode\/oxygen-ceuticals-anti-oxidant-cream-2\/\">OXYGEN CEUTICALS Antioksidanttinen ik\u00e4\u00e4ntymist\u00e4 est\u00e4v\u00e4 voide<\/a><\/li>\n<li>HA-geeli\u00e4 voi k\u00e4ytt\u00e4\u00e4 1-2 kertaa viikossa y\u00f6naamiona.<\/li>\n<li>Kasvoveten kosteutuksen parantamiseksi on suositeltavaa k\u00e4ytt\u00e4\u00e4 yhdess\u00e4 tuotteen kanssa <a href=\"https:\/\/kosmeetika24.eu\/toode\/oxygen-ceuticals-kahetoimeline-geelmask\/\">OXYGEN CEUTICALS samettinen kryogeelimaske<\/a>.<\/li>\n<\/ul>\n<p><strong>Ainesosat<\/strong><\/p>\n<p><span style=\"font-size: 14px;\">WATER, GLYCERIN, DIPROPYLENE GLYCOL, NIACINAMIDE, GLYCOSYL TREHALOSE, HYDROGENATED STARCH HYDROLYSATE, CAMELLIA JAPONICA SEED OIL, SODIUM HYALURONATE, GLYCERYL ACRYLATE\/ACRYLIC ACID COPOLYMER, OXYGEN, SH-OLIGOPEPTIDE-1, SOLANUM LYCOPERSICUM (TOMATO) CALLUS CULTURE EXTRACT, ACETYL HEXAPEPTIDE-8, HYDROLYZED COLLAGEN, ALOE BARBADENSIS LEAF EXTRACT, CENTELLA ASIATICA EXTRACT, PANTHENOL, ADENOSINE, ALLANTOIN, POLYGLUTAMIC ACID, UBIQUINONE, SORBITOL, GARDENIA FLORIDA FRUIT EXTRACT, DIPOTASSIUM GLYCYRRHIZATE, BETAINE, ARGININE, CARBOMER, CERAMIDE NP, UREA, CITRUS AURANTIUM BERGAMIA (BERGAMONT) FRUIT OIL, BUTYLENE GLYCOL, CAPRYLIC\/CAPRIC TRIGLYCERIDE, HYDROGENATED LECITHIN, ETHYLHEXYLGLYCERIN, LECITHIN, XANTHAN GUM, 1,2 HEXANEDIOL, PROPYLENE GLYCOL, POLYSORBATE 80, TOCOPHERUL ACETATE, CAPRYLHYDROXAMIC ACID, CAPRYLYL GLYCOL, SODIUM PHOSPHATE, DISODIUM EDTA, POLYACRYLATE-13, POLYISOBUTENE, POLYSORBATE 20, SORBITAN ISOSTEARATE.<\/span><\/p>","protected":false},"excerpt":{"rendered":"<p>Geeli tasoittaa ryppyj\u00e4, kosteuttaa syv\u00e4lt\u00e4 ja tekee ihosta hehkuvan<\/p>\n<p>&nbsp;<\/p>\n<p>50 ml<\/p>","protected":false},"featured_media":2899,"comment_status":"open","ping_status":"closed","template":"","meta":{"_uag_custom_page_level_css":"","site-sidebar-layout":"default","site-content-layout":"","ast-site-content-layout":"default","site-content-style":"default","site-sidebar-style":"default","ast-global-header-display":"","ast-banner-title-visibility":"","ast-main-header-display":"","ast-hfb-above-header-display":"","ast-hfb-below-header-display":"","ast-hfb-mobile-header-display":"","site-post-title":"","ast-breadcrumbs-content":"","ast-featured-img":"","footer-sml-layout":"","ast-disable-related-posts":"","theme-transparent-header-meta":"","adv-header-id-meta":"","stick-header-meta":"","header-above-stick-meta":"","header-main-stick-meta":"","header-below-stick-meta":"","astra-migrate-meta-layouts":"default","ast-page-background-enabled":"default","ast-page-background-meta":{"desktop":{"background-color":"var(--ast-global-color-4)","background-image":"","background-repeat":"repeat","background-position":"center center","background-size":"auto","background-attachment":"scroll","background-type":"","background-media":"","overlay-type":"","overlay-color":"","overlay-opacity":"","overlay-gradient":""},"tablet":{"background-color":"","background-image":"","background-repeat":"repeat","background-position":"center center","background-size":"auto","background-attachment":"scroll","background-type":"","background-media":"","overlay-type":"","overlay-color":"","overlay-opacity":"","overlay-gradient":""},"mobile":{"background-color":"","background-image":"","background-repeat":"repeat","background-position":"center center","background-size":"auto","background-attachment":"scroll","background-type":"","background-media":"","overlay-type":"","overlay-color":"","overlay-opacity":"","overlay-gradient":""}},"ast-content-background-meta":{"desktop":{"background-color":"var(--ast-global-color-5)","background-image":"","background-repeat":"repeat","background-position":"center center","background-size":"auto","background-attachment":"scroll","background-type":"","background-media":"","overlay-type":"","overlay-color":"","overlay-opacity":"","overlay-gradient":""},"tablet":{"background-color":"var(--ast-global-color-5)","background-image":"","background-repeat":"repeat","background-position":"center center","background-size":"auto","background-attachment":"scroll","background-type":"","background-media":"","overlay-type":"","overlay-color":"","overlay-opacity":"","overlay-gradient":""},"mobile":{"background-color":"var(--ast-global-color-5)","background-image":"","background-repeat":"repeat","background-position":"center center","background-size":"auto","background-attachment":"scroll","background-type":"","background-media":"","overlay-type":"","overlay-color":"","overlay-opacity":"","overlay-gradient":""}}},"product_brand":[],"product_cat":[96,97,74],"product_tag":[],"class_list":{"0":"post-2898","1":"product","2":"type-product","3":"status-publish","4":"has-post-thumbnail","6":"product_cat-brands","7":"product_cat-naole","8":"product_cat-oxygen-ceuticals","9":"desktop-align-left","10":"tablet-align-left","11":"mobile-align-left","13":"first","14":"instock","15":"taxable","16":"shipping-taxable","17":"product-type-simple","18":"add-to-wishlist-before_image"},"uagb_featured_image_src":{"full":["https:\/\/kosmeetika24.com\/wp-content\/uploads\/2024\/01\/Ha-gel.jpg",600,600,false],"thumbnail":["https:\/\/kosmeetika24.com\/wp-content\/uploads\/2024\/01\/Ha-gel-150x150.jpg",150,150,true],"medium":["https:\/\/kosmeetika24.com\/wp-content\/uploads\/2024\/01\/Ha-gel-300x300.jpg",300,300,true],"medium_large":["https:\/\/kosmeetika24.com\/wp-content\/uploads\/2024\/01\/Ha-gel.jpg",600,600,false],"large":["https:\/\/kosmeetika24.com\/wp-content\/uploads\/2024\/01\/Ha-gel.jpg",600,600,false],"1536x1536":["https:\/\/kosmeetika24.com\/wp-content\/uploads\/2024\/01\/Ha-gel.jpg",600,600,false],"2048x2048":["https:\/\/kosmeetika24.com\/wp-content\/uploads\/2024\/01\/Ha-gel.jpg",600,600,false],"trp-custom-language-flag":["https:\/\/kosmeetika24.com\/wp-content\/uploads\/2024\/01\/Ha-gel-12x12.jpg",12,12,true],"woocommerce_thumbnail":["https:\/\/kosmeetika24.com\/wp-content\/uploads\/2024\/01\/Ha-gel-300x300.jpg",300,300,true],"woocommerce_single":["https:\/\/kosmeetika24.com\/wp-content\/uploads\/2024\/01\/Ha-gel-500x500.jpg",500,500,true],"woocommerce_gallery_thumbnail":["https:\/\/kosmeetika24.com\/wp-content\/uploads\/2024\/01\/Ha-gel-100x100.jpg",100,100,true]},"uagb_author_info":{"display_name":"admin","author_link":"https:\/\/kosmeetika24.com\/fi\/author\/"},"uagb_comment_info":0,"uagb_excerpt":"Geel silub kortse, niisutab s\u00fcgavuti ja muudab naha s\u00e4ravaks. &nbsp; 50 ml","_links":{"self":[{"href":"https:\/\/kosmeetika24.com\/fi\/wp-json\/wp\/v2\/product\/2898","targetHints":{"allow":["GET"]}}],"collection":[{"href":"https:\/\/kosmeetika24.com\/fi\/wp-json\/wp\/v2\/product"}],"about":[{"href":"https:\/\/kosmeetika24.com\/fi\/wp-json\/wp\/v2\/types\/product"}],"replies":[{"embeddable":true,"href":"https:\/\/kosmeetika24.com\/fi\/wp-json\/wp\/v2\/comments?post=2898"}],"version-history":[{"count":1,"href":"https:\/\/kosmeetika24.com\/fi\/wp-json\/wp\/v2\/product\/2898\/revisions"}],"predecessor-version":[{"id":4552,"href":"https:\/\/kosmeetika24.com\/fi\/wp-json\/wp\/v2\/product\/2898\/revisions\/4552"}],"wp:featuredmedia":[{"embeddable":true,"href":"https:\/\/kosmeetika24.com\/fi\/wp-json\/wp\/v2\/media\/2899"}],"wp:attachment":[{"href":"https:\/\/kosmeetika24.com\/fi\/wp-json\/wp\/v2\/media?parent=2898"}],"wp:term":[{"taxonomy":"product_brand","embeddable":true,"href":"https:\/\/kosmeetika24.com\/fi\/wp-json\/wp\/v2\/product_brand?post=2898"},{"taxonomy":"product_cat","embeddable":true,"href":"https:\/\/kosmeetika24.com\/fi\/wp-json\/wp\/v2\/product_cat?post=2898"},{"taxonomy":"product_tag","embeddable":true,"href":"https:\/\/kosmeetika24.com\/fi\/wp-json\/wp\/v2\/product_tag?post=2898"}],"curies":[{"name":"wp","href":"https:\/\/api.w.org\/{rel}","templated":true}]}}