{"id":2796,"date":"2024-05-30T13:45:19","date_gmt":"2024-05-30T13:45:19","guid":{"rendered":"https:\/\/kosmeetika24.com\/?post_type=product&#038;p=2796"},"modified":"2025-07-02T11:02:49","modified_gmt":"2025-07-02T08:02:49","slug":"reveel-kaheosaline-puhastuskomplekt","status":"publish","type":"product","link":"https:\/\/kosmeetika24.com\/fi\/tuote\/reveel-kaheosaline-puhastuskomplekt\/","title":{"rendered":"Reveel kaksiosainen puhdistussetti"},"content":{"rendered":"<p><span class=\"Y2IQFc\" lang=\"et\">Kaksiosaisen <em>Cleansing Travel Kit<\/em> -tuotesarjan tuotteet tarjoavat intensiivisen kaksivaiheisen puhdistuksen ja valmistavat ihon seuraavan ihonhoitorutiinin vaikuttavien aineiden imeytymist\u00e4 varten. <\/span><\/p>\n<p><span class=\"Y2IQFc\" lang=\"et\">Kosteuttava puhdistusvaahto <strong>Moisturizing Cleansing Foam<\/strong>\u00a050 ml on hell\u00e4varainen, iholle yst\u00e4v\u00e4llinen puhdistusvaahto, joka tarjoaa perusteellisen syv\u00e4puhdistuksen poistaen lian ja kuolleet ihosolut sek\u00e4 silottaa ihohuokosia n\u00e4kyv\u00e4sti. Lis\u00e4ksi iho saa syv\u00e4kosteutusta ja valmistautuu seuraavaa ihonhoitoaskelta varten. <\/span><\/p>\n<p><span class=\"Y2IQFc\" lang=\"et\">Tasapainottava kasvovesi <strong>Balancing Facial Toner\u00a0<\/strong>50 ml tasapainottaa ihon mikrobioomia ja ihon pH-tasapainoa, jotta seuraavat hoitoaineet voivat imeyty\u00e4 ihoon. J\u00e4ljelle j\u00e4\u00e4neet lika-aitit poistetaan hell\u00e4sti, ja iho saa lis\u00e4kosteutusta.<\/span><\/p>\n<p><strong>K\u00e4ytt\u00f6<\/strong><\/p>\n<p><span class=\"Y2IQFc\" lang=\"et\">Puhdistuksen j\u00e4lkeen kosteuttavalla puhdistusaineella, levit\u00e4 2 pumppausta Balancing Facial Toneria vanulapulle ja levit\u00e4 hell\u00e4varaisesti kasvoille.<\/span><\/p>\n<p><strong>Ainesosat\u00a0<\/strong><\/p>\n<p>Aqua, Pentylene Glycol, Maltooligosyl Glucoside, Betaine, Inulin, Hydrogenated Starch Hydrolysate, Panthenol, Lactic Acid, Sodium Pca, Pca, Fructose, Serine, Alanine, Glycine, Glutamic Acid, Lysine Hci, Threonine, Arginine, Citric Acid, Sodium Hyaluronate, Acetyl Glucosamine, Hyaluronic Acid, Hydrolyzed Sodium Hyaluronate, Tremella Fuciformis (Snow Fungus) Sporocarp Extract, Proline, Sodium Acetylated Hyaluronate, Sodium Lactate.<\/p>","protected":false},"excerpt":{"rendered":"<ul>\n<li><span class=\"Y2IQFc\" lang=\"et\">Poistaa viimeisetkin ep\u00e4puhtaudet iholta. <\/span><\/li>\n<li><span class=\"Y2IQFc\" lang=\"et\">Vakaannuttaa ihon mikrobioomia ja neutraloi ihon luonnollisen pH. <\/span><\/li>\n<li><span class=\"Y2IQFc\" lang=\"et\">Varmistaa ihon kosteutuksen. <\/span><\/li>\n<li><span class=\"Y2IQFc\" lang=\"et\">Valmistaa ihon seuraavaa hoitoa varten.<\/span><\/li>\n<\/ul>\n<p>Setti sopii sek\u00e4 naisille ett\u00e4 miehille.<\/p>","protected":false},"featured_media":2800,"comment_status":"closed","ping_status":"closed","template":"","meta":{"_uag_custom_page_level_css":"","site-sidebar-layout":"default","site-content-layout":"","ast-site-content-layout":"default","site-content-style":"default","site-sidebar-style":"default","ast-global-header-display":"","ast-banner-title-visibility":"","ast-main-header-display":"","ast-hfb-above-header-display":"","ast-hfb-below-header-display":"","ast-hfb-mobile-header-display":"","site-post-title":"","ast-breadcrumbs-content":"","ast-featured-img":"","footer-sml-layout":"","ast-disable-related-posts":"","theme-transparent-header-meta":"default","adv-header-id-meta":"","stick-header-meta":"","header-above-stick-meta":"","header-main-stick-meta":"","header-below-stick-meta":"","astra-migrate-meta-layouts":"set","ast-page-background-enabled":"default","ast-page-background-meta":{"desktop":{"background-color":"var(--ast-global-color-4)","background-image":"","background-repeat":"repeat","background-position":"center center","background-size":"auto","background-attachment":"scroll","background-type":"","background-media":"","overlay-type":"","overlay-color":"","overlay-opacity":"","overlay-gradient":""},"tablet":{"background-color":"","background-image":"","background-repeat":"repeat","background-position":"center center","background-size":"auto","background-attachment":"scroll","background-type":"","background-media":"","overlay-type":"","overlay-color":"","overlay-opacity":"","overlay-gradient":""},"mobile":{"background-color":"","background-image":"","background-repeat":"repeat","background-position":"center center","background-size":"auto","background-attachment":"scroll","background-type":"","background-media":"","overlay-type":"","overlay-color":"","overlay-opacity":"","overlay-gradient":""}},"ast-content-background-meta":{"desktop":{"background-color":"var(--ast-global-color-5)","background-image":"","background-repeat":"repeat","background-position":"center center","background-size":"auto","background-attachment":"scroll","background-type":"","background-media":"","overlay-type":"","overlay-color":"","overlay-opacity":"","overlay-gradient":""},"tablet":{"background-color":"var(--ast-global-color-5)","background-image":"","background-repeat":"repeat","background-position":"center center","background-size":"auto","background-attachment":"scroll","background-type":"","background-media":"","overlay-type":"","overlay-color":"","overlay-opacity":"","overlay-gradient":""},"mobile":{"background-color":"var(--ast-global-color-5)","background-image":"","background-repeat":"repeat","background-position":"center center","background-size":"auto","background-attachment":"scroll","background-type":"","background-media":"","overlay-type":"","overlay-color":"","overlay-opacity":"","overlay-gradient":""}}},"product_brand":[],"product_cat":[96,97,95],"product_tag":[],"class_list":{"0":"post-2796","1":"product","2":"type-product","3":"status-publish","4":"has-post-thumbnail","6":"product_cat-brands","7":"product_cat-naole","8":"product_cat-reveel","9":"desktop-align-left","10":"tablet-align-left","11":"mobile-align-left","13":"first","14":"instock","15":"taxable","16":"shipping-taxable","17":"product-type-simple","18":"add-to-wishlist-before_image"},"uagb_featured_image_src":{"full":["https:\/\/kosmeetika24.com\/wp-content\/uploads\/2024\/01\/2_Step_Cleansing_Kit_059_800x-600x600-1.png",600,600,false],"thumbnail":["https:\/\/kosmeetika24.com\/wp-content\/uploads\/2024\/01\/2_Step_Cleansing_Kit_059_800x-600x600-1-150x150.png",150,150,true],"medium":["https:\/\/kosmeetika24.com\/wp-content\/uploads\/2024\/01\/2_Step_Cleansing_Kit_059_800x-600x600-1-300x300.png",300,300,true],"medium_large":["https:\/\/kosmeetika24.com\/wp-content\/uploads\/2024\/01\/2_Step_Cleansing_Kit_059_800x-600x600-1.png",600,600,false],"large":["https:\/\/kosmeetika24.com\/wp-content\/uploads\/2024\/01\/2_Step_Cleansing_Kit_059_800x-600x600-1.png",600,600,false],"1536x1536":["https:\/\/kosmeetika24.com\/wp-content\/uploads\/2024\/01\/2_Step_Cleansing_Kit_059_800x-600x600-1.png",600,600,false],"2048x2048":["https:\/\/kosmeetika24.com\/wp-content\/uploads\/2024\/01\/2_Step_Cleansing_Kit_059_800x-600x600-1.png",600,600,false],"trp-custom-language-flag":["https:\/\/kosmeetika24.com\/wp-content\/uploads\/2024\/01\/2_Step_Cleansing_Kit_059_800x-600x600-1-12x12.png",12,12,true],"woocommerce_thumbnail":["https:\/\/kosmeetika24.com\/wp-content\/uploads\/2024\/01\/2_Step_Cleansing_Kit_059_800x-600x600-1-300x300.png",300,300,true],"woocommerce_single":["https:\/\/kosmeetika24.com\/wp-content\/uploads\/2024\/01\/2_Step_Cleansing_Kit_059_800x-600x600-1-500x500.png",500,500,true],"woocommerce_gallery_thumbnail":["https:\/\/kosmeetika24.com\/wp-content\/uploads\/2024\/01\/2_Step_Cleansing_Kit_059_800x-600x600-1-100x100.png",100,100,true]},"uagb_author_info":{"display_name":"admin","author_link":"https:\/\/kosmeetika24.com\/fi\/author\/"},"uagb_comment_info":0,"uagb_excerpt":"Viib nahalt viimased mustuse j\u00e4\u00e4gid Stabiliseerib naha mikrobioomi ja neutraliseerib naha loomulikku pH-d Varustab nahka niiskusega Valmistab naha ette j\u00e4rgnevaks hoolduseks Komplekt sobib nii naistele kui meestele.","_links":{"self":[{"href":"https:\/\/kosmeetika24.com\/fi\/wp-json\/wp\/v2\/product\/2796","targetHints":{"allow":["GET"]}}],"collection":[{"href":"https:\/\/kosmeetika24.com\/fi\/wp-json\/wp\/v2\/product"}],"about":[{"href":"https:\/\/kosmeetika24.com\/fi\/wp-json\/wp\/v2\/types\/product"}],"replies":[{"embeddable":true,"href":"https:\/\/kosmeetika24.com\/fi\/wp-json\/wp\/v2\/comments?post=2796"}],"version-history":[{"count":3,"href":"https:\/\/kosmeetika24.com\/fi\/wp-json\/wp\/v2\/product\/2796\/revisions"}],"predecessor-version":[{"id":5202,"href":"https:\/\/kosmeetika24.com\/fi\/wp-json\/wp\/v2\/product\/2796\/revisions\/5202"}],"wp:featuredmedia":[{"embeddable":true,"href":"https:\/\/kosmeetika24.com\/fi\/wp-json\/wp\/v2\/media\/2800"}],"wp:attachment":[{"href":"https:\/\/kosmeetika24.com\/fi\/wp-json\/wp\/v2\/media?parent=2796"}],"wp:term":[{"taxonomy":"product_brand","embeddable":true,"href":"https:\/\/kosmeetika24.com\/fi\/wp-json\/wp\/v2\/product_brand?post=2796"},{"taxonomy":"product_cat","embeddable":true,"href":"https:\/\/kosmeetika24.com\/fi\/wp-json\/wp\/v2\/product_cat?post=2796"},{"taxonomy":"product_tag","embeddable":true,"href":"https:\/\/kosmeetika24.com\/fi\/wp-json\/wp\/v2\/product_tag?post=2796"}],"curies":[{"name":"wp","href":"https:\/\/api.w.org\/{rel}","templated":true}]}}