{"id":2788,"date":"2024-05-30T13:47:10","date_gmt":"2024-05-30T13:47:10","guid":{"rendered":"https:\/\/kosmeetika24.com\/?post_type=product&#038;p=2788"},"modified":"2025-07-02T10:54:03","modified_gmt":"2025-07-02T07:54:03","slug":"reveel-pinguldav-kontsentraat","status":"publish","type":"product","link":"https:\/\/kosmeetika24.com\/fi\/tuote\/reveel-pinguldav-kontsentraat\/","title":{"rendered":"Reveel kiinteytt\u00e4v\u00e4 seerumi"},"content":{"rendered":"<p><span lang=\"et-EE\">Maksimaalisen tehokkuuden saavuttamiseksi on <\/span><span lang=\"et-EE\"><em>Resveratrol Concentrate<\/em> <\/span><span lang=\"et-EE\">seerumia on parasta k\u00e4ytt\u00e4\u00e4 iltaisin ihonhoitorutiinin aikana, jotta <\/span><span lang=\"et-EE\">kiinteytt\u00e4\u00e4 ihon kontuureja, pieni\u00e4 juonteita ja ryppyj\u00e4.<\/span><\/p>\n<p lang=\"et-EE\">Tummat t\u00e4pl\u00e4t ja punoitus v\u00e4henev\u00e4t n\u00e4kyv\u00e4sti, ihonv\u00e4ri kirkastuu ja ihon oma puolustusj\u00e4rjestelm\u00e4 vahvistuu.<\/p>\n<p lang=\"et-EE\"><strong>Vaikutus<\/strong><\/p>\n<p><span lang=\"et-EE\">Resveratroli on voimakas kasvipohjainen antioksidantti, joka suojaa ja parantaa dermaa 135 %. Se tukee kollageenin tuotantoa, neutraloi vapaita radikaaleja ja est\u00e4\u00e4 ihon \u00e4rsytyst\u00e4.<\/span><\/p>\n<p>Konsentraatin polyfenolit aktivoivat entsyymej\u00e4, jotka nopeuttavat parantumis- ja palautumisprosesseja \u2013 punoitus, \u00e4rsytys ja tulehdukset v\u00e4henev\u00e4t, ja iho saa 46% vahvemman ja terveemm\u00e4n ilmeen.<\/p>\n<p lang=\"et-EE\">Ik\u00e4\u00e4ntymist\u00e4 ehk\u00e4isev\u00e4 matriisi stimuloi kollageenin tuotantoa, v\u00e4hent\u00e4en hienoja juonteita ja ryppyj\u00e4 10 %, auttaen est\u00e4m\u00e4\u00e4n ennenaikaista ik\u00e4\u00e4ntymist\u00e4. Ihon kimmoisuus paranee 42 %.<\/p>\n<p lang=\"et-EE\">Sopii eritt\u00e4in herk\u00e4lle iholle, niin nuorelle kuin kyps\u00e4llekin iholle.<\/p>\n<p><strong>K\u00e4ytt\u00f6\u00a0<\/strong><\/p>\n<p><span class=\"Y2IQFc\" lang=\"et\">Puhdistuksen j\u00e4lkeen levit\u00e4 pumppausannos seerumia kasvoille, kaulalle ja dekolteelle. <\/span><\/p>\n<p><span class=\"Y2IQFc\" lang=\"et\">Taputtele hell\u00e4sti sormilla, kunnes seerumi imeytyy kokonaan. <\/span><\/p>\n<p><strong>Ainesosat<\/strong><\/p>\n<p>Aqua (Water), Caprylic\/Capric Triglyceride, Dimethyl Isosorbide, 1,5-Pentanediol, Butyrospermum Parkii (Shea) Butter, Resveratrol, Glycerin, Hydroxyethyl Acrylate\/Sodium Acryloyldimethyl Taurate Copolymer, Panthenol, Sodium Hyaluronate, Palmitoyl Tripeptide-38, Ethylene Brassylate, Hydroxypropyl Cyclodextrin, Citric Acid, Polysorbate 60, Caprylyl Glycol, Sorbitan Isostearate, 3-Hexenol, Propanediol, Caprylhydroxamic Acid.<\/p>","protected":false},"excerpt":{"rendered":"<p><span style=\"font-size: 16px;\">Kiinteytt\u00e4v\u00e4 seerumi, joka yhdist\u00e4\u00e4 voiteen ja seerumin hy\u00f6dyt \u2013 stimuloi kollageenin tuotantoa, tehden ihosta vahvemman ja tasaisemman \u2013 sopii sek\u00e4 naisille ett\u00e4 miehille.<\/span><\/p>\n<p class=\"h2\"><span style=\"font-size: 16px;\">\u00a0100% silikooniton, alumiiniton, alkoholiton, el\u00e4inkokeeton ja mikromuoviton.<\/span><\/p>\n<p>50 ml<\/p>","protected":false},"featured_media":2792,"comment_status":"closed","ping_status":"closed","template":"","meta":{"_uag_custom_page_level_css":"","site-sidebar-layout":"default","site-content-layout":"","ast-site-content-layout":"default","site-content-style":"default","site-sidebar-style":"default","ast-global-header-display":"","ast-banner-title-visibility":"","ast-main-header-display":"","ast-hfb-above-header-display":"","ast-hfb-below-header-display":"","ast-hfb-mobile-header-display":"","site-post-title":"","ast-breadcrumbs-content":"","ast-featured-img":"","footer-sml-layout":"","ast-disable-related-posts":"","theme-transparent-header-meta":"default","adv-header-id-meta":"","stick-header-meta":"","header-above-stick-meta":"","header-main-stick-meta":"","header-below-stick-meta":"","astra-migrate-meta-layouts":"set","ast-page-background-enabled":"default","ast-page-background-meta":{"desktop":{"background-color":"var(--ast-global-color-4)","background-image":"","background-repeat":"repeat","background-position":"center center","background-size":"auto","background-attachment":"scroll","background-type":"","background-media":"","overlay-type":"","overlay-color":"","overlay-opacity":"","overlay-gradient":""},"tablet":{"background-color":"","background-image":"","background-repeat":"repeat","background-position":"center center","background-size":"auto","background-attachment":"scroll","background-type":"","background-media":"","overlay-type":"","overlay-color":"","overlay-opacity":"","overlay-gradient":""},"mobile":{"background-color":"","background-image":"","background-repeat":"repeat","background-position":"center center","background-size":"auto","background-attachment":"scroll","background-type":"","background-media":"","overlay-type":"","overlay-color":"","overlay-opacity":"","overlay-gradient":""}},"ast-content-background-meta":{"desktop":{"background-color":"var(--ast-global-color-5)","background-image":"","background-repeat":"repeat","background-position":"center center","background-size":"auto","background-attachment":"scroll","background-type":"","background-media":"","overlay-type":"","overlay-color":"","overlay-opacity":"","overlay-gradient":""},"tablet":{"background-color":"var(--ast-global-color-5)","background-image":"","background-repeat":"repeat","background-position":"center center","background-size":"auto","background-attachment":"scroll","background-type":"","background-media":"","overlay-type":"","overlay-color":"","overlay-opacity":"","overlay-gradient":""},"mobile":{"background-color":"var(--ast-global-color-5)","background-image":"","background-repeat":"repeat","background-position":"center center","background-size":"auto","background-attachment":"scroll","background-type":"","background-media":"","overlay-type":"","overlay-color":"","overlay-opacity":"","overlay-gradient":""}}},"product_brand":[],"product_cat":[96,97,95],"product_tag":[],"class_list":{"0":"post-2788","1":"product","2":"type-product","3":"status-publish","4":"has-post-thumbnail","6":"product_cat-brands","7":"product_cat-naole","8":"product_cat-reveel","9":"desktop-align-left","10":"tablet-align-left","11":"mobile-align-left","13":"first","14":"instock","15":"taxable","16":"shipping-taxable","17":"product-type-simple","18":"add-to-wishlist-before_image"},"uagb_featured_image_src":{"full":["https:\/\/kosmeetika24.com\/wp-content\/uploads\/2024\/01\/resveratrol-concentrate-5_800x.png-600x600-1.webp",600,600,false],"thumbnail":["https:\/\/kosmeetika24.com\/wp-content\/uploads\/2024\/01\/resveratrol-concentrate-5_800x.png-600x600-1-150x150.webp",150,150,true],"medium":["https:\/\/kosmeetika24.com\/wp-content\/uploads\/2024\/01\/resveratrol-concentrate-5_800x.png-600x600-1-300x300.webp",300,300,true],"medium_large":["https:\/\/kosmeetika24.com\/wp-content\/uploads\/2024\/01\/resveratrol-concentrate-5_800x.png-600x600-1.webp",600,600,false],"large":["https:\/\/kosmeetika24.com\/wp-content\/uploads\/2024\/01\/resveratrol-concentrate-5_800x.png-600x600-1.webp",600,600,false],"1536x1536":["https:\/\/kosmeetika24.com\/wp-content\/uploads\/2024\/01\/resveratrol-concentrate-5_800x.png-600x600-1.webp",600,600,false],"2048x2048":["https:\/\/kosmeetika24.com\/wp-content\/uploads\/2024\/01\/resveratrol-concentrate-5_800x.png-600x600-1.webp",600,600,false],"trp-custom-language-flag":["https:\/\/kosmeetika24.com\/wp-content\/uploads\/2024\/01\/resveratrol-concentrate-5_800x.png-600x600-1-12x12.webp",12,12,true],"woocommerce_thumbnail":["https:\/\/kosmeetika24.com\/wp-content\/uploads\/2024\/01\/resveratrol-concentrate-5_800x.png-600x600-1-300x300.webp",300,300,true],"woocommerce_single":["https:\/\/kosmeetika24.com\/wp-content\/uploads\/2024\/01\/resveratrol-concentrate-5_800x.png-600x600-1-500x500.webp",500,500,true],"woocommerce_gallery_thumbnail":["https:\/\/kosmeetika24.com\/wp-content\/uploads\/2024\/01\/resveratrol-concentrate-5_800x.png-600x600-1-100x100.webp",100,100,true]},"uagb_author_info":{"display_name":"admin","author_link":"https:\/\/kosmeetika24.com\/fi\/author\/"},"uagb_comment_info":0,"uagb_excerpt":"Pinguldav kontsentraat, mis \u00fchendab endas kreemi ja seerumi \u2013 stimuleerib kollageeni tootmist, et nahk oleks tugevam ja siledam \u2013 naistele ja meestele. \u00a0100% silikoonivaba, alumiiniumivaba, alkoholivaba, julmusevaba ja mikroplastivaba. 50 ml","_links":{"self":[{"href":"https:\/\/kosmeetika24.com\/fi\/wp-json\/wp\/v2\/product\/2788","targetHints":{"allow":["GET"]}}],"collection":[{"href":"https:\/\/kosmeetika24.com\/fi\/wp-json\/wp\/v2\/product"}],"about":[{"href":"https:\/\/kosmeetika24.com\/fi\/wp-json\/wp\/v2\/types\/product"}],"replies":[{"embeddable":true,"href":"https:\/\/kosmeetika24.com\/fi\/wp-json\/wp\/v2\/comments?post=2788"}],"version-history":[{"count":2,"href":"https:\/\/kosmeetika24.com\/fi\/wp-json\/wp\/v2\/product\/2788\/revisions"}],"predecessor-version":[{"id":5204,"href":"https:\/\/kosmeetika24.com\/fi\/wp-json\/wp\/v2\/product\/2788\/revisions\/5204"}],"wp:featuredmedia":[{"embeddable":true,"href":"https:\/\/kosmeetika24.com\/fi\/wp-json\/wp\/v2\/media\/2792"}],"wp:attachment":[{"href":"https:\/\/kosmeetika24.com\/fi\/wp-json\/wp\/v2\/media?parent=2788"}],"wp:term":[{"taxonomy":"product_brand","embeddable":true,"href":"https:\/\/kosmeetika24.com\/fi\/wp-json\/wp\/v2\/product_brand?post=2788"},{"taxonomy":"product_cat","embeddable":true,"href":"https:\/\/kosmeetika24.com\/fi\/wp-json\/wp\/v2\/product_cat?post=2788"},{"taxonomy":"product_tag","embeddable":true,"href":"https:\/\/kosmeetika24.com\/fi\/wp-json\/wp\/v2\/product_tag?post=2788"}],"curies":[{"name":"wp","href":"https:\/\/api.w.org\/{rel}","templated":true}]}}