{"id":2727,"date":"2024-05-29T08:55:11","date_gmt":"2024-05-29T08:55:11","guid":{"rendered":"https:\/\/kosmeetika24.com\/?post_type=product&#038;p=2727"},"modified":"2025-07-02T11:08:43","modified_gmt":"2025-07-02T08:08:43","slug":"reveel-noorendav-silmaseerum","status":"publish","type":"product","link":"https:\/\/kosmeetika24.com\/fi\/tuote\/reveel-noorendav-silmaseerum\/","title":{"rendered":"Reveel nuorentava silm\u00e4seerumi"},"content":{"rendered":"<p>Silm\u00e4 on sielumme ja v\u00e4symyksen peili, joka heijastaa sit\u00e4, kuinka hyvin olemme nukkuneet ja kuinka onnellisia olemme. Silm\u00e4nymp\u00e4rysihon on itse asiassa yksi ensimm\u00e4isist\u00e4 alueista, joka voi alkaa n\u00e4ytt\u00e4\u00e4 ik\u00e4\u00e4ntymisen merkkej\u00e4: hienot juonteet, ilmejuonteet, silm\u00e4nymp\u00e4ryksen kuivuus tai kimmoisuuden menetys, turvotus silmien alla. T\u00e4h\u00e4n alueeseen vaikuttavat ehdottomasti el\u00e4m\u00e4ntapa, perim\u00e4, mutta my\u00f6s ymp\u00e4rist\u00f6 ja <strong>oikea ihonhoito<\/strong>.<\/p>\n<p><span class=\"Y2IQFc\" lang=\"et\">Nuorentava silm\u00e4nymp\u00e4rysseerumi <strong>Resveratrol Concentrate Eye<\/strong> suojaa silm\u00e4nymp\u00e4rysihon ennenaikaiselta ik\u00e4\u00e4ntymiselt\u00e4 ja vahvistaa ihon antioksidanttisia prosesseja. <\/span><\/p>\n<p>Jo ensimm\u00e4isten 8 k\u00e4ytt\u00f6viikon j\u00e4lkeen ryppyjen n\u00e4kyvyys v\u00e4henee, iho on tasaisempi, n\u00e4ytt\u00e4\u00e4 nuoremmalta ja kimmoisammalta. Silm\u00e4nymp\u00e4rysihon v\u00e4symyksen merkit v\u00e4henev\u00e4t 44 %.<\/p>\n<p><span lang=\"et-EE\">Maksimaalisen tehokkuuden saavuttamiseksi on<\/span><strong><span lang=\"et-EE\">\u00a0<\/span><\/strong><span lang=\"et-EE\">seerumeita on parasta k\u00e4ytt\u00e4\u00e4 illalla ihonhoitorutiinissa.<\/span><\/p>\n<p>Sopii kaikille ihotyypeille, my\u00f6s kuivalle, herk\u00e4lle ja \u00e4rtyneelle iholle.<\/p>\n<p>HUOM! \u00c4l\u00e4 k\u00e4yt\u00e4, jos olet yliherkk\u00e4 resveratrolille.<\/p>\n<h4><strong>Vaikutus<\/strong><\/h4>\n<p><span class=\"Y2IQFc\" lang=\"et\">Resveratroli suojaa kollageenin tuotantoa, neutraloi vapaita radikaale ja est\u00e4\u00e4 ihon \u00e4rsytyst\u00e4. <\/span><span class=\"Y2IQFc\" lang=\"et\">Silm\u00e4nymp\u00e4rysihon kimmoisuus paranee, punoitus v\u00e4henee ja sen antioksidatiivinen suojaava kyky vahvistuu.<\/span><\/p>\n<p><span class=\"Y2IQFc\" lang=\"et\"> Ik\u00e4\u00e4ntymist\u00e4 ehk\u00e4isev\u00e4t matriksit stimuloivat kollageenin tuotantoa silottaen pieni\u00e4 juonteita ja ryppyj\u00e4 sek\u00e4 est\u00e4en ennenaikaista ik\u00e4\u00e4ntymist\u00e4. <\/span><\/p>\n<p><span class=\"Y2IQFc\" lang=\"et\">Sheavoi ja hyaluronihappo tarjoavat lis\u00e4kosteutusta herk\u00e4lle alueelle ja stimuloivat hell\u00e4varaisesti lipidituotantoa.<\/span><\/p>\n<p>Silm\u00e4nymp\u00e4rysvoidetta suojaa silm\u00e4nymp\u00e4rysihon ennenaikaiselta ik\u00e4\u00e4ntymiselt\u00e4 ja vahvistaa ihon antioksidanttisia prosesseja.<\/p>\n<p><strong>K\u00e4ytt\u00f6<\/strong><\/p>\n<p><span class=\"Y2IQFc\" lang=\"et\">Levit\u00e4 yksi pumppausseerumi silm\u00e4nymp\u00e4rysiholle illalla ihon puhdistamisen j\u00e4lkeen. <\/span><\/p>\n<p><span class=\"Y2IQFc\" lang=\"et\">Tupottele varovasti sormenp\u00e4ill\u00e4, kunnes seerumi imeytyy ihoon. <\/span><\/p>\n<p><span class=\"Y2IQFc\" lang=\"et\">Jos iho tarvitsee lis\u00e4kosteutusta, levit\u00e4 sopivaa voidetta.<\/span><\/p>\n<p><strong>Ainesosat<\/strong><\/p>\n<p>Aqua (Water), Caprylic\/Capric Triglyceride, Dimethyl Isosorbide, 1,5-Pentanediol, Butyrospermum Parkii (Shea) Butter, Resveratrol, Glycerin, Hydroxyethyl Acrylate\/Sodium Acryloyldimethyl Taurate Copolymer, Panthenol, Sodium Hyaluronate, Palmitoyl Tripeptide-38, Hydroxypropyl Cyclodextrin, Citric Acid, Polysorbate 60, Caprylyl Glycol, Sorbitan Isostearate, Propanediol, Caprylhydroxamic Acid.<\/p>","protected":false},"excerpt":{"rendered":"<p>Ik\u00e4\u00e4ntymist\u00e4 ehk\u00e4isev\u00e4 seerumi herk\u00e4lle silm\u00e4nymp\u00e4rysiholle nuorentavalla vaikutuksella<span style=\"font-size: 16px;\">\u00a0- ik\u00e4\u00e4ntymist\u00e4 ehk\u00e4isev\u00e4 seerumi herk\u00e4lle silm\u00e4nymp\u00e4rysiholle nuorentavalla vaikutuksella.<\/span><\/p>\n<p><span style=\"font-size: 16px;\">\u00a0100% silikooniton, alumiiniton, alkoholiton, el\u00e4inkokeeton ja mikromuoviton.<\/span><\/p>\n<p>15 ml<\/p>","protected":false},"featured_media":2728,"comment_status":"closed","ping_status":"closed","template":"","meta":{"_uag_custom_page_level_css":"","site-sidebar-layout":"default","site-content-layout":"","ast-site-content-layout":"default","site-content-style":"default","site-sidebar-style":"default","ast-global-header-display":"","ast-banner-title-visibility":"","ast-main-header-display":"","ast-hfb-above-header-display":"","ast-hfb-below-header-display":"","ast-hfb-mobile-header-display":"","site-post-title":"","ast-breadcrumbs-content":"","ast-featured-img":"","footer-sml-layout":"","ast-disable-related-posts":"","theme-transparent-header-meta":"default","adv-header-id-meta":"","stick-header-meta":"","header-above-stick-meta":"","header-main-stick-meta":"","header-below-stick-meta":"","astra-migrate-meta-layouts":"set","ast-page-background-enabled":"default","ast-page-background-meta":{"desktop":{"background-color":"var(--ast-global-color-4)","background-image":"","background-repeat":"repeat","background-position":"center center","background-size":"auto","background-attachment":"scroll","background-type":"","background-media":"","overlay-type":"","overlay-color":"","overlay-opacity":"","overlay-gradient":""},"tablet":{"background-color":"","background-image":"","background-repeat":"repeat","background-position":"center center","background-size":"auto","background-attachment":"scroll","background-type":"","background-media":"","overlay-type":"","overlay-color":"","overlay-opacity":"","overlay-gradient":""},"mobile":{"background-color":"","background-image":"","background-repeat":"repeat","background-position":"center center","background-size":"auto","background-attachment":"scroll","background-type":"","background-media":"","overlay-type":"","overlay-color":"","overlay-opacity":"","overlay-gradient":""}},"ast-content-background-meta":{"desktop":{"background-color":"var(--ast-global-color-5)","background-image":"","background-repeat":"repeat","background-position":"center center","background-size":"auto","background-attachment":"scroll","background-type":"","background-media":"","overlay-type":"","overlay-color":"","overlay-opacity":"","overlay-gradient":""},"tablet":{"background-color":"var(--ast-global-color-5)","background-image":"","background-repeat":"repeat","background-position":"center center","background-size":"auto","background-attachment":"scroll","background-type":"","background-media":"","overlay-type":"","overlay-color":"","overlay-opacity":"","overlay-gradient":""},"mobile":{"background-color":"var(--ast-global-color-5)","background-image":"","background-repeat":"repeat","background-position":"center center","background-size":"auto","background-attachment":"scroll","background-type":"","background-media":"","overlay-type":"","overlay-color":"","overlay-opacity":"","overlay-gradient":""}}},"product_brand":[],"product_cat":[96,97,95],"product_tag":[],"class_list":{"0":"post-2727","1":"product","2":"type-product","3":"status-publish","4":"has-post-thumbnail","6":"product_cat-brands","7":"product_cat-naole","8":"product_cat-reveel","9":"desktop-align-left","10":"tablet-align-left","11":"mobile-align-left","13":"first","14":"instock","15":"taxable","16":"shipping-taxable","17":"product-type-simple","18":"add-to-wishlist-before_image"},"uagb_featured_image_src":{"full":["https:\/\/kosmeetika24.com\/wp-content\/uploads\/2024\/01\/RESVERATROL-CONCENTRATE-EYE-15neu-min_09d67f5b-758d-4ea4-b118-a4ea5da66c67_799x.png-600x601-1.webp",600,601,false],"thumbnail":["https:\/\/kosmeetika24.com\/wp-content\/uploads\/2024\/01\/RESVERATROL-CONCENTRATE-EYE-15neu-min_09d67f5b-758d-4ea4-b118-a4ea5da66c67_799x.png-600x601-1-150x150.webp",150,150,true],"medium":["https:\/\/kosmeetika24.com\/wp-content\/uploads\/2024\/01\/RESVERATROL-CONCENTRATE-EYE-15neu-min_09d67f5b-758d-4ea4-b118-a4ea5da66c67_799x.png-600x601-1-300x300.webp",300,300,true],"medium_large":["https:\/\/kosmeetika24.com\/wp-content\/uploads\/2024\/01\/RESVERATROL-CONCENTRATE-EYE-15neu-min_09d67f5b-758d-4ea4-b118-a4ea5da66c67_799x.png-600x601-1.webp",600,601,false],"large":["https:\/\/kosmeetika24.com\/wp-content\/uploads\/2024\/01\/RESVERATROL-CONCENTRATE-EYE-15neu-min_09d67f5b-758d-4ea4-b118-a4ea5da66c67_799x.png-600x601-1.webp",600,601,false],"1536x1536":["https:\/\/kosmeetika24.com\/wp-content\/uploads\/2024\/01\/RESVERATROL-CONCENTRATE-EYE-15neu-min_09d67f5b-758d-4ea4-b118-a4ea5da66c67_799x.png-600x601-1.webp",600,601,false],"2048x2048":["https:\/\/kosmeetika24.com\/wp-content\/uploads\/2024\/01\/RESVERATROL-CONCENTRATE-EYE-15neu-min_09d67f5b-758d-4ea4-b118-a4ea5da66c67_799x.png-600x601-1.webp",600,601,false],"trp-custom-language-flag":["https:\/\/kosmeetika24.com\/wp-content\/uploads\/2024\/01\/RESVERATROL-CONCENTRATE-EYE-15neu-min_09d67f5b-758d-4ea4-b118-a4ea5da66c67_799x.png-600x601-1-12x12.webp",12,12,true],"woocommerce_thumbnail":["https:\/\/kosmeetika24.com\/wp-content\/uploads\/2024\/01\/RESVERATROL-CONCENTRATE-EYE-15neu-min_09d67f5b-758d-4ea4-b118-a4ea5da66c67_799x.png-600x601-1-300x300.webp",300,300,true],"woocommerce_single":["https:\/\/kosmeetika24.com\/wp-content\/uploads\/2024\/01\/RESVERATROL-CONCENTRATE-EYE-15neu-min_09d67f5b-758d-4ea4-b118-a4ea5da66c67_799x.png-600x601-1-500x501.webp",500,501,true],"woocommerce_gallery_thumbnail":["https:\/\/kosmeetika24.com\/wp-content\/uploads\/2024\/01\/RESVERATROL-CONCENTRATE-EYE-15neu-min_09d67f5b-758d-4ea4-b118-a4ea5da66c67_799x.png-600x601-1-100x100.webp",100,100,true]},"uagb_author_info":{"display_name":"admin","author_link":"https:\/\/kosmeetika24.com\/fi\/author\/"},"uagb_comment_info":0,"uagb_excerpt":"Vananemisvastane seerum \u00f5rnale silma\u00fcmbruse nahale noorendava efektiga\u00a0- h\u00fcaluroonhappe ja sheav\u00f5iga v\u00e4hendab peeneid joonekesi ja kortse\u00a0 - naistele ja meestele. \u00a0100% silikoonivaba, alumiiniumivaba, alkoholivaba, julmusevaba ja mikroplastivaba. 15 ml","_links":{"self":[{"href":"https:\/\/kosmeetika24.com\/fi\/wp-json\/wp\/v2\/product\/2727","targetHints":{"allow":["GET"]}}],"collection":[{"href":"https:\/\/kosmeetika24.com\/fi\/wp-json\/wp\/v2\/product"}],"about":[{"href":"https:\/\/kosmeetika24.com\/fi\/wp-json\/wp\/v2\/types\/product"}],"replies":[{"embeddable":true,"href":"https:\/\/kosmeetika24.com\/fi\/wp-json\/wp\/v2\/comments?post=2727"}],"version-history":[{"count":3,"href":"https:\/\/kosmeetika24.com\/fi\/wp-json\/wp\/v2\/product\/2727\/revisions"}],"predecessor-version":[{"id":5315,"href":"https:\/\/kosmeetika24.com\/fi\/wp-json\/wp\/v2\/product\/2727\/revisions\/5315"}],"wp:featuredmedia":[{"embeddable":true,"href":"https:\/\/kosmeetika24.com\/fi\/wp-json\/wp\/v2\/media\/2728"}],"wp:attachment":[{"href":"https:\/\/kosmeetika24.com\/fi\/wp-json\/wp\/v2\/media?parent=2727"}],"wp:term":[{"taxonomy":"product_brand","embeddable":true,"href":"https:\/\/kosmeetika24.com\/fi\/wp-json\/wp\/v2\/product_brand?post=2727"},{"taxonomy":"product_cat","embeddable":true,"href":"https:\/\/kosmeetika24.com\/fi\/wp-json\/wp\/v2\/product_cat?post=2727"},{"taxonomy":"product_tag","embeddable":true,"href":"https:\/\/kosmeetika24.com\/fi\/wp-json\/wp\/v2\/product_tag?post=2727"}],"curies":[{"name":"wp","href":"https:\/\/api.w.org\/{rel}","templated":true}]}}