{"id":2647,"date":"2024-05-30T13:41:16","date_gmt":"2024-05-30T13:41:16","guid":{"rendered":"https:\/\/kosmeetika24.com\/?post_type=product&#038;p=2647"},"modified":"2025-07-02T11:03:13","modified_gmt":"2025-07-02T08:03:13","slug":"reveel-profitoode-kollageeni-seerumi-sprei","status":"publish","type":"product","link":"https:\/\/kosmeetika24.com\/fi\/tuote\/reveel-profitoode-kollageeni-seerumi-sprei\/","title":{"rendered":"Ammattituote Reveal kollageeniseerumisuihke"},"content":{"rendered":"<p>Muuttuva ilmaston, ilmastointilaitteen ja muiden stressitekij\u00f6iden seurauksena ihon kosteus voi v\u00e4henty\u00e4. T\u00e4m\u00e4 ilmenee lis\u00e4\u00e4ntyneen\u00e4 kuivuuden, hienojen juonteiden, ryppyjen ja hilseilyn korostumisena. Iho n\u00e4ytt\u00e4\u00e4 v\u00e4syneelt\u00e4 ja samealta.<\/p>\n<p>Innovatiivinen<em><strong> Collagen Serum Spray<\/strong><\/em> <span class=\"Y2IQFc\" lang=\"et\"> palauttaa ihon kosteustasapainon.<\/span> ja poistaa ep\u00e4miellytt\u00e4v\u00e4t j\u00e4nnitteet v\u00e4litt\u00f6m\u00e4sti asettamalla iholle luonnollisista kollageenimolekyyleist\u00e4 koostuvan kosteutusverkoston, ja luonnolliset kosteuttavat ainesosat imeytyv\u00e4t syv\u00e4lle ihoon.<\/p>\n<p><span class=\"Y2IQFc\" lang=\"et\">Iho n\u00e4ytt\u00e4\u00e4 hetkess\u00e4 taas terveemm\u00e4lt\u00e4 ja hoidetummalta.<\/span><\/p>\n<p>Seerumissa oleva omenan kantasolujen uuteen ekstrakti edist\u00e4\u00e4 solujen uudistumista. <span class=\"Y2IQFc\" lang=\"et\">Hienot juonteet v\u00e4henev\u00e4t.<\/span>Iho on sile\u00e4 pidemm\u00e4ksi aikaa.<\/p>\n<p>Omenan kantasolujen uute yhdistettyn\u00e4 kollageenimolekyyleihin kosteuttaa ihoa, tehden siit\u00e4 v\u00e4litt\u00f6m\u00e4sti kiinte\u00e4n. Iho on syv\u00e4sti kosteutettu, ja kirist\u00e4v\u00e4 tunne v\u00e4henee.<\/p>\n<p><strong>K\u00e4ytt\u00f6<\/strong><\/p>\n<p>Ravista hyvin ennen k\u00e4ytt\u00f6\u00e4.<\/p>\n<p>Pid\u00e4 suihkepullo pystyasennossa.<\/p>\n<p>Pyyd\u00e4 asiakasta sulkemaan silm\u00e4ns\u00e4. Suihkuta noin 3 pumppausta kasvoille ja kaulalle sek\u00e4 3 pumppausta dekolteealueelle.<\/p>\n<p>Vaihtoehtoisesti suihkuta ensin k\u00e4mmenille ja levit\u00e4 sitten asiakkaan kasvoille k\u00e4sill\u00e4si.<\/p>\n<p><strong>Ainesosat<\/strong><\/p>\n<p>Aqua (Water), Butylene Glycol, Glycerin, Leuconostoc\/Radish Root Ferment Filtrate, Soluble Collagen, Malus Domestica Fruit Cell Culture Extract, Panthenol, PCA, 1,5-Pentanediol, Saccharide Isomerate, Monosodium Citrate, Isomalt, Parfum (Fragrance)<\/p>","protected":false},"excerpt":{"rendered":"<p class=\"h2\"><span style=\"font-size: 16px;\">Profitoode<\/span><\/p>\n<p class=\"h2\"><span style=\"font-size: 16px;\">Hetkellinen ik\u00e4\u00e4ntymist\u00e4 ehk\u00e4isev\u00e4 kollageeniseerumi pehment\u00e4\u00e4 hienoja juonteita ja kosteuttaa ihoa, tehden sek\u00e4 naisten ett\u00e4 miesten ihosta vahvemman ja sile\u00e4mm\u00e4n.<\/span><\/p>\n<p><span class=\"Y2IQFc\" lang=\"et\">Ihanteellinen k\u00e4ytett\u00e4v\u00e4ksi spontaanisti, kun kuivuus johtuu s\u00e4\u00e4st\u00e4 tai stressist\u00e4.<\/span><\/p>\n<p><span style=\"font-size: 16px;\">\u00a0100% silikooniton, alumiiniton, alkoholiton, el\u00e4inkokeeton ja mikromuoviton.<\/span><\/p>\n<p>100ml<\/p>","protected":false},"featured_media":2650,"comment_status":"closed","ping_status":"closed","template":"","meta":{"_uag_custom_page_level_css":"","site-sidebar-layout":"default","site-content-layout":"","ast-site-content-layout":"default","site-content-style":"default","site-sidebar-style":"default","ast-global-header-display":"","ast-banner-title-visibility":"","ast-main-header-display":"","ast-hfb-above-header-display":"","ast-hfb-below-header-display":"","ast-hfb-mobile-header-display":"","site-post-title":"","ast-breadcrumbs-content":"","ast-featured-img":"","footer-sml-layout":"","ast-disable-related-posts":"","theme-transparent-header-meta":"default","adv-header-id-meta":"","stick-header-meta":"","header-above-stick-meta":"","header-main-stick-meta":"","header-below-stick-meta":"","astra-migrate-meta-layouts":"set","ast-page-background-enabled":"default","ast-page-background-meta":{"desktop":{"background-color":"var(--ast-global-color-4)","background-image":"","background-repeat":"repeat","background-position":"center center","background-size":"auto","background-attachment":"scroll","background-type":"","background-media":"","overlay-type":"","overlay-color":"","overlay-opacity":"","overlay-gradient":""},"tablet":{"background-color":"","background-image":"","background-repeat":"repeat","background-position":"center center","background-size":"auto","background-attachment":"scroll","background-type":"","background-media":"","overlay-type":"","overlay-color":"","overlay-opacity":"","overlay-gradient":""},"mobile":{"background-color":"","background-image":"","background-repeat":"repeat","background-position":"center center","background-size":"auto","background-attachment":"scroll","background-type":"","background-media":"","overlay-type":"","overlay-color":"","overlay-opacity":"","overlay-gradient":""}},"ast-content-background-meta":{"desktop":{"background-color":"var(--ast-global-color-5)","background-image":"","background-repeat":"repeat","background-position":"center center","background-size":"auto","background-attachment":"scroll","background-type":"","background-media":"","overlay-type":"","overlay-color":"","overlay-opacity":"","overlay-gradient":""},"tablet":{"background-color":"var(--ast-global-color-5)","background-image":"","background-repeat":"repeat","background-position":"center center","background-size":"auto","background-attachment":"scroll","background-type":"","background-media":"","overlay-type":"","overlay-color":"","overlay-opacity":"","overlay-gradient":""},"mobile":{"background-color":"var(--ast-global-color-5)","background-image":"","background-repeat":"repeat","background-position":"center center","background-size":"auto","background-attachment":"scroll","background-type":"","background-media":"","overlay-type":"","overlay-color":"","overlay-opacity":"","overlay-gradient":""}}},"product_brand":[],"product_cat":[96,97,95],"product_tag":[],"class_list":{"0":"post-2647","1":"product","2":"type-product","3":"status-publish","4":"has-post-thumbnail","6":"product_cat-brands","7":"product_cat-naole","8":"product_cat-reveel","9":"desktop-align-left","10":"tablet-align-left","11":"mobile-align-left","13":"first","14":"instock","15":"taxable","16":"shipping-taxable","17":"product-type-simple","18":"add-to-wishlist-before_image"},"uagb_featured_image_src":{"full":["https:\/\/kosmeetika24.com\/wp-content\/uploads\/2024\/01\/reveel-collagenserum-11_800x.png-600x600-1.webp",600,600,false],"thumbnail":["https:\/\/kosmeetika24.com\/wp-content\/uploads\/2024\/01\/reveel-collagenserum-11_800x.png-600x600-1-150x150.webp",150,150,true],"medium":["https:\/\/kosmeetika24.com\/wp-content\/uploads\/2024\/01\/reveel-collagenserum-11_800x.png-600x600-1-300x300.webp",300,300,true],"medium_large":["https:\/\/kosmeetika24.com\/wp-content\/uploads\/2024\/01\/reveel-collagenserum-11_800x.png-600x600-1.webp",600,600,false],"large":["https:\/\/kosmeetika24.com\/wp-content\/uploads\/2024\/01\/reveel-collagenserum-11_800x.png-600x600-1.webp",600,600,false],"1536x1536":["https:\/\/kosmeetika24.com\/wp-content\/uploads\/2024\/01\/reveel-collagenserum-11_800x.png-600x600-1.webp",600,600,false],"2048x2048":["https:\/\/kosmeetika24.com\/wp-content\/uploads\/2024\/01\/reveel-collagenserum-11_800x.png-600x600-1.webp",600,600,false],"trp-custom-language-flag":["https:\/\/kosmeetika24.com\/wp-content\/uploads\/2024\/01\/reveel-collagenserum-11_800x.png-600x600-1-12x12.webp",12,12,true],"woocommerce_thumbnail":["https:\/\/kosmeetika24.com\/wp-content\/uploads\/2024\/01\/reveel-collagenserum-11_800x.png-600x600-1-300x300.webp",300,300,true],"woocommerce_single":["https:\/\/kosmeetika24.com\/wp-content\/uploads\/2024\/01\/reveel-collagenserum-11_800x.png-600x600-1-500x500.webp",500,500,true],"woocommerce_gallery_thumbnail":["https:\/\/kosmeetika24.com\/wp-content\/uploads\/2024\/01\/reveel-collagenserum-11_800x.png-600x600-1-100x100.webp",100,100,true]},"uagb_author_info":{"display_name":"admin","author_link":"https:\/\/kosmeetika24.com\/fi\/author\/"},"uagb_comment_info":0,"uagb_excerpt":"Profitoode Kohese toimega vananemisvastane kollageenne n\u00e4oseerum pehmendab peeneid joonekesi ja niisutab nahka, muutes naiste ja meeste naha tugevamaks ja siledamaks. Ideaalne spontaanseks kasutamiseks ilmastikust v\u00f5i stressist tingitud kuivuse korral. \u00a0100% silikoonivaba, alumiiniumivaba, alkoholivaba, julmusevaba ja mikroplastivaba. 100ml","_links":{"self":[{"href":"https:\/\/kosmeetika24.com\/fi\/wp-json\/wp\/v2\/product\/2647","targetHints":{"allow":["GET"]}}],"collection":[{"href":"https:\/\/kosmeetika24.com\/fi\/wp-json\/wp\/v2\/product"}],"about":[{"href":"https:\/\/kosmeetika24.com\/fi\/wp-json\/wp\/v2\/types\/product"}],"replies":[{"embeddable":true,"href":"https:\/\/kosmeetika24.com\/fi\/wp-json\/wp\/v2\/comments?post=2647"}],"version-history":[{"count":7,"href":"https:\/\/kosmeetika24.com\/fi\/wp-json\/wp\/v2\/product\/2647\/revisions"}],"predecessor-version":[{"id":6259,"href":"https:\/\/kosmeetika24.com\/fi\/wp-json\/wp\/v2\/product\/2647\/revisions\/6259"}],"wp:featuredmedia":[{"embeddable":true,"href":"https:\/\/kosmeetika24.com\/fi\/wp-json\/wp\/v2\/media\/2650"}],"wp:attachment":[{"href":"https:\/\/kosmeetika24.com\/fi\/wp-json\/wp\/v2\/media?parent=2647"}],"wp:term":[{"taxonomy":"product_brand","embeddable":true,"href":"https:\/\/kosmeetika24.com\/fi\/wp-json\/wp\/v2\/product_brand?post=2647"},{"taxonomy":"product_cat","embeddable":true,"href":"https:\/\/kosmeetika24.com\/fi\/wp-json\/wp\/v2\/product_cat?post=2647"},{"taxonomy":"product_tag","embeddable":true,"href":"https:\/\/kosmeetika24.com\/fi\/wp-json\/wp\/v2\/product_tag?post=2647"}],"curies":[{"name":"wp","href":"https:\/\/api.w.org\/{rel}","templated":true}]}}