{"id":2601,"date":"2024-05-30T13:45:45","date_gmt":"2024-05-30T13:45:45","guid":{"rendered":"https:\/\/kosmeetika24.com\/?post_type=product&#038;p=2601"},"modified":"2025-07-02T10:59:23","modified_gmt":"2025-07-02T07:59:23","slug":"reveel-kollageeniga-silmamask-5-tk","status":"publish","type":"product","link":"https:\/\/kosmeetika24.com\/fi\/tuote\/reveel-kollageeniga-silmamask-5-tk\/","title":{"rendered":"Reveel kollageeninen silm\u00e4maski, 5 kpl"},"content":{"rendered":"<p>Silm\u00e4nymp\u00e4ryksen iho on ohut ja herkk\u00e4. T\u00e4m\u00e4 alue voi ik\u00e4\u00e4ntyess\u00e4 kuivua ja \u00e4rty\u00e4, mik\u00e4 johtaa kuivuuteen, juonteisiin tai ryppyihin.<\/p>\n<p>Kollageenisilm\u00e4laastarit lis\u00e4\u00e4v\u00e4t kollageenin synteesi\u00e4.<span class=\"Y2IQFc\" lang=\"et\">ik\u00e4\u00e4ntymist\u00e4 ehk\u00e4isev\u00e4 silmamaski tasoittaa ja rauhoittaa herk\u00e4n silm\u00e4nymp\u00e4ryksen ihoa. Ihon kimmoisuus paranee 37 % ja kosteutus 46 %.<\/span><\/p>\n<p>Plaastrid ei sisalda alkoholi, on soovitatavad k\u00f5ikidele nahat\u00fc\u00fcpidele, sh tundlikule, kuivusele ja \u00e4rritusele kalduvale nahale \u2013 niisutavad seda kiiresti ja leevandavad ebamugavustunnet.<\/p>\n<p>Sit\u00e4 voi k\u00e4ytt\u00e4\u00e4 pikahoitona hetkin\u00e4, jolloin tarvitaan v\u00e4litt\u00f6mi\u00e4 tuloksia, kuten h\u00e4iss\u00e4 tai tapahtumissa.<\/p>\n<p><strong>Vaikutus<\/strong><\/p>\n<p><span class=\"Y2IQFc\" lang=\"et\">Luonnollisten kollageenis\u00e4ikeiden ja hyaluronihapon eritt\u00e4in korkea pitoisuus muodostaa kosteuttavan verkoston, joka kosteuttaa syv\u00e4sti silm\u00e4nymp\u00e4ryksen ihoa ja t\u00e4ytt\u00e4\u00e4 sen kosteush\u00e4vikit kest\u00e4v\u00e4sti.<\/span><\/p>\n<p><span class=\"Y2IQFc\" lang=\"et\">Kollageenipeptidit stimuloivat samanaikaisesti ihon oman kollageenin tuotantoa. Kirist\u00e4v\u00e4 tunne katoaa, iho rauhoittuu, hienot juonteet tasoittuvat ja ryppyj\u00e4 silotetaan. Silkkinen tunne ja hehkuva ulkon\u00e4k\u00f6!<\/span><\/p>\n<p><strong>K\u00e4ytt\u00f6\u00a0<\/strong><\/p>\n<p><span class=\"Y2IQFc\" lang=\"et\">Aktivointiliuoksen vapauttamiseksi paina molemmilla peukaloilla nestekammiota. <\/span><\/p>\n<p><span class=\"Y2IQFc\" lang=\"et\">Poista folio vasta, kun neste on imeytynyt t\u00e4ysin naamioihin. <\/span><\/p>\n<p><span class=\"Y2IQFc\" lang=\"et\">Levit\u00e4 naamiot puhdistetulle iholle ja j\u00e4t\u00e4 p\u00e4\u00e4lle 15 minuutiksi.\u00a0<\/span><\/p>\n<p><span class=\"Y2IQFc\" lang=\"et\">K\u00e4yt\u00e4 tarpeen mukaan. Kest\u00e4v\u00e4n tuloksen saavuttamiseksi k\u00e4yt\u00e4 s\u00e4\u00e4nn\u00f6llisesti 2-3 kertaa viikossa.\u00a0<\/span><\/p>\n<p><strong>Ainesosat<\/strong><\/p>\n<p>Collagen, Rayon, Paraffin, Hydrogenated Rosin, Hydrogenated Polyisobutene, PPG-15 Stearyl, Ether, PEG-40 Sorbitan Peroleate, BHT | Activation Liquid: Aqua (Water), Butylene Glycol, Glycerin, 1,5-Pentanediol, Leuconostoc \/ Radish Root Ferment Filtrate, Sodium Hyaluronate<\/p>","protected":false},"excerpt":{"rendered":"<p>Kollageenimaski silm\u00e4nymp\u00e4rysalueelle poistaa v\u00e4litt\u00f6m\u00e4sti ensimm\u00e4iset ik\u00e4\u00e4ntymisen merkit ja v\u00e4symyksen j\u00e4ljet, ravitsee kosteudella, elvytt\u00e4\u00e4 ja antaa heleytt\u00e4.<\/p>\n<p>Sopii k\u00e4ytett\u00e4v\u00e4ksi sek\u00e4 naisille ett\u00e4 miehille.<\/p>\n<p>Silm\u00e4aluset laastarit ovat 100 % ilman silikonia, alumiinia, alkoholia ja mikroplastiikkia.<\/p>\n<p>Pakkauksessa on 5\u00d72 maskia, kertak\u00e4ytt\u00f6isi\u00e4.<\/p>","protected":false},"featured_media":2602,"comment_status":"closed","ping_status":"closed","template":"","meta":{"_uag_custom_page_level_css":"","site-sidebar-layout":"default","site-content-layout":"","ast-site-content-layout":"default","site-content-style":"default","site-sidebar-style":"default","ast-global-header-display":"","ast-banner-title-visibility":"","ast-main-header-display":"","ast-hfb-above-header-display":"","ast-hfb-below-header-display":"","ast-hfb-mobile-header-display":"","site-post-title":"","ast-breadcrumbs-content":"","ast-featured-img":"","footer-sml-layout":"","ast-disable-related-posts":"","theme-transparent-header-meta":"default","adv-header-id-meta":"","stick-header-meta":"","header-above-stick-meta":"","header-main-stick-meta":"","header-below-stick-meta":"","astra-migrate-meta-layouts":"set","ast-page-background-enabled":"default","ast-page-background-meta":{"desktop":{"background-color":"var(--ast-global-color-4)","background-image":"","background-repeat":"repeat","background-position":"center center","background-size":"auto","background-attachment":"scroll","background-type":"","background-media":"","overlay-type":"","overlay-color":"","overlay-opacity":"","overlay-gradient":""},"tablet":{"background-color":"","background-image":"","background-repeat":"repeat","background-position":"center center","background-size":"auto","background-attachment":"scroll","background-type":"","background-media":"","overlay-type":"","overlay-color":"","overlay-opacity":"","overlay-gradient":""},"mobile":{"background-color":"","background-image":"","background-repeat":"repeat","background-position":"center center","background-size":"auto","background-attachment":"scroll","background-type":"","background-media":"","overlay-type":"","overlay-color":"","overlay-opacity":"","overlay-gradient":""}},"ast-content-background-meta":{"desktop":{"background-color":"var(--ast-global-color-5)","background-image":"","background-repeat":"repeat","background-position":"center center","background-size":"auto","background-attachment":"scroll","background-type":"","background-media":"","overlay-type":"","overlay-color":"","overlay-opacity":"","overlay-gradient":""},"tablet":{"background-color":"var(--ast-global-color-5)","background-image":"","background-repeat":"repeat","background-position":"center center","background-size":"auto","background-attachment":"scroll","background-type":"","background-media":"","overlay-type":"","overlay-color":"","overlay-opacity":"","overlay-gradient":""},"mobile":{"background-color":"var(--ast-global-color-5)","background-image":"","background-repeat":"repeat","background-position":"center center","background-size":"auto","background-attachment":"scroll","background-type":"","background-media":"","overlay-type":"","overlay-color":"","overlay-opacity":"","overlay-gradient":""}}},"product_brand":[],"product_cat":[96,97,95],"product_tag":[],"class_list":{"0":"post-2601","1":"product","2":"type-product","3":"status-publish","4":"has-post-thumbnail","6":"product_cat-brands","7":"product_cat-naole","8":"product_cat-reveel","9":"desktop-align-left","10":"tablet-align-left","11":"mobile-align-left","13":"first","14":"instock","15":"taxable","16":"shipping-taxable","17":"product-type-simple","18":"add-to-wishlist-before_image"},"uagb_featured_image_src":{"full":["https:\/\/kosmeetika24.com\/wp-content\/uploads\/2024\/01\/reveel_CollagenEyeMask5_PackshotComplete_Transparent_800x800_7a0eef43-9789-48a8-8011-c67fc9bf41c5_800x.webp-600x600-1.png",600,600,false],"thumbnail":["https:\/\/kosmeetika24.com\/wp-content\/uploads\/2024\/01\/reveel_CollagenEyeMask5_PackshotComplete_Transparent_800x800_7a0eef43-9789-48a8-8011-c67fc9bf41c5_800x.webp-600x600-1-150x150.png",150,150,true],"medium":["https:\/\/kosmeetika24.com\/wp-content\/uploads\/2024\/01\/reveel_CollagenEyeMask5_PackshotComplete_Transparent_800x800_7a0eef43-9789-48a8-8011-c67fc9bf41c5_800x.webp-600x600-1-300x300.png",300,300,true],"medium_large":["https:\/\/kosmeetika24.com\/wp-content\/uploads\/2024\/01\/reveel_CollagenEyeMask5_PackshotComplete_Transparent_800x800_7a0eef43-9789-48a8-8011-c67fc9bf41c5_800x.webp-600x600-1.png",600,600,false],"large":["https:\/\/kosmeetika24.com\/wp-content\/uploads\/2024\/01\/reveel_CollagenEyeMask5_PackshotComplete_Transparent_800x800_7a0eef43-9789-48a8-8011-c67fc9bf41c5_800x.webp-600x600-1.png",600,600,false],"1536x1536":["https:\/\/kosmeetika24.com\/wp-content\/uploads\/2024\/01\/reveel_CollagenEyeMask5_PackshotComplete_Transparent_800x800_7a0eef43-9789-48a8-8011-c67fc9bf41c5_800x.webp-600x600-1.png",600,600,false],"2048x2048":["https:\/\/kosmeetika24.com\/wp-content\/uploads\/2024\/01\/reveel_CollagenEyeMask5_PackshotComplete_Transparent_800x800_7a0eef43-9789-48a8-8011-c67fc9bf41c5_800x.webp-600x600-1.png",600,600,false],"trp-custom-language-flag":["https:\/\/kosmeetika24.com\/wp-content\/uploads\/2024\/01\/reveel_CollagenEyeMask5_PackshotComplete_Transparent_800x800_7a0eef43-9789-48a8-8011-c67fc9bf41c5_800x.webp-600x600-1-12x12.png",12,12,true],"woocommerce_thumbnail":["https:\/\/kosmeetika24.com\/wp-content\/uploads\/2024\/01\/reveel_CollagenEyeMask5_PackshotComplete_Transparent_800x800_7a0eef43-9789-48a8-8011-c67fc9bf41c5_800x.webp-600x600-1-300x300.png",300,300,true],"woocommerce_single":["https:\/\/kosmeetika24.com\/wp-content\/uploads\/2024\/01\/reveel_CollagenEyeMask5_PackshotComplete_Transparent_800x800_7a0eef43-9789-48a8-8011-c67fc9bf41c5_800x.webp-600x600-1-500x500.png",500,500,true],"woocommerce_gallery_thumbnail":["https:\/\/kosmeetika24.com\/wp-content\/uploads\/2024\/01\/reveel_CollagenEyeMask5_PackshotComplete_Transparent_800x800_7a0eef43-9789-48a8-8011-c67fc9bf41c5_800x.webp-600x600-1-100x100.png",100,100,true]},"uagb_author_info":{"display_name":"admin","author_link":"https:\/\/kosmeetika24.com\/fi\/author\/"},"uagb_comment_info":0,"uagb_excerpt":"Kollageenmask silma\u00fcmbrusele k\u00f5rvaldab koheselt esimesed vananemism\u00e4rgid ja v\u00e4simuse j\u00e4ljed, toidab niiskusega, elustab ja annab s\u00e4ra. Saab kasutada nii naistel kui meestel. Silmaalused plaastrid on 100% silikoonivabad, alumiiniumivabad, alkoholivabad ja mikroplastivabad. Pakendis 5x2 maski, \u00fchekordseks kasutamiseks.","_links":{"self":[{"href":"https:\/\/kosmeetika24.com\/fi\/wp-json\/wp\/v2\/product\/2601","targetHints":{"allow":["GET"]}}],"collection":[{"href":"https:\/\/kosmeetika24.com\/fi\/wp-json\/wp\/v2\/product"}],"about":[{"href":"https:\/\/kosmeetika24.com\/fi\/wp-json\/wp\/v2\/types\/product"}],"replies":[{"embeddable":true,"href":"https:\/\/kosmeetika24.com\/fi\/wp-json\/wp\/v2\/comments?post=2601"}],"version-history":[{"count":1,"href":"https:\/\/kosmeetika24.com\/fi\/wp-json\/wp\/v2\/product\/2601\/revisions"}],"predecessor-version":[{"id":4507,"href":"https:\/\/kosmeetika24.com\/fi\/wp-json\/wp\/v2\/product\/2601\/revisions\/4507"}],"wp:featuredmedia":[{"embeddable":true,"href":"https:\/\/kosmeetika24.com\/fi\/wp-json\/wp\/v2\/media\/2602"}],"wp:attachment":[{"href":"https:\/\/kosmeetika24.com\/fi\/wp-json\/wp\/v2\/media?parent=2601"}],"wp:term":[{"taxonomy":"product_brand","embeddable":true,"href":"https:\/\/kosmeetika24.com\/fi\/wp-json\/wp\/v2\/product_brand?post=2601"},{"taxonomy":"product_cat","embeddable":true,"href":"https:\/\/kosmeetika24.com\/fi\/wp-json\/wp\/v2\/product_cat?post=2601"},{"taxonomy":"product_tag","embeddable":true,"href":"https:\/\/kosmeetika24.com\/fi\/wp-json\/wp\/v2\/product_tag?post=2601"}],"curies":[{"name":"wp","href":"https:\/\/api.w.org\/{rel}","templated":true}]}}