{"id":2585,"date":"2024-05-30T13:45:59","date_gmt":"2024-05-30T13:45:59","guid":{"rendered":"https:\/\/kosmeetika24.com\/?post_type=product&#038;p=2585"},"modified":"2025-07-02T10:59:09","modified_gmt":"2025-07-02T07:59:09","slug":"reveel-mereline-silmamask-5-tk","status":"publish","type":"product","link":"https:\/\/kosmeetika24.com\/fi\/tuote\/reveel-mereline-silmamask-5-tk\/","title":{"rendered":"Reveel merellinen silmamaski 5 kpl"},"content":{"rendered":"<p>Syv\u00e4vaikutteinen silmamaski ravitsee herk\u00e4n silm\u00e4nymp\u00e4ryksen ihoa elvytt\u00e4v\u00e4ll\u00e4 kosteudella ja poistaa v\u00e4symyksen merkit.<\/p>\n<p>Maskin k\u00e4yt\u00f6n tulokset ovat kuin lomailu merenrantaresortissa:<\/p>\n<ul>\n<li>Iho paksuuntuu,<span class=\"Y2IQFc\" lang=\"et\">antaen sille selv\u00e4sti kiinte\u00e4mm\u00e4n ulkon\u00e4\u00f6n.<\/span><\/li>\n<li>V\u00e4symyksen merkit ja tummat silm\u00e4naluset katoavat.<\/li>\n<li>Iho muuttuu elastisemmaksi ja kosteutetummaksi.<\/li>\n<\/ul>\n<p>Sit\u00e4 voi k\u00e4ytt\u00e4\u00e4 pikahoitona hetkin\u00e4, jolloin tarvitaan v\u00e4litt\u00f6mi\u00e4 tuloksia, kuten h\u00e4iss\u00e4 tai tapahtumissa.<\/p>\n<p>Sopii kaikille ihotyypeille, erityisesti kuivalle iholle. Voidaan k\u00e4ytt\u00e4\u00e4 herk\u00e4lle iholle.<\/p>\n<p><strong>P\u00c4\u00c4AINEOSAT<\/strong><\/p>\n<ul>\n<li>Hyaluronihappo<\/li>\n<li>Merilev\u00e4n alginaatit<\/li>\n<li>Kalsiumionit<\/li>\n<\/ul>\n<p><strong>Vaikutus<\/strong><\/p>\n<ul>\n<li><span class=\"Y2IQFc\" lang=\"et\">Hyaluronihappo sitoo kosteutta ja takaa pitk\u00e4kestoiset tulokset. Se palauttaa ihon suojatoiminnon, ja kuivuudesta johtuvat juonteet tasoittuvat.<\/span><\/li>\n<li>Merilev\u00e4n alginaatit kosteuttavat, ravitsevat ja kiinteytt\u00e4v\u00e4t ihoa.<\/li>\n<li><span class=\"Y2IQFc\" lang=\"et\">Kalsiumionit stimuloivat akvaporiinien mobilisoitumista ihon syviss\u00e4 kerroksissa, mik\u00e4 v\u00e4litt\u00f6m\u00e4sti lis\u00e4\u00e4 merkitt\u00e4v\u00e4sti ihon kosteustasapainoa.<\/span><\/li>\n<\/ul>\n<p><strong>K\u00e4ytt\u00f6<\/strong><\/p>\n<ol>\n<li><span class=\"Y2IQFc\" lang=\"et\">Aktivointiliuoksen vapauttamiseksi paina molemmilla peukaloilla nestekammiota.<\/span><\/li>\n<li>Poista folio vasta, kun neste on imeytynyt t\u00e4ysin naamioihin.<\/li>\n<li>Levit\u00e4 naamiot puhdistetulle iholle ja j\u00e4t\u00e4 p\u00e4\u00e4lle 15 minuutiksi.<\/li>\n<li>K\u00e4yt\u00f6n j\u00e4lkeen poista naamiot ja heit\u00e4 ne pois.<\/li>\n<\/ol>\n<p><span class=\"Y2IQFc\" lang=\"et\">K\u00e4yt\u00e4 tarpeen mukaan. <\/span><\/p>\n<p><span class=\"Y2IQFc\" lang=\"et\">Kest\u00e4v\u00e4n tuloksen saavuttamiseksi k\u00e4yt\u00e4 s\u00e4\u00e4nn\u00f6llisesti 2-3 kertaa viikossa.\u00a0<\/span><\/p>\n<p><strong>Ainesosat<\/strong><\/p>\n<p>Algin, Cellulose Gum, Glycerin, Calcium Sulfate, Caprylic \/ Capric Triglyceride, Citric Acid, Sorbitol Activation Liquid: Aqua (Water), Butylene, Glycol, Glycerin, 1.5-Pentanediol, Leuconostoc\/Radish Root Ferment Filtrate, Sodium Hyaluronate<\/p>","protected":false},"excerpt":{"rendered":"<p id=\"title\" class=\"a-size-large a-spacing-none\"><span id=\"productTitle\" class=\"a-size-large product-title-word-break\" style=\"font-size: 16px;\">Nopeasti vaikuttava silmamaski \u2013 ihon kosteutukseen ja v\u00e4syneen ulkon\u00e4\u00f6n pirist\u00e4miseen \u2013 naisille ja miehille.<\/span><\/p>\n<p>Silm\u00e4aluset laastarit ovat 100 % ilman silikonia, alumiinia, alkoholia ja mikroplastiikkia.<\/p>\n<p>Sopii vegaaneille.<\/p>\n<p>Pakkauksessa on 5\u00d72 kertak\u00e4ytt\u00f6ist\u00e4 maskia.<\/p>","protected":false},"featured_media":2586,"comment_status":"closed","ping_status":"closed","template":"","meta":{"_uag_custom_page_level_css":"","site-sidebar-layout":"default","site-content-layout":"","ast-site-content-layout":"default","site-content-style":"default","site-sidebar-style":"default","ast-global-header-display":"","ast-banner-title-visibility":"","ast-main-header-display":"","ast-hfb-above-header-display":"","ast-hfb-below-header-display":"","ast-hfb-mobile-header-display":"","site-post-title":"","ast-breadcrumbs-content":"","ast-featured-img":"","footer-sml-layout":"","ast-disable-related-posts":"","theme-transparent-header-meta":"default","adv-header-id-meta":"","stick-header-meta":"","header-above-stick-meta":"","header-main-stick-meta":"","header-below-stick-meta":"","astra-migrate-meta-layouts":"set","ast-page-background-enabled":"default","ast-page-background-meta":{"desktop":{"background-color":"var(--ast-global-color-4)","background-image":"","background-repeat":"repeat","background-position":"center center","background-size":"auto","background-attachment":"scroll","background-type":"","background-media":"","overlay-type":"","overlay-color":"","overlay-opacity":"","overlay-gradient":""},"tablet":{"background-color":"","background-image":"","background-repeat":"repeat","background-position":"center center","background-size":"auto","background-attachment":"scroll","background-type":"","background-media":"","overlay-type":"","overlay-color":"","overlay-opacity":"","overlay-gradient":""},"mobile":{"background-color":"","background-image":"","background-repeat":"repeat","background-position":"center center","background-size":"auto","background-attachment":"scroll","background-type":"","background-media":"","overlay-type":"","overlay-color":"","overlay-opacity":"","overlay-gradient":""}},"ast-content-background-meta":{"desktop":{"background-color":"var(--ast-global-color-5)","background-image":"","background-repeat":"repeat","background-position":"center center","background-size":"auto","background-attachment":"scroll","background-type":"","background-media":"","overlay-type":"","overlay-color":"","overlay-opacity":"","overlay-gradient":""},"tablet":{"background-color":"var(--ast-global-color-5)","background-image":"","background-repeat":"repeat","background-position":"center center","background-size":"auto","background-attachment":"scroll","background-type":"","background-media":"","overlay-type":"","overlay-color":"","overlay-opacity":"","overlay-gradient":""},"mobile":{"background-color":"var(--ast-global-color-5)","background-image":"","background-repeat":"repeat","background-position":"center center","background-size":"auto","background-attachment":"scroll","background-type":"","background-media":"","overlay-type":"","overlay-color":"","overlay-opacity":"","overlay-gradient":""}}},"product_brand":[],"product_cat":[96,97,95],"product_tag":[],"class_list":{"0":"post-2585","1":"product","2":"type-product","3":"status-publish","4":"has-post-thumbnail","6":"product_cat-brands","7":"product_cat-naole","8":"product_cat-reveel","9":"desktop-align-left","10":"tablet-align-left","11":"mobile-align-left","13":"first","14":"instock","15":"taxable","16":"shipping-taxable","17":"product-type-simple","18":"add-to-wishlist-before_image"},"uagb_featured_image_src":{"full":["https:\/\/kosmeetika24.com\/wp-content\/uploads\/2024\/01\/reveel_MarineEyeMask5_PackshotComplete_Transparent_800x800_1c712b77-d5ba-4fad-bf05-7060720981d1_800x-600x600-1.png",600,600,false],"thumbnail":["https:\/\/kosmeetika24.com\/wp-content\/uploads\/2024\/01\/reveel_MarineEyeMask5_PackshotComplete_Transparent_800x800_1c712b77-d5ba-4fad-bf05-7060720981d1_800x-600x600-1-150x150.png",150,150,true],"medium":["https:\/\/kosmeetika24.com\/wp-content\/uploads\/2024\/01\/reveel_MarineEyeMask5_PackshotComplete_Transparent_800x800_1c712b77-d5ba-4fad-bf05-7060720981d1_800x-600x600-1-300x300.png",300,300,true],"medium_large":["https:\/\/kosmeetika24.com\/wp-content\/uploads\/2024\/01\/reveel_MarineEyeMask5_PackshotComplete_Transparent_800x800_1c712b77-d5ba-4fad-bf05-7060720981d1_800x-600x600-1.png",600,600,false],"large":["https:\/\/kosmeetika24.com\/wp-content\/uploads\/2024\/01\/reveel_MarineEyeMask5_PackshotComplete_Transparent_800x800_1c712b77-d5ba-4fad-bf05-7060720981d1_800x-600x600-1.png",600,600,false],"1536x1536":["https:\/\/kosmeetika24.com\/wp-content\/uploads\/2024\/01\/reveel_MarineEyeMask5_PackshotComplete_Transparent_800x800_1c712b77-d5ba-4fad-bf05-7060720981d1_800x-600x600-1.png",600,600,false],"2048x2048":["https:\/\/kosmeetika24.com\/wp-content\/uploads\/2024\/01\/reveel_MarineEyeMask5_PackshotComplete_Transparent_800x800_1c712b77-d5ba-4fad-bf05-7060720981d1_800x-600x600-1.png",600,600,false],"trp-custom-language-flag":["https:\/\/kosmeetika24.com\/wp-content\/uploads\/2024\/01\/reveel_MarineEyeMask5_PackshotComplete_Transparent_800x800_1c712b77-d5ba-4fad-bf05-7060720981d1_800x-600x600-1-12x12.png",12,12,true],"woocommerce_thumbnail":["https:\/\/kosmeetika24.com\/wp-content\/uploads\/2024\/01\/reveel_MarineEyeMask5_PackshotComplete_Transparent_800x800_1c712b77-d5ba-4fad-bf05-7060720981d1_800x-600x600-1-300x300.png",300,300,true],"woocommerce_single":["https:\/\/kosmeetika24.com\/wp-content\/uploads\/2024\/01\/reveel_MarineEyeMask5_PackshotComplete_Transparent_800x800_1c712b77-d5ba-4fad-bf05-7060720981d1_800x-600x600-1-500x500.png",500,500,true],"woocommerce_gallery_thumbnail":["https:\/\/kosmeetika24.com\/wp-content\/uploads\/2024\/01\/reveel_MarineEyeMask5_PackshotComplete_Transparent_800x800_1c712b77-d5ba-4fad-bf05-7060720981d1_800x-600x600-1-100x100.png",100,100,true]},"uagb_author_info":{"display_name":"admin","author_link":"https:\/\/kosmeetika24.com\/fi\/author\/"},"uagb_comment_info":0,"uagb_excerpt":"Kiire toimega silmamask - naha niisutamiseks ja v\u00e4sinud v\u00e4limuse turgutamiseks - naistele ja meestele. Silmaaluse plaastrid on 100% silikoonivabad, alumiiniumivabad, alkoholivabad ja mikroplastivabad. Sobib veganitele. Pakendis on 5x2 maski \u00fchekordseks kasutamiseks.","_links":{"self":[{"href":"https:\/\/kosmeetika24.com\/fi\/wp-json\/wp\/v2\/product\/2585","targetHints":{"allow":["GET"]}}],"collection":[{"href":"https:\/\/kosmeetika24.com\/fi\/wp-json\/wp\/v2\/product"}],"about":[{"href":"https:\/\/kosmeetika24.com\/fi\/wp-json\/wp\/v2\/types\/product"}],"replies":[{"embeddable":true,"href":"https:\/\/kosmeetika24.com\/fi\/wp-json\/wp\/v2\/comments?post=2585"}],"version-history":[{"count":1,"href":"https:\/\/kosmeetika24.com\/fi\/wp-json\/wp\/v2\/product\/2585\/revisions"}],"predecessor-version":[{"id":4505,"href":"https:\/\/kosmeetika24.com\/fi\/wp-json\/wp\/v2\/product\/2585\/revisions\/4505"}],"wp:featuredmedia":[{"embeddable":true,"href":"https:\/\/kosmeetika24.com\/fi\/wp-json\/wp\/v2\/media\/2586"}],"wp:attachment":[{"href":"https:\/\/kosmeetika24.com\/fi\/wp-json\/wp\/v2\/media?parent=2585"}],"wp:term":[{"taxonomy":"product_brand","embeddable":true,"href":"https:\/\/kosmeetika24.com\/fi\/wp-json\/wp\/v2\/product_brand?post=2585"},{"taxonomy":"product_cat","embeddable":true,"href":"https:\/\/kosmeetika24.com\/fi\/wp-json\/wp\/v2\/product_cat?post=2585"},{"taxonomy":"product_tag","embeddable":true,"href":"https:\/\/kosmeetika24.com\/fi\/wp-json\/wp\/v2\/product_tag?post=2585"}],"curies":[{"name":"wp","href":"https:\/\/api.w.org\/{rel}","templated":true}]}}