{"id":2572,"date":"2024-05-30T13:46:34","date_gmt":"2024-05-30T13:46:34","guid":{"rendered":"https:\/\/kosmeetika24.com\/?post_type=product&#038;p=2572"},"modified":"2025-07-02T10:58:50","modified_gmt":"2025-07-02T07:58:50","slug":"reveel-niisutav-paevakreem","status":"publish","type":"product","link":"https:\/\/kosmeetika24.com\/fi\/tuote\/reveel-niisutav-paevakreem\/","title":{"rendered":"Reveel kosteuttava p\u00e4iv\u00e4voide"},"content":{"rendered":"<p><span style=\"color: #585858;\">Useita tekij\u00f6it\u00e4, kuten lis\u00e4\u00e4ntynyt talin tuotanto tai auringon vaurioittama ep\u00e4tasainen melaniinin ker\u00e4\u00e4ntyminen, voivat saada ihon n\u00e4ytt\u00e4m\u00e4\u00e4n osittain kiilt\u00e4v\u00e4lt\u00e4 ja n\u00e4kyvill\u00e4 laajentuneilla huokosilla, kun taas toiset alueet voivat olla kireit\u00e4 tai helposti \u00e4rtyvi\u00e4.<\/span><\/p>\n<p>Kasvovoide <em>Refining Moisturizer<\/em> on kevytrakenteinen, puhdistaa ja kosteuttaa sek\u00e4 antaa kasvoille tasaisen ja mattapintaisen hehkun.<\/p>\n<p>Sopii herk\u00e4lle, rasvaiselle ja ongelmakierrokselle iholle.<\/p>\n<p><strong><span style=\"font-family: Times New Roman, serif;\"><span style=\"font-size: medium;\"><b>P\u00c4\u00c4AINEOSAT\u00a0<\/b><\/span><\/span><\/strong><\/p>\n<ul>\n<li>Salisyylihappo<\/li>\n<li>Pantenoli<\/li>\n<li>Kamomilla<\/li>\n<li>Avokado\u00f6ljy<\/li>\n<\/ul>\n<p><strong><span style=\"font-family: Times New Roman, serif;\"><span style=\"font-size: medium;\"><b>Vaikutus<\/b><\/span><\/span><\/strong><\/p>\n<ul>\n<li>Salisyylihappo poistaa hell\u00e4varaisesti kuolleet ihosolut ja stimuloi ihon luonnollista uusiutumista.<\/li>\n<li>Pantenoli ja kamomillauute tukevat \u00e4rsytyst\u00e4 est\u00e4vien aineiden muodostumista ja lievitt\u00e4v\u00e4t n\u00e4in ihon \u00e4rsytyst\u00e4.<\/li>\n<li>Avokado\u00f6ljy muodostaa iholle lipidikerroksen ja vahvistaa siten suojabarri\u00e4\u00e4rin toimintaa.<\/li>\n<\/ul>\n<p><strong>K\u00e4ytt\u00f6<\/strong><\/p>\n<p>Levit\u00e4 kasvoille, kaulalle ja dekolteelle aamulla puhdistuksen j\u00e4lkeen.<\/p>\n<p><strong>Ainesosat<\/strong><\/p>\n<p>Aqua (Water), Cetearyl Isononanoate, Persea Gratissima (Avocado) Oil, Glycerin, Polyglyceryl-3 Dicitrate\/Stearate, Dicaprylyl Ether, Tocopheryl Acetate, Tocopherol, Panthenol, Bisabolol, Lecithin, Xanthan Gum, Ammonium Acryloyldimethyltaurate\/Vp Copolymer, Carbomer, Phenoxyethanol, Salicylic Acid, Lactic Acid, Dehydroacetic Acid, Benzoic Acid, Ethylhexylglycerin, Citric Acid, Parfum (Fragrance).<\/p>","protected":false},"excerpt":{"rendered":"<p class=\"h2\">Ik\u00e4\u00e4ntymist\u00e4 ehk\u00e4isev\u00e4 kosteuttava p\u00e4iv\u00e4voide \u2013 sis\u00e4lt\u00e4\u00e4 salisyylihappoa ja avokado\u00f6ljy\u00e4, jotka tasoittavat ihon s\u00e4vy\u00e4 \u2013 naisille ja miehille.<\/p>\n<p>Kasvovoide on 100 % ilman silikonia, alumiinia, alkoholia ja mikroplastia.<\/p>\n<p>50 ml<\/p>","protected":false},"featured_media":2579,"comment_status":"closed","ping_status":"closed","template":"","meta":{"_uag_custom_page_level_css":"","site-sidebar-layout":"default","site-content-layout":"","ast-site-content-layout":"default","site-content-style":"default","site-sidebar-style":"default","ast-global-header-display":"","ast-banner-title-visibility":"","ast-main-header-display":"","ast-hfb-above-header-display":"","ast-hfb-below-header-display":"","ast-hfb-mobile-header-display":"","site-post-title":"","ast-breadcrumbs-content":"","ast-featured-img":"","footer-sml-layout":"","ast-disable-related-posts":"","theme-transparent-header-meta":"default","adv-header-id-meta":"","stick-header-meta":"","header-above-stick-meta":"","header-main-stick-meta":"","header-below-stick-meta":"","astra-migrate-meta-layouts":"set","ast-page-background-enabled":"default","ast-page-background-meta":{"desktop":{"background-color":"var(--ast-global-color-4)","background-image":"","background-repeat":"repeat","background-position":"center center","background-size":"auto","background-attachment":"scroll","background-type":"","background-media":"","overlay-type":"","overlay-color":"","overlay-opacity":"","overlay-gradient":""},"tablet":{"background-color":"","background-image":"","background-repeat":"repeat","background-position":"center center","background-size":"auto","background-attachment":"scroll","background-type":"","background-media":"","overlay-type":"","overlay-color":"","overlay-opacity":"","overlay-gradient":""},"mobile":{"background-color":"","background-image":"","background-repeat":"repeat","background-position":"center center","background-size":"auto","background-attachment":"scroll","background-type":"","background-media":"","overlay-type":"","overlay-color":"","overlay-opacity":"","overlay-gradient":""}},"ast-content-background-meta":{"desktop":{"background-color":"var(--ast-global-color-5)","background-image":"","background-repeat":"repeat","background-position":"center center","background-size":"auto","background-attachment":"scroll","background-type":"","background-media":"","overlay-type":"","overlay-color":"","overlay-opacity":"","overlay-gradient":""},"tablet":{"background-color":"var(--ast-global-color-5)","background-image":"","background-repeat":"repeat","background-position":"center center","background-size":"auto","background-attachment":"scroll","background-type":"","background-media":"","overlay-type":"","overlay-color":"","overlay-opacity":"","overlay-gradient":""},"mobile":{"background-color":"var(--ast-global-color-5)","background-image":"","background-repeat":"repeat","background-position":"center center","background-size":"auto","background-attachment":"scroll","background-type":"","background-media":"","overlay-type":"","overlay-color":"","overlay-opacity":"","overlay-gradient":""}}},"product_brand":[],"product_cat":[96,97,95],"product_tag":[],"class_list":{"0":"post-2572","1":"product","2":"type-product","3":"status-publish","4":"has-post-thumbnail","6":"product_cat-brands","7":"product_cat-naole","8":"product_cat-reveel","9":"desktop-align-left","10":"tablet-align-left","11":"mobile-align-left","13":"first","14":"instock","15":"taxable","16":"shipping-taxable","17":"product-type-simple","18":"add-to-wishlist-before_image"},"uagb_featured_image_src":{"full":["https:\/\/kosmeetika24.com\/wp-content\/uploads\/2024\/01\/Screenshot-2023-11-06-143608.png",577,576,false],"thumbnail":["https:\/\/kosmeetika24.com\/wp-content\/uploads\/2024\/01\/Screenshot-2023-11-06-143608-150x150.png",150,150,true],"medium":["https:\/\/kosmeetika24.com\/wp-content\/uploads\/2024\/01\/Screenshot-2023-11-06-143608-300x300.png",300,300,true],"medium_large":["https:\/\/kosmeetika24.com\/wp-content\/uploads\/2024\/01\/Screenshot-2023-11-06-143608.png",577,576,false],"large":["https:\/\/kosmeetika24.com\/wp-content\/uploads\/2024\/01\/Screenshot-2023-11-06-143608.png",577,576,false],"1536x1536":["https:\/\/kosmeetika24.com\/wp-content\/uploads\/2024\/01\/Screenshot-2023-11-06-143608.png",577,576,false],"2048x2048":["https:\/\/kosmeetika24.com\/wp-content\/uploads\/2024\/01\/Screenshot-2023-11-06-143608.png",577,576,false],"trp-custom-language-flag":["https:\/\/kosmeetika24.com\/wp-content\/uploads\/2024\/01\/Screenshot-2023-11-06-143608-12x12.png",12,12,true],"woocommerce_thumbnail":["https:\/\/kosmeetika24.com\/wp-content\/uploads\/2024\/01\/Screenshot-2023-11-06-143608-300x300.png",300,300,true],"woocommerce_single":["https:\/\/kosmeetika24.com\/wp-content\/uploads\/2024\/01\/Screenshot-2023-11-06-143608-500x499.png",500,499,true],"woocommerce_gallery_thumbnail":["https:\/\/kosmeetika24.com\/wp-content\/uploads\/2024\/01\/Screenshot-2023-11-06-143608-100x100.png",100,100,true]},"uagb_author_info":{"display_name":"admin","author_link":"https:\/\/kosmeetika24.com\/fi\/author\/"},"uagb_comment_info":0,"uagb_excerpt":"Vananemisvastane niisutav p\u00e4evakreem - salits\u00fc\u00fclhappe ja avokaado\u00f5liga, mis \u00fchtlustab jumet \u2013 naistele ja meestele. N\u00e4okreem on 100% silikoonivaba, alumiiniumivaba, alkoholivaba ja mikroplastivaba. 50 ml","_links":{"self":[{"href":"https:\/\/kosmeetika24.com\/fi\/wp-json\/wp\/v2\/product\/2572","targetHints":{"allow":["GET"]}}],"collection":[{"href":"https:\/\/kosmeetika24.com\/fi\/wp-json\/wp\/v2\/product"}],"about":[{"href":"https:\/\/kosmeetika24.com\/fi\/wp-json\/wp\/v2\/types\/product"}],"replies":[{"embeddable":true,"href":"https:\/\/kosmeetika24.com\/fi\/wp-json\/wp\/v2\/comments?post=2572"}],"version-history":[{"count":2,"href":"https:\/\/kosmeetika24.com\/fi\/wp-json\/wp\/v2\/product\/2572\/revisions"}],"predecessor-version":[{"id":5203,"href":"https:\/\/kosmeetika24.com\/fi\/wp-json\/wp\/v2\/product\/2572\/revisions\/5203"}],"wp:featuredmedia":[{"embeddable":true,"href":"https:\/\/kosmeetika24.com\/fi\/wp-json\/wp\/v2\/media\/2579"}],"wp:attachment":[{"href":"https:\/\/kosmeetika24.com\/fi\/wp-json\/wp\/v2\/media?parent=2572"}],"wp:term":[{"taxonomy":"product_brand","embeddable":true,"href":"https:\/\/kosmeetika24.com\/fi\/wp-json\/wp\/v2\/product_brand?post=2572"},{"taxonomy":"product_cat","embeddable":true,"href":"https:\/\/kosmeetika24.com\/fi\/wp-json\/wp\/v2\/product_cat?post=2572"},{"taxonomy":"product_tag","embeddable":true,"href":"https:\/\/kosmeetika24.com\/fi\/wp-json\/wp\/v2\/product_tag?post=2572"}],"curies":[{"name":"wp","href":"https:\/\/api.w.org\/{rel}","templated":true}]}}