{"id":2560,"date":"2024-05-30T13:46:48","date_gmt":"2024-05-30T13:46:48","guid":{"rendered":"https:\/\/kosmeetika24.com\/?post_type=product&#038;p=2560"},"modified":"2025-07-02T10:58:30","modified_gmt":"2025-07-02T07:58:30","slug":"reveel-igapaevaselt-kaitsev-naoseerum","status":"publish","type":"product","link":"https:\/\/kosmeetika24.com\/fi\/tuote\/reveel-igapaevaselt-kaitsev-naoseerum\/","title":{"rendered":"Reveel p\u00e4ivitt\u00e4inen suojaava kasvoseerumi"},"content":{"rendered":"<p>Aktiivisten ainesosien kompleksi vahvistaa ihon antioksidanttista suojausta ja immuunij\u00e4rjestelm\u00e4\u00e4. Iho saa terveen ja tasaisen s\u00e4vyn.<\/p>\n<p>Suojaa tehokkaasti haitallisilta ymp\u00e4rist\u00f6vaikutuksilta, UV-s\u00e4teilyn ja sinisen valon aiheuttamilta DNA-vaurioilta. Hidastaa siten ihon ik\u00e4\u00e4ntymisprosesseja ja ehk\u00e4isee hienojen juonteiden ja ryppyjen muodostumista.<\/p>\n<p>Kasvojen iho muuttuu elastisemmaksi, sile\u00e4mm\u00e4ksi ja hehkuu terveytt\u00e4.<\/p>\n<p>Sopii p\u00e4ivitt\u00e4iseen k\u00e4ytt\u00f6\u00f6n.<\/p>\n<p><strong>P\u00c4\u00c4AINEOSAT<\/strong><\/p>\n<ul>\n<li>Ektoiini<\/li>\n<li>Fytosfingosiiini<\/li>\n<li>Artisokka<\/li>\n<li>Buddleja Officinalis -kukanuuteekstrakti <em>(Nikoteeni, perhospensas)<\/em><\/li>\n<\/ul>\n<p><strong>Vaikutus<\/strong><\/p>\n<ul>\n<li>Ektoiini houkuttelee vesimolekyylej\u00e4 ja suojaa ihosoluja ulkoisten tekij\u00f6iden aiheuttamilta vaurioilta. V\u00e4hent\u00e4\u00e4 punoitusta.<\/li>\n<li>Fytosfingosiiini muodostaa iholle luonnollisen suojaesteen, suojaten sit\u00e4 kuivumiselta, elastisuuden menetykselt\u00e4, haitallisilta mikrobeilta ja \u00e4rsytt\u00e4vilt\u00e4 aineilta.<\/li>\n<li>Kasviuutteet poistavat ihon \u00e4rsytyksen, tulehduksen, kuivuuden ja punoituksen.<\/li>\n<\/ul>\n<p><strong>K\u00e4ytt\u00f6<\/strong><\/p>\n<p>Levit\u00e4 aamuisin, puhdistuksen j\u00e4lkeen, kasvoille, kaulalle ja dekolteelle.<br \/>\n\u2013 Seerumi peale v\u00f5ite kanda ka p\u00e4ikesekaitsekreemi.<\/p>\n<p>P\u00e4ivitt\u00e4isess\u00e4 k\u00e4yt\u00f6ss\u00e4 riitt\u00e4\u00e4 9 viikoksi.<\/p>\n<p><strong>Ainesosat<\/strong><\/p>\n<p>Aqua (Water), Pentylene Glycol, Glyceryl Stearate Citrate, Propanediol, Bambusa Arundinacea Stem Powder, Panthenol, Simmondsia Chinensis (Jojoba) Seed Oil, Vitis Vinifera (Grape) Seed Oil, Ectoin, Lepidium Sativum Sprout Extract, Cynara Scolymus (Artichoke) Leaf Extract, Buddleja Officinalis Flower Extract, Phytosphingosine, Sodium Carboxymethyl Beta-Glucan, Ceramide NP, Ceramide AS, Ceramide NS, Cholesterol, Ceramide Eop, Ceramide AP, Caesalpinia Spinosa Gum, Pullulan, Pantolactone, Hydrogenated Lecithin, Maltodextrin, Dehydroxanthan Gum, Citric Acid, Dipropylene Glycol, Glyceryl Stearate, Sucrose Distearate.<\/p>","protected":false},"excerpt":{"rendered":"<p>Suojaa ihosi \u00e4lypuhelinten ja n\u00e4ytt\u00f6jen haitalliselta siniselt\u00e4 valolta erityisell\u00e4 Reveel Defending Day Serum Plus -seerumilla!<\/p>\n<p>Seerumi, joka vahvistaa ihon vastustuskyky\u00e4 \u2013 suojaa ymp\u00e4rist\u00f6tekij\u00f6iden aiheuttamalta ennenaikaiselta vanhenemiselta \u2013 sopii sek\u00e4 naisille ett\u00e4 miehille.<\/p>\n<p>Silm\u00e4aluset laastarit ovat 100 % ilman silikonia, alumiinia, alkoholia ja mikroplastiikkia.<\/p>\n<p>50ml<\/p>","protected":false},"featured_media":2567,"comment_status":"closed","ping_status":"closed","template":"","meta":{"_uag_custom_page_level_css":"","site-sidebar-layout":"default","site-content-layout":"","ast-site-content-layout":"default","site-content-style":"default","site-sidebar-style":"default","ast-global-header-display":"","ast-banner-title-visibility":"","ast-main-header-display":"","ast-hfb-above-header-display":"","ast-hfb-below-header-display":"","ast-hfb-mobile-header-display":"","site-post-title":"","ast-breadcrumbs-content":"","ast-featured-img":"","footer-sml-layout":"","ast-disable-related-posts":"","theme-transparent-header-meta":"default","adv-header-id-meta":"","stick-header-meta":"","header-above-stick-meta":"","header-main-stick-meta":"","header-below-stick-meta":"","astra-migrate-meta-layouts":"set","ast-page-background-enabled":"default","ast-page-background-meta":{"desktop":{"background-color":"var(--ast-global-color-4)","background-image":"","background-repeat":"repeat","background-position":"center center","background-size":"auto","background-attachment":"scroll","background-type":"","background-media":"","overlay-type":"","overlay-color":"","overlay-opacity":"","overlay-gradient":""},"tablet":{"background-color":"","background-image":"","background-repeat":"repeat","background-position":"center center","background-size":"auto","background-attachment":"scroll","background-type":"","background-media":"","overlay-type":"","overlay-color":"","overlay-opacity":"","overlay-gradient":""},"mobile":{"background-color":"","background-image":"","background-repeat":"repeat","background-position":"center center","background-size":"auto","background-attachment":"scroll","background-type":"","background-media":"","overlay-type":"","overlay-color":"","overlay-opacity":"","overlay-gradient":""}},"ast-content-background-meta":{"desktop":{"background-color":"var(--ast-global-color-5)","background-image":"","background-repeat":"repeat","background-position":"center center","background-size":"auto","background-attachment":"scroll","background-type":"","background-media":"","overlay-type":"","overlay-color":"","overlay-opacity":"","overlay-gradient":""},"tablet":{"background-color":"var(--ast-global-color-5)","background-image":"","background-repeat":"repeat","background-position":"center center","background-size":"auto","background-attachment":"scroll","background-type":"","background-media":"","overlay-type":"","overlay-color":"","overlay-opacity":"","overlay-gradient":""},"mobile":{"background-color":"var(--ast-global-color-5)","background-image":"","background-repeat":"repeat","background-position":"center center","background-size":"auto","background-attachment":"scroll","background-type":"","background-media":"","overlay-type":"","overlay-color":"","overlay-opacity":"","overlay-gradient":""}}},"product_brand":[],"product_cat":[96,97,95],"product_tag":[],"class_list":{"0":"post-2560","1":"product","2":"type-product","3":"status-publish","4":"has-post-thumbnail","6":"product_cat-brands","7":"product_cat-naole","8":"product_cat-reveel","9":"desktop-align-left","10":"tablet-align-left","11":"mobile-align-left","13":"first","14":"instock","15":"taxable","16":"shipping-taxable","17":"product-type-simple","18":"add-to-wishlist-before_image"},"uagb_featured_image_src":{"full":["https:\/\/kosmeetika24.com\/wp-content\/uploads\/2024\/01\/Screenshot-2023-11-06-145621.png",572,576,false],"thumbnail":["https:\/\/kosmeetika24.com\/wp-content\/uploads\/2024\/01\/Screenshot-2023-11-06-145621-150x150.png",150,150,true],"medium":["https:\/\/kosmeetika24.com\/wp-content\/uploads\/2024\/01\/Screenshot-2023-11-06-145621-298x300.png",298,300,true],"medium_large":["https:\/\/kosmeetika24.com\/wp-content\/uploads\/2024\/01\/Screenshot-2023-11-06-145621.png",572,576,false],"large":["https:\/\/kosmeetika24.com\/wp-content\/uploads\/2024\/01\/Screenshot-2023-11-06-145621.png",572,576,false],"1536x1536":["https:\/\/kosmeetika24.com\/wp-content\/uploads\/2024\/01\/Screenshot-2023-11-06-145621.png",572,576,false],"2048x2048":["https:\/\/kosmeetika24.com\/wp-content\/uploads\/2024\/01\/Screenshot-2023-11-06-145621.png",572,576,false],"trp-custom-language-flag":["https:\/\/kosmeetika24.com\/wp-content\/uploads\/2024\/01\/Screenshot-2023-11-06-145621-12x12.png",12,12,true],"woocommerce_thumbnail":["https:\/\/kosmeetika24.com\/wp-content\/uploads\/2024\/01\/Screenshot-2023-11-06-145621-300x300.png",300,300,true],"woocommerce_single":["https:\/\/kosmeetika24.com\/wp-content\/uploads\/2024\/01\/Screenshot-2023-11-06-145621-500x503.png",500,503,true],"woocommerce_gallery_thumbnail":["https:\/\/kosmeetika24.com\/wp-content\/uploads\/2024\/01\/Screenshot-2023-11-06-145621-100x100.png",100,100,true]},"uagb_author_info":{"display_name":"admin","author_link":"https:\/\/kosmeetika24.com\/fi\/author\/"},"uagb_comment_info":0,"uagb_excerpt":"Kaitske oma nahka nutitelefonide ja monitoride ekraanide kiirgava ohtliku sinise valguse eest, spetsiaalse Reveel Defending Day Serum Plusiga! Naha vastupanu v\u00f5imet tugevdav seerum - kaitseb keskkonnateguritest p\u00f5hjustatud enneaegse vananemise eest - nii naistele kui meestele. Silmaaluse plaastrid on 100% silikoonivabad, alumiiniumivabad, alkoholivabad ja mikroplastivabad. 50ml","_links":{"self":[{"href":"https:\/\/kosmeetika24.com\/fi\/wp-json\/wp\/v2\/product\/2560","targetHints":{"allow":["GET"]}}],"collection":[{"href":"https:\/\/kosmeetika24.com\/fi\/wp-json\/wp\/v2\/product"}],"about":[{"href":"https:\/\/kosmeetika24.com\/fi\/wp-json\/wp\/v2\/types\/product"}],"replies":[{"embeddable":true,"href":"https:\/\/kosmeetika24.com\/fi\/wp-json\/wp\/v2\/comments?post=2560"}],"version-history":[{"count":1,"href":"https:\/\/kosmeetika24.com\/fi\/wp-json\/wp\/v2\/product\/2560\/revisions"}],"predecessor-version":[{"id":4503,"href":"https:\/\/kosmeetika24.com\/fi\/wp-json\/wp\/v2\/product\/2560\/revisions\/4503"}],"wp:featuredmedia":[{"embeddable":true,"href":"https:\/\/kosmeetika24.com\/fi\/wp-json\/wp\/v2\/media\/2567"}],"wp:attachment":[{"href":"https:\/\/kosmeetika24.com\/fi\/wp-json\/wp\/v2\/media?parent=2560"}],"wp:term":[{"taxonomy":"product_brand","embeddable":true,"href":"https:\/\/kosmeetika24.com\/fi\/wp-json\/wp\/v2\/product_brand?post=2560"},{"taxonomy":"product_cat","embeddable":true,"href":"https:\/\/kosmeetika24.com\/fi\/wp-json\/wp\/v2\/product_cat?post=2560"},{"taxonomy":"product_tag","embeddable":true,"href":"https:\/\/kosmeetika24.com\/fi\/wp-json\/wp\/v2\/product_tag?post=2560"}],"curies":[{"name":"wp","href":"https:\/\/api.w.org\/{rel}","templated":true}]}}