{"id":2545,"date":"2024-05-30T13:46:56","date_gmt":"2024-05-30T13:46:56","guid":{"rendered":"https:\/\/kosmeetika24.com\/?post_type=product&#038;p=2545"},"modified":"2025-07-02T10:54:25","modified_gmt":"2025-07-02T07:54:25","slug":"reveel-intensiivselt-niisutav-24h-naokreem","status":"publish","type":"product","link":"https:\/\/kosmeetika24.com\/fi\/tuote\/reveel-intensiivselt-niisutav-24h-naokreem\/","title":{"rendered":"Reveel intensiivisesti kosteuttava 24h kasvojen voide"},"content":{"rendered":"<p>Comforting Moisturizer on ik\u00e4\u00e4ntymisen merkkej\u00e4 korjaava kosteusvoide.<\/p>\n<p>Ik\u00e4\u00e4ntyess\u00e4mme ihon suojaeste menett\u00e4\u00e4 voimansa ja kyvyn s\u00e4ilytt\u00e4\u00e4 kosteutta. Iho kuivuu ja \u00e4rsyyntyy helposti. Mikroryppyj\u00e4 alkaa ilmesty\u00e4.<\/p>\n<p>Ik\u00e4\u00e4ntymisen merkkej\u00e4 korjaava voide syv\u00e4kosteuttaa ihoa ja palauttaa sen luonnollisen kosteustason. Ihon oma lipidituotanto aktivoituu.<\/p>\n<p>oide rauhoittaa ja vahvistaa luonnollista suojabarri\u00e4\u00e4ri\u00e4, <span lang=\"et-EE\">tarjoten kest\u00e4v\u00e4n suojan haitallisia ymp\u00e4rist\u00f6vaikutuksia vastaan. <\/span>I<span lang=\"et-EE\">ho on rauhoitettu, siloitettu ja ravittu.<\/span><\/p>\n<p>Voide kuuluu ik\u00e4\u00e4ntymist\u00e4 est\u00e4v\u00e4\u00e4n ihonhoitotuotesarjaan. Sit\u00e4 voi k\u00e4ytt\u00e4\u00e4 35 vuodesta alkaen.<\/p>\n<p>\u00a0<\/p>\n<p><span lang=\"et-EE\">Sopii kaikille ihotyypeille, erityisesti kuivalle, kuivuneelle iholle, jolla on ensimm\u00e4isi\u00e4 ik\u00e4\u00e4ntymisen merkkej\u00e4.<\/span><\/p>\n<p>P\u00c4\u00c4AINEOSAT<\/p>\n<ul>\n<li>Hyaluronihappo<\/li>\n<li>Suun ymp\u00e4rist\u00f6n rauhasten erite<\/li>\n<li>Avokado\u00f6ljy<\/li>\n<li>Kaakaovoide<\/li>\n<li>Cetearyyliisononaatti<\/li>\n<\/ul>\n<p>Vaikutus<\/p>\n<ul>\n<li>Hyaluronihappo muodostaa kosteuttavan verkoston iholle edist\u00e4en nesteen imeytymist\u00e4.<\/li>\n<li>Suun ymp\u00e4rist\u00f6n rauhasten erite, avokado\u00f6ljy ja kaakaovoide kosteuttavat, ravitsevat ja rentouttavat ihoa.<\/li>\n<li>Cetearyyliisononaatti on rasvahappojen esteri, jolla on erinomaiset pehment\u00e4v\u00e4t ominaisuudet. T\u00e4m\u00e4 tarkoittaa, ett\u00e4 se voi auttaa pehment\u00e4m\u00e4\u00e4n ja silottamaan ihoa. Se muodostaa suojakerroksen iholle suojaten sit\u00e4 haitallisilta ymp\u00e4rist\u00f6tekij\u00f6ilt\u00e4. Se my\u00f6s vakauttaa kosmetiikan ainesosia.<\/li>\n<\/ul>\n<p><strong>K\u00e4ytt\u00f6<\/strong><\/p>\n<p>Levit\u00e4 aamuisin ja\/tai iltaisin puhdistuksen j\u00e4lkeen kasvoille, kaulalle ja dekolteelle.<\/p>\n<p><strong>Ainesosat<\/strong><\/p>\n<p>Aqua (water), persea gratissima (avocado) oil, theobroma cacao (cocoa) seed butter, cetearyl isononanoate, glyceryl stearate, octyldodecanol, glycerin, polyglyceryl-3 methylglucose distearate, propanediol, tocopheryl acetate, panthenol, carbomer, sodium hyaluronate, glucomannan, phenoxyethanol, ethylhexylglycerin, tocopherol, ascorbyl isostearate, isostearic acid, ascorbic acid, lecithin, lactic acid, citric acid, benzoic acid, dehydroacetic acid, o-cymen-5-ol, potassium hydroxide, parfum (fragrance).<\/p>","protected":false},"excerpt":{"rendered":"<p>Taistlee tehokkaasti ihon ik\u00e4\u00e4ntymisen ensimm\u00e4isi\u00e4 merkkej\u00e4 vastaan.<\/p>\n<p>Ensimm\u00e4isist\u00e4 k\u00e4ytt\u00f6p\u00e4ivist\u00e4 alkaen iho muuttuu t\u00e4ydellisesti sile\u00e4ksi, elastiseksi ja hehkuu kauneutta ja terveytt\u00e4.<\/p>\n<p>Kasvovoide on 100 % ilman silikonia, alumiinia, alkoholia ja mikroplastia.<\/p>\n<p>50ml<\/p>","protected":false},"featured_media":2553,"comment_status":"closed","ping_status":"closed","template":"","meta":{"_uag_custom_page_level_css":"","site-sidebar-layout":"default","site-content-layout":"","ast-site-content-layout":"default","site-content-style":"default","site-sidebar-style":"default","ast-global-header-display":"","ast-banner-title-visibility":"","ast-main-header-display":"","ast-hfb-above-header-display":"","ast-hfb-below-header-display":"","ast-hfb-mobile-header-display":"","site-post-title":"","ast-breadcrumbs-content":"","ast-featured-img":"","footer-sml-layout":"","ast-disable-related-posts":"","theme-transparent-header-meta":"default","adv-header-id-meta":"","stick-header-meta":"","header-above-stick-meta":"","header-main-stick-meta":"","header-below-stick-meta":"","astra-migrate-meta-layouts":"set","ast-page-background-enabled":"default","ast-page-background-meta":{"desktop":{"background-color":"var(--ast-global-color-4)","background-image":"","background-repeat":"repeat","background-position":"center center","background-size":"auto","background-attachment":"scroll","background-type":"","background-media":"","overlay-type":"","overlay-color":"","overlay-opacity":"","overlay-gradient":""},"tablet":{"background-color":"","background-image":"","background-repeat":"repeat","background-position":"center center","background-size":"auto","background-attachment":"scroll","background-type":"","background-media":"","overlay-type":"","overlay-color":"","overlay-opacity":"","overlay-gradient":""},"mobile":{"background-color":"","background-image":"","background-repeat":"repeat","background-position":"center center","background-size":"auto","background-attachment":"scroll","background-type":"","background-media":"","overlay-type":"","overlay-color":"","overlay-opacity":"","overlay-gradient":""}},"ast-content-background-meta":{"desktop":{"background-color":"var(--ast-global-color-5)","background-image":"","background-repeat":"repeat","background-position":"center center","background-size":"auto","background-attachment":"scroll","background-type":"","background-media":"","overlay-type":"","overlay-color":"","overlay-opacity":"","overlay-gradient":""},"tablet":{"background-color":"var(--ast-global-color-5)","background-image":"","background-repeat":"repeat","background-position":"center center","background-size":"auto","background-attachment":"scroll","background-type":"","background-media":"","overlay-type":"","overlay-color":"","overlay-opacity":"","overlay-gradient":""},"mobile":{"background-color":"var(--ast-global-color-5)","background-image":"","background-repeat":"repeat","background-position":"center center","background-size":"auto","background-attachment":"scroll","background-type":"","background-media":"","overlay-type":"","overlay-color":"","overlay-opacity":"","overlay-gradient":""}}},"product_brand":[],"product_cat":[96,97,95],"product_tag":[],"class_list":{"0":"post-2545","1":"product","2":"type-product","3":"status-publish","4":"has-post-thumbnail","6":"product_cat-brands","7":"product_cat-naole","8":"product_cat-reveel","9":"desktop-align-left","10":"tablet-align-left","11":"mobile-align-left","13":"first","14":"instock","15":"taxable","16":"shipping-taxable","17":"product-type-simple","18":"add-to-wishlist-before_image"},"uagb_featured_image_src":{"full":["https:\/\/kosmeetika24.com\/wp-content\/uploads\/2024\/01\/Screenshot-2023-11-06-151730.png",572,572,false],"thumbnail":["https:\/\/kosmeetika24.com\/wp-content\/uploads\/2024\/01\/Screenshot-2023-11-06-151730-150x150.png",150,150,true],"medium":["https:\/\/kosmeetika24.com\/wp-content\/uploads\/2024\/01\/Screenshot-2023-11-06-151730-300x300.png",300,300,true],"medium_large":["https:\/\/kosmeetika24.com\/wp-content\/uploads\/2024\/01\/Screenshot-2023-11-06-151730.png",572,572,false],"large":["https:\/\/kosmeetika24.com\/wp-content\/uploads\/2024\/01\/Screenshot-2023-11-06-151730.png",572,572,false],"1536x1536":["https:\/\/kosmeetika24.com\/wp-content\/uploads\/2024\/01\/Screenshot-2023-11-06-151730.png",572,572,false],"2048x2048":["https:\/\/kosmeetika24.com\/wp-content\/uploads\/2024\/01\/Screenshot-2023-11-06-151730.png",572,572,false],"trp-custom-language-flag":["https:\/\/kosmeetika24.com\/wp-content\/uploads\/2024\/01\/Screenshot-2023-11-06-151730-12x12.png",12,12,true],"woocommerce_thumbnail":["https:\/\/kosmeetika24.com\/wp-content\/uploads\/2024\/01\/Screenshot-2023-11-06-151730-300x300.png",300,300,true],"woocommerce_single":["https:\/\/kosmeetika24.com\/wp-content\/uploads\/2024\/01\/Screenshot-2023-11-06-151730-500x500.png",500,500,true],"woocommerce_gallery_thumbnail":["https:\/\/kosmeetika24.com\/wp-content\/uploads\/2024\/01\/Screenshot-2023-11-06-151730-100x100.png",100,100,true]},"uagb_author_info":{"display_name":"admin","author_link":"https:\/\/kosmeetika24.com\/fi\/author\/"},"uagb_comment_info":0,"uagb_excerpt":"V\u00f5itleb t\u00f5husalt esimeste naha vananemise m\u00e4rkidega. Alates esimestest kasutusp\u00e4evast muutub nahk ideaalselt siledaks, elastseks, kiirgab ilu ja tervist. N\u00e4okreem on 100% silikoonivaba, alumiiniumivaba, alkoholivaba ja mikroplastivaba. 50ml","_links":{"self":[{"href":"https:\/\/kosmeetika24.com\/fi\/wp-json\/wp\/v2\/product\/2545","targetHints":{"allow":["GET"]}}],"collection":[{"href":"https:\/\/kosmeetika24.com\/fi\/wp-json\/wp\/v2\/product"}],"about":[{"href":"https:\/\/kosmeetika24.com\/fi\/wp-json\/wp\/v2\/types\/product"}],"replies":[{"embeddable":true,"href":"https:\/\/kosmeetika24.com\/fi\/wp-json\/wp\/v2\/comments?post=2545"}],"version-history":[{"count":1,"href":"https:\/\/kosmeetika24.com\/fi\/wp-json\/wp\/v2\/product\/2545\/revisions"}],"predecessor-version":[{"id":4502,"href":"https:\/\/kosmeetika24.com\/fi\/wp-json\/wp\/v2\/product\/2545\/revisions\/4502"}],"wp:featuredmedia":[{"embeddable":true,"href":"https:\/\/kosmeetika24.com\/fi\/wp-json\/wp\/v2\/media\/2553"}],"wp:attachment":[{"href":"https:\/\/kosmeetika24.com\/fi\/wp-json\/wp\/v2\/media?parent=2545"}],"wp:term":[{"taxonomy":"product_brand","embeddable":true,"href":"https:\/\/kosmeetika24.com\/fi\/wp-json\/wp\/v2\/product_brand?post=2545"},{"taxonomy":"product_cat","embeddable":true,"href":"https:\/\/kosmeetika24.com\/fi\/wp-json\/wp\/v2\/product_cat?post=2545"},{"taxonomy":"product_tag","embeddable":true,"href":"https:\/\/kosmeetika24.com\/fi\/wp-json\/wp\/v2\/product_tag?post=2545"}],"curies":[{"name":"wp","href":"https:\/\/api.w.org\/{rel}","templated":true}]}}