{"id":2093,"date":"2024-01-16T13:53:18","date_gmt":"2024-01-16T13:53:18","guid":{"rendered":"https:\/\/kosmeetika24.com\/?post_type=product&#038;p=2093"},"modified":"2025-07-03T11:29:55","modified_gmt":"2025-07-03T08:29:55","slug":"bruno-vassari-lab-biotics-igapaevane-toonik-2","status":"publish","type":"product","link":"https:\/\/kosmeetika24.com\/fi\/tuote\/bruno-vassari-lab-biotics-igapaevane-toonik-2\/","title":{"rendered":"BRUNO VASSARI Lab Biotics p\u00e4ivitt\u00e4inen tonic"},"content":{"rendered":"<p>P\u00e4ivitt\u00e4inen tonic <em>Daily Mist Toner<\/em> on prebioottinen kasvosuihke ammattilaisk\u00e4ytt\u00f6\u00f6n, joka virkist\u00e4\u00e4, kosteuttaa ja aktivoi ihon luonnollisen suojan. Se palauttaa floratasapainon p\u00e4ivitt\u00e4isen puhdistuksen j\u00e4lkeen ja suojaa ihon ekosysteemi\u00e4 ulkoisilta tekij\u00f6ilt\u00e4 vahvistaen suojaesteen ja s\u00e4ilytt\u00e4en optimaalisen kosteustason.<\/p>\n<p>Sopii kaikille ihotyypeille, erityisesti herk\u00e4lle iholle.<\/p>\n<p><strong>P\u00c4\u00c4AINEOSAT<\/strong><\/p>\n<ul>\n<li>BioEcolia\u00ae: luonnollisesta sokerista johdettu prebioottinen suojelija.<\/li>\n<li><em>Kombucha<\/em><\/li>\n<li>Inositoli<\/li>\n<\/ul>\n<p><strong>Vaikutus<\/strong><\/p>\n<ul>\n<li>BioEcolia\u00ae aktivoi ja vahvistaa ihon luonnollista suojan. Monimutkaisen rakenteensa vuoksi se suojaa ja yll\u00e4pit\u00e4\u00e4 herkkien ihon ekosysteemin tasapainoa, joka on jatkuvasti alttiina lukuisille ulkoisille tekij\u00f6ille. Se vahvistaa sarveiskerroksen suojabarri\u00e4\u00e4ri\u00e4, parantaen sen yleist\u00e4 kuntoa ja mukavuutta.<\/li>\n<li><em>Kombucha<\/em>Mustan teen tuotteet, jotka on valmistettu kahden mikro-organismin <em>hiiva Saccharomyces<\/em> ja bakteeri <em>Xylinum)<\/em>Pehment\u00e4\u00e4 ja virkist\u00e4\u00e4 ihoa sek\u00e4 parantaa sen laatua (pehmeys ja hehku).<\/li>\n<li>Inositoli aktivoi ihosoluja, jotka vastaavat t\u00e4rkeiden proteiinien, kuten elastaanin ja kollageenin, synteesist\u00e4, jotta iho pysyy hyv\u00e4kuntoisena, ehe\u00e4n\u00e4 ja s\u00e4ilytt\u00e4\u00e4 ominaisuutensa. Se yll\u00e4pit\u00e4\u00e4 kosteustasapainoa est\u00e4m\u00e4ll\u00e4 veden haihtumista ihon l\u00e4pi, parantaa yleist\u00e4 kosteutusta ja est\u00e4\u00e4 n\u00e4in ryppyjen ja ilmejuonteiden syntymist\u00e4.<\/li>\n<\/ul>\n<p><strong>K\u00e4ytt\u00f6<\/strong><\/p>\n<ul>\n<li>K\u00e4ytt\u00f6\u00f6n tonikina levit\u00e4 varovasti puhta ja kuivan ihon p\u00e4\u00e4lle vanulapulla puhdistuksen viimeistelemiseksi.<\/li>\n<li>Ihoa valmistellaksesi ja vaikuttavien aineiden imeytymist\u00e4 edist\u00e4\u00e4ksesi, k\u00e4yt\u00e4 toneria sumutteena suihkuttamalla sit\u00e4 halutulle alueelle. T\u00e4m\u00e4 levitystapa auttaa palauttamaan ihon kosteuden ja mukautumisen koko p\u00e4iv\u00e4n ajan.<\/li>\n<\/ul>\n<p><strong>Ainesosat<\/strong><\/p>\n<p>AQUA (WATER), BUTYLENE GLYCOL, PROPANEDIOL, INOSITOL, ALPHA-GLUCAN OLIGOSACCHARIDE, SACCHAROMYCES\/XYLINUM\/BLAK TEA FERMENT, SODIUM PCA, PHENOXYETHANOL, DISODIUM EDTA, CHLORPHENESIN, PEG-40 HYDROGENATED GASTOR OIL, GLYCERIN, PARFUM (FRAGRANCE), HYDROXYETHYLCELLULOSE, SODIUM CITRATE, CITRIC ACID, POTASSIUM SORBATE.<\/p>","protected":false},"excerpt":{"rendered":"<p>Monik\u00e4ytt\u00f6inen toneri ammattilaisk\u00e4ytt\u00f6\u00f6n, joka virkist\u00e4\u00e4, kosteuttaa ja aktivoi ihon luonnollisen suojan. Prebioottirikkaan koostumuksensa ansiosta se palauttaa hy\u00f6dyllisen florain tasapainon ja suojaa ihoa ulkoisilta aggressioilta vahvistaen suojaesteen ja s\u00e4ilytt\u00e4en optimaalisen kosteustason.<\/p>\n<p>500 ml<\/p>","protected":false},"featured_media":2094,"comment_status":"open","ping_status":"closed","template":"","meta":{"_uag_custom_page_level_css":"","site-sidebar-layout":"default","site-content-layout":"","ast-site-content-layout":"default","site-content-style":"default","site-sidebar-style":"default","ast-global-header-display":"","ast-banner-title-visibility":"","ast-main-header-display":"","ast-hfb-above-header-display":"","ast-hfb-below-header-display":"","ast-hfb-mobile-header-display":"","site-post-title":"","ast-breadcrumbs-content":"","ast-featured-img":"","footer-sml-layout":"","ast-disable-related-posts":"","theme-transparent-header-meta":"default","adv-header-id-meta":"","stick-header-meta":"","header-above-stick-meta":"","header-main-stick-meta":"","header-below-stick-meta":"","astra-migrate-meta-layouts":"set","ast-page-background-enabled":"default","ast-page-background-meta":{"desktop":{"background-color":"var(--ast-global-color-4)","background-image":"","background-repeat":"repeat","background-position":"center center","background-size":"auto","background-attachment":"scroll","background-type":"","background-media":"","overlay-type":"","overlay-color":"","overlay-opacity":"","overlay-gradient":""},"tablet":{"background-color":"","background-image":"","background-repeat":"repeat","background-position":"center center","background-size":"auto","background-attachment":"scroll","background-type":"","background-media":"","overlay-type":"","overlay-color":"","overlay-opacity":"","overlay-gradient":""},"mobile":{"background-color":"","background-image":"","background-repeat":"repeat","background-position":"center center","background-size":"auto","background-attachment":"scroll","background-type":"","background-media":"","overlay-type":"","overlay-color":"","overlay-opacity":"","overlay-gradient":""}},"ast-content-background-meta":{"desktop":{"background-color":"var(--ast-global-color-5)","background-image":"","background-repeat":"repeat","background-position":"center center","background-size":"auto","background-attachment":"scroll","background-type":"","background-media":"","overlay-type":"","overlay-color":"","overlay-opacity":"","overlay-gradient":""},"tablet":{"background-color":"var(--ast-global-color-5)","background-image":"","background-repeat":"repeat","background-position":"center center","background-size":"auto","background-attachment":"scroll","background-type":"","background-media":"","overlay-type":"","overlay-color":"","overlay-opacity":"","overlay-gradient":""},"mobile":{"background-color":"var(--ast-global-color-5)","background-image":"","background-repeat":"repeat","background-position":"center center","background-size":"auto","background-attachment":"scroll","background-type":"","background-media":"","overlay-type":"","overlay-color":"","overlay-opacity":"","overlay-gradient":""}}},"product_brand":[],"product_cat":[96,66,97],"product_tag":[],"class_list":{"0":"post-2093","1":"product","2":"type-product","3":"status-publish","4":"has-post-thumbnail","6":"product_cat-brands","7":"product_cat-lab-biotics","8":"product_cat-naole","9":"desktop-align-left","10":"tablet-align-left","11":"mobile-align-left","13":"first","14":"instock","15":"taxable","16":"shipping-taxable","17":"product-type-simple","18":"add-to-wishlist-before_image"},"uagb_featured_image_src":{"full":["https:\/\/kosmeetika24.com\/wp-content\/uploads\/2024\/01\/2341-Daily-Mist-Toner-500ml.jpg",600,600,false],"thumbnail":["https:\/\/kosmeetika24.com\/wp-content\/uploads\/2024\/01\/2341-Daily-Mist-Toner-500ml-150x150.jpg",150,150,true],"medium":["https:\/\/kosmeetika24.com\/wp-content\/uploads\/2024\/01\/2341-Daily-Mist-Toner-500ml-300x300.jpg",300,300,true],"medium_large":["https:\/\/kosmeetika24.com\/wp-content\/uploads\/2024\/01\/2341-Daily-Mist-Toner-500ml.jpg",600,600,false],"large":["https:\/\/kosmeetika24.com\/wp-content\/uploads\/2024\/01\/2341-Daily-Mist-Toner-500ml.jpg",600,600,false],"1536x1536":["https:\/\/kosmeetika24.com\/wp-content\/uploads\/2024\/01\/2341-Daily-Mist-Toner-500ml.jpg",600,600,false],"2048x2048":["https:\/\/kosmeetika24.com\/wp-content\/uploads\/2024\/01\/2341-Daily-Mist-Toner-500ml.jpg",600,600,false],"trp-custom-language-flag":["https:\/\/kosmeetika24.com\/wp-content\/uploads\/2024\/01\/2341-Daily-Mist-Toner-500ml-12x12.jpg",12,12,true],"woocommerce_thumbnail":["https:\/\/kosmeetika24.com\/wp-content\/uploads\/2024\/01\/2341-Daily-Mist-Toner-500ml-300x300.jpg",300,300,true],"woocommerce_single":["https:\/\/kosmeetika24.com\/wp-content\/uploads\/2024\/01\/2341-Daily-Mist-Toner-500ml-500x500.jpg",500,500,true],"woocommerce_gallery_thumbnail":["https:\/\/kosmeetika24.com\/wp-content\/uploads\/2024\/01\/2341-Daily-Mist-Toner-500ml-100x100.jpg",100,100,true]},"uagb_author_info":{"display_name":"admin","author_link":"https:\/\/kosmeetika24.com\/fi\/author\/"},"uagb_comment_info":0,"uagb_excerpt":"Professionaalseks kasutamiseks m\u00f5eldud multifunktsionaalne toonik, mis v\u00e4rskendab, niisutab ja aktiveerib naha loomulikku kaitsev\u00f5imet. Prebiootikumirikka koostise t\u00f5ttu taastab see kasuliku floora tasakaalu ja kaitseb nahka v\u00e4liste agressioonide eest, tugevdades kaitsebarj\u00e4\u00e4ri ja s\u00e4ilitades optimaalse niisutustaseme. 500 ml","_links":{"self":[{"href":"https:\/\/kosmeetika24.com\/fi\/wp-json\/wp\/v2\/product\/2093","targetHints":{"allow":["GET"]}}],"collection":[{"href":"https:\/\/kosmeetika24.com\/fi\/wp-json\/wp\/v2\/product"}],"about":[{"href":"https:\/\/kosmeetika24.com\/fi\/wp-json\/wp\/v2\/types\/product"}],"replies":[{"embeddable":true,"href":"https:\/\/kosmeetika24.com\/fi\/wp-json\/wp\/v2\/comments?post=2093"}],"version-history":[{"count":1,"href":"https:\/\/kosmeetika24.com\/fi\/wp-json\/wp\/v2\/product\/2093\/revisions"}],"predecessor-version":[{"id":4612,"href":"https:\/\/kosmeetika24.com\/fi\/wp-json\/wp\/v2\/product\/2093\/revisions\/4612"}],"wp:featuredmedia":[{"embeddable":true,"href":"https:\/\/kosmeetika24.com\/fi\/wp-json\/wp\/v2\/media\/2094"}],"wp:attachment":[{"href":"https:\/\/kosmeetika24.com\/fi\/wp-json\/wp\/v2\/media?parent=2093"}],"wp:term":[{"taxonomy":"product_brand","embeddable":true,"href":"https:\/\/kosmeetika24.com\/fi\/wp-json\/wp\/v2\/product_brand?post=2093"},{"taxonomy":"product_cat","embeddable":true,"href":"https:\/\/kosmeetika24.com\/fi\/wp-json\/wp\/v2\/product_cat?post=2093"},{"taxonomy":"product_tag","embeddable":true,"href":"https:\/\/kosmeetika24.com\/fi\/wp-json\/wp\/v2\/product_tag?post=2093"}],"curies":[{"name":"wp","href":"https:\/\/api.w.org\/{rel}","templated":true}]}}