{"id":2088,"date":"2024-01-16T13:47:08","date_gmt":"2024-01-16T13:47:08","guid":{"rendered":"https:\/\/kosmeetika24.com\/?post_type=product&#038;p=2088"},"modified":"2025-07-03T11:29:27","modified_gmt":"2025-07-03T08:29:27","slug":"bruno-vassari-lab-biotics-probiotic-professional-kit","status":"publish","type":"product","link":"https:\/\/kosmeetika24.com\/fi\/tuote\/bruno-vassari-lab-biotics-probiotic-professional-kit\/","title":{"rendered":"BRUNO VASSARI Lab Biotics Probioottinen ammattilaispaketti"},"content":{"rendered":"<p>Ammattilaisk\u00e4ytt\u00f6\u00f6n suunniteltu Probiotic Professional Kit sis\u00e4lt\u00e4\u00e4 pre- ja probiootteja. Ne auttavat yll\u00e4pit\u00e4m\u00e4\u00e4n mikrobiotan herkk\u00e4\u00e4 tasapainoa, parantaen sek\u00e4 vastustuskyky\u00e4 ett\u00e4 suojaavuutta. Se aktivoi solujen uusiutumisen, vahvistaen ihon luonnollista suojaa, joka suojaa ulkoisilta vaurioilta ja ennenaikaiselta ik\u00e4\u00e4ntymiselt\u00e4, samalla syv\u00e4sti kosteuttaen ja elvytt\u00e4en. Tulos on parantunut ja kosteutettu iho.<\/p>\n<p>Hoidon tuloksena iho on t\u00e4ytel\u00e4inen, sile\u00e4, ravittu ja pehme\u00e4. Se palauttaa ihon luonnollisen s\u00e4vyn ja elvytt\u00e4\u00e4 ihon hehkun.<\/p>\n<p>Sopii kaikille ihotyypeille.<\/p>\n<p><strong>P\u00c4\u00c4AINEOSAT<\/strong><\/p>\n<ul>\n<li>Kontsentraat \u201cPro-Concentrate\u201d: Repair Complex CLR\u2122, Teflose, <em>Kombucha<\/em>natriumhyaluronaatti, niatsinamidi, makadamiap\u00e4hkin\u00e4\u00f6ljy<\/li>\n<li>Kahe-etapiline mask \u201cPeel-Off Mask Cream\u201d ja \u201cFixing Gel\u201d: <em>Callibepharis Jubata Polymarines<\/em>, merellisest\u00e4 alkuper\u00e4st\u00e4 per\u00e4isin olevat polysakkaridit, hyaluronihappo, vihre\u00e4 lev\u00e4<em>Ulva Lactuca)<\/em>, mahonki, allantiini<\/li>\n<li>Taastav kreem \u201cLactis Advanced Cream\u201d: ProRenew Complex CLR \u2122, Teflose\u00ae, kombuchka, niatsiinamiid, h\u00fcaluroonhape.<\/li>\n<\/ul>\n<p><strong>Vaikutus<\/strong><\/p>\n<ul>\n<li>Konsentraatti vahvistaa ja tehostaa ihon immuunij\u00e4rjestelm\u00e4\u00e4, parantaen ulkoisten tekij\u00f6iden ja UV-s\u00e4teiden aiheuttamia vaurioita ihosoluissa. Se tukee mikrobiotan tasapainoa. Kosteuttaa, rauhoittaa, siloittaa ja virkist\u00e4\u00e4 ihoa parantaen sen yleist\u00e4 laatua.<\/li>\n<li>Maskilla on kosteuttavia ja rauhoittavia ominaisuuksia. Se vahvistaa epidermisen esteen ja parantaa ihon kyky\u00e4 sitoa vett\u00e4. Se v\u00e4hent\u00e4\u00e4 hienoja juonteita ja lis\u00e4\u00e4 kimmoisuutta. Se vahvistaa ihon luonnollisia suojamekanismeja, lis\u00e4\u00e4 solujen energiaa ja stimuloi solujen uusiutumista.<\/li>\n<li>Voide on rikas pre- ja probioottisten ainesosien suhteen, jotka auttavat yll\u00e4pit\u00e4m\u00e4\u00e4n ihon floora tasapainoa. Se aktivoi solujen uusiutumisen, vahvistaen ihon luonnollista suojaa, joka suojaa sit\u00e4 haitallisilta ulkoisilta tekij\u00f6ilt\u00e4, samalla syv\u00e4sti kosteuttaen ja elvytt\u00e4en.<\/li>\n<\/ul>\n<p><strong>K\u00e4ytt\u00f6<\/strong><\/p>\n<ol>\n<li>Poista silm\u00e4- ja huulimeikki hell\u00e4varaisesti BRUNO VASSARI The Specifics kaksivaiheisella meikinpoistoaineella. <a href=\"https:\/\/kosmeetika24.eu\/toode\/bruno-vassari-the-specifics-bio-douce\/\">BRUNO VASSARI The Specifics kaksivaiheisella meikinpoistoaineella.<\/a><\/li>\n<li>Puhdista kasvot, kaula ja dekoltee <a href=\"https:\/\/kosmeetika24.eu\/toode\/bruno-vassari-lab-biotics-rikkalik-puhastusvaht\/\">Puhdista kasvot, kaula ja dekoltee BRUNO VASSARI Lab Biotics -rikkaalla puhdistusvaahdolla.<\/a>.<\/li>\n<li>Tonisoi iho <a href=\"https:\/\/kosmeetika24.eu\/toode\/bruno-vassari-lab-biotics-igapaevane-toonik-2\/\">BRUNO VASSARI Lab Biotics p\u00e4ivitt\u00e4inen tonic<\/a>.<\/li>\n<li>Suorita ihon kuorinta <a href=\"https:\/\/kosmeetika24.eu\/toode\/bruno-vassari-boosters-papain-enzimatic-resurfacer\/\">BRUNO VASSARI Boosters -entsymaattisen kuorintatuotteen avulla<\/a>.<\/li>\n<li>Suorita hieronta <a href=\"https:\/\/kosmeetika24.eu\/toode\/bruno-vassari-boosters-glucosyl-hesperidin-niacinamide\/\">BRUNO VASSARI Boosters -hierontageelill\u00e4.<\/a>.<\/li>\n<li>Levit\u00e4 puhta kasvojen p\u00e4\u00e4lle konsentraatti (setiss\u00e4) ja hiero kevyesti, kunnes tuote on imeytynyt.<\/li>\n<li>Valmista kaksosainen naamio (setiss\u00e4). Avaa naamion pakkaukset ja kaada niiden sis\u00e4lt\u00f6 kahteen pieneen kulhoon. Levit\u00e4 ensin kuorintanaamio iholle lastalla. Levit\u00e4 sitten kuorintanaamon p\u00e4\u00e4lle korjaavaa geeli\u00e4 siveltimell\u00e4 ja hiero kevyesti, jotta naamio jakautuu tasaisemmin kasvoille.<\/li>\n<li>Anna vaikuttaa 20 minuuttia, sitten poista molemmat naamiot. Tarvittaessa puhdista ihon pinta.<\/li>\n<li>Tasoita ihoa viel\u00e4 kerran <a href=\"https:\/\/kosmeetika24.eu\/toode\/bruno-vassari-lab-biotics-igapaevane-toonik-2\/\">BRUNO VASSARI Lab Biotics p\u00e4ivitt\u00e4inen tonic<\/a>.<\/li>\n<li>P\u00e4\u00e4t\u00e4 hoito palauttavalla kremill\u00e4 (setiss\u00e4). Levit\u00e4 <a href=\"https:\/\/kosmeetika24.eu\/toode\/bruno-vassari-collagen-booster-peptide-eye-contour-gel-cream\/\">RUNO VASSARI Collagen Booster -peptidikompleksia sis\u00e4lt\u00e4v\u00e4\u00e4 silm\u00e4nymp\u00e4rysvoidetta silmien ymp\u00e4rille.<\/a>.<\/li>\n<\/ol>\n<p><strong>Ainesosat<\/strong><\/p>\n<p><span style=\"font-size: 14px;\">AQUA (WATER), BIFIDA, FERMENT LYSATE, BUTYLENE, GLYCOL, COCO-CAPRYLATE\/CAPRATE, C12-15 ALKYL BENZOATE, OCTYLDODECANOL, GLYCERIN, NIACINAMIDE, DICAPRYLYL CARBONATE, PROPANEDIOL, CETYL ALCOHOL, SACCHROMYCES\/XYLINUM\/BLACK TEA, GLYCERYLSTEARATE, PEG-100 STEARATE, SODIUM HYLAURONATE, MACADAMIA INTEGRIFOLIA SEED OIL, PHENOXYETHANOL, SHAMNOSE, GLUCOSE, POTASSIUM CETYL, PHOSPHATE, GLUCURONIC ACID,AMMONIUM ACRYLOYLDIMETHYLTAURATE\/VP COPOLYMER, CHLORPHENESIN, CARBOMER, PARFUM (FRAGRANCE), TOCOPHEROL, DISODIUM EDTA, SODIUM HYDROXIDE, HYDROXYETHYLCELLULOSE, SODIUM BENZOATE, SODIUM CITRATE, CITRIC ACID, POTASSIUM SORBATE.<\/span><\/p>","protected":false},"excerpt":{"rendered":"<p>Kompleksi, joka sis\u00e4lt\u00e4\u00e4 pre- ja probiootteja, jotka auttavat yll\u00e4pit\u00e4m\u00e4\u00e4n ihon mikrobiotan herkk\u00e4\u00e4 tasapainoa, parantaen sen vastustuskyky\u00e4 ja suojaa haitallisilta ulkoisilta tekij\u00f6ilt\u00e4 sek\u00e4 ihon ennenaikaiselta ik\u00e4\u00e4ntymiselt\u00e4.<\/p>\n<p>&nbsp;<\/p>\n<p><span style=\"font-size: 14px;\">Kompleksi on suunniteltu ammattilaisk\u00e4ytt\u00f6\u00f6n kuuden hoidon ajan.<\/span><\/p>\n<ul>\n<li><span style=\"font-size: 14px;\">Pro-Concentrate -konsentraatti 2,5 ml<\/span><\/li>\n<li><span style=\"font-size: 14px;\">Peel-Off Mask Cream 35 ml<\/span><\/li>\n<li><span style=\"font-size: 14px;\">Fixing Gel 15 ml<\/span><\/li>\n<li><span style=\"font-size: 14px;\">Palauttava voide Lactis Advanced Cream 20 ml<\/span><\/li>\n<\/ul>\n<p>&nbsp;<\/p>","protected":false},"featured_media":2092,"comment_status":"open","ping_status":"closed","template":"","meta":{"_uag_custom_page_level_css":"","site-sidebar-layout":"default","site-content-layout":"","ast-site-content-layout":"default","site-content-style":"default","site-sidebar-style":"default","ast-global-header-display":"","ast-banner-title-visibility":"","ast-main-header-display":"","ast-hfb-above-header-display":"","ast-hfb-below-header-display":"","ast-hfb-mobile-header-display":"","site-post-title":"","ast-breadcrumbs-content":"","ast-featured-img":"","footer-sml-layout":"","ast-disable-related-posts":"","theme-transparent-header-meta":"default","adv-header-id-meta":"","stick-header-meta":"","header-above-stick-meta":"","header-main-stick-meta":"","header-below-stick-meta":"","astra-migrate-meta-layouts":"set","ast-page-background-enabled":"default","ast-page-background-meta":{"desktop":{"background-color":"var(--ast-global-color-4)","background-image":"","background-repeat":"repeat","background-position":"center center","background-size":"auto","background-attachment":"scroll","background-type":"","background-media":"","overlay-type":"","overlay-color":"","overlay-opacity":"","overlay-gradient":""},"tablet":{"background-color":"","background-image":"","background-repeat":"repeat","background-position":"center center","background-size":"auto","background-attachment":"scroll","background-type":"","background-media":"","overlay-type":"","overlay-color":"","overlay-opacity":"","overlay-gradient":""},"mobile":{"background-color":"","background-image":"","background-repeat":"repeat","background-position":"center center","background-size":"auto","background-attachment":"scroll","background-type":"","background-media":"","overlay-type":"","overlay-color":"","overlay-opacity":"","overlay-gradient":""}},"ast-content-background-meta":{"desktop":{"background-color":"var(--ast-global-color-5)","background-image":"","background-repeat":"repeat","background-position":"center center","background-size":"auto","background-attachment":"scroll","background-type":"","background-media":"","overlay-type":"","overlay-color":"","overlay-opacity":"","overlay-gradient":""},"tablet":{"background-color":"var(--ast-global-color-5)","background-image":"","background-repeat":"repeat","background-position":"center center","background-size":"auto","background-attachment":"scroll","background-type":"","background-media":"","overlay-type":"","overlay-color":"","overlay-opacity":"","overlay-gradient":""},"mobile":{"background-color":"var(--ast-global-color-5)","background-image":"","background-repeat":"repeat","background-position":"center center","background-size":"auto","background-attachment":"scroll","background-type":"","background-media":"","overlay-type":"","overlay-color":"","overlay-opacity":"","overlay-gradient":""}}},"product_brand":[],"product_cat":[96,66,97],"product_tag":[],"class_list":{"0":"post-2088","1":"product","2":"type-product","3":"status-publish","4":"has-post-thumbnail","6":"product_cat-brands","7":"product_cat-lab-biotics","8":"product_cat-naole","9":"desktop-align-left","10":"tablet-align-left","11":"mobile-align-left","13":"first","14":"instock","15":"taxable","16":"shipping-taxable","17":"product-type-simple","18":"add-to-wishlist-before_image"},"uagb_featured_image_src":{"full":["https:\/\/kosmeetika24.com\/wp-content\/uploads\/2024\/01\/2340-Professional-Probiotic-Kit.jpg",600,600,false],"thumbnail":["https:\/\/kosmeetika24.com\/wp-content\/uploads\/2024\/01\/2340-Professional-Probiotic-Kit-150x150.jpg",150,150,true],"medium":["https:\/\/kosmeetika24.com\/wp-content\/uploads\/2024\/01\/2340-Professional-Probiotic-Kit-300x300.jpg",300,300,true],"medium_large":["https:\/\/kosmeetika24.com\/wp-content\/uploads\/2024\/01\/2340-Professional-Probiotic-Kit.jpg",600,600,false],"large":["https:\/\/kosmeetika24.com\/wp-content\/uploads\/2024\/01\/2340-Professional-Probiotic-Kit.jpg",600,600,false],"1536x1536":["https:\/\/kosmeetika24.com\/wp-content\/uploads\/2024\/01\/2340-Professional-Probiotic-Kit.jpg",600,600,false],"2048x2048":["https:\/\/kosmeetika24.com\/wp-content\/uploads\/2024\/01\/2340-Professional-Probiotic-Kit.jpg",600,600,false],"trp-custom-language-flag":["https:\/\/kosmeetika24.com\/wp-content\/uploads\/2024\/01\/2340-Professional-Probiotic-Kit-12x12.jpg",12,12,true],"woocommerce_thumbnail":["https:\/\/kosmeetika24.com\/wp-content\/uploads\/2024\/01\/2340-Professional-Probiotic-Kit-300x300.jpg",300,300,true],"woocommerce_single":["https:\/\/kosmeetika24.com\/wp-content\/uploads\/2024\/01\/2340-Professional-Probiotic-Kit-500x500.jpg",500,500,true],"woocommerce_gallery_thumbnail":["https:\/\/kosmeetika24.com\/wp-content\/uploads\/2024\/01\/2340-Professional-Probiotic-Kit-100x100.jpg",100,100,true]},"uagb_author_info":{"display_name":"admin","author_link":"https:\/\/kosmeetika24.com\/fi\/author\/"},"uagb_comment_info":0,"uagb_excerpt":"Komplekt koos pre- ja probiootikumidega, mis aitavad s\u00e4ilitada naha mikrobioota \u00f5rna tasakaalu, parandades nii selle vastupidavust kui ka kaitset kahjulike v\u00e4listegurite ja naha enneaegse vananemise eest. &nbsp; Komplekt on m\u00f5eldud professionaalseks kasutamiseks 6 protseduuril. kontsentraat Pro-Concentrate 2,5 ml mask Peel-Off Mask Cream 35 ml geel Fixing Gel 15 ml taastav kreem Lactis Advanced Cream 20&hellip;","_links":{"self":[{"href":"https:\/\/kosmeetika24.com\/fi\/wp-json\/wp\/v2\/product\/2088","targetHints":{"allow":["GET"]}}],"collection":[{"href":"https:\/\/kosmeetika24.com\/fi\/wp-json\/wp\/v2\/product"}],"about":[{"href":"https:\/\/kosmeetika24.com\/fi\/wp-json\/wp\/v2\/types\/product"}],"replies":[{"embeddable":true,"href":"https:\/\/kosmeetika24.com\/fi\/wp-json\/wp\/v2\/comments?post=2088"}],"version-history":[{"count":3,"href":"https:\/\/kosmeetika24.com\/fi\/wp-json\/wp\/v2\/product\/2088\/revisions"}],"predecessor-version":[{"id":6153,"href":"https:\/\/kosmeetika24.com\/fi\/wp-json\/wp\/v2\/product\/2088\/revisions\/6153"}],"wp:featuredmedia":[{"embeddable":true,"href":"https:\/\/kosmeetika24.com\/fi\/wp-json\/wp\/v2\/media\/2092"}],"wp:attachment":[{"href":"https:\/\/kosmeetika24.com\/fi\/wp-json\/wp\/v2\/media?parent=2088"}],"wp:term":[{"taxonomy":"product_brand","embeddable":true,"href":"https:\/\/kosmeetika24.com\/fi\/wp-json\/wp\/v2\/product_brand?post=2088"},{"taxonomy":"product_cat","embeddable":true,"href":"https:\/\/kosmeetika24.com\/fi\/wp-json\/wp\/v2\/product_cat?post=2088"},{"taxonomy":"product_tag","embeddable":true,"href":"https:\/\/kosmeetika24.com\/fi\/wp-json\/wp\/v2\/product_tag?post=2088"}],"curies":[{"name":"wp","href":"https:\/\/api.w.org\/{rel}","templated":true}]}}