{"id":1922,"date":"2024-10-15T14:46:57","date_gmt":"2024-10-15T12:46:57","guid":{"rendered":"https:\/\/kosmeetika24.com\/?post_type=product&#038;p=1922"},"modified":"2025-07-02T13:59:10","modified_gmt":"2025-07-02T10:59:10","slug":"bruno-vassari-body-care-toksiine-eemaldav-kreem","status":"publish","type":"product","link":"https:\/\/kosmeetika24.com\/fi\/tuote\/bruno-vassari-body-care-toksiine-eemaldav-kreem\/","title":{"rendered":"BRUNO VASSARI Body Care -detox-kremi."},"content":{"rendered":"<p><span class=\"notranslate\">Ammattik\u00e4ytt\u00f6\u00f6n tarkoitettu kremi<\/span> <em>Exudation Cream +<\/em> perustuu eteerisiin \u00f6ljyihin ja nestem\u00e4iseen parafiiniin. Kremi auttaa poistamaan toksiineja, ravitsee ja kosteuttaa ihoa.<span class=\"notranslate\">Tuote aiheuttaa hikoilua, mik\u00e4 auttaa poistamaan toksiineja ja ylim\u00e4\u00e4r\u00e4ist\u00e4 nestett\u00e4 kehosta. Ihanteellinen kehon tilavuuden v\u00e4hent\u00e4miseen ongelma-alueilla.\u00a0<\/span><\/p>\n<p>Sopii kaikille ihotyypeille laihduttaviin ja kosteuttaviin hoitoihin.<\/p>\n<p><strong>P\u00c4\u00c4AINEOSAT<\/strong><\/p>\n<ul>\n<li>Kylm\u00e4 parafiini<\/li>\n<li>Timjamin eteerinen \u00f6ljy<\/li>\n<li>Piparmintun eteerinen \u00f6ljy<\/li>\n<li>Laventelin eteerinen \u00f6ljy<\/li>\n<li>Eukalyptuksen eteerinen \u00f6ljy<\/li>\n<li>Sitruunan eteerinen \u00f6ljy<\/li>\n<\/ul>\n<p><strong>Vaikutus<\/strong><\/p>\n<ul>\n<li>Kylm\u00e4t parafiinit: ravitseva, kosteuttava ja toksiine poistava vaikutus.<\/li>\n<li>Timjamin eteerinen \u00f6ljy tonisoi ja stimuloi.<\/li>\n<li>Piparmintun eteerinen \u00f6ljy virkist\u00e4\u00e4.<\/li>\n<li>Laventelin eteerinen \u00f6ljy on antiseptinen, parantava, stimuloiva ja kiinteytt\u00e4v\u00e4.<\/li>\n<li>Eukalyptuksen eteerinen \u00f6ljy on antiseptinen, tulehdusta est\u00e4v\u00e4 ja kongestioita v\u00e4hent\u00e4v\u00e4.<\/li>\n<li>Sitruunan eteerinen \u00f6ljy on antiseptinen, virkist\u00e4v\u00e4, tonisoiva, puhdistava ja kiinteytt\u00e4v\u00e4.<\/li>\n<\/ul>\n<p><strong>K\u00e4ytt\u00f6<\/strong><\/p>\n<ul>\n<li>Levit\u00e4 toksiine poistava kremi tasaisesti halutulle alueelle.<\/li>\n<li>\u00a0\u041e\u0431\u0435\u0440\u043d\u0438\u0442\u0435 \u0442\u0435\u043b\u043e \u043f\u043b\u0435\u043d\u043a\u043e\u0439, \u0437\u0430\u0442\u0435\u043c \u043d\u0430\u043a\u0440\u043e\u0439\u0442\u0435 \u0442\u0435\u0440\u043c\u043e\u043e\u0434\u0435\u044f\u043b\u043e\u043c \u0438 \u0434\u0430\u0439\u0442\u0435 \u0432\u043e\u0437\u0434\u0435\u0439\u0441\u0442\u0432\u043e\u0432\u0430\u0442\u044c 15\u201320 \u043c\u0438\u043d\u0443\u0442.<\/li>\n<li>Seuraavaksi poista l\u00e4mp\u00f6peite, puhdista alue ja jatka hoitoa.<\/li>\n<\/ul>\n<p><strong>Ainesosat<\/strong><\/p>\n<p><span style=\"font-size: 14px;\">PARAFFINUM LIQUIDUM (MINERAL OIL), CERA MICROCRISTALLINA (MICROCRYSTALLINE WAX), PETROLATUM, SILICA, EUCALYPTUS GLOBULUS LEAF OIL, MENTHA ARVENSIS LEAF OIL, THYMUS VULGARIS LEAF OIL, LAVANDULA LATIFOLIA HERB OIL, LITSEA CUBEA FRUIT OIL, CITRUS LIMON PEEL OIL, PARFUM (FRAGRANCE), TURPENTINE, LINALOOL, LIMONENE, GERANIOL, CITRAL, CITRONELLOL, C.I. 77491 (IRON OXIDE).\u00a0<\/span><\/p>","protected":false},"excerpt":{"rendered":"<p>&nbsp;<\/p>\n<p>Ammattik\u00e4ytt\u00f6\u00f6n tarkoitettu laihduttava ja toksiineja poistava kremi.<\/p>\n<p>1000 ml<\/p>","protected":false},"featured_media":1923,"comment_status":"open","ping_status":"closed","template":"","meta":{"_uag_custom_page_level_css":"","site-sidebar-layout":"default","site-content-layout":"","ast-site-content-layout":"default","site-content-style":"default","site-sidebar-style":"default","ast-global-header-display":"","ast-banner-title-visibility":"","ast-main-header-display":"","ast-hfb-above-header-display":"","ast-hfb-below-header-display":"","ast-hfb-mobile-header-display":"","site-post-title":"","ast-breadcrumbs-content":"","ast-featured-img":"","footer-sml-layout":"","ast-disable-related-posts":"","theme-transparent-header-meta":"default","adv-header-id-meta":"","stick-header-meta":"","header-above-stick-meta":"","header-main-stick-meta":"","header-below-stick-meta":"","astra-migrate-meta-layouts":"set","ast-page-background-enabled":"default","ast-page-background-meta":{"desktop":{"background-color":"var(--ast-global-color-4)","background-image":"","background-repeat":"repeat","background-position":"center center","background-size":"auto","background-attachment":"scroll","background-type":"","background-media":"","overlay-type":"","overlay-color":"","overlay-opacity":"","overlay-gradient":""},"tablet":{"background-color":"","background-image":"","background-repeat":"repeat","background-position":"center center","background-size":"auto","background-attachment":"scroll","background-type":"","background-media":"","overlay-type":"","overlay-color":"","overlay-opacity":"","overlay-gradient":""},"mobile":{"background-color":"","background-image":"","background-repeat":"repeat","background-position":"center center","background-size":"auto","background-attachment":"scroll","background-type":"","background-media":"","overlay-type":"","overlay-color":"","overlay-opacity":"","overlay-gradient":""}},"ast-content-background-meta":{"desktop":{"background-color":"var(--ast-global-color-5)","background-image":"","background-repeat":"repeat","background-position":"center center","background-size":"auto","background-attachment":"scroll","background-type":"","background-media":"","overlay-type":"","overlay-color":"","overlay-opacity":"","overlay-gradient":""},"tablet":{"background-color":"var(--ast-global-color-5)","background-image":"","background-repeat":"repeat","background-position":"center center","background-size":"auto","background-attachment":"scroll","background-type":"","background-media":"","overlay-type":"","overlay-color":"","overlay-opacity":"","overlay-gradient":""},"mobile":{"background-color":"var(--ast-global-color-5)","background-image":"","background-repeat":"repeat","background-position":"center center","background-size":"auto","background-attachment":"scroll","background-type":"","background-media":"","overlay-type":"","overlay-color":"","overlay-opacity":"","overlay-gradient":""}}},"product_brand":[],"product_cat":[65,96,98],"product_tag":[],"class_list":{"0":"post-1922","1":"product","2":"type-product","3":"status-publish","4":"has-post-thumbnail","6":"product_cat-body-care","7":"product_cat-brands","8":"product_cat-kehale","9":"desktop-align-left","10":"tablet-align-left","11":"mobile-align-left","13":"first","14":"instock","15":"taxable","16":"shipping-taxable","17":"product-type-simple","18":"add-to-wishlist-before_image"},"uagb_featured_image_src":{"full":["https:\/\/kosmeetika24.com\/wp-content\/uploads\/2024\/01\/2319-2327.jpg",600,600,false],"thumbnail":["https:\/\/kosmeetika24.com\/wp-content\/uploads\/2024\/01\/2319-2327-150x150.jpg",150,150,true],"medium":["https:\/\/kosmeetika24.com\/wp-content\/uploads\/2024\/01\/2319-2327-300x300.jpg",300,300,true],"medium_large":["https:\/\/kosmeetika24.com\/wp-content\/uploads\/2024\/01\/2319-2327.jpg",600,600,false],"large":["https:\/\/kosmeetika24.com\/wp-content\/uploads\/2024\/01\/2319-2327.jpg",600,600,false],"1536x1536":["https:\/\/kosmeetika24.com\/wp-content\/uploads\/2024\/01\/2319-2327.jpg",600,600,false],"2048x2048":["https:\/\/kosmeetika24.com\/wp-content\/uploads\/2024\/01\/2319-2327.jpg",600,600,false],"trp-custom-language-flag":["https:\/\/kosmeetika24.com\/wp-content\/uploads\/2024\/01\/2319-2327-12x12.jpg",12,12,true],"woocommerce_thumbnail":["https:\/\/kosmeetika24.com\/wp-content\/uploads\/2024\/01\/2319-2327-300x300.jpg",300,300,true],"woocommerce_single":["https:\/\/kosmeetika24.com\/wp-content\/uploads\/2024\/01\/2319-2327-500x500.jpg",500,500,true],"woocommerce_gallery_thumbnail":["https:\/\/kosmeetika24.com\/wp-content\/uploads\/2024\/01\/2319-2327-100x100.jpg",100,100,true]},"uagb_author_info":{"display_name":"admin","author_link":"https:\/\/kosmeetika24.com\/fi\/author\/"},"uagb_comment_info":0,"uagb_excerpt":"&nbsp; Professionaalseks kasutamiseks m\u00f5eldud salendav ja toksiine eemaldav kreem. 1000 ml","_links":{"self":[{"href":"https:\/\/kosmeetika24.com\/fi\/wp-json\/wp\/v2\/product\/1922","targetHints":{"allow":["GET"]}}],"collection":[{"href":"https:\/\/kosmeetika24.com\/fi\/wp-json\/wp\/v2\/product"}],"about":[{"href":"https:\/\/kosmeetika24.com\/fi\/wp-json\/wp\/v2\/types\/product"}],"replies":[{"embeddable":true,"href":"https:\/\/kosmeetika24.com\/fi\/wp-json\/wp\/v2\/comments?post=1922"}],"version-history":[{"count":2,"href":"https:\/\/kosmeetika24.com\/fi\/wp-json\/wp\/v2\/product\/1922\/revisions"}],"predecessor-version":[{"id":6564,"href":"https:\/\/kosmeetika24.com\/fi\/wp-json\/wp\/v2\/product\/1922\/revisions\/6564"}],"wp:featuredmedia":[{"embeddable":true,"href":"https:\/\/kosmeetika24.com\/fi\/wp-json\/wp\/v2\/media\/1923"}],"wp:attachment":[{"href":"https:\/\/kosmeetika24.com\/fi\/wp-json\/wp\/v2\/media?parent=1922"}],"wp:term":[{"taxonomy":"product_brand","embeddable":true,"href":"https:\/\/kosmeetika24.com\/fi\/wp-json\/wp\/v2\/product_brand?post=1922"},{"taxonomy":"product_cat","embeddable":true,"href":"https:\/\/kosmeetika24.com\/fi\/wp-json\/wp\/v2\/product_cat?post=1922"},{"taxonomy":"product_tag","embeddable":true,"href":"https:\/\/kosmeetika24.com\/fi\/wp-json\/wp\/v2\/product_tag?post=1922"}],"curies":[{"name":"wp","href":"https:\/\/api.w.org\/{rel}","templated":true}]}}