{"id":1919,"date":"2024-01-05T11:27:50","date_gmt":"2024-01-05T11:27:50","guid":{"rendered":"https:\/\/kosmeetika24.com\/?post_type=product&#038;p=1919"},"modified":"2025-07-02T13:59:47","modified_gmt":"2025-07-02T10:59:47","slug":"bruno-vassari-body-care-termoaktiivne-kreem-1000-ml","status":"publish","type":"product","link":"https:\/\/kosmeetika24.com\/fi\/tuote\/bruno-vassari-body-care-termoaktiivne-kreem-1000-ml\/","title":{"rendered":"BRUNO VASSARI Body Care -termaktiivinen kremi 1000 ml."},"content":{"rendered":"<p>Termaktiivinen kremi <em>Thermo-Active Cream<\/em> on segu eeterlikest \u00f5lidest ja termoaktiivsest kompleksist, mis t\u00f5stab naha lokaalset temperatuuri. Paraneb vereringet, omab tselluliidivastast toimet, tasandab \u201capelsinikoore\u201d nahka, eemaldab turseid ja parandab naha struktuuri.<\/p>\n<p>Tuotteen l\u00e4mmitt\u00e4v\u00e4n vaikutuksen vuoksi se sopii lihaskivun lievitt\u00e4miseen.<\/p>\n<p>Sopii kaikille ihotyypeille.<\/p>\n<p><strong>P\u00c4\u00c4AINEOSAT<\/strong><\/p>\n<ul>\n<li>Termaktiivinen kompleksi.<\/li>\n<li>Rosmariinin eteerinen \u00f6ljy.<\/li>\n<li>Laventelin eteerinen \u00f6ljy<\/li>\n<li>Sitruunan eteerinen \u00f6ljy<\/li>\n<\/ul>\n<p><strong>Vaikutus<\/strong><\/p>\n<p>Eteeristen \u00f6ljyjen seos stimuloi ja tonisoi ihoa. Kremi sis\u00e4lt\u00e4\u00e4 my\u00f6s termaktiivisen kompleksin, joka nostaa paikallista l\u00e4mp\u00f6tilaa, parantaen siten mikroverenkiertoa ja valmistaen alueen seuraavien iholle levitett\u00e4vien vaikuttavien aineiden optimaaliseksi imeytymiseksi.<\/p>\n<p><strong>K\u00e4ytt\u00f6<\/strong><\/p>\n<ul>\n<li>Levit\u00e4 termaktiivinen kremi iholle kevyill\u00e4 hierontaliikkeill\u00e4.<\/li>\n<li>On huomioitava, ett\u00e4 tuotteen levitt\u00e4misen aikana iholla voi esiinty\u00e4 l\u00e4mp\u00f6tilan tunnetta, ja iho voi punoittaa (my\u00f6s hierontaa tekev\u00e4n henkil\u00f6n k\u00e4mmenet).<\/li>\n<\/ul>\n<p><strong>Ainesosat<\/strong><\/p>\n<p><span style=\"font-size: 14px;\">AQUA (WATER), PARAFFINUM LIQUIDUM (MINERAL OIL), PETROLATUM, ISOPROPYL MYRISTATE, SORBITOL, SORBITAN SESQUIOLEATE, POLYETHYLENE, ROSMARINUS OFFICINALIS (ROSEMARY) LEAF OIL, LAVANDULA HYBRIADA OIL, LANOLIN ALCOHOL, MAGNESIUM SULFATE, METHYLPARABEN, METHYL NICOTINATE, PROPYLPARABEN, PARFUM (FRAGRANCE), LINALOOL, LIMONENE, 2-BROMO-2-NITROPROPANE-1,3-DIOL, PROPYLENE GLYCOL, BHT, GLYCERYL STEARATE, ASCORBYL PALMITATE, GERANIOL, CITRIC ACID, HEXYL CINNAMAL, CITRAL.\u00a0<\/span><\/p>","protected":false},"excerpt":{"rendered":"<p>Ammattik\u00e4ytt\u00f6\u00f6n tarkoitettu termaktiivinen kremi, joka l\u00e4mmitt\u00e4\u00e4 ihoa, parantaa verenkiertoa ja omaa aktiivisen selluliittia vastaan vaikuttavan vaikutuksen.<\/p>\n<p>1000 ml<\/p>","protected":false},"featured_media":1920,"comment_status":"open","ping_status":"closed","template":"","meta":{"_uag_custom_page_level_css":"","site-sidebar-layout":"default","site-content-layout":"","ast-site-content-layout":"default","site-content-style":"default","site-sidebar-style":"default","ast-global-header-display":"","ast-banner-title-visibility":"","ast-main-header-display":"","ast-hfb-above-header-display":"","ast-hfb-below-header-display":"","ast-hfb-mobile-header-display":"","site-post-title":"","ast-breadcrumbs-content":"","ast-featured-img":"","footer-sml-layout":"","ast-disable-related-posts":"","theme-transparent-header-meta":"default","adv-header-id-meta":"","stick-header-meta":"","header-above-stick-meta":"","header-main-stick-meta":"","header-below-stick-meta":"","astra-migrate-meta-layouts":"set","ast-page-background-enabled":"default","ast-page-background-meta":{"desktop":{"background-color":"var(--ast-global-color-4)","background-image":"","background-repeat":"repeat","background-position":"center center","background-size":"auto","background-attachment":"scroll","background-type":"","background-media":"","overlay-type":"","overlay-color":"","overlay-opacity":"","overlay-gradient":""},"tablet":{"background-color":"","background-image":"","background-repeat":"repeat","background-position":"center center","background-size":"auto","background-attachment":"scroll","background-type":"","background-media":"","overlay-type":"","overlay-color":"","overlay-opacity":"","overlay-gradient":""},"mobile":{"background-color":"","background-image":"","background-repeat":"repeat","background-position":"center center","background-size":"auto","background-attachment":"scroll","background-type":"","background-media":"","overlay-type":"","overlay-color":"","overlay-opacity":"","overlay-gradient":""}},"ast-content-background-meta":{"desktop":{"background-color":"var(--ast-global-color-5)","background-image":"","background-repeat":"repeat","background-position":"center center","background-size":"auto","background-attachment":"scroll","background-type":"","background-media":"","overlay-type":"","overlay-color":"","overlay-opacity":"","overlay-gradient":""},"tablet":{"background-color":"var(--ast-global-color-5)","background-image":"","background-repeat":"repeat","background-position":"center center","background-size":"auto","background-attachment":"scroll","background-type":"","background-media":"","overlay-type":"","overlay-color":"","overlay-opacity":"","overlay-gradient":""},"mobile":{"background-color":"var(--ast-global-color-5)","background-image":"","background-repeat":"repeat","background-position":"center center","background-size":"auto","background-attachment":"scroll","background-type":"","background-media":"","overlay-type":"","overlay-color":"","overlay-opacity":"","overlay-gradient":""}}},"product_brand":[],"product_cat":[65,96,98],"product_tag":[],"class_list":{"0":"post-1919","1":"product","2":"type-product","3":"status-publish","4":"has-post-thumbnail","6":"product_cat-body-care","7":"product_cat-brands","8":"product_cat-kehale","9":"desktop-align-left","10":"tablet-align-left","11":"mobile-align-left","13":"first","14":"instock","15":"taxable","16":"shipping-taxable","17":"product-type-simple","18":"add-to-wishlist-before_image"},"uagb_featured_image_src":{"full":["https:\/\/kosmeetika24.com\/wp-content\/uploads\/2024\/01\/2316-Thermo-Active-Cream.jpg",600,600,false],"thumbnail":["https:\/\/kosmeetika24.com\/wp-content\/uploads\/2024\/01\/2316-Thermo-Active-Cream-150x150.jpg",150,150,true],"medium":["https:\/\/kosmeetika24.com\/wp-content\/uploads\/2024\/01\/2316-Thermo-Active-Cream-300x300.jpg",300,300,true],"medium_large":["https:\/\/kosmeetika24.com\/wp-content\/uploads\/2024\/01\/2316-Thermo-Active-Cream.jpg",600,600,false],"large":["https:\/\/kosmeetika24.com\/wp-content\/uploads\/2024\/01\/2316-Thermo-Active-Cream.jpg",600,600,false],"1536x1536":["https:\/\/kosmeetika24.com\/wp-content\/uploads\/2024\/01\/2316-Thermo-Active-Cream.jpg",600,600,false],"2048x2048":["https:\/\/kosmeetika24.com\/wp-content\/uploads\/2024\/01\/2316-Thermo-Active-Cream.jpg",600,600,false],"trp-custom-language-flag":["https:\/\/kosmeetika24.com\/wp-content\/uploads\/2024\/01\/2316-Thermo-Active-Cream-12x12.jpg",12,12,true],"woocommerce_thumbnail":["https:\/\/kosmeetika24.com\/wp-content\/uploads\/2024\/01\/2316-Thermo-Active-Cream-300x300.jpg",300,300,true],"woocommerce_single":["https:\/\/kosmeetika24.com\/wp-content\/uploads\/2024\/01\/2316-Thermo-Active-Cream-500x500.jpg",500,500,true],"woocommerce_gallery_thumbnail":["https:\/\/kosmeetika24.com\/wp-content\/uploads\/2024\/01\/2316-Thermo-Active-Cream-100x100.jpg",100,100,true]},"uagb_author_info":{"display_name":"admin","author_link":"https:\/\/kosmeetika24.com\/fi\/author\/"},"uagb_comment_info":0,"uagb_excerpt":"Professionaalseks kasutamiseks m\u00f5eldud termoaktiivne kreem, mis soojendab nahka, parandab vereringet ja omab aktiivset tselluliidivastast toimet. 1000 ml","_links":{"self":[{"href":"https:\/\/kosmeetika24.com\/fi\/wp-json\/wp\/v2\/product\/1919","targetHints":{"allow":["GET"]}}],"collection":[{"href":"https:\/\/kosmeetika24.com\/fi\/wp-json\/wp\/v2\/product"}],"about":[{"href":"https:\/\/kosmeetika24.com\/fi\/wp-json\/wp\/v2\/types\/product"}],"replies":[{"embeddable":true,"href":"https:\/\/kosmeetika24.com\/fi\/wp-json\/wp\/v2\/comments?post=1919"}],"version-history":[{"count":2,"href":"https:\/\/kosmeetika24.com\/fi\/wp-json\/wp\/v2\/product\/1919\/revisions"}],"predecessor-version":[{"id":4743,"href":"https:\/\/kosmeetika24.com\/fi\/wp-json\/wp\/v2\/product\/1919\/revisions\/4743"}],"wp:featuredmedia":[{"embeddable":true,"href":"https:\/\/kosmeetika24.com\/fi\/wp-json\/wp\/v2\/media\/1920"}],"wp:attachment":[{"href":"https:\/\/kosmeetika24.com\/fi\/wp-json\/wp\/v2\/media?parent=1919"}],"wp:term":[{"taxonomy":"product_brand","embeddable":true,"href":"https:\/\/kosmeetika24.com\/fi\/wp-json\/wp\/v2\/product_brand?post=1919"},{"taxonomy":"product_cat","embeddable":true,"href":"https:\/\/kosmeetika24.com\/fi\/wp-json\/wp\/v2\/product_cat?post=1919"},{"taxonomy":"product_tag","embeddable":true,"href":"https:\/\/kosmeetika24.com\/fi\/wp-json\/wp\/v2\/product_tag?post=1919"}],"curies":[{"name":"wp","href":"https:\/\/api.w.org\/{rel}","templated":true}]}}