{"id":1903,"date":"2024-01-05T08:21:31","date_gmt":"2024-01-05T08:21:31","guid":{"rendered":"https:\/\/kosmeetika24.com\/?post_type=product&#038;p=1903"},"modified":"2025-07-02T15:46:51","modified_gmt":"2025-07-02T12:46:51","slug":"bruno-vassari-ha50x-hualuroonhapet-sisaldav-naooli","status":"publish","type":"product","link":"https:\/\/kosmeetika24.com\/fi\/tuote\/bruno-vassari-ha50x-hualuroonhapet-sisaldav-naooli\/","title":{"rendered":"BRUNO VASSARI HA50X -hyaluronihappoa sis\u00e4lt\u00e4v\u00e4 kasvo\u00f6ljy."},"content":{"rendered":"<p>Syv\u00e4sti kosteuttava kasvo\u00f6ljy <em>Premium Hyaluronic Oil<\/em> on ik\u00e4\u00e4ntymist\u00e4 ehk\u00e4isev\u00e4 seerumi, jolla on erinomaiset palauttavat ja kosteuttavat ominaisuudet. Sis\u00e4lt\u00e4\u00e4 kuivaa \u00f6ljy\u00e4 ja luonnollista hyaluronihappoa. Ravitsi ihoa, antaa hehkua ja v\u00e4hent\u00e4\u00e4 ilmejuonteita. Lis\u00e4\u00e4 ihon kokonaisvesipitoisuutta jopa +45 %. Kevyt koostumus tekee levitt\u00e4misest\u00e4 miellytt\u00e4v\u00e4\u00e4 eik\u00e4 j\u00e4t\u00e4 ihoa \u00f6ljyiseksi.<\/p>\n<p>Sopii kuivalle, ryppyiselle iholle.<\/p>\n<p><strong>P\u00c4\u00c4AINEOSAT<\/strong><\/p>\n<ul>\n<li><span class=\"notranslate\">PrimalHyal \u2122 Gold\u00a0<\/span><\/li>\n<li>Jojoba\u00f6ljy<\/li>\n<\/ul>\n<p><strong>Vaikutus<\/strong><\/p>\n<ul>\n<li>PrimalHyal Gold <span class=\"notranslate\">\u2122 <\/span>on \u00f6ljyyn liukeneva hyaluronihapon, joka tunkeutuu syviin ihokerroksiin est\u00e4en veden h\u00e4vi\u00e4mist\u00e4 ja lis\u00e4ten kosteustasoa.<\/li>\n<li>\u00a0Jojoba\u00f6ljy on eritt\u00e4in kosteuttava ja rauhoittava \u00f6ljy. Se neutraloi vapaita radikaale<br \/>\nsuuren antioksidanttikeskittymns\u00e4 ansiosta se j\u00e4tt\u00e4\u00e4 ihon joustavaksi ja suojatuksi.<\/li>\n<\/ul>\n<p><strong>K\u00e4ytt\u00f6<\/strong><\/p>\n<ul>\n<li>Puhdista iho etuk\u00e4teen.<\/li>\n<li>Levit\u00e4 2\u20133 tippaa kasvo\u00f6ljy\u00e4 kasvoille ja kaulalle kevyill\u00e4 hierontaliikkeill\u00e4. Sopii k\u00e4ytett\u00e4v\u00e4ksi illalla.<\/li>\n<li>Halutessasi voit sekoittaa saman annoksen aamulla k\u00e4ytett\u00e4v\u00e4\u00e4n p\u00e4ivitt\u00e4iseen kreemiisi.<\/li>\n<\/ul>\n<p><strong>Ainesosat<\/strong><\/p>\n<p><span style=\"font-size: 14px;\">ISONONYL ISONONANOATE, POLYSORBATE 85, POLYGLYCERYL-10 OLEATE, SIMMONDSIA CHINENSIS (JOJOBA) SEED OIL, AQUA (WATER), PEG-8 CAPRYLIC\/CAPRIC GLYCERIDES, SODIUM HYALYRONATE, OCTYLDODECETH-25, PARFUM (FRAGRANCE), PHENOXYETHANOL, PROPYLENE GLYCOL, DECYLENE GLYCOL.\u00a0<\/span><\/p>","protected":false},"excerpt":{"rendered":"<p>&nbsp;<\/p>\n<p>Kasvo\u00f6ljyll\u00e4 on ik\u00e4\u00e4ntymist\u00e4 ehk\u00e4isevi\u00e4 ominaisuuksia, ja se parantaa ihon pehmeytt\u00e4, kimmoisuutta ja s\u00e4vy\u00e4.<\/p>\n<p>30 ml<\/p>","protected":false},"featured_media":1904,"comment_status":"open","ping_status":"closed","template":"","meta":{"_uag_custom_page_level_css":"","site-sidebar-layout":"default","site-content-layout":"","ast-site-content-layout":"default","site-content-style":"default","site-sidebar-style":"default","ast-global-header-display":"","ast-banner-title-visibility":"","ast-main-header-display":"","ast-hfb-above-header-display":"","ast-hfb-below-header-display":"","ast-hfb-mobile-header-display":"","site-post-title":"","ast-breadcrumbs-content":"","ast-featured-img":"","footer-sml-layout":"","ast-disable-related-posts":"","theme-transparent-header-meta":"default","adv-header-id-meta":"","stick-header-meta":"","header-above-stick-meta":"","header-main-stick-meta":"","header-below-stick-meta":"","astra-migrate-meta-layouts":"set","ast-page-background-enabled":"default","ast-page-background-meta":{"desktop":{"background-color":"var(--ast-global-color-4)","background-image":"","background-repeat":"repeat","background-position":"center center","background-size":"auto","background-attachment":"scroll","background-type":"","background-media":"","overlay-type":"","overlay-color":"","overlay-opacity":"","overlay-gradient":""},"tablet":{"background-color":"","background-image":"","background-repeat":"repeat","background-position":"center center","background-size":"auto","background-attachment":"scroll","background-type":"","background-media":"","overlay-type":"","overlay-color":"","overlay-opacity":"","overlay-gradient":""},"mobile":{"background-color":"","background-image":"","background-repeat":"repeat","background-position":"center center","background-size":"auto","background-attachment":"scroll","background-type":"","background-media":"","overlay-type":"","overlay-color":"","overlay-opacity":"","overlay-gradient":""}},"ast-content-background-meta":{"desktop":{"background-color":"var(--ast-global-color-5)","background-image":"","background-repeat":"repeat","background-position":"center center","background-size":"auto","background-attachment":"scroll","background-type":"","background-media":"","overlay-type":"","overlay-color":"","overlay-opacity":"","overlay-gradient":""},"tablet":{"background-color":"var(--ast-global-color-5)","background-image":"","background-repeat":"repeat","background-position":"center center","background-size":"auto","background-attachment":"scroll","background-type":"","background-media":"","overlay-type":"","overlay-color":"","overlay-opacity":"","overlay-gradient":""},"mobile":{"background-color":"var(--ast-global-color-5)","background-image":"","background-repeat":"repeat","background-position":"center center","background-size":"auto","background-attachment":"scroll","background-type":"","background-media":"","overlay-type":"","overlay-color":"","overlay-opacity":"","overlay-gradient":""}}},"product_brand":[],"product_cat":[96,75,97],"product_tag":[],"class_list":{"0":"post-1903","1":"product","2":"type-product","3":"status-publish","4":"has-post-thumbnail","6":"product_cat-brands","7":"product_cat-ha50x","8":"product_cat-naole","9":"desktop-align-left","10":"tablet-align-left","11":"mobile-align-left","13":"first","14":"instock","15":"taxable","16":"shipping-taxable","17":"product-type-simple","18":"add-to-wishlist-before_image"},"uagb_featured_image_src":{"full":["https:\/\/kosmeetika24.com\/wp-content\/uploads\/2024\/01\/301-Premium-Hyaluronic-Oil.jpg",600,600,false],"thumbnail":["https:\/\/kosmeetika24.com\/wp-content\/uploads\/2024\/01\/301-Premium-Hyaluronic-Oil-150x150.jpg",150,150,true],"medium":["https:\/\/kosmeetika24.com\/wp-content\/uploads\/2024\/01\/301-Premium-Hyaluronic-Oil-300x300.jpg",300,300,true],"medium_large":["https:\/\/kosmeetika24.com\/wp-content\/uploads\/2024\/01\/301-Premium-Hyaluronic-Oil.jpg",600,600,false],"large":["https:\/\/kosmeetika24.com\/wp-content\/uploads\/2024\/01\/301-Premium-Hyaluronic-Oil.jpg",600,600,false],"1536x1536":["https:\/\/kosmeetika24.com\/wp-content\/uploads\/2024\/01\/301-Premium-Hyaluronic-Oil.jpg",600,600,false],"2048x2048":["https:\/\/kosmeetika24.com\/wp-content\/uploads\/2024\/01\/301-Premium-Hyaluronic-Oil.jpg",600,600,false],"trp-custom-language-flag":["https:\/\/kosmeetika24.com\/wp-content\/uploads\/2024\/01\/301-Premium-Hyaluronic-Oil-12x12.jpg",12,12,true],"woocommerce_thumbnail":["https:\/\/kosmeetika24.com\/wp-content\/uploads\/2024\/01\/301-Premium-Hyaluronic-Oil-300x300.jpg",300,300,true],"woocommerce_single":["https:\/\/kosmeetika24.com\/wp-content\/uploads\/2024\/01\/301-Premium-Hyaluronic-Oil-500x500.jpg",500,500,true],"woocommerce_gallery_thumbnail":["https:\/\/kosmeetika24.com\/wp-content\/uploads\/2024\/01\/301-Premium-Hyaluronic-Oil-100x100.jpg",100,100,true]},"uagb_author_info":{"display_name":"admin","author_link":"https:\/\/kosmeetika24.com\/fi\/author\/"},"uagb_comment_info":0,"uagb_excerpt":"&nbsp; N\u00e4o\u00f5li toimib vananemisvastaselt, parendab naha pehmust, elastsust ja tooni. 30 ml","_links":{"self":[{"href":"https:\/\/kosmeetika24.com\/fi\/wp-json\/wp\/v2\/product\/1903","targetHints":{"allow":["GET"]}}],"collection":[{"href":"https:\/\/kosmeetika24.com\/fi\/wp-json\/wp\/v2\/product"}],"about":[{"href":"https:\/\/kosmeetika24.com\/fi\/wp-json\/wp\/v2\/types\/product"}],"replies":[{"embeddable":true,"href":"https:\/\/kosmeetika24.com\/fi\/wp-json\/wp\/v2\/comments?post=1903"}],"version-history":[{"count":1,"href":"https:\/\/kosmeetika24.com\/fi\/wp-json\/wp\/v2\/product\/1903\/revisions"}],"predecessor-version":[{"id":4644,"href":"https:\/\/kosmeetika24.com\/fi\/wp-json\/wp\/v2\/product\/1903\/revisions\/4644"}],"wp:featuredmedia":[{"embeddable":true,"href":"https:\/\/kosmeetika24.com\/fi\/wp-json\/wp\/v2\/media\/1904"}],"wp:attachment":[{"href":"https:\/\/kosmeetika24.com\/fi\/wp-json\/wp\/v2\/media?parent=1903"}],"wp:term":[{"taxonomy":"product_brand","embeddable":true,"href":"https:\/\/kosmeetika24.com\/fi\/wp-json\/wp\/v2\/product_brand?post=1903"},{"taxonomy":"product_cat","embeddable":true,"href":"https:\/\/kosmeetika24.com\/fi\/wp-json\/wp\/v2\/product_cat?post=1903"},{"taxonomy":"product_tag","embeddable":true,"href":"https:\/\/kosmeetika24.com\/fi\/wp-json\/wp\/v2\/product_tag?post=1903"}],"curies":[{"name":"wp","href":"https:\/\/api.w.org\/{rel}","templated":true}]}}