{"id":1902,"date":"2024-01-05T07:43:08","date_gmt":"2024-01-05T07:43:08","guid":{"rendered":"https:\/\/kosmeetika24.com\/?post_type=product&#038;p=1902"},"modified":"2025-07-02T15:38:36","modified_gmt":"2025-07-02T12:38:36","slug":"bruno-vassari-glyco-system-professionaalne-koorimiskomplekt","status":"publish","type":"product","link":"https:\/\/kosmeetika24.com\/fi\/tuote\/bruno-vassari-glyco-system-professionaalne-koorimiskomplekt\/","title":{"rendered":"BRUNO VASSARI Glyco System -ammattik\u00e4ytt\u00f6\u00f6n tarkoitettu kuorintasarja."},"content":{"rendered":"<p>Kuorinta-aine <em>Professional Glycolic Kit+Vitamin C<\/em> sopii kasvojen ihon t\u00e4ydelliseen palauttamiseen ja on tarkoitettu vain ammattik\u00e4ytt\u00f6\u00f6n. Se on ihanteellinen ihon l\u00e4iskujen ja ryppyjen v\u00e4hent\u00e4miseen sek\u00e4 hyperkeratoosista, rasvaisesta ja\/tai hapenpuutteesta k\u00e4rsiv\u00e4st\u00e4 ihosta. Kuorija yhdist\u00e4\u00e4 happojen ja C-vitamiinin vaikutukset. C-vitamiini on kertak\u00e4ytt\u00f6isess\u00e4 pakkauksessa ominaisuuksiensa s\u00e4ilytt\u00e4miseksi.<\/p>\n<p>Ammattimainen kuorintahoito sopii kaikille ihotyypeille, erityisesti iholle, joka tarvitsee syv\u00e4llist\u00e4 palauttamista.<\/p>\n<p><strong>P\u00c4\u00c4AINEOSAT<\/strong><\/p>\n<ul>\n<li>Koorija vedel aine \u201cGlyco peeling Liquid\u201d ja koorija tahke aine \u201cPowder\u201d: 14% gl\u00fckoolhape, 0,5% salits\u00fc\u00fclhape, askorb\u00fc\u00fclgl\u00fckosiid, mannitool;<\/li>\n<li>Toitev kreem \u201cProtective Cream SPF 25\u201d: p\u00e4ikesekaitsefiltrid, niatsiinamiid, E-vitamiin.<\/li>\n<\/ul>\n<p><strong>Vaikutus<\/strong><\/p>\n<ul>\n<li>Kemiallinen kuorinta kuorii ihon perusteellisesti, puhdistaen, parantaen ja palauttaen ihoa. Se parantaa hyperkeratoosista ihoa, v\u00e4hent\u00e4\u00e4 kiristys tunnetta sek\u00e4 ryppyjen syvyytt\u00e4 ja pituutta. C-vitamiinin ja mannitolin ansiosta se s\u00e4ilytt\u00e4\u00e4 ihon sileys ja vesitasapainon.<\/li>\n<li>Ravitseva voide SPF 25 ravitsee ja palauttaa ihon kosteuden. Se v\u00e4hent\u00e4\u00e4 pigmentoituneiden laikkujen v\u00e4ri\u00e4 ja antaa iholle tasaisemman s\u00e4vyn. Auttaa est\u00e4m\u00e4\u00e4n ennenaikaista ik\u00e4\u00e4ntymist\u00e4 ja suojaa UV-s\u00e4teilylt\u00e4.<\/li>\n<\/ul>\n<div id=\"image-757-0-1-0\" class=\"module module-image image-757-0-1-0 image-top auto_fullwidth\"><\/div>\n<div><strong>K\u00e4ytt\u00f6<\/strong><\/div>\n<div>\n<ol>\n<li>Puhdista iho\u00a0<a href=\"https:\/\/kosmeetika24.eu\/toode\/bruno-vassari-aqua-genomics-aqua-cleanser-2\/\">BRUNO VASSARI Aqua Genomics puhdistusmaidolla.<\/a>.<\/li>\n<li>Tonisoi iho\u00a0<a href=\"https:\/\/kosmeetika24.eu\/toode\/bruno-vassari-aqua-genomics-aqua-toner-2\/\">BRUNO VASSARI Aqua Genomics kosteuttava toneri.<\/a>.<\/li>\n<li>Valmista kuorinta sarjassa sekoittamalla 5 ml nestett\u00e4 yhteen pullolliseen jauhetta. Sekoita hyvin ja levit\u00e4 puhtaalle iholle. Anna vaikuttaa 10 minuuttia ja poista runsaalla haalealla vedell\u00e4.<\/li>\n<li>Suorita hieronta <a href=\"https:\/\/kosmeetika24.eu\/toode\/bruno-vassari-anti-stress-vitalizing-massage-cream\/\">BRUNO VASSARI Anti-Stress kasvohierontakreemill\u00e4.<\/a>.<\/li>\n<li>Seuraavaksi valmistellaan naamio. Valitse seuraavista tuotteista sopivin:\u00a0<a href=\"https:\/\/kosmeetika24.eu\/toode\/bruno-vassari-the-specifics-cryogenic-modeling-mask\/\">BRUNO VASSARI The Specifics kiinteytt\u00e4v\u00e4 ja muotoileva naamio,<\/a> tai <a href=\"https:\/\/kosmeetika24.eu\/toode\/bruno-vassari-kianty-bacco-e-venere\/\">BRUNO VASSARI Kianty kiinteytt\u00e4v\u00e4 ik\u00e4\u00e4ntymist\u00e4 est\u00e4v\u00e4 naamio<\/a> tai <a href=\"https:\/\/kosmeetika24.eu\/toode\/bruno-vassari-withe-skin-whitening-mask\/\">BRUNO VASSARI White kirkastava naamio.<\/a>\u00a0Sekoita pussissa oleva jauhe riitt\u00e4v\u00e4n m\u00e4\u00e4r\u00e4n vett\u00e4 tasaisen koostumuksen saamiseksi. Levit\u00e4 naamio kasvoille lastalla ja anna vaikuttaa 20-25 minuuttia. Poista naamio ja huuhtele kasvot vedell\u00e4.<\/li>\n<li>Levit\u00e4 tuote silm\u00e4luomien iholle. <a href=\"https:\/\/kosmeetika24.eu\/toode\/bruno-vassari-collagen-booster-peptide-eye-contour-gel-cream\/\">RUNO VASSARI Collagen Booster -peptidikompleksia sis\u00e4lt\u00e4v\u00e4\u00e4 silm\u00e4nymp\u00e4rysvoidetta silmien ymp\u00e4rille.<\/a>.<\/li>\n<li>Levit\u00e4 sitten suojap\u00e4iv\u00e4voide SPF 25 (sis\u00e4ltyy pakkaukseen).<\/li>\n<\/ol>\n<p>Suorita kuorintahoito 1-2 kertaa viikossa ihotyyppisi mukaan.<\/p>\n<\/div>\n<div><strong>Ainesosat<\/strong><\/div>\n<div>\n<p><strong><span style=\"font-size: 14px;\">Glyco Peeling Liquid<\/span><\/strong><\/p>\n<p><span style=\"font-size: 14px;\">AQUA (WATER), ALCOHOLDENAT, PROPYLENE GLYKOL, GLYCOLIC ACID, SODIUM HYDROXIDE, SALICYLIC ACID, HYDROXYETHYLCELLULOSE, SODIUM CHLORIDE.<\/span><\/p>\n<p><span style=\"font-size: 14px;\"><strong>Powder<\/strong><\/span><\/p>\n<p><span style=\"font-size: 14px;\">MANNITOL, ASCORBYL GLUCOSIDE.<\/span><\/p>\n<p><span style=\"font-size: 14px;\"><strong>Protective Cream SPF25<\/strong><\/span><\/p>\n<p><span style=\"font-size: 14px;\">AQUA (WATER), DICAPRYLYL CARBONATE, BLUTYLENE GLYCOL, DICAPRYLATE\/DICAPRATE, C12-15 ALKYL BENZOATE, BUTYLENE GLYCOL, POTASSIUM CETYL PHOSPHATE, NIACINAMIDE, BUTYL METHOXYDIBENZOYLMETHANE, OCTCRYLENE, PHENYLBENZIMIDAZOLE SULFONIC ACID, BEHENYL ALCOHOL, CETYL ALCOHOL, CETYLPALMITATE, MYRISTYL MYRISTATE, TROMETHAMINE, TAPIOCA STARCH, HYDROGENATED POLYISOBUTENE, TOCOPHERYL ACETATE, POLYSILICONE-15, CHLORPHENESIN, PHENOXYETHANOL, GLYCERIN, XANTHAN GUM, ACRYLATES \/C10-30 ALKYLACRYLATE\u00a0 CROSSPOLYMER, DISODIUM EDTA, PARFUM (FRAGRANCE), BUTYLPHENYL METHYLPROPIONAL, LINALOOL, LIMONENE, ALPHA-ISOMETHYL IONONE, COUMARIN.<\/span><\/p>\n<p>\u00a0<\/p>\n<\/div>","protected":false},"excerpt":{"rendered":"<p>Ammattik\u00e4ytt\u00f6\u00f6n tarkoitettu kuorinta, joka on valmistettu glykolihaposta ja C-vitamiinista, poistaa kuolleet ihosolut ja aktivoi solujen uudistumisen. Se tasoittaa ihon pintaa ja tasoittaa ihon s\u00e4vy\u00e4.<\/p>\n<p><span style=\"font-size: 14px;\">Setti on tarkoitettu ammattik\u00e4ytt\u00f6\u00f6n 6 hoitoon.<\/span><\/p>\n<ul>\n<li><span style=\"font-size: 14px;\">Kuorinta-aine nestem\u00e4inen vaihe \"Glyco Peeling Liquid\" 30 ml<\/span><\/li>\n<li><span style=\"font-size: 14px;\">Kuorinta-aine kiinte\u00e4 vaihe \"Powder\" 6 x 0,3 g<\/span><\/li>\n<li><span style=\"font-size: 14px;\">Kerm\u00e4 \"Protective Cream SPF25\" 50 ml<\/span><\/li>\n<\/ul>\n<p>&nbsp;<\/p>","protected":false},"featured_media":1406,"comment_status":"open","ping_status":"closed","template":"","meta":{"_uag_custom_page_level_css":"","site-sidebar-layout":"default","site-content-layout":"","ast-site-content-layout":"default","site-content-style":"default","site-sidebar-style":"default","ast-global-header-display":"","ast-banner-title-visibility":"","ast-main-header-display":"","ast-hfb-above-header-display":"","ast-hfb-below-header-display":"","ast-hfb-mobile-header-display":"","site-post-title":"","ast-breadcrumbs-content":"","ast-featured-img":"","footer-sml-layout":"","ast-disable-related-posts":"","theme-transparent-header-meta":"default","adv-header-id-meta":"","stick-header-meta":"","header-above-stick-meta":"","header-main-stick-meta":"","header-below-stick-meta":"","astra-migrate-meta-layouts":"set","ast-page-background-enabled":"default","ast-page-background-meta":{"desktop":{"background-color":"var(--ast-global-color-4)","background-image":"","background-repeat":"repeat","background-position":"center center","background-size":"auto","background-attachment":"scroll","background-type":"","background-media":"","overlay-type":"","overlay-color":"","overlay-opacity":"","overlay-gradient":""},"tablet":{"background-color":"","background-image":"","background-repeat":"repeat","background-position":"center center","background-size":"auto","background-attachment":"scroll","background-type":"","background-media":"","overlay-type":"","overlay-color":"","overlay-opacity":"","overlay-gradient":""},"mobile":{"background-color":"","background-image":"","background-repeat":"repeat","background-position":"center center","background-size":"auto","background-attachment":"scroll","background-type":"","background-media":"","overlay-type":"","overlay-color":"","overlay-opacity":"","overlay-gradient":""}},"ast-content-background-meta":{"desktop":{"background-color":"var(--ast-global-color-5)","background-image":"","background-repeat":"repeat","background-position":"center center","background-size":"auto","background-attachment":"scroll","background-type":"","background-media":"","overlay-type":"","overlay-color":"","overlay-opacity":"","overlay-gradient":""},"tablet":{"background-color":"var(--ast-global-color-5)","background-image":"","background-repeat":"repeat","background-position":"center center","background-size":"auto","background-attachment":"scroll","background-type":"","background-media":"","overlay-type":"","overlay-color":"","overlay-opacity":"","overlay-gradient":""},"mobile":{"background-color":"var(--ast-global-color-5)","background-image":"","background-repeat":"repeat","background-position":"center center","background-size":"auto","background-attachment":"scroll","background-type":"","background-media":"","overlay-type":"","overlay-color":"","overlay-opacity":"","overlay-gradient":""}}},"product_brand":[],"product_cat":[96,69,97],"product_tag":[],"class_list":{"0":"post-1902","1":"product","2":"type-product","3":"status-publish","4":"has-post-thumbnail","6":"product_cat-brands","7":"product_cat-glyco-system","8":"product_cat-naole","9":"desktop-align-left","10":"tablet-align-left","11":"mobile-align-left","13":"first","14":"instock","15":"taxable","16":"shipping-taxable","17":"product-type-simple","18":"add-to-wishlist-before_image"},"uagb_featured_image_src":{"full":["https:\/\/kosmeetika24.com\/wp-content\/uploads\/2023\/10\/2305.jpg",600,600,false],"thumbnail":["https:\/\/kosmeetika24.com\/wp-content\/uploads\/2023\/10\/2305-150x150.jpg",150,150,true],"medium":["https:\/\/kosmeetika24.com\/wp-content\/uploads\/2023\/10\/2305-300x300.jpg",300,300,true],"medium_large":["https:\/\/kosmeetika24.com\/wp-content\/uploads\/2023\/10\/2305.jpg",600,600,false],"large":["https:\/\/kosmeetika24.com\/wp-content\/uploads\/2023\/10\/2305.jpg",600,600,false],"1536x1536":["https:\/\/kosmeetika24.com\/wp-content\/uploads\/2023\/10\/2305.jpg",600,600,false],"2048x2048":["https:\/\/kosmeetika24.com\/wp-content\/uploads\/2023\/10\/2305.jpg",600,600,false],"trp-custom-language-flag":["https:\/\/kosmeetika24.com\/wp-content\/uploads\/2023\/10\/2305-12x12.jpg",12,12,true],"woocommerce_thumbnail":["https:\/\/kosmeetika24.com\/wp-content\/uploads\/2023\/10\/2305-300x300.jpg",300,300,true],"woocommerce_single":["https:\/\/kosmeetika24.com\/wp-content\/uploads\/2023\/10\/2305-500x500.jpg",500,500,true],"woocommerce_gallery_thumbnail":["https:\/\/kosmeetika24.com\/wp-content\/uploads\/2023\/10\/2305-100x100.jpg",100,100,true]},"uagb_author_info":{"display_name":"admin","author_link":"https:\/\/kosmeetika24.com\/fi\/author\/"},"uagb_comment_info":0,"uagb_excerpt":"Gl\u00fckoolhappe ja C-vitamiiniga valmistatud professionaalne koorija eemaldab epidermise surnud rakud ja aktiveerib rakkude uuenemist. Tasandab naha pinna ja \u00fchtlustab nahatooni. Komplekt on m\u00f5eldud professionaalseks kasutamiseks 6 protseduuril: koorija vedel faas \"Glyco Peeling Liquid\" 30 ml koorija tahke faas \"Powder\" 6 x 0,3g kreem \"Protective Cream SPF25\" 50 ml &nbsp;","_links":{"self":[{"href":"https:\/\/kosmeetika24.com\/fi\/wp-json\/wp\/v2\/product\/1902","targetHints":{"allow":["GET"]}}],"collection":[{"href":"https:\/\/kosmeetika24.com\/fi\/wp-json\/wp\/v2\/product"}],"about":[{"href":"https:\/\/kosmeetika24.com\/fi\/wp-json\/wp\/v2\/types\/product"}],"replies":[{"embeddable":true,"href":"https:\/\/kosmeetika24.com\/fi\/wp-json\/wp\/v2\/comments?post=1902"}],"version-history":[{"count":1,"href":"https:\/\/kosmeetika24.com\/fi\/wp-json\/wp\/v2\/product\/1902\/revisions"}],"predecessor-version":[{"id":4653,"href":"https:\/\/kosmeetika24.com\/fi\/wp-json\/wp\/v2\/product\/1902\/revisions\/4653"}],"wp:featuredmedia":[{"embeddable":true,"href":"https:\/\/kosmeetika24.com\/fi\/wp-json\/wp\/v2\/media\/1406"}],"wp:attachment":[{"href":"https:\/\/kosmeetika24.com\/fi\/wp-json\/wp\/v2\/media?parent=1902"}],"wp:term":[{"taxonomy":"product_brand","embeddable":true,"href":"https:\/\/kosmeetika24.com\/fi\/wp-json\/wp\/v2\/product_brand?post=1902"},{"taxonomy":"product_cat","embeddable":true,"href":"https:\/\/kosmeetika24.com\/fi\/wp-json\/wp\/v2\/product_cat?post=1902"},{"taxonomy":"product_tag","embeddable":true,"href":"https:\/\/kosmeetika24.com\/fi\/wp-json\/wp\/v2\/product_tag?post=1902"}],"curies":[{"name":"wp","href":"https:\/\/api.w.org\/{rel}","templated":true}]}}