{"id":1813,"date":"2024-01-04T14:15:58","date_gmt":"2024-01-04T14:15:58","guid":{"rendered":"https:\/\/kosmeetika24.com\/?post_type=product&#038;p=1813"},"modified":"2025-07-02T15:25:23","modified_gmt":"2025-07-02T12:25:23","slug":"bruno-vassari-collagen-booster-mikrolihviv-koorija","status":"publish","type":"product","link":"https:\/\/kosmeetika24.com\/fi\/tuote\/bruno-vassari-collagen-booster-mikrolihviv-koorija\/","title":{"rendered":"BRUNO VASSARI Collagen Booster mikrokuorinta-scrub"},"content":{"rendered":"<p>Intensiivinen kuorinta <em>Microderm Polisher Powder<\/em> on v\u00e4lit\u00f6nt\u00e4 vaikutusta tarjoava tehokas mekaaninen kuorinta, jossa hy\u00f6dynnet\u00e4\u00e4n mikrohiukkasten voimaa kuolleiden ihosolujen poistamiseen ihon pinnalta. Se tasoittaa ihoa, tasoittaa s\u00e4vy\u00e4 ja v\u00e4hent\u00e4\u00e4 ryppyj\u00e4.<\/p>\n<p>Sopii kaikille ihotyypeille.<\/p>\n<p><strong>P\u00c4\u00c4AINEOSAT<\/strong><\/p>\n<ul>\n<li>Bambuk<\/li>\n<li>Vitis vinifer<\/li>\n<li>Kookos\u00f6ljy<\/li>\n<li>Karrageenilev\u00e4<\/li>\n<\/ul>\n<p><strong>Vaikutus<\/strong><\/p>\n<p>Kuorinta mikrohionnalla siloittaa ihoa poistaen kuolleet solut, jotka antavat iholle karhean ja samean ulkon\u00e4\u00f6n.<br \/>\nKiitos koostumuksessa olevien elementtien synergian, sill\u00e4 on antioksidanttisia ja ik\u00e4\u00e4ntymist\u00e4 est\u00e4vi\u00e4 vaikutuksia, hidastaen ryppyjen ja pigmentin muodostumista.<\/p>\n<p><strong>K\u00e4ytt\u00f6<\/strong><\/p>\n<ul>\n<li>Sekoita 1 g kuorintaa 1-2 ml huoneenl\u00e4mp\u00f6ist\u00e4 vett\u00e4, kunnes muodostuu vaahtoavaa emulsio.<\/li>\n<li>Levit\u00e4 saatu seos kasvoille, kaulalle ja dekolteelle kevyill\u00e4 hierontaliikkeill\u00e4. Kostuta sormia v\u00e4lill\u00e4 vedell\u00e4.<\/li>\n<li>Huuhtele sitten runsaalla vedell\u00e4.<\/li>\n<\/ul>\n<p><strong>Ainesosat<\/strong><\/p>\n<p><span style=\"font-size: 14px;\">BAMBUSA ARUNDINACEA STEM EXTRACT, TALC, BENTONITE, DISODIUM LAURYL SULFOSUCCINATE, HYDROGENATED COCONUT OIL, SILICA VITIS VINIFERA (GRAPE )SEED OIL,\u00a0 SODIUM POLYACRYLATE, CYCLOPENTASILOXANE, LAURETH-4, MIPA-LAURETH SULFATE, CHONDRUS CRISPUS (CARRAGEENAN )EXTRACT, GLUCOSE, PARFUM (FRAGRANCE), HYDROGENATED SILICA, CI 77891 (TITANIUM DIOXIDE), COCAMIDE DEA, TOCOPHERYL ACETATE, CITRIC ACID, BENZYL SALICYLATE, LINALOOL.<\/span><\/p>","protected":false},"excerpt":{"rendered":"<p>&nbsp;<\/p>\n<p>Ammattilaisk\u00e4ytt\u00f6\u00f6n tarkoitettu mikrokuorinta scrub tasoittaa ihoa, tasoittaa s\u00e4vy\u00e4 ja v\u00e4hent\u00e4\u00e4 ryppyj\u00e4.<\/p>\n<p>50 g<\/p>","protected":false},"featured_media":1815,"comment_status":"open","ping_status":"closed","template":"","meta":{"_uag_custom_page_level_css":"","site-sidebar-layout":"default","site-content-layout":"","ast-site-content-layout":"default","site-content-style":"default","site-sidebar-style":"default","ast-global-header-display":"","ast-banner-title-visibility":"","ast-main-header-display":"","ast-hfb-above-header-display":"","ast-hfb-below-header-display":"","ast-hfb-mobile-header-display":"","site-post-title":"","ast-breadcrumbs-content":"","ast-featured-img":"","footer-sml-layout":"","ast-disable-related-posts":"","theme-transparent-header-meta":"default","adv-header-id-meta":"","stick-header-meta":"","header-above-stick-meta":"","header-main-stick-meta":"","header-below-stick-meta":"","astra-migrate-meta-layouts":"set","ast-page-background-enabled":"default","ast-page-background-meta":{"desktop":{"background-color":"var(--ast-global-color-4)","background-image":"","background-repeat":"repeat","background-position":"center center","background-size":"auto","background-attachment":"scroll","background-type":"","background-media":"","overlay-type":"","overlay-color":"","overlay-opacity":"","overlay-gradient":""},"tablet":{"background-color":"","background-image":"","background-repeat":"repeat","background-position":"center center","background-size":"auto","background-attachment":"scroll","background-type":"","background-media":"","overlay-type":"","overlay-color":"","overlay-opacity":"","overlay-gradient":""},"mobile":{"background-color":"","background-image":"","background-repeat":"repeat","background-position":"center center","background-size":"auto","background-attachment":"scroll","background-type":"","background-media":"","overlay-type":"","overlay-color":"","overlay-opacity":"","overlay-gradient":""}},"ast-content-background-meta":{"desktop":{"background-color":"var(--ast-global-color-5)","background-image":"","background-repeat":"repeat","background-position":"center center","background-size":"auto","background-attachment":"scroll","background-type":"","background-media":"","overlay-type":"","overlay-color":"","overlay-opacity":"","overlay-gradient":""},"tablet":{"background-color":"var(--ast-global-color-5)","background-image":"","background-repeat":"repeat","background-position":"center center","background-size":"auto","background-attachment":"scroll","background-type":"","background-media":"","overlay-type":"","overlay-color":"","overlay-opacity":"","overlay-gradient":""},"mobile":{"background-color":"var(--ast-global-color-5)","background-image":"","background-repeat":"repeat","background-position":"center center","background-size":"auto","background-attachment":"scroll","background-type":"","background-media":"","overlay-type":"","overlay-color":"","overlay-opacity":"","overlay-gradient":""}}},"product_brand":[],"product_cat":[96,60,97],"product_tag":[55,57],"class_list":{"0":"post-1813","1":"product","2":"type-product","3":"status-publish","4":"has-post-thumbnail","6":"product_cat-brands","7":"product_cat-collagen-booster","8":"product_cat-naole","9":"product_tag-collagen-booster","10":"product_tag-lab-division","11":"desktop-align-left","12":"tablet-align-left","13":"mobile-align-left","15":"first","16":"instock","17":"taxable","18":"shipping-taxable","19":"product-type-simple","20":"add-to-wishlist-before_image"},"uagb_featured_image_src":{"full":["https:\/\/kosmeetika24.com\/wp-content\/uploads\/2024\/01\/2300-Microderm-Powder.jpg",600,600,false],"thumbnail":["https:\/\/kosmeetika24.com\/wp-content\/uploads\/2024\/01\/2300-Microderm-Powder-150x150.jpg",150,150,true],"medium":["https:\/\/kosmeetika24.com\/wp-content\/uploads\/2024\/01\/2300-Microderm-Powder-300x300.jpg",300,300,true],"medium_large":["https:\/\/kosmeetika24.com\/wp-content\/uploads\/2024\/01\/2300-Microderm-Powder.jpg",600,600,false],"large":["https:\/\/kosmeetika24.com\/wp-content\/uploads\/2024\/01\/2300-Microderm-Powder.jpg",600,600,false],"1536x1536":["https:\/\/kosmeetika24.com\/wp-content\/uploads\/2024\/01\/2300-Microderm-Powder.jpg",600,600,false],"2048x2048":["https:\/\/kosmeetika24.com\/wp-content\/uploads\/2024\/01\/2300-Microderm-Powder.jpg",600,600,false],"trp-custom-language-flag":["https:\/\/kosmeetika24.com\/wp-content\/uploads\/2024\/01\/2300-Microderm-Powder-12x12.jpg",12,12,true],"woocommerce_thumbnail":["https:\/\/kosmeetika24.com\/wp-content\/uploads\/2024\/01\/2300-Microderm-Powder-300x300.jpg",300,300,true],"woocommerce_single":["https:\/\/kosmeetika24.com\/wp-content\/uploads\/2024\/01\/2300-Microderm-Powder-500x500.jpg",500,500,true],"woocommerce_gallery_thumbnail":["https:\/\/kosmeetika24.com\/wp-content\/uploads\/2024\/01\/2300-Microderm-Powder-100x100.jpg",100,100,true]},"uagb_author_info":{"display_name":"admin","author_link":"https:\/\/kosmeetika24.com\/fi\/author\/"},"uagb_comment_info":0,"uagb_excerpt":"&nbsp; Professionaalseks kasutamiseks m\u00f5eldud mikrolihviv koorija silub nahka, \u00fchtlustab tooni ja v\u00e4hendab kortse. 50 g","_links":{"self":[{"href":"https:\/\/kosmeetika24.com\/fi\/wp-json\/wp\/v2\/product\/1813","targetHints":{"allow":["GET"]}}],"collection":[{"href":"https:\/\/kosmeetika24.com\/fi\/wp-json\/wp\/v2\/product"}],"about":[{"href":"https:\/\/kosmeetika24.com\/fi\/wp-json\/wp\/v2\/types\/product"}],"replies":[{"embeddable":true,"href":"https:\/\/kosmeetika24.com\/fi\/wp-json\/wp\/v2\/comments?post=1813"}],"version-history":[{"count":1,"href":"https:\/\/kosmeetika24.com\/fi\/wp-json\/wp\/v2\/product\/1813\/revisions"}],"predecessor-version":[{"id":4658,"href":"https:\/\/kosmeetika24.com\/fi\/wp-json\/wp\/v2\/product\/1813\/revisions\/4658"}],"wp:featuredmedia":[{"embeddable":true,"href":"https:\/\/kosmeetika24.com\/fi\/wp-json\/wp\/v2\/media\/1815"}],"wp:attachment":[{"href":"https:\/\/kosmeetika24.com\/fi\/wp-json\/wp\/v2\/media?parent=1813"}],"wp:term":[{"taxonomy":"product_brand","embeddable":true,"href":"https:\/\/kosmeetika24.com\/fi\/wp-json\/wp\/v2\/product_brand?post=1813"},{"taxonomy":"product_cat","embeddable":true,"href":"https:\/\/kosmeetika24.com\/fi\/wp-json\/wp\/v2\/product_cat?post=1813"},{"taxonomy":"product_tag","embeddable":true,"href":"https:\/\/kosmeetika24.com\/fi\/wp-json\/wp\/v2\/product_tag?post=1813"}],"curies":[{"name":"wp","href":"https:\/\/api.w.org\/{rel}","templated":true}]}}