{"id":1795,"date":"2024-01-04T11:17:02","date_gmt":"2024-01-04T11:17:02","guid":{"rendered":"https:\/\/kosmeetika24.com\/?post_type=product&#038;p=1795"},"modified":"2025-07-02T13:48:50","modified_gmt":"2025-07-02T10:48:50","slug":"bruno-vassari-white-kreemias-sara-andev-puhastusvaht","status":"publish","type":"product","link":"https:\/\/kosmeetika24.com\/fi\/tuote\/bruno-vassari-white-kreemias-sara-andev-puhastusvaht\/","title":{"rendered":"BRUNO VASSARI White Kermainen s\u00e4ihke\u00e4 puhdistusvaaha"},"content":{"rendered":"<p>Kermainen puhdistusvaahdot <em>Creamy Cleansing Foam<\/em> on valkaisevalla vaikutuksella varustettu kevyt puhdistusvaahdot, joka tehokkaasti poistaa meikin ja kuolleet ihosolut ihon pinnalta ja palauttaa pH-tasapainon. Iho j\u00e4\u00e4 puhtaaksi, s\u00e4ihke\u00e4ksi ja sile\u00e4ksi, valmis valkaiseville hoidoille. Sopii p\u00e4ivitt\u00e4iseen k\u00e4ytt\u00f6\u00f6n.<\/p>\n<p>Sopii kaikille ihotyypeille, erityisesti ik\u00e4\u00e4ntyv\u00e4lle iholle ja pigmentaatio-ongelmille.<\/p>\n<p><strong>P\u00c4\u00c4AINEOSAT<\/strong><\/p>\n<ul>\n<li>Naatriumaskorbyylifosfaatti<\/li>\n<li>C-vitamiinin stabiili muoto.<\/li>\n<\/ul>\n<p><strong>Vaikutus<\/strong><\/p>\n<p>Naatriumaskorbyylifosfaatti toimii usealla eri tavalla:<\/p>\n<ul>\n<li>Se toimii antioksidanttina, suojaten UV-s\u00e4teilyn aiheuttamilta vaurioilta<\/li>\n<li>Se vahvistaa ihon suojaa, est\u00e4en n\u00e4in ihon kuivumista.<\/li>\n<li>Se edist\u00e4\u00e4 kollageenin synteesi\u00e4<\/li>\n<li>Se v\u00e4hent\u00e4\u00e4 pigmentaatiota<\/li>\n<li>Se parantaa solujen korjausmekanismia<\/li>\n<\/ul>\n<p><strong>K\u00e4ytt\u00f6<\/strong><\/p>\n<ul>\n<li>Levit\u00e4 tuotetta kostealle iholle aamulla ja\/tai illalla hierovilla liikkeill\u00e4. Poista j\u00e4\u00e4m\u00e4t vedell\u00e4.<\/li>\n<li>Sopii p\u00e4ivitt\u00e4iseen k\u00e4ytt\u00f6\u00f6n.<\/li>\n<\/ul>\n<p><strong>Ainesosat<\/strong><\/p>\n<p><span style=\"font-size: 14px;\">AQUA (WATER), GLYCERIN, MYRISTIC ACID, GLYCERYL STEARATE, SODIUM METHYL COCOYL TAURATE, POTASSIUM HYDROXIDE, PALMITIC ACID, LAURIC ACID, STEARIC ACID, HYDROGENATED CASTOR OIL, ARACHIDIC ACID, PHENOXYETHANOL, HYDROXYETHYLCELLULOSE, PARFUM (FRAGRANCE), METHYLPARABEN, DISODIUMEDTA, SODIUM ASCRBYL PHOSPHATE, ETHYLPARABEN, BUTYLPARABEN, PROPYLENE GLYCOL, PROPYLPARABEN, BHT, ASCORBYL PALMITATE, CITRIC ACID.<\/span><\/p>","protected":false},"excerpt":{"rendered":"<p>Ammattik\u00e4ytt\u00f6\u00f6n tarkoitettu valkaisev kevyt puhdistusvaahdot tehokkaasti poistaa meikin ja lian ihon pinnalta ja palauttaa pH-tasapainon.<\/p>\n<p>250ml<\/p>","protected":false},"featured_media":6880,"comment_status":"open","ping_status":"closed","template":"","meta":{"_uag_custom_page_level_css":"","site-sidebar-layout":"default","site-content-layout":"","ast-site-content-layout":"default","site-content-style":"default","site-sidebar-style":"default","ast-global-header-display":"","ast-banner-title-visibility":"","ast-main-header-display":"","ast-hfb-above-header-display":"","ast-hfb-below-header-display":"","ast-hfb-mobile-header-display":"","site-post-title":"","ast-breadcrumbs-content":"","ast-featured-img":"","footer-sml-layout":"","ast-disable-related-posts":"","theme-transparent-header-meta":"default","adv-header-id-meta":"","stick-header-meta":"","header-above-stick-meta":"","header-main-stick-meta":"","header-below-stick-meta":"","astra-migrate-meta-layouts":"set","ast-page-background-enabled":"default","ast-page-background-meta":{"desktop":{"background-color":"var(--ast-global-color-4)","background-image":"","background-repeat":"repeat","background-position":"center center","background-size":"auto","background-attachment":"scroll","background-type":"","background-media":"","overlay-type":"","overlay-color":"","overlay-opacity":"","overlay-gradient":""},"tablet":{"background-color":"","background-image":"","background-repeat":"repeat","background-position":"center center","background-size":"auto","background-attachment":"scroll","background-type":"","background-media":"","overlay-type":"","overlay-color":"","overlay-opacity":"","overlay-gradient":""},"mobile":{"background-color":"","background-image":"","background-repeat":"repeat","background-position":"center center","background-size":"auto","background-attachment":"scroll","background-type":"","background-media":"","overlay-type":"","overlay-color":"","overlay-opacity":"","overlay-gradient":""}},"ast-content-background-meta":{"desktop":{"background-color":"var(--ast-global-color-5)","background-image":"","background-repeat":"repeat","background-position":"center center","background-size":"auto","background-attachment":"scroll","background-type":"","background-media":"","overlay-type":"","overlay-color":"","overlay-opacity":"","overlay-gradient":""},"tablet":{"background-color":"var(--ast-global-color-5)","background-image":"","background-repeat":"repeat","background-position":"center center","background-size":"auto","background-attachment":"scroll","background-type":"","background-media":"","overlay-type":"","overlay-color":"","overlay-opacity":"","overlay-gradient":""},"mobile":{"background-color":"var(--ast-global-color-5)","background-image":"","background-repeat":"repeat","background-position":"center center","background-size":"auto","background-attachment":"scroll","background-type":"","background-media":"","overlay-type":"","overlay-color":"","overlay-opacity":"","overlay-gradient":""}}},"product_brand":[],"product_cat":[96,97,64],"product_tag":[],"class_list":{"0":"post-1795","1":"product","2":"type-product","3":"status-publish","4":"has-post-thumbnail","6":"product_cat-brands","7":"product_cat-naole","8":"product_cat-white","9":"desktop-align-left","10":"tablet-align-left","11":"mobile-align-left","13":"first","14":"instock","15":"taxable","16":"shipping-taxable","17":"product-type-simple","18":"add-to-wishlist-before_image"},"uagb_featured_image_src":{"full":["https:\/\/kosmeetika24.com\/wp-content\/uploads\/2024\/01\/235-Creamy-Cleansing-Foam-1.jpg",800,800,false],"thumbnail":["https:\/\/kosmeetika24.com\/wp-content\/uploads\/2024\/01\/235-Creamy-Cleansing-Foam-1-150x150.jpg",150,150,true],"medium":["https:\/\/kosmeetika24.com\/wp-content\/uploads\/2024\/01\/235-Creamy-Cleansing-Foam-1-300x300.jpg",300,300,true],"medium_large":["https:\/\/kosmeetika24.com\/wp-content\/uploads\/2024\/01\/235-Creamy-Cleansing-Foam-1-768x768.jpg",768,768,true],"large":["https:\/\/kosmeetika24.com\/wp-content\/uploads\/2024\/01\/235-Creamy-Cleansing-Foam-1.jpg",800,800,false],"1536x1536":["https:\/\/kosmeetika24.com\/wp-content\/uploads\/2024\/01\/235-Creamy-Cleansing-Foam-1.jpg",800,800,false],"2048x2048":["https:\/\/kosmeetika24.com\/wp-content\/uploads\/2024\/01\/235-Creamy-Cleansing-Foam-1.jpg",800,800,false],"trp-custom-language-flag":["https:\/\/kosmeetika24.com\/wp-content\/uploads\/2024\/01\/235-Creamy-Cleansing-Foam-1-12x12.jpg",12,12,true],"woocommerce_thumbnail":["https:\/\/kosmeetika24.com\/wp-content\/uploads\/2024\/01\/235-Creamy-Cleansing-Foam-1-300x300.jpg",300,300,true],"woocommerce_single":["https:\/\/kosmeetika24.com\/wp-content\/uploads\/2024\/01\/235-Creamy-Cleansing-Foam-1-500x500.jpg",500,500,true],"woocommerce_gallery_thumbnail":["https:\/\/kosmeetika24.com\/wp-content\/uploads\/2024\/01\/235-Creamy-Cleansing-Foam-1-100x100.jpg",100,100,true]},"uagb_author_info":{"display_name":"admin","author_link":"https:\/\/kosmeetika24.com\/fi\/author\/"},"uagb_comment_info":0,"uagb_excerpt":"Professionaalseks kasutamiseks m\u00f5eldud valgendava efektiga kerge puhastav vaht eemaldab naha pinnalt t\u00f5husalt meigi, mustuse ja taastab pH taseme. 250ml","_links":{"self":[{"href":"https:\/\/kosmeetika24.com\/fi\/wp-json\/wp\/v2\/product\/1795","targetHints":{"allow":["GET"]}}],"collection":[{"href":"https:\/\/kosmeetika24.com\/fi\/wp-json\/wp\/v2\/product"}],"about":[{"href":"https:\/\/kosmeetika24.com\/fi\/wp-json\/wp\/v2\/types\/product"}],"replies":[{"embeddable":true,"href":"https:\/\/kosmeetika24.com\/fi\/wp-json\/wp\/v2\/comments?post=1795"}],"version-history":[{"count":2,"href":"https:\/\/kosmeetika24.com\/fi\/wp-json\/wp\/v2\/product\/1795\/revisions"}],"predecessor-version":[{"id":6810,"href":"https:\/\/kosmeetika24.com\/fi\/wp-json\/wp\/v2\/product\/1795\/revisions\/6810"}],"wp:featuredmedia":[{"embeddable":true,"href":"https:\/\/kosmeetika24.com\/fi\/wp-json\/wp\/v2\/media\/6880"}],"wp:attachment":[{"href":"https:\/\/kosmeetika24.com\/fi\/wp-json\/wp\/v2\/media?parent=1795"}],"wp:term":[{"taxonomy":"product_brand","embeddable":true,"href":"https:\/\/kosmeetika24.com\/fi\/wp-json\/wp\/v2\/product_brand?post=1795"},{"taxonomy":"product_cat","embeddable":true,"href":"https:\/\/kosmeetika24.com\/fi\/wp-json\/wp\/v2\/product_cat?post=1795"},{"taxonomy":"product_tag","embeddable":true,"href":"https:\/\/kosmeetika24.com\/fi\/wp-json\/wp\/v2\/product_tag?post=1795"}],"curies":[{"name":"wp","href":"https:\/\/api.w.org\/{rel}","templated":true}]}}