{"id":1785,"date":"2024-05-31T09:04:11","date_gmt":"2024-05-31T09:04:11","guid":{"rendered":"https:\/\/kosmeetika24.com\/?post_type=product&#038;p=1785"},"modified":"2025-11-13T12:09:25","modified_gmt":"2025-11-13T09:09:25","slug":"mesotech-global-meso-peptide-peptiididega-kokteil","status":"publish","type":"product","link":"https:\/\/kosmeetika24.com\/fi\/tuote\/mesotech-global-meso-peptide-peptiididega-kokteil\/","title":{"rendered":"Mesotech Global Meso Peptide \u2013 peptidien cocktail."},"content":{"rendered":"<h6><strong>AKTIIVSED KOOSTISOSAD<\/strong><\/h6>\n<ul>\n<li><strong>SYN\u00ae-AKE<\/strong>\u00a0on pieni synteettinen peptidi, joka auttaa nopeasti v\u00e4hent\u00e4m\u00e4\u00e4n ryppyjen ja naurulinjojen muodostumista. Se perustuu patentoidulle mekanismille ja j\u00e4ljittelee Waglerin-1-toiminnallisuuden v\u00e4ltt\u00e4m\u00e4t\u00f6nt\u00e4 aminohapposekvenssi\u00e4.\u00a0<strong>SYN\u00ae-AKE<\/strong>\u00a0turvallisuus ja teho on testattu perusteellisesti. Sen vaikutus keskittyy ilmeviivojen v\u00e4litt\u00f6m\u00e4\u00e4n ja kest\u00e4v\u00e4\u00e4n rentoutumiseen est\u00e4m\u00e4ll\u00e4 hermosiirtoa nikotiinireseptorilla. Peptidi toimii lihasten nikotiiniasetyylikoliinireseptorin antagonistina. Koska lihasten nikotiini-ACh-reseptorit ovat estettyj\u00e4, ionikanavat pysyv\u00e4t suljettuina. Na+-imeytymist\u00e4 ei tapahdu, ja lihassolut pysyv\u00e4t rentoina. Hermoimpulssien siirtyminen lihaksiin estyy, mik\u00e4 johtaa kasvolihasten rentoutumiseen. Vain kolmesta aminohaposta koostuva SYN AKE -molekyyli on koon ja yksinkertaisuuden vuoksi kuljetettavissa kosmetiikan mukana ja kykenee est\u00e4m\u00e4\u00e4n ilmeit\u00e4, jolloin se ehk\u00e4isee ilmeviivojen muodostumista.<\/li>\n<li><strong>Vitamiinit E ja C:<\/strong>\u00a0kiitos niiden aktiivisesta kyvyst\u00e4 poistaa vapaita radikaaleja, ne suojaavat ihoa ulkoisilta tekij\u00f6ilt\u00e4 (saaste, UV-A, UV-B), jotka ovat haitallisia ja voivat aiheuttaa ihon ennenaikaista ik\u00e4\u00e4ntymist\u00e4.<\/li>\n<li><strong>Vitamiini A<\/strong>\u00a0Retinoli pit\u00e4\u00e4 ihon ehj\u00e4n\u00e4 ja korjaa vaurioituneita soluja. Vitamiini A on todellakin eritt\u00e4in hy\u00f6dyllinen halkeilevan, punoittavan ja \u00e4rtyneen ihon hoidossa. Sill\u00e4 on my\u00f6s rasvantuotantoa s\u00e4\u00e4telev\u00e4 vaikutus, mik\u00e4 tasapainottaa ihon \u00f6ljyntuotantoa.<\/li>\n<\/ul>\n<h6><strong>INDIKAATIOT<\/strong><\/h6>\n<ul>\n<li>K\u00f5rvaldab vananemise m\u00f5ju, eriti t\u00f5hus n\u00e4okortsude korral \u2013 N\u00e4htav s\u00fcgav kortsude silumine juba kuu aja p\u00e4rast.<\/li>\n<li>Auttaa rentouttamaan kasvojen ilmeit\u00e4 menett\u00e4m\u00e4tt\u00e4 ilmeikkyytt\u00e4.<\/li>\n<li>Ik\u00e4\u00e4ntymist\u00e4 est\u00e4v\u00e4, ihon ik\u00e4\u00e4ntymisen varhaiset merkit.<\/li>\n<li>Ryppyjen v\u00e4hent\u00e4minen yleisesti, erityisesti ilmeviivojen v\u00e4hent\u00e4minen.<\/li>\n<li>Syv\u00e4t ryppyj\u00e4.<\/li>\n<li>Parantaa ihon ja sidekudoksen rakennetta.<\/li>\n<li>Vahva radikaalinvastaista vaikutusta.<\/li>\n<\/ul>\n<h6><strong>K\u00c4YTT\u00d6<\/strong><\/h6>\n<ul>\n<li>N\u00e4gu: 1,0 ml \u2013 2,0 ml<\/li>\n<li>Koko kasvot: 5,0 ml (kasvot, kaula, dekoltee).<\/li>\n<li>Kaula: 1,0 ml<\/li>\n<li>Dekoltee: 2,5 ml<\/li>\n<li>K\u00e4tet: 1,0 ml k\u00e4den kohden<\/li>\n<\/ul>\n<p><strong>Taajuus:<\/strong>\u00a0kerran 15 p\u00e4iv\u00e4n v\u00e4lein kolmen kuukauden ajan.<\/p>","protected":false},"excerpt":{"rendered":"<p class=\"tw-data-text tw-text-large tw-ta\" dir=\"ltr\" data-placeholder=\"T\u00f5lge\">Global Meso Peptide on ei-invasiivinen muoto mesoterapiasta (Dermaroller, Mesoroller jne), joka perustuu peptidien regeneratiivisiin ja stimuloiviin ominaisuuksiin.<\/p>\n<p dir=\"ltr\" data-placeholder=\"T\u00f5lge\"><span class=\"Y2IQFc\" lang=\"et\">Se sis\u00e4lt\u00e4\u00e4 arvokkaita ik\u00e4\u00e4ntymist\u00e4 est\u00e4vi\u00e4 vaikutuksia luonnollisten ainesosien ansiosta.<\/span><\/p>\n<p class=\"tw-data-text tw-text-large tw-ta\" dir=\"ltr\" data-placeholder=\"T\u00f5lge\"><span style=\"font-size: 16px;\">Se neutraloi ajan vaikutuksia, tarjoten merkitt\u00e4v\u00e4\u00e4 radikaalinvastaista ja antioksidanttista vaikutusta.<\/span><\/p>\n<p class=\"tw-data-text tw-text-large tw-ta\" dir=\"ltr\" data-placeholder=\"T\u00f5lge\"><span style=\"font-size: 16px;\">Se rentouttaa kasvolihaksia, mik\u00e4 vaikuttaa selv\u00e4sti ilmeisiin.<\/span><\/p>\n<p class=\"tw-data-text tw-text-large tw-ta\" dir=\"ltr\" data-placeholder=\"T\u00f5lge\"><span class=\"Y2IQFc\" lang=\"et\"> Iho on sile\u00e4, rentoutunut ja elinvoimainen. <\/span><\/p>\n<p dir=\"ltr\" data-placeholder=\"T\u00f5lge\">1 laatikko = 10 pulloa, jokainen 5 ml.<\/p>","protected":false},"featured_media":1456,"comment_status":"closed","ping_status":"closed","template":"","meta":{"_uag_custom_page_level_css":"","site-sidebar-layout":"default","site-content-layout":"","ast-site-content-layout":"default","site-content-style":"default","site-sidebar-style":"default","ast-global-header-display":"","ast-banner-title-visibility":"","ast-main-header-display":"","ast-hfb-above-header-display":"","ast-hfb-below-header-display":"","ast-hfb-mobile-header-display":"","site-post-title":"","ast-breadcrumbs-content":"","ast-featured-img":"","footer-sml-layout":"","ast-disable-related-posts":"","theme-transparent-header-meta":"default","adv-header-id-meta":"","stick-header-meta":"","header-above-stick-meta":"","header-main-stick-meta":"","header-below-stick-meta":"","astra-migrate-meta-layouts":"set","ast-page-background-enabled":"default","ast-page-background-meta":{"desktop":{"background-color":"var(--ast-global-color-4)","background-image":"","background-repeat":"repeat","background-position":"center center","background-size":"auto","background-attachment":"scroll","background-type":"","background-media":"","overlay-type":"","overlay-color":"","overlay-opacity":"","overlay-gradient":""},"tablet":{"background-color":"","background-image":"","background-repeat":"repeat","background-position":"center center","background-size":"auto","background-attachment":"scroll","background-type":"","background-media":"","overlay-type":"","overlay-color":"","overlay-opacity":"","overlay-gradient":""},"mobile":{"background-color":"","background-image":"","background-repeat":"repeat","background-position":"center center","background-size":"auto","background-attachment":"scroll","background-type":"","background-media":"","overlay-type":"","overlay-color":"","overlay-opacity":"","overlay-gradient":""}},"ast-content-background-meta":{"desktop":{"background-color":"var(--ast-global-color-5)","background-image":"","background-repeat":"repeat","background-position":"center center","background-size":"auto","background-attachment":"scroll","background-type":"","background-media":"","overlay-type":"","overlay-color":"","overlay-opacity":"","overlay-gradient":""},"tablet":{"background-color":"var(--ast-global-color-5)","background-image":"","background-repeat":"repeat","background-position":"center center","background-size":"auto","background-attachment":"scroll","background-type":"","background-media":"","overlay-type":"","overlay-color":"","overlay-opacity":"","overlay-gradient":""},"mobile":{"background-color":"var(--ast-global-color-5)","background-image":"","background-repeat":"repeat","background-position":"center center","background-size":"auto","background-attachment":"scroll","background-type":"","background-media":"","overlay-type":"","overlay-color":"","overlay-opacity":"","overlay-gradient":""}}},"product_brand":[],"product_cat":[96,127,78,97],"product_tag":[],"class_list":{"0":"post-1785","1":"product","2":"type-product","3":"status-publish","4":"has-post-thumbnail","6":"product_cat-brands","7":"product_cat-eksosoomid","8":"product_cat-global-meso","9":"product_cat-naole","10":"desktop-align-left","11":"tablet-align-left","12":"mobile-align-left","14":"first","15":"instock","16":"taxable","17":"shipping-taxable","18":"product-type-simple","19":"add-to-wishlist-before_image"},"uagb_featured_image_src":{"full":["https:\/\/kosmeetika24.com\/wp-content\/uploads\/2023\/10\/GM-peptide.png",600,600,false],"thumbnail":["https:\/\/kosmeetika24.com\/wp-content\/uploads\/2023\/10\/GM-peptide-150x150.png",150,150,true],"medium":["https:\/\/kosmeetika24.com\/wp-content\/uploads\/2023\/10\/GM-peptide-300x300.png",300,300,true],"medium_large":["https:\/\/kosmeetika24.com\/wp-content\/uploads\/2023\/10\/GM-peptide.png",600,600,false],"large":["https:\/\/kosmeetika24.com\/wp-content\/uploads\/2023\/10\/GM-peptide.png",600,600,false],"1536x1536":["https:\/\/kosmeetika24.com\/wp-content\/uploads\/2023\/10\/GM-peptide.png",600,600,false],"2048x2048":["https:\/\/kosmeetika24.com\/wp-content\/uploads\/2023\/10\/GM-peptide.png",600,600,false],"trp-custom-language-flag":["https:\/\/kosmeetika24.com\/wp-content\/uploads\/2023\/10\/GM-peptide-12x12.png",12,12,true],"woocommerce_thumbnail":["https:\/\/kosmeetika24.com\/wp-content\/uploads\/2023\/10\/GM-peptide-300x300.png",300,300,true],"woocommerce_single":["https:\/\/kosmeetika24.com\/wp-content\/uploads\/2023\/10\/GM-peptide-500x500.png",500,500,true],"woocommerce_gallery_thumbnail":["https:\/\/kosmeetika24.com\/wp-content\/uploads\/2023\/10\/GM-peptide-100x100.png",100,100,true]},"uagb_author_info":{"display_name":"admin","author_link":"https:\/\/kosmeetika24.com\/fi\/author\/"},"uagb_comment_info":0,"uagb_excerpt":"Global Meso Peptide\u00a0on mesoteraapia mitteinvasiivne vorm (Dermaroller, Mesoroller jne), mis p\u00f5hineb peptiidide regenereerivatel ja stimuleerivatel omadustel. Omab t\u00e4nu selles sisalduvatele looduslikele koostisosadele v\u00e4\u00e4rtuslikku vananemisvastast toimet. Neutraliseerib aja m\u00f5ju, avaldades olulist radikaalidevastast ja antioks\u00fcdantset toimet. L\u00f5\u00f5gastab n\u00e4olihaseid, millel on ilmne m\u00f5ju miimikajoontele. Nahk on sile, l\u00f5dvestunud, eluj\u00f5uline. 1 box = 10 vials of 5mL e.a.","_links":{"self":[{"href":"https:\/\/kosmeetika24.com\/fi\/wp-json\/wp\/v2\/product\/1785","targetHints":{"allow":["GET"]}}],"collection":[{"href":"https:\/\/kosmeetika24.com\/fi\/wp-json\/wp\/v2\/product"}],"about":[{"href":"https:\/\/kosmeetika24.com\/fi\/wp-json\/wp\/v2\/types\/product"}],"replies":[{"embeddable":true,"href":"https:\/\/kosmeetika24.com\/fi\/wp-json\/wp\/v2\/comments?post=1785"}],"version-history":[{"count":3,"href":"https:\/\/kosmeetika24.com\/fi\/wp-json\/wp\/v2\/product\/1785\/revisions"}],"predecessor-version":[{"id":5450,"href":"https:\/\/kosmeetika24.com\/fi\/wp-json\/wp\/v2\/product\/1785\/revisions\/5450"}],"wp:featuredmedia":[{"embeddable":true,"href":"https:\/\/kosmeetika24.com\/fi\/wp-json\/wp\/v2\/media\/1456"}],"wp:attachment":[{"href":"https:\/\/kosmeetika24.com\/fi\/wp-json\/wp\/v2\/media?parent=1785"}],"wp:term":[{"taxonomy":"product_brand","embeddable":true,"href":"https:\/\/kosmeetika24.com\/fi\/wp-json\/wp\/v2\/product_brand?post=1785"},{"taxonomy":"product_cat","embeddable":true,"href":"https:\/\/kosmeetika24.com\/fi\/wp-json\/wp\/v2\/product_cat?post=1785"},{"taxonomy":"product_tag","embeddable":true,"href":"https:\/\/kosmeetika24.com\/fi\/wp-json\/wp\/v2\/product_tag?post=1785"}],"curies":[{"name":"wp","href":"https:\/\/api.w.org\/{rel}","templated":true}]}}