{"id":1780,"date":"2023-12-14T13:41:44","date_gmt":"2023-12-14T13:41:44","guid":{"rendered":"https:\/\/kosmeetika24.com\/?post_type=product&#038;p=1780"},"modified":"2025-07-03T11:32:25","modified_gmt":"2025-07-03T08:32:25","slug":"bruno-vassari-bioceuticals-kiire-toimega-pinguldav-kontsentraat","status":"publish","type":"product","link":"https:\/\/kosmeetika24.com\/fi\/tuote\/bruno-vassari-bioceuticals-kiire-toimega-pinguldav-kontsentraat\/","title":{"rendered":"BRUNO VASSARI Bioceuticals nopeasti vaikuttava kiinteytt\u00e4v\u00e4 seerumi."},"content":{"rendered":"<div class=\"column\">\n<p>Kiinteytt\u00e4v\u00e4t ampullit <em>Fast Flash Beauty<\/em> tarjoavat v\u00e4litt\u00f6m\u00e4n kiinteytt\u00e4v\u00e4n vaikutuksen. Ne v\u00e4hent\u00e4v\u00e4t stressin ja v\u00e4symyksen merkkej\u00e4 ja antavat pitk\u00e4kestoisen ik\u00e4\u00e4ntymist\u00e4 ehk\u00e4isev\u00e4n vaikutuksen. Iho muuttuu kirkkaammaksi ja kiinte\u00e4mm\u00e4ksi.<\/p>\n<p>Sopii kaikille ihotyypeille.<\/p>\n<\/div>\n<p><strong>P\u00c4\u00c4AINEOSAT<\/strong><\/p>\n<ul>\n<li>Dimet\u00fcylaminoetanolitartraatti<\/li>\n<li>Pullulaani<\/li>\n<li>TENS\u2019UP<\/li>\n<li>Glukoosiyyli hesperidiini<\/li>\n<\/ul>\n<p><strong>VAIKUTUS:<\/strong><\/p>\n<div class=\"page\" title=\"Page 10\">\n<div class=\"layoutArea\">\n<div class=\"column\">\n<ul>\n<li><strong>Dimet\u00fcylaminoetanolitartraatti<\/strong> (DMAE): Vahva kiinteytt\u00e4v\u00e4 aine, joka tekee ihosta elastisemman.<\/li>\n<li><strong>Pullulaani:<\/strong> Polysakkaridi, jolla on kalvomuodostava vaikutus, tarjoaa v\u00e4lit\u00f6nt\u00e4 kiinteytt\u00e4v\u00e4\u00e4 vaikutusta ja parantaa ihon rakennetta.<\/li>\n<li><strong>TENS\u2019UPTM:<\/strong> innovatiivne toimeaine, mis omab kohest ja keskmise kestvusega pinguldavat efekti. Innovatiivse tehnoloogiagaon saavutatud efekt, mis avaldab toimeainet ja\u0308rk-ja\u0308rgult \u2013 see pikendab toime mo\u0303ju. Peale selle to\u0303useb kollageeni tootmine, mis aitab ta\u0308ita kortse.<\/li>\n<li><strong>Glukoosiyyli hesperidiini:<\/strong> Vaikuttava aine on valmistettu glukoosista ja hesperidiinist\u00e4. Hesperidiini auttaa parantamaan verenkiertoa nostamalla ihon l\u00e4mp\u00f6tilaa. Se on yhdistetty glukoosiin tuotteessa muodostaakseen hyvin liukenevan vaikuttavan aineen, joka s\u00e4ilytt\u00e4\u00e4 hesperidiinin luonnolliset ominaisuudet. Glukoosihesperidiini on tieteellisesti todistettu vaikuttava aine, joka lis\u00e4\u00e4 mikroverenkiertoa ihossa, auttaen v\u00e4hent\u00e4m\u00e4\u00e4n stressist\u00e4 ja v\u00e4symyksest\u00e4 johtuvia ihomuutoksia.<\/li>\n<\/ul>\n<p><strong>K\u00e4ytt\u00f6<\/strong><\/p>\n<ol>\n<li>Ravista ampullia.<\/li>\n<li>Aseta ampulli muoviin murtavaksi.<\/li>\n<li>Murra ampullin k\u00e4rki.<\/li>\n<li>Aseta ampulli annostelaitteeseen.<\/li>\n<li>Levit\u00e4 ampullin sis\u00e4lt\u00f6 kasvoille ja kaulalle.<\/li>\n<\/ol>\n<p><strong>Ainesosat<\/strong><\/p>\n<p>AQUA (WATER), GLYCERIN, PULLUAN, PROPANEDIOL, DIMETHYLAMINOETHANOL TARTRATE, MALTOOLIGOSYL GLUCOSIDE, GLUCOSYL HESPERIDIN, CICHORIUM INTYBUS (CHICORY) ROOT OLIGOSACCHARIDES, CAESALPINIA SPINOSA GUM, HYDROGENATED STARCH HYDROLYSATE, ETHYLHEXYLGLYCERIN, CARBOMER, SODIUM BENZOATE, ARGININE, GLUCONOLACTONE, PHENOXYETHANOL, CALCIUM GLUCONATE.<\/p>\n<\/div>\n<\/div>\n<\/div>","protected":false},"excerpt":{"rendered":"<p>Kiinteytt\u00e4v\u00e4t ampullit v\u00e4litt\u00f6m\u00e4ll\u00e4 vaikutuksella.<\/p>\n<p>&nbsp;<\/p>\n<p>6 ampullia<\/p>","protected":false},"featured_media":1781,"comment_status":"open","ping_status":"closed","template":"","meta":{"_uag_custom_page_level_css":"","site-sidebar-layout":"default","site-content-layout":"","ast-site-content-layout":"default","site-content-style":"default","site-sidebar-style":"default","ast-global-header-display":"","ast-banner-title-visibility":"","ast-main-header-display":"","ast-hfb-above-header-display":"","ast-hfb-below-header-display":"","ast-hfb-mobile-header-display":"","site-post-title":"","ast-breadcrumbs-content":"","ast-featured-img":"","footer-sml-layout":"","ast-disable-related-posts":"","theme-transparent-header-meta":"default","adv-header-id-meta":"","stick-header-meta":"","header-above-stick-meta":"","header-main-stick-meta":"","header-below-stick-meta":"","astra-migrate-meta-layouts":"set","ast-page-background-enabled":"default","ast-page-background-meta":{"desktop":{"background-color":"var(--ast-global-color-4)","background-image":"","background-repeat":"repeat","background-position":"center center","background-size":"auto","background-attachment":"scroll","background-type":"","background-media":"","overlay-type":"","overlay-color":"","overlay-opacity":"","overlay-gradient":""},"tablet":{"background-color":"","background-image":"","background-repeat":"repeat","background-position":"center center","background-size":"auto","background-attachment":"scroll","background-type":"","background-media":"","overlay-type":"","overlay-color":"","overlay-opacity":"","overlay-gradient":""},"mobile":{"background-color":"","background-image":"","background-repeat":"repeat","background-position":"center center","background-size":"auto","background-attachment":"scroll","background-type":"","background-media":"","overlay-type":"","overlay-color":"","overlay-opacity":"","overlay-gradient":""}},"ast-content-background-meta":{"desktop":{"background-color":"var(--ast-global-color-5)","background-image":"","background-repeat":"repeat","background-position":"center center","background-size":"auto","background-attachment":"scroll","background-type":"","background-media":"","overlay-type":"","overlay-color":"","overlay-opacity":"","overlay-gradient":""},"tablet":{"background-color":"var(--ast-global-color-5)","background-image":"","background-repeat":"repeat","background-position":"center center","background-size":"auto","background-attachment":"scroll","background-type":"","background-media":"","overlay-type":"","overlay-color":"","overlay-opacity":"","overlay-gradient":""},"mobile":{"background-color":"var(--ast-global-color-5)","background-image":"","background-repeat":"repeat","background-position":"center center","background-size":"auto","background-attachment":"scroll","background-type":"","background-media":"","overlay-type":"","overlay-color":"","overlay-opacity":"","overlay-gradient":""}}},"product_brand":[],"product_cat":[79,97],"product_tag":[],"class_list":{"0":"post-1780","1":"product","2":"type-product","3":"status-publish","4":"has-post-thumbnail","6":"product_cat-bioceuticals","7":"product_cat-naole","8":"desktop-align-left","9":"tablet-align-left","10":"mobile-align-left","12":"first","13":"instock","14":"taxable","15":"shipping-taxable","16":"product-type-simple","17":"add-to-wishlist-before_image"},"uagb_featured_image_src":{"full":["https:\/\/kosmeetika24.com\/wp-content\/uploads\/2023\/12\/342.png",600,600,false],"thumbnail":["https:\/\/kosmeetika24.com\/wp-content\/uploads\/2023\/12\/342-150x150.png",150,150,true],"medium":["https:\/\/kosmeetika24.com\/wp-content\/uploads\/2023\/12\/342-300x300.png",300,300,true],"medium_large":["https:\/\/kosmeetika24.com\/wp-content\/uploads\/2023\/12\/342.png",600,600,false],"large":["https:\/\/kosmeetika24.com\/wp-content\/uploads\/2023\/12\/342.png",600,600,false],"1536x1536":["https:\/\/kosmeetika24.com\/wp-content\/uploads\/2023\/12\/342.png",600,600,false],"2048x2048":["https:\/\/kosmeetika24.com\/wp-content\/uploads\/2023\/12\/342.png",600,600,false],"trp-custom-language-flag":["https:\/\/kosmeetika24.com\/wp-content\/uploads\/2023\/12\/342-12x12.png",12,12,true],"woocommerce_thumbnail":["https:\/\/kosmeetika24.com\/wp-content\/uploads\/2023\/12\/342-300x300.png",300,300,true],"woocommerce_single":["https:\/\/kosmeetika24.com\/wp-content\/uploads\/2023\/12\/342-500x500.png",500,500,true],"woocommerce_gallery_thumbnail":["https:\/\/kosmeetika24.com\/wp-content\/uploads\/2023\/12\/342-100x100.png",100,100,true]},"uagb_author_info":{"display_name":"admin","author_link":"https:\/\/kosmeetika24.com\/fi\/author\/"},"uagb_comment_info":0,"uagb_excerpt":"Pinguldavad ampullid silmapilkse efektiga. &nbsp; 6 ampulli","_links":{"self":[{"href":"https:\/\/kosmeetika24.com\/fi\/wp-json\/wp\/v2\/product\/1780","targetHints":{"allow":["GET"]}}],"collection":[{"href":"https:\/\/kosmeetika24.com\/fi\/wp-json\/wp\/v2\/product"}],"about":[{"href":"https:\/\/kosmeetika24.com\/fi\/wp-json\/wp\/v2\/types\/product"}],"replies":[{"embeddable":true,"href":"https:\/\/kosmeetika24.com\/fi\/wp-json\/wp\/v2\/comments?post=1780"}],"version-history":[{"count":2,"href":"https:\/\/kosmeetika24.com\/fi\/wp-json\/wp\/v2\/product\/1780\/revisions"}],"predecessor-version":[{"id":5478,"href":"https:\/\/kosmeetika24.com\/fi\/wp-json\/wp\/v2\/product\/1780\/revisions\/5478"}],"wp:featuredmedia":[{"embeddable":true,"href":"https:\/\/kosmeetika24.com\/fi\/wp-json\/wp\/v2\/media\/1781"}],"wp:attachment":[{"href":"https:\/\/kosmeetika24.com\/fi\/wp-json\/wp\/v2\/media?parent=1780"}],"wp:term":[{"taxonomy":"product_brand","embeddable":true,"href":"https:\/\/kosmeetika24.com\/fi\/wp-json\/wp\/v2\/product_brand?post=1780"},{"taxonomy":"product_cat","embeddable":true,"href":"https:\/\/kosmeetika24.com\/fi\/wp-json\/wp\/v2\/product_cat?post=1780"},{"taxonomy":"product_tag","embeddable":true,"href":"https:\/\/kosmeetika24.com\/fi\/wp-json\/wp\/v2\/product_tag?post=1780"}],"curies":[{"name":"wp","href":"https:\/\/api.w.org\/{rel}","templated":true}]}}