{"id":1770,"date":"2024-01-04T10:04:07","date_gmt":"2024-01-04T10:04:07","guid":{"rendered":"https:\/\/kosmeetika24.com\/?post_type=product&#038;p=1770"},"modified":"2025-07-02T13:25:16","modified_gmt":"2025-07-02T10:25:16","slug":"bruno-vassari-skin-comfort-intensiivne-parandav-kreem","status":"publish","type":"product","link":"https:\/\/kosmeetika24.com\/fi\/tuote\/bruno-vassari-skin-comfort-intensiivne-parandav-kreem\/","title":{"rendered":"BRUNO VASSARI Skin Comfort intensiivinen korjaava voide"},"content":{"rendered":"<p>Ihon rakennetta parantava voide <em>Skin Restore Plus<\/em> v\u00e4hent\u00e4\u00e4 mahdollisia reaktioita \u00e4rsytykseen ja auttaa palauttamaan ihon hydrolipidikerroksen. Voide rauhoittaa, kosteuttaa ja ravitsee ihoa.<\/p>\n<p>Sopii kaikille ihotyypeille, erityisesti stressaantuneelle iholle.<\/p>\n<p><strong>P\u00c4\u00c4AINEOSAT<\/strong><\/p>\n<ul>\n<li>\u201eSkincalmin\u201c<\/li>\n<li>SLM (ihon lipidimatriisi)<\/li>\n<li>Skvalaani<\/li>\n<li>E-vitamiini<\/li>\n<li>Jojoba\u00f6ljy<\/li>\n<li>Sheavoi<\/li>\n<\/ul>\n<p><strong>Vaikutus<\/strong><\/p>\n<p>Tuotteen koostumus j\u00e4ljittelee ihon suojaavaa toimintaa ja lipidien yhteenliittymist\u00e4. Se palauttaa ihon optimaalisen kosteustason, ravitsee ihoa ja palauttaa sen luonnollisen suojabarri\u00e4\u00e4rin.<\/p>\n<ul>\n<li>Skvalaani tukee ihon suojaavaa toimintaa ja j\u00e4tt\u00e4\u00e4 ihon pehme\u00e4ksi ja silkinpehme\u00e4ksi.<\/li>\n<li>E-vitamiini toimii antioksidanttina, stimuloi ihon hengityst\u00e4 ja vahvistaa ihosolujen kalvoja.<\/li>\n<li>Jojoba\u00f6ljy suojaa ihoa haihtumiselta ja myrkyllisilt\u00e4 aineilta.<\/li>\n<li>Sheavoi silottaa ja s\u00e4ilytt\u00e4\u00e4 ihon kosteuden.<\/li>\n<\/ul>\n<p><strong>K\u00e4ytt\u00f6<\/strong><\/p>\n<ul>\n<li>Puhdista iho etuk\u00e4teen esimerkiksi <a href=\"https:\/\/kosmeetika24.eu\/toode\/bruno-vassari-skin-comfort-varskendav-meigieemaldusvedelik-2\/\">BRUNO VASSARI Skin Comfort \u043e\u0441\u0432\u0435\u0436\u0430\u044e\u0449\u0438\u0439 \u043c\u0438\u0446\u0435\u043b\u043b\u044f\u0440\u043d\u044b\u0439 \u0440\u0430\u0441\u0442\u0432\u043e\u0440 \u0434\u043b\u044f \u0441\u043d\u044f\u0442\u0438\u044f \u043c\u0430\u043a\u0438\u044f\u0436\u0430<\/a><\/li>\n<li>Tonaa iho etuk\u00e4teen esimerkiksi <a href=\"https:\/\/kosmeetika24.eu\/toode\/bruno-vassari-skin-comfort-refreshing-toner\/\">BRUNO VASSARI Skin Comfort alkoholiton virkist\u00e4v\u00e4 toneri<\/a><\/li>\n<li>Levit\u00e4 voidetta puhdistetulle kasvoille, kaulalle ja dekolteelle. Sopii k\u00e4ytett\u00e4v\u00e4ksi aamulla ja illalla.<\/li>\n<li>Silm\u00e4nymp\u00e4rysihon hoitoon k\u00e4yt\u00e4 esimerkiksi <a href=\"https:\/\/kosmeetika24.eu\/toode\/bruno-vassari-the-specifics-vitamin-eye-cream\/\">BRUNO VASSARI The Specifics kosteuttava silm\u00e4hoitovoide<\/a>.<\/li>\n<\/ul>\n<p><strong>Ainesosat<\/strong><\/p>\n<p>AQUA ( WATER), CAPRYLIC\/CAPRIC TRIGLYCERIDE, GLYCERIN, PENTYLENE GLYCOL, SIMMONDSIA CHINENSIS (JOJOBA) SEED OIL, CETEARYL ALCOHOL, HYDROGENATED PHOSPHATIDYLCHOLINE, SQUALANE, BUTYROSPERMUM PARKII (SHEA) BUTTER, HYDROXYPHENYL PROPAMIDOBENZOIC ACID, CERAMIDE NP, ASCORBYL PALMITATE, CHLORPHENESIN, TOCOPHERYL ACETATE, PHENOXYETHANOL, BUTYLENE GLYCOL, CARBOMER, HYDROXYETHYLCELLULOSE, XANTHAN GUM, SODIUM HYDROXIDE, PARFUM ( FRAGRANCE).<\/p>","protected":false},"excerpt":{"rendered":"<p>Voide on suunniteltu erityisesti herk\u00e4n ja vaurioituneen ihon palauttamiseen.<\/p>\n<p>50ml<\/p>","protected":false},"featured_media":1775,"comment_status":"open","ping_status":"closed","template":"","meta":{"_uag_custom_page_level_css":"","site-sidebar-layout":"default","site-content-layout":"","ast-site-content-layout":"default","site-content-style":"default","site-sidebar-style":"default","ast-global-header-display":"","ast-banner-title-visibility":"","ast-main-header-display":"","ast-hfb-above-header-display":"","ast-hfb-below-header-display":"","ast-hfb-mobile-header-display":"","site-post-title":"","ast-breadcrumbs-content":"","ast-featured-img":"","footer-sml-layout":"","ast-disable-related-posts":"","theme-transparent-header-meta":"default","adv-header-id-meta":"","stick-header-meta":"","header-above-stick-meta":"","header-main-stick-meta":"","header-below-stick-meta":"","astra-migrate-meta-layouts":"set","ast-page-background-enabled":"default","ast-page-background-meta":{"desktop":{"background-color":"var(--ast-global-color-4)","background-image":"","background-repeat":"repeat","background-position":"center center","background-size":"auto","background-attachment":"scroll","background-type":"","background-media":"","overlay-type":"","overlay-color":"","overlay-opacity":"","overlay-gradient":""},"tablet":{"background-color":"","background-image":"","background-repeat":"repeat","background-position":"center center","background-size":"auto","background-attachment":"scroll","background-type":"","background-media":"","overlay-type":"","overlay-color":"","overlay-opacity":"","overlay-gradient":""},"mobile":{"background-color":"","background-image":"","background-repeat":"repeat","background-position":"center center","background-size":"auto","background-attachment":"scroll","background-type":"","background-media":"","overlay-type":"","overlay-color":"","overlay-opacity":"","overlay-gradient":""}},"ast-content-background-meta":{"desktop":{"background-color":"var(--ast-global-color-5)","background-image":"","background-repeat":"repeat","background-position":"center center","background-size":"auto","background-attachment":"scroll","background-type":"","background-media":"","overlay-type":"","overlay-color":"","overlay-opacity":"","overlay-gradient":""},"tablet":{"background-color":"var(--ast-global-color-5)","background-image":"","background-repeat":"repeat","background-position":"center center","background-size":"auto","background-attachment":"scroll","background-type":"","background-media":"","overlay-type":"","overlay-color":"","overlay-opacity":"","overlay-gradient":""},"mobile":{"background-color":"var(--ast-global-color-5)","background-image":"","background-repeat":"repeat","background-position":"center center","background-size":"auto","background-attachment":"scroll","background-type":"","background-media":"","overlay-type":"","overlay-color":"","overlay-opacity":"","overlay-gradient":""}}},"product_brand":[],"product_cat":[96,97,77],"product_tag":[],"class_list":{"0":"post-1770","1":"product","2":"type-product","3":"status-publish","4":"has-post-thumbnail","6":"product_cat-brands","7":"product_cat-naole","8":"product_cat-skin-comfort","9":"desktop-align-left","10":"tablet-align-left","11":"mobile-align-left","13":"first","14":"instock","15":"taxable","16":"shipping-taxable","17":"product-type-simple","18":"add-to-wishlist-before_image"},"uagb_featured_image_src":{"full":["https:\/\/kosmeetika24.com\/wp-content\/uploads\/2023\/12\/249-Skin-Restore-Plus.jpg",600,600,false],"thumbnail":["https:\/\/kosmeetika24.com\/wp-content\/uploads\/2023\/12\/249-Skin-Restore-Plus-150x150.jpg",150,150,true],"medium":["https:\/\/kosmeetika24.com\/wp-content\/uploads\/2023\/12\/249-Skin-Restore-Plus-300x300.jpg",300,300,true],"medium_large":["https:\/\/kosmeetika24.com\/wp-content\/uploads\/2023\/12\/249-Skin-Restore-Plus.jpg",600,600,false],"large":["https:\/\/kosmeetika24.com\/wp-content\/uploads\/2023\/12\/249-Skin-Restore-Plus.jpg",600,600,false],"1536x1536":["https:\/\/kosmeetika24.com\/wp-content\/uploads\/2023\/12\/249-Skin-Restore-Plus.jpg",600,600,false],"2048x2048":["https:\/\/kosmeetika24.com\/wp-content\/uploads\/2023\/12\/249-Skin-Restore-Plus.jpg",600,600,false],"trp-custom-language-flag":["https:\/\/kosmeetika24.com\/wp-content\/uploads\/2023\/12\/249-Skin-Restore-Plus-12x12.jpg",12,12,true],"woocommerce_thumbnail":["https:\/\/kosmeetika24.com\/wp-content\/uploads\/2023\/12\/249-Skin-Restore-Plus-300x300.jpg",300,300,true],"woocommerce_single":["https:\/\/kosmeetika24.com\/wp-content\/uploads\/2023\/12\/249-Skin-Restore-Plus-500x500.jpg",500,500,true],"woocommerce_gallery_thumbnail":["https:\/\/kosmeetika24.com\/wp-content\/uploads\/2023\/12\/249-Skin-Restore-Plus-100x100.jpg",100,100,true]},"uagb_author_info":{"display_name":"admin","author_link":"https:\/\/kosmeetika24.com\/fi\/author\/"},"uagb_comment_info":0,"uagb_excerpt":"Kreem on spetsiaalselt m\u00f5eldud tundliku ja kahjustunud naha taastamiseks. 50ml","_links":{"self":[{"href":"https:\/\/kosmeetika24.com\/fi\/wp-json\/wp\/v2\/product\/1770","targetHints":{"allow":["GET"]}}],"collection":[{"href":"https:\/\/kosmeetika24.com\/fi\/wp-json\/wp\/v2\/product"}],"about":[{"href":"https:\/\/kosmeetika24.com\/fi\/wp-json\/wp\/v2\/types\/product"}],"replies":[{"embeddable":true,"href":"https:\/\/kosmeetika24.com\/fi\/wp-json\/wp\/v2\/comments?post=1770"}],"version-history":[{"count":2,"href":"https:\/\/kosmeetika24.com\/fi\/wp-json\/wp\/v2\/product\/1770\/revisions"}],"predecessor-version":[{"id":4706,"href":"https:\/\/kosmeetika24.com\/fi\/wp-json\/wp\/v2\/product\/1770\/revisions\/4706"}],"wp:featuredmedia":[{"embeddable":true,"href":"https:\/\/kosmeetika24.com\/fi\/wp-json\/wp\/v2\/media\/1775"}],"wp:attachment":[{"href":"https:\/\/kosmeetika24.com\/fi\/wp-json\/wp\/v2\/media?parent=1770"}],"wp:term":[{"taxonomy":"product_brand","embeddable":true,"href":"https:\/\/kosmeetika24.com\/fi\/wp-json\/wp\/v2\/product_brand?post=1770"},{"taxonomy":"product_cat","embeddable":true,"href":"https:\/\/kosmeetika24.com\/fi\/wp-json\/wp\/v2\/product_cat?post=1770"},{"taxonomy":"product_tag","embeddable":true,"href":"https:\/\/kosmeetika24.com\/fi\/wp-json\/wp\/v2\/product_tag?post=1770"}],"curies":[{"name":"wp","href":"https:\/\/api.w.org\/{rel}","templated":true}]}}