{"id":1765,"date":"2023-11-28T14:37:12","date_gmt":"2023-11-28T14:37:12","guid":{"rendered":"https:\/\/kosmeetika24.com\/?post_type=product&#038;p=1765"},"modified":"2025-07-02T14:31:07","modified_gmt":"2025-07-02T11:31:07","slug":"bruno-vassari-sun-defense-paikesekaitsepihus-spf40","status":"publish","type":"product","link":"https:\/\/kosmeetika24.com\/fi\/tuote\/bruno-vassari-sun-defense-paikesekaitsepihus-spf40\/","title":{"rendered":"BRUNO VASSARI Sun Defense Aurinkosuojasuihke SPF40"},"content":{"rendered":"<p><em>Sunlight Protective Water SPF<\/em> 40 on korkean suojan omaava kaksivaiheinen, raikas ja kevyt tekstuurinen suojaava vesi. Koostumuksessa oleva pantenoli kosteuttaa, suojaa ihoa auringossa oleskellessa ja auttaa sit\u00e4 palautumaan sen j\u00e4lkeen. Kevyen koostumuksensa ansiosta se on helppo levitt\u00e4\u00e4 iholle. UVA- ja UVB-suodattimien optimaalinen tasapaino auttaa suojaamaan ihoa ulkoisesti ja sis\u00e4isesti s\u00e4teilylt\u00e4, auringonpoltolta ja ennenaikaiselta valovanhentumiselta.<\/p>\n<p>Sopii my\u00f6s meikin alle, sill\u00e4 sen koostumus sis\u00e4lt\u00e4\u00e4 mattapintaisia ainesosia.<\/p>\n<div>\n<p>Sopii kaikille ihotyypeille.<\/p>\n<p>Kevyt koostumus on my\u00f6s ihanteellinen ulkona urheileville urheilijoille.<\/p>\n<p><strong>K\u00e4ytt\u00f6<\/strong><\/p>\n<ul>\n<li>\u00d6ljyt\u00f6n aurinkosuojasuihke levitet\u00e4\u00e4n iholle 30 minuuttia ennen auringon altistumista, levitt\u00e4en tuote tasaisesti iholle. \u00c4l\u00e4 suihkuta suoraan kasvoille.<\/li>\n<li>Levit\u00e4 tuote uudelleen iholle fyysisen aktiivisuuden aikana tai uinnin j\u00e4lkeen.<\/li>\n<\/ul>\n<p><strong>Ainesosat<\/strong><\/p>\n<p><span style=\"font-size: 14px;\">AQUA (WATER), DICAPRYLYL CARBONARE, DIBUTYL ADIPATE, ISOHEXADECANE, OCTOCRYLENE, PROPANEDIOL, ETHYLHEXYL\u00a0 SALICYLATE, BUTYL METHOXYDIBENZOYLMETHANE, 4-METHYLBENZYLIDENE CAMPHOR, PHENYLBENZIMIDAZOLE SULFONIC ACID, GLYCERIN TROMETHAMINE,SODIUM CHLORIDE, PANTHENOL, PHENOXYETHANOL, PROPYLENE GLYCOL, PARFUM (FRAGRANCE), TOCOPHERYL ACETATE,\u00a0 CHLORPHENESIN, DISODIUM EDTA, CAPRYLYL GLYCOL, PHENYLPROPANOL, METHYLPROPANEDIOL, SODIUM SULFATE, LINALOOL, LIMONENE, CITRONELLOL, HEXYL CINNAMAL, BUTYLPHENYL METHYLPROPIONAL, C.I. 4200 (FD&C BLUE NO.1), C.I. 61565 (D&C GREEN NO.6).<\/span><\/p>\n<\/div>","protected":false},"excerpt":{"rendered":"<p>Se suojaa ihoa auringossa oleskellessa ja auttaa sit\u00e4 palautumaan sen j\u00e4lkeen.<\/p>\n<p>&nbsp;<\/p>\n<p>200 ml<\/p>","protected":false},"featured_media":1766,"comment_status":"open","ping_status":"closed","template":"","meta":{"_uag_custom_page_level_css":"","site-sidebar-layout":"default","site-content-layout":"","ast-site-content-layout":"default","site-content-style":"default","site-sidebar-style":"default","ast-global-header-display":"","ast-banner-title-visibility":"","ast-main-header-display":"","ast-hfb-above-header-display":"","ast-hfb-below-header-display":"","ast-hfb-mobile-header-display":"","site-post-title":"","ast-breadcrumbs-content":"","ast-featured-img":"","footer-sml-layout":"","ast-disable-related-posts":"","theme-transparent-header-meta":"default","adv-header-id-meta":"","stick-header-meta":"","header-above-stick-meta":"","header-main-stick-meta":"","header-below-stick-meta":"","astra-migrate-meta-layouts":"set","ast-page-background-enabled":"default","ast-page-background-meta":{"desktop":{"background-color":"var(--ast-global-color-4)","background-image":"","background-repeat":"repeat","background-position":"center center","background-size":"auto","background-attachment":"scroll","background-type":"","background-media":"","overlay-type":"","overlay-color":"","overlay-opacity":"","overlay-gradient":""},"tablet":{"background-color":"","background-image":"","background-repeat":"repeat","background-position":"center center","background-size":"auto","background-attachment":"scroll","background-type":"","background-media":"","overlay-type":"","overlay-color":"","overlay-opacity":"","overlay-gradient":""},"mobile":{"background-color":"","background-image":"","background-repeat":"repeat","background-position":"center center","background-size":"auto","background-attachment":"scroll","background-type":"","background-media":"","overlay-type":"","overlay-color":"","overlay-opacity":"","overlay-gradient":""}},"ast-content-background-meta":{"desktop":{"background-color":"var(--ast-global-color-5)","background-image":"","background-repeat":"repeat","background-position":"center center","background-size":"auto","background-attachment":"scroll","background-type":"","background-media":"","overlay-type":"","overlay-color":"","overlay-opacity":"","overlay-gradient":""},"tablet":{"background-color":"var(--ast-global-color-5)","background-image":"","background-repeat":"repeat","background-position":"center center","background-size":"auto","background-attachment":"scroll","background-type":"","background-media":"","overlay-type":"","overlay-color":"","overlay-opacity":"","overlay-gradient":""},"mobile":{"background-color":"var(--ast-global-color-5)","background-image":"","background-repeat":"repeat","background-position":"center center","background-size":"auto","background-attachment":"scroll","background-type":"","background-media":"","overlay-type":"","overlay-color":"","overlay-opacity":"","overlay-gradient":""}}},"product_brand":[],"product_cat":[96,97,73],"product_tag":[],"class_list":{"0":"post-1765","1":"product","2":"type-product","3":"status-publish","4":"has-post-thumbnail","6":"product_cat-brands","7":"product_cat-naole","8":"product_cat-sun-defense","9":"desktop-align-left","10":"tablet-align-left","11":"mobile-align-left","13":"first","14":"instock","15":"taxable","16":"shipping-taxable","17":"product-type-simple","18":"add-to-wishlist-before_image"},"uagb_featured_image_src":{"full":["https:\/\/kosmeetika24.com\/wp-content\/uploads\/2023\/11\/4081-Sunlight-Protective-Water.jpg",600,600,false],"thumbnail":["https:\/\/kosmeetika24.com\/wp-content\/uploads\/2023\/11\/4081-Sunlight-Protective-Water-150x150.jpg",150,150,true],"medium":["https:\/\/kosmeetika24.com\/wp-content\/uploads\/2023\/11\/4081-Sunlight-Protective-Water-300x300.jpg",300,300,true],"medium_large":["https:\/\/kosmeetika24.com\/wp-content\/uploads\/2023\/11\/4081-Sunlight-Protective-Water.jpg",600,600,false],"large":["https:\/\/kosmeetika24.com\/wp-content\/uploads\/2023\/11\/4081-Sunlight-Protective-Water.jpg",600,600,false],"1536x1536":["https:\/\/kosmeetika24.com\/wp-content\/uploads\/2023\/11\/4081-Sunlight-Protective-Water.jpg",600,600,false],"2048x2048":["https:\/\/kosmeetika24.com\/wp-content\/uploads\/2023\/11\/4081-Sunlight-Protective-Water.jpg",600,600,false],"trp-custom-language-flag":["https:\/\/kosmeetika24.com\/wp-content\/uploads\/2023\/11\/4081-Sunlight-Protective-Water-12x12.jpg",12,12,true],"woocommerce_thumbnail":["https:\/\/kosmeetika24.com\/wp-content\/uploads\/2023\/11\/4081-Sunlight-Protective-Water-300x300.jpg",300,300,true],"woocommerce_single":["https:\/\/kosmeetika24.com\/wp-content\/uploads\/2023\/11\/4081-Sunlight-Protective-Water-500x500.jpg",500,500,true],"woocommerce_gallery_thumbnail":["https:\/\/kosmeetika24.com\/wp-content\/uploads\/2023\/11\/4081-Sunlight-Protective-Water-100x100.jpg",100,100,true]},"uagb_author_info":{"display_name":"admin","author_link":"https:\/\/kosmeetika24.com\/fi\/author\/"},"uagb_comment_info":0,"uagb_excerpt":"Kaitseb nahka p\u00e4ikese k\u00e4es viibimise ajal ja aitab p\u00e4rast taastuda. &nbsp; 200 ml","_links":{"self":[{"href":"https:\/\/kosmeetika24.com\/fi\/wp-json\/wp\/v2\/product\/1765","targetHints":{"allow":["GET"]}}],"collection":[{"href":"https:\/\/kosmeetika24.com\/fi\/wp-json\/wp\/v2\/product"}],"about":[{"href":"https:\/\/kosmeetika24.com\/fi\/wp-json\/wp\/v2\/types\/product"}],"replies":[{"embeddable":true,"href":"https:\/\/kosmeetika24.com\/fi\/wp-json\/wp\/v2\/comments?post=1765"}],"version-history":[{"count":2,"href":"https:\/\/kosmeetika24.com\/fi\/wp-json\/wp\/v2\/product\/1765\/revisions"}],"predecessor-version":[{"id":5367,"href":"https:\/\/kosmeetika24.com\/fi\/wp-json\/wp\/v2\/product\/1765\/revisions\/5367"}],"wp:featuredmedia":[{"embeddable":true,"href":"https:\/\/kosmeetika24.com\/fi\/wp-json\/wp\/v2\/media\/1766"}],"wp:attachment":[{"href":"https:\/\/kosmeetika24.com\/fi\/wp-json\/wp\/v2\/media?parent=1765"}],"wp:term":[{"taxonomy":"product_brand","embeddable":true,"href":"https:\/\/kosmeetika24.com\/fi\/wp-json\/wp\/v2\/product_brand?post=1765"},{"taxonomy":"product_cat","embeddable":true,"href":"https:\/\/kosmeetika24.com\/fi\/wp-json\/wp\/v2\/product_cat?post=1765"},{"taxonomy":"product_tag","embeddable":true,"href":"https:\/\/kosmeetika24.com\/fi\/wp-json\/wp\/v2\/product_tag?post=1765"}],"curies":[{"name":"wp","href":"https:\/\/api.w.org\/{rel}","templated":true}]}}