{"id":1763,"date":"2024-01-05T09:27:19","date_gmt":"2024-01-05T09:27:19","guid":{"rendered":"https:\/\/kosmeetika24.com\/?post_type=product&#038;p=1763"},"modified":"2025-07-02T14:30:35","modified_gmt":"2025-07-02T11:30:35","slug":"bruno-vassari-sun-defense-olivaba-paikesekaitsepihus-spf-25","status":"publish","type":"product","link":"https:\/\/kosmeetika24.com\/fi\/tuote\/bruno-vassari-sun-defense-olivaba-paikesekaitsepihus-spf-25\/","title":{"rendered":"BRUNO VASSARI Sun Defense \u00f6ljyt\u00f6n aurinkosuojasuihke SPF 25"},"content":{"rendered":"<p>Aurinkosuojasuihke<em> Oil Free Sun Spray SPF 25<\/em> on kevyt, \u00f6ljyt\u00f6n, vedenkest\u00e4v\u00e4 ja nopeasti imeytyv\u00e4. Se ei j\u00e4t\u00e4 iholle rasvaista tuntua. UVA- ja UVB-suodattimien optimaalinen tasapaino auttaa suojaamaan ihoa auringon s\u00e4teilylt\u00e4, auringonpoltolta ja ennenaikaiselta valovanhentumiselta.<\/p>\n<p>Kevyt koostumus on ihanteellinen miehille, urheilijoille ja ulkona urheilemiseen.<\/p>\n<p>Sopii kaikille ihotyypeille.<\/p>\n<p><strong>P\u00c4\u00c4AINEOSAT<\/strong><\/p>\n<ul>\n<li>Aurinkosuojafiltterit.<\/li>\n<li>E-vitamiini<\/li>\n<li>Sheavoi<\/li>\n<\/ul>\n<p><strong>Vaikutus<\/strong><\/p>\n<ul>\n<li>Aurinkosuojasuodattimet: t\u00e4ydellinen yhdistelm\u00e4 fysikaalisia ja kemiallisia suodattimia, jotka tarjoavat luotettavan aurinkosuojakertoimen. Aurinkosuojasuodattimien suojaavaa vaikutusta tehostavat E-vitamiini ja sheavoi.<\/li>\n<li>E-vitamiini toimii antioksidanttina taistellen vapaita radikaale vastaan. Se est\u00e4\u00e4 UV-s\u00e4teilyn aiheuttaman tulehduksen. My\u00f6s se v\u00e4hent\u00e4\u00e4 ryppyjen muodostumisen todenn\u00e4k\u00f6isyytt\u00e4.<\/li>\n<li>Sheavoi toimii antioksidanttina taistellen vapaita radikaale vastaan. Se kosteuttaa ja parantaa ihon ylin kerros.<\/li>\n<\/ul>\n<p><strong>K\u00e4ytt\u00f6<\/strong><\/p>\n<ul>\n<li>\u00d6ljyt\u00f6n aurinkosuojasuihke levitet\u00e4\u00e4n iholle v\u00e4hint\u00e4\u00e4n 30 minuuttia ennen auringon altistumista, levitt\u00e4en tuote tasaisesti iholle.<\/li>\n<li>\u00c4l\u00e4 suihkuta suoraan kasvoille.<\/li>\n<li>V\u00e4lt\u00e4 kosketusta silmien kanssa.<\/li>\n<li>Levit\u00e4 tuote uudelleen iholle fyysisen aktiivisuuden aikana tai uinnin j\u00e4lkeen.<\/li>\n<li>Turvallisimman vaikutuksen saavuttamiseksi k\u00e4yt\u00e4 aurinkosuojasuihketta joka toinen tunti!<\/li>\n<\/ul>\n<p><strong>Ainesosat<\/strong><\/p>\n<p>ALCOHOL DENAT, CYCLOPENTASILOXANE, OCTOCRYLENE, C-12-15 ALKYL BENZOATE, ETHYLHEXYL, SALICYLATE, BUTHYL METHOXYDIBENZOYLMETHANE, DIETHYLHEXYL BUTAMIDO TRIAZONE, ACRYLATES\/OCTYLACRYLAMIDE COPOLYMER, TOCOPHERYL ACETATE, BHT, PARFUM (FRAGRANCE), BENZYLSALICYLATE, HEXYL CINNAMAL, LINALOOL.<\/p>","protected":false},"excerpt":{"rendered":"<p>\u00d6ljyt\u00f6n, vett\u00e4hylkiv\u00e4 ja nopeasti imeytyv\u00e4 aurinkosuojasuihke SPF 25.<\/p>\n<p>200 ml<\/p>","protected":false},"featured_media":1764,"comment_status":"open","ping_status":"closed","template":"","meta":{"_uag_custom_page_level_css":"","site-sidebar-layout":"default","site-content-layout":"","ast-site-content-layout":"default","site-content-style":"default","site-sidebar-style":"default","ast-global-header-display":"","ast-banner-title-visibility":"","ast-main-header-display":"","ast-hfb-above-header-display":"","ast-hfb-below-header-display":"","ast-hfb-mobile-header-display":"","site-post-title":"","ast-breadcrumbs-content":"","ast-featured-img":"","footer-sml-layout":"","ast-disable-related-posts":"","theme-transparent-header-meta":"default","adv-header-id-meta":"","stick-header-meta":"","header-above-stick-meta":"","header-main-stick-meta":"","header-below-stick-meta":"","astra-migrate-meta-layouts":"set","ast-page-background-enabled":"default","ast-page-background-meta":{"desktop":{"background-color":"var(--ast-global-color-4)","background-image":"","background-repeat":"repeat","background-position":"center center","background-size":"auto","background-attachment":"scroll","background-type":"","background-media":"","overlay-type":"","overlay-color":"","overlay-opacity":"","overlay-gradient":""},"tablet":{"background-color":"","background-image":"","background-repeat":"repeat","background-position":"center center","background-size":"auto","background-attachment":"scroll","background-type":"","background-media":"","overlay-type":"","overlay-color":"","overlay-opacity":"","overlay-gradient":""},"mobile":{"background-color":"","background-image":"","background-repeat":"repeat","background-position":"center center","background-size":"auto","background-attachment":"scroll","background-type":"","background-media":"","overlay-type":"","overlay-color":"","overlay-opacity":"","overlay-gradient":""}},"ast-content-background-meta":{"desktop":{"background-color":"var(--ast-global-color-5)","background-image":"","background-repeat":"repeat","background-position":"center center","background-size":"auto","background-attachment":"scroll","background-type":"","background-media":"","overlay-type":"","overlay-color":"","overlay-opacity":"","overlay-gradient":""},"tablet":{"background-color":"var(--ast-global-color-5)","background-image":"","background-repeat":"repeat","background-position":"center center","background-size":"auto","background-attachment":"scroll","background-type":"","background-media":"","overlay-type":"","overlay-color":"","overlay-opacity":"","overlay-gradient":""},"mobile":{"background-color":"var(--ast-global-color-5)","background-image":"","background-repeat":"repeat","background-position":"center center","background-size":"auto","background-attachment":"scroll","background-type":"","background-media":"","overlay-type":"","overlay-color":"","overlay-opacity":"","overlay-gradient":""}}},"product_brand":[],"product_cat":[96,97,73],"product_tag":[],"class_list":{"0":"post-1763","1":"product","2":"type-product","3":"status-publish","4":"has-post-thumbnail","6":"product_cat-brands","7":"product_cat-naole","8":"product_cat-sun-defense","9":"desktop-align-left","10":"tablet-align-left","11":"mobile-align-left","13":"first","14":"instock","15":"taxable","16":"shipping-taxable","17":"product-type-simple","18":"add-to-wishlist-before_image"},"uagb_featured_image_src":{"full":["https:\/\/kosmeetika24.com\/wp-content\/uploads\/2023\/11\/4078-Oil-Free-Sun-Spray-SPF25.jpg",600,600,false],"thumbnail":["https:\/\/kosmeetika24.com\/wp-content\/uploads\/2023\/11\/4078-Oil-Free-Sun-Spray-SPF25-150x150.jpg",150,150,true],"medium":["https:\/\/kosmeetika24.com\/wp-content\/uploads\/2023\/11\/4078-Oil-Free-Sun-Spray-SPF25-300x300.jpg",300,300,true],"medium_large":["https:\/\/kosmeetika24.com\/wp-content\/uploads\/2023\/11\/4078-Oil-Free-Sun-Spray-SPF25.jpg",600,600,false],"large":["https:\/\/kosmeetika24.com\/wp-content\/uploads\/2023\/11\/4078-Oil-Free-Sun-Spray-SPF25.jpg",600,600,false],"1536x1536":["https:\/\/kosmeetika24.com\/wp-content\/uploads\/2023\/11\/4078-Oil-Free-Sun-Spray-SPF25.jpg",600,600,false],"2048x2048":["https:\/\/kosmeetika24.com\/wp-content\/uploads\/2023\/11\/4078-Oil-Free-Sun-Spray-SPF25.jpg",600,600,false],"trp-custom-language-flag":["https:\/\/kosmeetika24.com\/wp-content\/uploads\/2023\/11\/4078-Oil-Free-Sun-Spray-SPF25-12x12.jpg",12,12,true],"woocommerce_thumbnail":["https:\/\/kosmeetika24.com\/wp-content\/uploads\/2023\/11\/4078-Oil-Free-Sun-Spray-SPF25-300x300.jpg",300,300,true],"woocommerce_single":["https:\/\/kosmeetika24.com\/wp-content\/uploads\/2023\/11\/4078-Oil-Free-Sun-Spray-SPF25-500x500.jpg",500,500,true],"woocommerce_gallery_thumbnail":["https:\/\/kosmeetika24.com\/wp-content\/uploads\/2023\/11\/4078-Oil-Free-Sun-Spray-SPF25-100x100.jpg",100,100,true]},"uagb_author_info":{"display_name":"admin","author_link":"https:\/\/kosmeetika24.com\/fi\/author\/"},"uagb_comment_info":0,"uagb_excerpt":"\u00d5livaba, vett h\u00fclgav ja kergesti imenduv p\u00e4ikesekaitsepihus p\u00e4ikesekaitsefaktoriga 25 (SPF). 200 ml","_links":{"self":[{"href":"https:\/\/kosmeetika24.com\/fi\/wp-json\/wp\/v2\/product\/1763","targetHints":{"allow":["GET"]}}],"collection":[{"href":"https:\/\/kosmeetika24.com\/fi\/wp-json\/wp\/v2\/product"}],"about":[{"href":"https:\/\/kosmeetika24.com\/fi\/wp-json\/wp\/v2\/types\/product"}],"replies":[{"embeddable":true,"href":"https:\/\/kosmeetika24.com\/fi\/wp-json\/wp\/v2\/comments?post=1763"}],"version-history":[{"count":1,"href":"https:\/\/kosmeetika24.com\/fi\/wp-json\/wp\/v2\/product\/1763\/revisions"}],"predecessor-version":[{"id":4184,"href":"https:\/\/kosmeetika24.com\/fi\/wp-json\/wp\/v2\/product\/1763\/revisions\/4184"}],"wp:featuredmedia":[{"embeddable":true,"href":"https:\/\/kosmeetika24.com\/fi\/wp-json\/wp\/v2\/media\/1764"}],"wp:attachment":[{"href":"https:\/\/kosmeetika24.com\/fi\/wp-json\/wp\/v2\/media?parent=1763"}],"wp:term":[{"taxonomy":"product_brand","embeddable":true,"href":"https:\/\/kosmeetika24.com\/fi\/wp-json\/wp\/v2\/product_brand?post=1763"},{"taxonomy":"product_cat","embeddable":true,"href":"https:\/\/kosmeetika24.com\/fi\/wp-json\/wp\/v2\/product_cat?post=1763"},{"taxonomy":"product_tag","embeddable":true,"href":"https:\/\/kosmeetika24.com\/fi\/wp-json\/wp\/v2\/product_tag?post=1763"}],"curies":[{"name":"wp","href":"https:\/\/api.w.org\/{rel}","templated":true}]}}