{"id":1760,"date":"2023-11-28T13:12:18","date_gmt":"2023-11-28T13:12:18","guid":{"rendered":"https:\/\/kosmeetika24.com\/?post_type=product&#038;p=1760"},"modified":"2025-07-02T14:31:47","modified_gmt":"2025-07-02T11:31:47","slug":"bruno-vassari-sun-defense-niisutav-paikesekreem-kehale-spf-30","status":"publish","type":"product","link":"https:\/\/kosmeetika24.com\/fi\/tuote\/bruno-vassari-sun-defense-niisutav-paikesekreem-kehale-spf-30\/","title":{"rendered":"BRUNO VASSARI Sun Defense kosteuttava aurinkovoide vartalolle SPF 30"},"content":{"rendered":"<p><em>Sun Protect Spray SPF30<\/em> sopii iholle, joka tarvitsee tehokasta suojaa. Sis\u00e4lt\u00e4\u00e4 E-vitamiinia sek\u00e4 UVA- ja UVB-suodattimia. Optimoi ihon luonnollisen suojan. Kosteuttaa, suojaa ihoa ja takaa tasaisen ja kest\u00e4v\u00e4n rusketuksen.<\/p>\n<p>Sopii kaikille ihotyypeille.<\/p>\n<p><strong>P\u00c4\u00c4AINEOSAT<\/strong><\/p>\n<ul>\n<li>Aurinkosuojafiltterit.<\/li>\n<li>E-vitamiini<\/li>\n<\/ul>\n<p><strong>Vaikutus<\/strong><\/p>\n<ul>\n<li>Aurinkosuojasuodattimet: t\u00e4ydellinen yhdistelm\u00e4 fysikaalisia ja kemiallisia suodattimia, jotka tarjoavat luotettavan aurinkosuojakertoimen. Aurinkosuojasuodattimien suojaavaa vaikutusta tehostavat E-vitamiini ja sheavoi.<\/li>\n<li>E-vitamiini toimii antioksidanttina taistellen vapaita radikaale vastaan. Se est\u00e4\u00e4 UV-s\u00e4teilyn aiheuttaman tulehduksen. My\u00f6s se v\u00e4hent\u00e4\u00e4 ryppyjen muodostumisen todenn\u00e4k\u00f6isyytt\u00e4.<\/li>\n<\/ul>\n<p>K\u00e4ytt\u00f6<\/p>\n<ul>\n<li>Levit\u00e4 kosteuttavaa aurinkovoidetta koko kehoon 30 minuuttia ennen auringon altistumista.<\/li>\n<li>Levit\u00e4 voidetta iholle mahdollisimman usein ja ehdottomasti heti uimisen j\u00e4lkeen.<\/li>\n<\/ul>\n<p>K\u00e4ytt\u00f6<\/p>\n<p>AQUA (WATER) OCTOCRYLENE, BUTYLENE GLYCOL. DICAPRYLATE\/DICAPRATE, DIISOPROPYL SEBACATE, ALCOHOL DENAT., BUTYL METHOXYDIBENZOYLMETHANE, POLYSILICONE-15, BUTYLENE GLYCOL, C12-15 ALKYL BENZOATE, PHENYLBENZIMIDAZOLE SULFONIC ACID, TRIETHANOLAMINE, VP\/EICOSENE COPOLYMER, POTASSIUM CETYL PHOSPHATE, BEHENYL ALCOHOL, TOCOPHERYL ACETATE, ACRYLATES\/C10-30 ALKYL ACRYLATE CROSSPOLYMER, DISODIUM EDTA, PHENOXYETHANOL, CHLORPHENESIN, GLYCERIN, FRAGRANCE (PARFUM), LINALOOL, LIMONENE, CITRONELLOL, HEXYL CINNAMAL, BUTYLPHENYL METHYLPROPIONAL.<\/p>","protected":false},"excerpt":{"rendered":"<p>&nbsp;<\/p>\n<p><span class=\"notranslate\">Aurinkosuojasuihke <\/span><span class=\"notranslate\">kosteuttaa, suojaa ja takaa tasaisen ja pitk\u00e4kestoisen rusketuksen.<\/span><\/p>\n<p>200 ml<\/p>","protected":false},"featured_media":1761,"comment_status":"open","ping_status":"closed","template":"","meta":{"_uag_custom_page_level_css":"","site-sidebar-layout":"default","site-content-layout":"","ast-site-content-layout":"default","site-content-style":"default","site-sidebar-style":"default","ast-global-header-display":"","ast-banner-title-visibility":"","ast-main-header-display":"","ast-hfb-above-header-display":"","ast-hfb-below-header-display":"","ast-hfb-mobile-header-display":"","site-post-title":"","ast-breadcrumbs-content":"","ast-featured-img":"","footer-sml-layout":"","ast-disable-related-posts":"","theme-transparent-header-meta":"default","adv-header-id-meta":"","stick-header-meta":"","header-above-stick-meta":"","header-main-stick-meta":"","header-below-stick-meta":"","astra-migrate-meta-layouts":"set","ast-page-background-enabled":"default","ast-page-background-meta":{"desktop":{"background-color":"var(--ast-global-color-4)","background-image":"","background-repeat":"repeat","background-position":"center center","background-size":"auto","background-attachment":"scroll","background-type":"","background-media":"","overlay-type":"","overlay-color":"","overlay-opacity":"","overlay-gradient":""},"tablet":{"background-color":"","background-image":"","background-repeat":"repeat","background-position":"center center","background-size":"auto","background-attachment":"scroll","background-type":"","background-media":"","overlay-type":"","overlay-color":"","overlay-opacity":"","overlay-gradient":""},"mobile":{"background-color":"","background-image":"","background-repeat":"repeat","background-position":"center center","background-size":"auto","background-attachment":"scroll","background-type":"","background-media":"","overlay-type":"","overlay-color":"","overlay-opacity":"","overlay-gradient":""}},"ast-content-background-meta":{"desktop":{"background-color":"var(--ast-global-color-5)","background-image":"","background-repeat":"repeat","background-position":"center center","background-size":"auto","background-attachment":"scroll","background-type":"","background-media":"","overlay-type":"","overlay-color":"","overlay-opacity":"","overlay-gradient":""},"tablet":{"background-color":"var(--ast-global-color-5)","background-image":"","background-repeat":"repeat","background-position":"center center","background-size":"auto","background-attachment":"scroll","background-type":"","background-media":"","overlay-type":"","overlay-color":"","overlay-opacity":"","overlay-gradient":""},"mobile":{"background-color":"var(--ast-global-color-5)","background-image":"","background-repeat":"repeat","background-position":"center center","background-size":"auto","background-attachment":"scroll","background-type":"","background-media":"","overlay-type":"","overlay-color":"","overlay-opacity":"","overlay-gradient":""}}},"product_brand":[],"product_cat":[96,98,73],"product_tag":[],"class_list":{"0":"post-1760","1":"product","2":"type-product","3":"status-publish","4":"has-post-thumbnail","6":"product_cat-brands","7":"product_cat-kehale","8":"product_cat-sun-defense","9":"desktop-align-left","10":"tablet-align-left","11":"mobile-align-left","13":"first","14":"instock","15":"taxable","16":"shipping-taxable","17":"product-type-simple","18":"add-to-wishlist-before_image"},"uagb_featured_image_src":{"full":["https:\/\/kosmeetika24.com\/wp-content\/uploads\/2023\/11\/4077-Protect-Sun-Spray.jpg",600,600,false],"thumbnail":["https:\/\/kosmeetika24.com\/wp-content\/uploads\/2023\/11\/4077-Protect-Sun-Spray-150x150.jpg",150,150,true],"medium":["https:\/\/kosmeetika24.com\/wp-content\/uploads\/2023\/11\/4077-Protect-Sun-Spray-300x300.jpg",300,300,true],"medium_large":["https:\/\/kosmeetika24.com\/wp-content\/uploads\/2023\/11\/4077-Protect-Sun-Spray.jpg",600,600,false],"large":["https:\/\/kosmeetika24.com\/wp-content\/uploads\/2023\/11\/4077-Protect-Sun-Spray.jpg",600,600,false],"1536x1536":["https:\/\/kosmeetika24.com\/wp-content\/uploads\/2023\/11\/4077-Protect-Sun-Spray.jpg",600,600,false],"2048x2048":["https:\/\/kosmeetika24.com\/wp-content\/uploads\/2023\/11\/4077-Protect-Sun-Spray.jpg",600,600,false],"trp-custom-language-flag":["https:\/\/kosmeetika24.com\/wp-content\/uploads\/2023\/11\/4077-Protect-Sun-Spray-12x12.jpg",12,12,true],"woocommerce_thumbnail":["https:\/\/kosmeetika24.com\/wp-content\/uploads\/2023\/11\/4077-Protect-Sun-Spray-300x300.jpg",300,300,true],"woocommerce_single":["https:\/\/kosmeetika24.com\/wp-content\/uploads\/2023\/11\/4077-Protect-Sun-Spray-500x500.jpg",500,500,true],"woocommerce_gallery_thumbnail":["https:\/\/kosmeetika24.com\/wp-content\/uploads\/2023\/11\/4077-Protect-Sun-Spray-100x100.jpg",100,100,true]},"uagb_author_info":{"display_name":"admin","author_link":"https:\/\/kosmeetika24.com\/fi\/author\/"},"uagb_comment_info":0,"uagb_excerpt":"&nbsp; P\u00e4ikesekaitsepihusti niisutab, kaitseb ja tagab \u00fchtlase ja pikaajalise p\u00e4evituse. 200 ml","_links":{"self":[{"href":"https:\/\/kosmeetika24.com\/fi\/wp-json\/wp\/v2\/product\/1760","targetHints":{"allow":["GET"]}}],"collection":[{"href":"https:\/\/kosmeetika24.com\/fi\/wp-json\/wp\/v2\/product"}],"about":[{"href":"https:\/\/kosmeetika24.com\/fi\/wp-json\/wp\/v2\/types\/product"}],"replies":[{"embeddable":true,"href":"https:\/\/kosmeetika24.com\/fi\/wp-json\/wp\/v2\/comments?post=1760"}],"version-history":[{"count":2,"href":"https:\/\/kosmeetika24.com\/fi\/wp-json\/wp\/v2\/product\/1760\/revisions"}],"predecessor-version":[{"id":4727,"href":"https:\/\/kosmeetika24.com\/fi\/wp-json\/wp\/v2\/product\/1760\/revisions\/4727"}],"wp:featuredmedia":[{"embeddable":true,"href":"https:\/\/kosmeetika24.com\/fi\/wp-json\/wp\/v2\/media\/1761"}],"wp:attachment":[{"href":"https:\/\/kosmeetika24.com\/fi\/wp-json\/wp\/v2\/media?parent=1760"}],"wp:term":[{"taxonomy":"product_brand","embeddable":true,"href":"https:\/\/kosmeetika24.com\/fi\/wp-json\/wp\/v2\/product_brand?post=1760"},{"taxonomy":"product_cat","embeddable":true,"href":"https:\/\/kosmeetika24.com\/fi\/wp-json\/wp\/v2\/product_cat?post=1760"},{"taxonomy":"product_tag","embeddable":true,"href":"https:\/\/kosmeetika24.com\/fi\/wp-json\/wp\/v2\/product_tag?post=1760"}],"curies":[{"name":"wp","href":"https:\/\/api.w.org\/{rel}","templated":true}]}}