{"id":1749,"date":"2023-11-23T12:39:30","date_gmt":"2023-11-23T12:39:30","guid":{"rendered":"https:\/\/kosmeetika24.com\/?post_type=product&#038;p=1749"},"modified":"2025-07-02T14:10:47","modified_gmt":"2025-07-02T11:10:47","slug":"bruno-vassari-body-care-tselluliidivastane-pulk","status":"publish","type":"product","link":"https:\/\/kosmeetika24.com\/fi\/tuote\/bruno-vassari-body-care-tselluliidivastane-pulk\/","title":{"rendered":"BRUNO VASSARI Body Care selluliittivoidepuikko"},"content":{"rendered":"<p>Selluliittivoidepuikko <em>Silhouette Designer<\/em> on virkist\u00e4v\u00e4 puikko, jossa on miellytt\u00e4v\u00e4 rakenne ja mieto tuoksu, joka hoitaa tehokkaasti jopa sitkeint\u00e4 selluliittia. Tuotteen suunnittelun ansiosta sit\u00e4 on helppo k\u00e4ytt\u00e4\u00e4 ja se on k\u00e4tev\u00e4 ottaa mukaan minne tahansa!<\/p>\n<p><strong><em>Silhouette Designer<\/em> sis\u00e4lt\u00e4\u00e4 360\u00ba selluliittivoiteen, kiitos sen kaksoisvaikutuksen.<\/strong><\/p>\n<p><strong>VAIKUTUS:<\/strong><\/p>\n<ul>\n<li><strong>HOITSEE: <\/strong>Sen sis\u00e4lt\u00e4mien lipo-reduktiivisten ja venotonisten aineosien ansiosta t\u00e4m\u00e4 puikko toimii paikallista rasvaa ja selluliittia laukaisevia tekij\u00f6it\u00e4 vastaan, jotka aiheuttavat h\u00e4iritsevi\u00e4 ja ep\u00e4miellytt\u00e4vi\u00e4 ihonalaisen selluliitin ilmenemismuotoja, kuten \"appelsiinin kuoren iho\" (karkea, ep\u00e4tasainen ja paksu iho). Jo lyhyen k\u00e4ytt\u00f6ajan j\u00e4lkeen selluliittivoidepuikko parantaa ja v\u00e4hent\u00e4\u00e4 n\u00e4it\u00e4 tekij\u00f6it\u00e4.<\/li>\n<li><strong>EST\u00c4\u00c4: <\/strong>Pitk\u00e4ll\u00e4 aikav\u00e4lill\u00e4 selluliittivoidepuikko auttaa est\u00e4m\u00e4\u00e4n selluliitin uusiutumista sen sis\u00e4lt\u00e4mien aktiivisten ainesosien ansiosta, jotka est\u00e4v\u00e4t rasvakudosten kertymist\u00e4 ja samalla v\u00e4hent\u00e4v\u00e4t niiden kokoa.<\/li>\n<\/ul>\n<p><strong>AKTIIVISET AINEOSAT:<\/strong><\/p>\n<p><strong>1. Drenalip\u2122: <\/strong>Standardoitu kompleksu aktiivisia luonnollisia ainesosia, jotka taistelevat ja est\u00e4v\u00e4t erilaisia tekij\u00f6it\u00e4, jotka aiheuttavat selluliitin muodostumista. T\u00e4m\u00e4 kompleksi vaikuttaa ihoon yhdistettyn\u00e4 siten, ett\u00e4 se mahdollistaa rasvakudoksen v\u00e4henemisen, turvotuksen v\u00e4henemisen ja verenkierron paranemisen.<\/p>\n<p><strong>Drenalip\u2122 <\/strong>koostuu nelj\u00e4st\u00e4 kasvipohjaisesta ainesosasta: <strong>devils claw, lihamestarin oksa, sitruuna <\/strong>ja <strong>ja kultatyrni<\/strong>jotka tarjoavat tehokasta kosmetologista hoitoa selluliitin hoitoon.<\/p>\n<ul>\n<li><strong>Devils Claw: <\/strong>Sit\u00e4 k\u00e4ytet\u00e4\u00e4n laajasti nykyaikaisessa hoidossa. Se suojaa syd\u00e4n- ja verisuonij\u00e4rjestelm\u00e4\u00e4, hermostoa ja maksaa sen todistettujen antioksidanttisten kykyjen ansiosta.<\/li>\n<li><strong>Sitruuna: <\/strong>Tuotteessa k\u00e4ytet\u00e4\u00e4n sitruunankuorta ainesosana. Se on rikas flavonoideista, kuten hesperidiinist\u00e4 ja narangiinista. Hesperidiinill\u00e4 on venotoninen, verisuonia suojaava ja suonikohjuja ehk\u00e4isev\u00e4 vaikutus. N\u00e4m\u00e4 vaikutukset kohdistuvat mikrokierrossa, lis\u00e4\u00e4m\u00e4ll\u00e4 sen vastustuskyky\u00e4, v\u00e4hent\u00e4m\u00e4ll\u00e4 l\u00e4p\u00e4isevyytt\u00e4 ja suojaamalla verisuonten endoteeli\u00e4. Toinen vaikuttava aine, narangiini, omaa tulehdusta est\u00e4v\u00e4n vaikutuksen.<\/li>\n<li><strong>Kultatyrni: <\/strong>Sen kemiallisessa koostumuksessa on flavonoideja, joiden p\u00e4\u00e4asiallinen edustaja on rutiini. Rutiini est\u00e4\u00e4 verihiutaleiden aggregaatiota ja v\u00e4hent\u00e4\u00e4 verisuonten l\u00e4p\u00e4isevyytt\u00e4, mik\u00e4 ohentaa verta ja parantaa verenkiertoa.<\/li>\n<li><strong>Lihamestarin oksa: <\/strong>T\u00e4t\u00e4 kasvia k\u00e4ytet\u00e4\u00e4n laajasti laskimovaivojen ennaltaehk\u00e4isyyn ja hoitoon. Sen aktiiviset komponentit, saponiinit, omaavat venotonisen, tulehdusta est\u00e4v\u00e4n ja diureettisen vaikutuksen.<\/li>\n<\/ul>\n<p><strong style=\"font-size: 16px;\">2. Kofeiini: <\/strong><span style=\"font-size: 16px;\">kofeiinilla on lipolyyttinen vaikutus, joka auttaa tehostamaan muiden vaikuttavien aineiden vaikutusta. Kofeiini rakenneuudistaa ihoa ja tasapainottaa epidermiksen solujen aineenvaihduntaa.<\/span><\/p>\n<p><strong>3. Mentooli: <\/strong>on antiseptinen, kipua lievitt\u00e4v\u00e4 ja tulehdusta est\u00e4v\u00e4 vaikutus. Levityksen j\u00e4lkeen tuote alkaa aiheuttaa punoitusta\/kuumotusta, joka tuo iholle viilent\u00e4v\u00e4n tunteen ja auttaa tuotteen paremmin imeytym\u00e4\u00e4n ja vaikuttamaan.<\/p>\n<p>Tulos on kiinte\u00e4, sile\u00e4 ja kosteutettu iho.<\/p>\n<p><strong><span style=\"font-size: 16px;\">K\u00e4ytt\u00f6<\/span><\/strong><\/p>\n<p><span style=\"font-weight: 400;\">Levit\u00e4 joka aamu ja ilta.<\/span><\/p>\n<p><span style=\"font-weight: 400;\"> Levit\u00e4 tuote hoidettavalle alueelle py\u00f6rivin liikkein. <\/span><\/p>\n<p><span style=\"font-weight: 400;\">Levityksen j\u00e4lkeen voi ilmet\u00e4 punoitusta ja kylmyyden tunnetta, mutta t\u00e4m\u00e4 on yksi vaikuttavien aineiden vaikutuksista.<\/span><\/p>\n<p><strong>Ainesosat<\/strong><\/p>\n<p>AQUA (WATER), PROPYLENE GLYCOL, SODIUM STEARATE, PROPANEDIOL, CAFFEINE, RUSCUS ACULEATUS ROOT EXTRACT, ASTRAGALUS MEMBRANACEUS ROOT EXTRACT, SOLIDAGO VIRGAUREA EXTRACT, CITRUS LEMON PEEL EXTRACT, ETHYLHEXYLGLYCERIN, MENTHOL, PHENOXYETHANOL, PARFUM (FRAGRANCE), SODIUM BENZOATE, POTASSIUM SORBATE, TOCOPHEROL.<\/p>","protected":false},"excerpt":{"rendered":"<p><span style=\"font-weight: 400;\">Ihanteellinen tekstuuri ja mieto tuoksu, virkist\u00e4v\u00e4 puikko, joka hoitaa tehokkaasti jopa sitkeint\u00e4 selluliittia. Selluliittivoidepuikko ei ainoastaan v\u00e4henn\u00e4 keholla jo olemassa olevaa selluliittia, vaan my\u00f6s est\u00e4\u00e4 sen uusimisen.<\/span><\/p>\n<p>75ml<\/p>","protected":false},"featured_media":1750,"comment_status":"open","ping_status":"closed","template":"","meta":{"_uag_custom_page_level_css":"","site-sidebar-layout":"default","site-content-layout":"","ast-site-content-layout":"default","site-content-style":"default","site-sidebar-style":"default","ast-global-header-display":"","ast-banner-title-visibility":"","ast-main-header-display":"","ast-hfb-above-header-display":"","ast-hfb-below-header-display":"","ast-hfb-mobile-header-display":"","site-post-title":"","ast-breadcrumbs-content":"","ast-featured-img":"","footer-sml-layout":"","ast-disable-related-posts":"","theme-transparent-header-meta":"default","adv-header-id-meta":"","stick-header-meta":"","header-above-stick-meta":"","header-main-stick-meta":"","header-below-stick-meta":"","astra-migrate-meta-layouts":"set","ast-page-background-enabled":"default","ast-page-background-meta":{"desktop":{"background-color":"var(--ast-global-color-4)","background-image":"","background-repeat":"repeat","background-position":"center center","background-size":"auto","background-attachment":"scroll","background-type":"","background-media":"","overlay-type":"","overlay-color":"","overlay-opacity":"","overlay-gradient":""},"tablet":{"background-color":"","background-image":"","background-repeat":"repeat","background-position":"center center","background-size":"auto","background-attachment":"scroll","background-type":"","background-media":"","overlay-type":"","overlay-color":"","overlay-opacity":"","overlay-gradient":""},"mobile":{"background-color":"","background-image":"","background-repeat":"repeat","background-position":"center center","background-size":"auto","background-attachment":"scroll","background-type":"","background-media":"","overlay-type":"","overlay-color":"","overlay-opacity":"","overlay-gradient":""}},"ast-content-background-meta":{"desktop":{"background-color":"var(--ast-global-color-5)","background-image":"","background-repeat":"repeat","background-position":"center center","background-size":"auto","background-attachment":"scroll","background-type":"","background-media":"","overlay-type":"","overlay-color":"","overlay-opacity":"","overlay-gradient":""},"tablet":{"background-color":"var(--ast-global-color-5)","background-image":"","background-repeat":"repeat","background-position":"center center","background-size":"auto","background-attachment":"scroll","background-type":"","background-media":"","overlay-type":"","overlay-color":"","overlay-opacity":"","overlay-gradient":""},"mobile":{"background-color":"var(--ast-global-color-5)","background-image":"","background-repeat":"repeat","background-position":"center center","background-size":"auto","background-attachment":"scroll","background-type":"","background-media":"","overlay-type":"","overlay-color":"","overlay-opacity":"","overlay-gradient":""}}},"product_brand":[],"product_cat":[65,96,98],"product_tag":[],"class_list":{"0":"post-1749","1":"product","2":"type-product","3":"status-publish","4":"has-post-thumbnail","6":"product_cat-body-care","7":"product_cat-brands","8":"product_cat-kehale","9":"desktop-align-left","10":"tablet-align-left","11":"mobile-align-left","13":"first","14":"outofstock","15":"taxable","16":"shipping-taxable","17":"product-type-simple","18":"add-to-wishlist-before_image"},"uagb_featured_image_src":{"full":["https:\/\/kosmeetika24.com\/wp-content\/uploads\/2023\/11\/307-Silhouette-Designer-600x687-1.jpg",600,687,false],"thumbnail":["https:\/\/kosmeetika24.com\/wp-content\/uploads\/2023\/11\/307-Silhouette-Designer-600x687-1-150x150.jpg",150,150,true],"medium":["https:\/\/kosmeetika24.com\/wp-content\/uploads\/2023\/11\/307-Silhouette-Designer-600x687-1-262x300.jpg",262,300,true],"medium_large":["https:\/\/kosmeetika24.com\/wp-content\/uploads\/2023\/11\/307-Silhouette-Designer-600x687-1.jpg",600,687,false],"large":["https:\/\/kosmeetika24.com\/wp-content\/uploads\/2023\/11\/307-Silhouette-Designer-600x687-1.jpg",600,687,false],"1536x1536":["https:\/\/kosmeetika24.com\/wp-content\/uploads\/2023\/11\/307-Silhouette-Designer-600x687-1.jpg",600,687,false],"2048x2048":["https:\/\/kosmeetika24.com\/wp-content\/uploads\/2023\/11\/307-Silhouette-Designer-600x687-1.jpg",600,687,false],"trp-custom-language-flag":["https:\/\/kosmeetika24.com\/wp-content\/uploads\/2023\/11\/307-Silhouette-Designer-600x687-1-10x12.jpg",10,12,true],"woocommerce_thumbnail":["https:\/\/kosmeetika24.com\/wp-content\/uploads\/2023\/11\/307-Silhouette-Designer-600x687-1-300x300.jpg",300,300,true],"woocommerce_single":["https:\/\/kosmeetika24.com\/wp-content\/uploads\/2023\/11\/307-Silhouette-Designer-600x687-1-500x573.jpg",500,573,true],"woocommerce_gallery_thumbnail":["https:\/\/kosmeetika24.com\/wp-content\/uploads\/2023\/11\/307-Silhouette-Designer-600x687-1-100x100.jpg",100,100,true]},"uagb_author_info":{"display_name":"admin","author_link":"https:\/\/kosmeetika24.com\/fi\/author\/"},"uagb_comment_info":0,"uagb_excerpt":"Meeldiva tekstuuri ja \u00f5rna aroomiga v\u00e4rskendav pulk, mis ravib t\u00f5husalt k\u00f5ige jonnakamat tselluliiti. Tselluliidivastane pulk mitte ainult ei v\u00e4henda kehal juba olemasolevat tselluliiti, vaid lisaks seda ka ennetada, et see uuesti ei tekiks. 75ml","_links":{"self":[{"href":"https:\/\/kosmeetika24.com\/fi\/wp-json\/wp\/v2\/product\/1749","targetHints":{"allow":["GET"]}}],"collection":[{"href":"https:\/\/kosmeetika24.com\/fi\/wp-json\/wp\/v2\/product"}],"about":[{"href":"https:\/\/kosmeetika24.com\/fi\/wp-json\/wp\/v2\/types\/product"}],"replies":[{"embeddable":true,"href":"https:\/\/kosmeetika24.com\/fi\/wp-json\/wp\/v2\/comments?post=1749"}],"version-history":[{"count":3,"href":"https:\/\/kosmeetika24.com\/fi\/wp-json\/wp\/v2\/product\/1749\/revisions"}],"predecessor-version":[{"id":6568,"href":"https:\/\/kosmeetika24.com\/fi\/wp-json\/wp\/v2\/product\/1749\/revisions\/6568"}],"wp:featuredmedia":[{"embeddable":true,"href":"https:\/\/kosmeetika24.com\/fi\/wp-json\/wp\/v2\/media\/1750"}],"wp:attachment":[{"href":"https:\/\/kosmeetika24.com\/fi\/wp-json\/wp\/v2\/media?parent=1749"}],"wp:term":[{"taxonomy":"product_brand","embeddable":true,"href":"https:\/\/kosmeetika24.com\/fi\/wp-json\/wp\/v2\/product_brand?post=1749"},{"taxonomy":"product_cat","embeddable":true,"href":"https:\/\/kosmeetika24.com\/fi\/wp-json\/wp\/v2\/product_cat?post=1749"},{"taxonomy":"product_tag","embeddable":true,"href":"https:\/\/kosmeetika24.com\/fi\/wp-json\/wp\/v2\/product_tag?post=1749"}],"curies":[{"name":"wp","href":"https:\/\/api.w.org\/{rel}","templated":true}]}}