{"id":1747,"date":"2024-01-05T09:03:40","date_gmt":"2024-01-05T09:03:40","guid":{"rendered":"https:\/\/kosmeetika24.com\/?post_type=product&#038;p=1747"},"modified":"2025-07-02T14:05:19","modified_gmt":"2025-07-02T11:05:19","slug":"bruno-vassari-body-care-kuumusefektiga-tselluliidivastane-kreem","status":"publish","type":"product","link":"https:\/\/kosmeetika24.com\/fi\/tuote\/bruno-vassari-body-care-kuumusefektiga-tselluliidivastane-kreem\/","title":{"rendered":"BRUNO VASSARI Body Care L\u00e4mmitt\u00e4v\u00e4n vaikutuksen omaava selluliittivoide"},"content":{"rendered":"<p>Intensiivinen selluliittivoide <em>Thermo Body Fit<\/em> sopii erinomaisesti selluliitin torjuntaan. Aktiivisten ainesosien yhdistelm\u00e4 edist\u00e4\u00e4 olemassa olevan rasvan poistumista ja est\u00e4\u00e4 uusien ker\u00e4\u00e4ntymist\u00e4. L\u00e4mp\u00f6vaikutus parantaa verenkiertoa ja tehostaa vaikuttavien aineiden imeytymist\u00e4, parantaen ihon ulkon\u00e4k\u00f6\u00e4 ja muotoillen vartalon siluettia.<\/p>\n<p>Selluliittivoiteen mukana tulee l\u00e4mmitt\u00e4v\u00e4 vaikutus. T\u00e4m\u00e4 on osa kosmeettista vaikutusta.<\/p>\n<p>Sopii kaikille ihotyypeille, paitsi herk\u00e4lle tai helposti \u00e4rtyv\u00e4lle iholle.<\/p>\n<p><strong>P\u00c4\u00c4AINEOSAT<\/strong><\/p>\n<ul>\n<li><span style=\"font-size: 16px;\">Drenalip\u2122 sis\u00e4lt\u00e4\u00e4 4 kasvipohjaista vaikuttavaa ainetta: sudenhammas, lihakauppias, sitruuna ja kultatyr\u00e4kki.<\/sup><\/span><\/span><\/li>\n<li><span style=\"font-size: 16px;\">Kofeiini<\/span><\/li>\n<li><span class=\"s1\">Thermolat\u00ae: vanillibutyyleetteri, 1,2-hexaanidioli, kapryyliglykoli, askorbiilipalmitaatti.<\/span><\/li>\n<\/ul>\n<p><strong>Vaikutus<\/strong><\/p>\n<ul>\n<li>Drenalip\u2122 on uusi standardisoitu kompleks, joka on suunniteltu taistelemaan ja v\u00e4hent\u00e4m\u00e4\u00e4n selluliittia aiheuttavia tekij\u00f6it\u00e4. N\u00e4m\u00e4 ainesosat toimivat yhdistetysti, mik\u00e4 johtaa rasvakudoksen v\u00e4henemiseen, turvotuksen v\u00e4hentymiseen ja verenkierron parantumiseen.<\/li>\n<li class=\"translation-block\">Kofeiini on p\u00e4\u00e4asiallinen selluliittia est\u00e4v\u00e4 ainesosa, joka edist\u00e4\u00e4 rasvan poistamista rasvasoluista. Kofeiini ei vain rajoita rasvojen varastoitumista, vaan my\u00f6s edist\u00e4\u00e4 niiden hajoamista. Se stimuloi l\u00e4mm\u00f6ntuotantoa ja parantaa verenkiertoa.<\/li>\n<li><span class=\"s1\">Thermolat\u00ae\naktiivisten ainesosien yhdistelm\u00e4 antaa miellytt\u00e4v\u00e4n pitk\u00e4kestoisen l\u00e4mm\u00f6n tunteen, parantaen paitsi tuotteen tuloksia my\u00f6s nostamalla k\u00e4ytt\u00f6kokemusta uudelle tasolle ja saavuttaen positiivisen vaikutuksen mielialamme.<\/span><\/li>\n<\/ul>\n<p><strong>K\u00e4ytt\u00f6<\/strong><\/p>\n<ol>\n<li>Levit\u00e4 voidetta ongelma-alueelle aamulla ja illalla.<\/li>\n<li>Suorita hell\u00e4 py\u00f6riv hieronta, kunnes tuote on t\u00e4ysin imeytynyt.<\/li>\n<li>Tuotteen levitt\u00e4misen j\u00e4lkeen pese k\u00e4det huolellisesti saippualla ja vedell\u00e4.<\/li>\n<\/ol>\n<p><strong>Kuinka k\u00e4ytt\u00e4\u00e4 Thermo Body Fit -tuotetta:<\/strong><\/p>\n<ul>\n<li>Voide saattaa aiheuttaa punoitusta ja jopa kutinaa iholle levitett\u00e4ess\u00e4.<\/li>\n<li>Kun k\u00e4yt\u00e4t tuotetta ensimm\u00e4ist\u00e4 kertaa, testaa voidetta pienell\u00e4 ihoalueella. Ota pieni m\u00e4\u00e4r\u00e4 voidetta ja levit\u00e4 se pienelle alueelle. Jos et koe voimakasta punoitusta tai \u00e4rsytyst\u00e4, tai jos se on lyhytaikaista, voit k\u00e4ytt\u00e4\u00e4 tuotetta koko keholla.<\/li>\n<li>Tuotteita ei suositella k\u00e4ytett\u00e4v\u00e4ksi, jos sinulla on herkk\u00e4 tai helposti \u00e4rtyv\u00e4 iho.<\/li>\n<li>Tuotetta ei suositella k\u00e4ytett\u00e4v\u00e4ksi, jos olet raskaana.<\/li>\n<li>V\u00e4lt\u00e4 kosketusta herkkiin alueisiin, kuten silmiin, limakalvoihin tai haavoihin.<\/li>\n<li>Pese k\u00e4det huolellisesti saippualla ja vedell\u00e4 tuotteen k\u00e4yt\u00f6n j\u00e4lkeen.<\/li>\n<\/ul>\n<p><strong>Ainesosat<\/strong><\/p>\n<p><span style=\"font-size: 14px;\">AQUA (WATER), CAPRYLIC\/CAPRIC TRIGLYCERIDE, DICAPRYLYL CARBONATE, HYDROGENATED POLYISOBUTENE, GLYCERIN, CETEARYL ALCOHOL, GLYCERYL STEARATE, PEG-100 STEARATE, DIMETHICONE, PROPANEDIOL, CAFFEINE,\u00a0 BEHENYL ALCOHOL, RUSCUS ACULEATUS ROOT EXTRACT, CITRUS LIMON PEEL EXTRACT, SOLIDAGO, VIRGAUREA EXTRACT, ASTRAGALUS MEMBRANACEUS ROOT EXTRACT, PHENOXYETHANOL, ARACHIDYL ALCOHOL, POLYACRYLAMIDE, XANTHAN GUM, ETHYLHEXYLGLYCERIN, CHLORPHENESIN,\u00a0 C13-14 ISOPARAFFIN, PARFUM (FRAGRANCE), DISODIUM EDTA, VANILLYL BUTYL ETHER, ARACHIDYL GLUCOSIDE, 1,2-HEXANEDIOL, LAURETH-7, CAPRYLYL GLYCOL, METHYL NICOTINATE, BUTYLPHENYL METHYLPROPIONAL, LINALOOL, LIMONENE, POTASSIUM SORBATE, SODIUM BENZOATE, SODIUM HYDROXIDE, ASCORBYL PALMITATE, ALPHA-ISOMETHYL IONONE, COUMARIN.<\/span><\/p>\n<p>\u00a0<\/p>","protected":false},"excerpt":{"rendered":"<p>Selluliittivoide l\u00e4mmitt\u00e4v\u00e4ll\u00e4 vaikutuksella ja intensiivisell\u00e4 toiminnalla, joka edist\u00e4\u00e4 kertyneen rasvan poistamista kehon eri alueilta.<\/p>\n<p>200 ml<\/p>","protected":false},"featured_media":1748,"comment_status":"open","ping_status":"closed","template":"","meta":{"_uag_custom_page_level_css":"","site-sidebar-layout":"default","site-content-layout":"","ast-site-content-layout":"default","site-content-style":"default","site-sidebar-style":"default","ast-global-header-display":"","ast-banner-title-visibility":"","ast-main-header-display":"","ast-hfb-above-header-display":"","ast-hfb-below-header-display":"","ast-hfb-mobile-header-display":"","site-post-title":"","ast-breadcrumbs-content":"","ast-featured-img":"","footer-sml-layout":"","ast-disable-related-posts":"","theme-transparent-header-meta":"default","adv-header-id-meta":"","stick-header-meta":"","header-above-stick-meta":"","header-main-stick-meta":"","header-below-stick-meta":"","astra-migrate-meta-layouts":"set","ast-page-background-enabled":"default","ast-page-background-meta":{"desktop":{"background-color":"var(--ast-global-color-4)","background-image":"","background-repeat":"repeat","background-position":"center center","background-size":"auto","background-attachment":"scroll","background-type":"","background-media":"","overlay-type":"","overlay-color":"","overlay-opacity":"","overlay-gradient":""},"tablet":{"background-color":"","background-image":"","background-repeat":"repeat","background-position":"center center","background-size":"auto","background-attachment":"scroll","background-type":"","background-media":"","overlay-type":"","overlay-color":"","overlay-opacity":"","overlay-gradient":""},"mobile":{"background-color":"","background-image":"","background-repeat":"repeat","background-position":"center center","background-size":"auto","background-attachment":"scroll","background-type":"","background-media":"","overlay-type":"","overlay-color":"","overlay-opacity":"","overlay-gradient":""}},"ast-content-background-meta":{"desktop":{"background-color":"var(--ast-global-color-5)","background-image":"","background-repeat":"repeat","background-position":"center center","background-size":"auto","background-attachment":"scroll","background-type":"","background-media":"","overlay-type":"","overlay-color":"","overlay-opacity":"","overlay-gradient":""},"tablet":{"background-color":"var(--ast-global-color-5)","background-image":"","background-repeat":"repeat","background-position":"center center","background-size":"auto","background-attachment":"scroll","background-type":"","background-media":"","overlay-type":"","overlay-color":"","overlay-opacity":"","overlay-gradient":""},"mobile":{"background-color":"var(--ast-global-color-5)","background-image":"","background-repeat":"repeat","background-position":"center center","background-size":"auto","background-attachment":"scroll","background-type":"","background-media":"","overlay-type":"","overlay-color":"","overlay-opacity":"","overlay-gradient":""}}},"product_brand":[],"product_cat":[65,96,98],"product_tag":[],"class_list":{"0":"post-1747","1":"product","2":"type-product","3":"status-publish","4":"has-post-thumbnail","6":"product_cat-body-care","7":"product_cat-brands","8":"product_cat-kehale","9":"desktop-align-left","10":"tablet-align-left","11":"mobile-align-left","13":"first","14":"instock","15":"taxable","16":"shipping-taxable","17":"product-type-simple","18":"add-to-wishlist-before_image"},"uagb_featured_image_src":{"full":["https:\/\/kosmeetika24.com\/wp-content\/uploads\/2023\/11\/thermo-body-fit306.png",600,600,false],"thumbnail":["https:\/\/kosmeetika24.com\/wp-content\/uploads\/2023\/11\/thermo-body-fit306-150x150.png",150,150,true],"medium":["https:\/\/kosmeetika24.com\/wp-content\/uploads\/2023\/11\/thermo-body-fit306-300x300.png",300,300,true],"medium_large":["https:\/\/kosmeetika24.com\/wp-content\/uploads\/2023\/11\/thermo-body-fit306.png",600,600,false],"large":["https:\/\/kosmeetika24.com\/wp-content\/uploads\/2023\/11\/thermo-body-fit306.png",600,600,false],"1536x1536":["https:\/\/kosmeetika24.com\/wp-content\/uploads\/2023\/11\/thermo-body-fit306.png",600,600,false],"2048x2048":["https:\/\/kosmeetika24.com\/wp-content\/uploads\/2023\/11\/thermo-body-fit306.png",600,600,false],"trp-custom-language-flag":["https:\/\/kosmeetika24.com\/wp-content\/uploads\/2023\/11\/thermo-body-fit306-12x12.png",12,12,true],"woocommerce_thumbnail":["https:\/\/kosmeetika24.com\/wp-content\/uploads\/2023\/11\/thermo-body-fit306-300x300.png",300,300,true],"woocommerce_single":["https:\/\/kosmeetika24.com\/wp-content\/uploads\/2023\/11\/thermo-body-fit306-500x500.png",500,500,true],"woocommerce_gallery_thumbnail":["https:\/\/kosmeetika24.com\/wp-content\/uploads\/2023\/11\/thermo-body-fit306-100x100.png",100,100,true]},"uagb_author_info":{"display_name":"admin","author_link":"https:\/\/kosmeetika24.com\/fi\/author\/"},"uagb_comment_info":0,"uagb_excerpt":"Tselluliidivastane kreem, millel on soojendav efekt ja intensiivne toime, et soodustada kogunenud rasva eemaldamist keha erinevatest piirkondadest. 200 ml","_links":{"self":[{"href":"https:\/\/kosmeetika24.com\/fi\/wp-json\/wp\/v2\/product\/1747","targetHints":{"allow":["GET"]}}],"collection":[{"href":"https:\/\/kosmeetika24.com\/fi\/wp-json\/wp\/v2\/product"}],"about":[{"href":"https:\/\/kosmeetika24.com\/fi\/wp-json\/wp\/v2\/types\/product"}],"replies":[{"embeddable":true,"href":"https:\/\/kosmeetika24.com\/fi\/wp-json\/wp\/v2\/comments?post=1747"}],"version-history":[{"count":7,"href":"https:\/\/kosmeetika24.com\/fi\/wp-json\/wp\/v2\/product\/1747\/revisions"}],"predecessor-version":[{"id":6770,"href":"https:\/\/kosmeetika24.com\/fi\/wp-json\/wp\/v2\/product\/1747\/revisions\/6770"}],"wp:featuredmedia":[{"embeddable":true,"href":"https:\/\/kosmeetika24.com\/fi\/wp-json\/wp\/v2\/media\/1748"}],"wp:attachment":[{"href":"https:\/\/kosmeetika24.com\/fi\/wp-json\/wp\/v2\/media?parent=1747"}],"wp:term":[{"taxonomy":"product_brand","embeddable":true,"href":"https:\/\/kosmeetika24.com\/fi\/wp-json\/wp\/v2\/product_brand?post=1747"},{"taxonomy":"product_cat","embeddable":true,"href":"https:\/\/kosmeetika24.com\/fi\/wp-json\/wp\/v2\/product_cat?post=1747"},{"taxonomy":"product_tag","embeddable":true,"href":"https:\/\/kosmeetika24.com\/fi\/wp-json\/wp\/v2\/product_tag?post=1747"}],"curies":[{"name":"wp","href":"https:\/\/api.w.org\/{rel}","templated":true}]}}