{"id":1741,"date":"2024-01-05T08:58:10","date_gmt":"2024-01-05T08:58:10","guid":{"rendered":"https:\/\/kosmeetika24.com\/?post_type=product&#038;p=1741"},"modified":"2025-07-02T14:07:17","modified_gmt":"2025-07-02T11:07:17","slug":"bruno-vassari-body-care-taastav-kate-ja-kuuntekreem","status":"publish","type":"product","link":"https:\/\/kosmeetika24.com\/fi\/tuote\/bruno-vassari-body-care-taastav-kate-ja-kuuntekreem\/","title":{"rendered":"BRUNO VASSARI Body Care palauttava k\u00e4si- ja kynsivoide."},"content":{"rendered":"<p class=\"translation-block\">Palauttava k\u00e4si- ja kynsivoide <em>Age Control Hand Cream<\/em> on kevyt ik\u00e4\u00e4ntymist\u00e4 est\u00e4v\u00e4 emulsio, joka ravitsee k\u00e4sien ihoa ja est\u00e4\u00e4 tummien l\u00e4iskien muodostumisen. Kasviuutteet aktivoivat solujen uudistumista ja suojaavat ulkoiselta aggressiolta. UVA- ja UVB-suodattimet est\u00e4v\u00e4t iholaikkujen syntymist\u00e4.<\/p>\n<p>Sopii kaikille ihotyypeille.<\/p>\n<p><strong>PEAMISED\u00a0 TOIMEAINED<\/strong><\/p>\n<ul>\n<li>Allantoiini<\/li>\n<li>Sheavoi<\/li>\n<li>Alfabisabolooli.<\/li>\n<li>D-pantenoli.<\/li>\n<li>UVA- ja UVB-suodattimet 1%.<\/li>\n<\/ul>\n<p><strong>Vaikutus<\/strong><\/p>\n<ul>\n<li>Allantoiini stimuloi epidermiksen solujen m\u00e4\u00e4r\u00e4n lis\u00e4\u00e4ntymist\u00e4.<\/li>\n<li>D-pantenoli auttaa s\u00e4ilytt\u00e4m\u00e4\u00e4n ihon kosteuden, ravitsee ihoa ja parantaa aineenvaihduntaa.<\/li>\n<li>Shea-voi sis\u00e4lt\u00e4\u00e4 suojaavia ja antioksidanttisia vitamiine sek\u00e4 est\u00e4\u00e4 ihon kuivumista.<\/li>\n<li>Alfabisabolooli suojaa ihoa ulkoisilta vaurioilta.<\/li>\n<li>UVA- ja UVB-suodattimet 1% suojaavat k\u00e4si auringon s\u00e4teilyn vaurioilta ja est\u00e4v\u00e4t my\u00f6s iholaikkujen syntymist\u00e4.<\/li>\n<\/ul>\n<p><strong>K\u00e4ytt\u00f6<\/strong><\/p>\n<ul>\n<li>Levit\u00e4 k\u00e4sivoide k\u00e4siin joka p\u00e4iv\u00e4 k\u00e4sien puhdistamisen j\u00e4lkeen.<\/li>\n<\/ul>\n<p><strong>Ainesosat<\/strong><\/p>\n<p><span style=\"font-size: 14px;\">AQUA (WATER), GLYCERIN, PARAFFINUM LIQUIDUM (MINERAL OIL), CYCLOPENTASILOXANE, VP\/EICOSENE COPOLYMER, C12-15 ALKYL BENZOATE, CETYL ALCOHOL, BUTYROSPERMUM PARKII (SHEA) BUTTER, GLYCERYL STEARATE, PEG-100 STEARATE, DIMETHICONE, PALMITIC ACID, SODIUM PCA, PANTHENOL, ARACHIDIC ACID, MYRISTIC ACID, CAMELLIA SINESIS LEAF EXTRACT, LACTIC ACID, TRIETHANOLAMINE, STEARIC ACID, ETHYLHEXYL METHOXYCINNAMATE, PHENOXYETHANOL, PROPYLENE GLYCOL, METHYLPARABEN, PARFUM (FRAGRANCE), ALLATOIN, ETHYLPARABEN, BUTYLPARABEN, DISODIUM EDTA, TOCOPHERYLACETATE, BISABOLOL, PROPYLPARABEN, ALPHA-ISOMETHYL IONONE, HYDROXYISOHEXYL 3-CYCLOHEXENE CARBOXALDEHYDE, ASCORBYL PALMITATE, BUTYLPHENYL METHYLPROPIONAL, FARNESOL, SODIUM BENZOATE, POTASSIUM SORBATE, CITRIC ACID, LIMONENE, BHT, LINALOOL, HEXYL CINNAMAL.<\/span><\/p>","protected":false},"excerpt":{"rendered":"<p>Ik\u00e4\u00e4ntymist\u00e4 est\u00e4v\u00e4 suojaava k\u00e4sivoide.<\/p>\n<p>Kosteuttaa, ravitsee ja est\u00e4\u00e4 pigmenttil\u00e4iskien muodostumista.<\/p>\n<p>75 ml<\/p>","protected":false},"featured_media":1742,"comment_status":"open","ping_status":"closed","template":"","meta":{"_uag_custom_page_level_css":"","site-sidebar-layout":"default","site-content-layout":"","ast-site-content-layout":"default","site-content-style":"default","site-sidebar-style":"default","ast-global-header-display":"","ast-banner-title-visibility":"","ast-main-header-display":"","ast-hfb-above-header-display":"","ast-hfb-below-header-display":"","ast-hfb-mobile-header-display":"","site-post-title":"","ast-breadcrumbs-content":"","ast-featured-img":"","footer-sml-layout":"","ast-disable-related-posts":"","theme-transparent-header-meta":"default","adv-header-id-meta":"","stick-header-meta":"","header-above-stick-meta":"","header-main-stick-meta":"","header-below-stick-meta":"","astra-migrate-meta-layouts":"set","ast-page-background-enabled":"default","ast-page-background-meta":{"desktop":{"background-color":"var(--ast-global-color-4)","background-image":"","background-repeat":"repeat","background-position":"center center","background-size":"auto","background-attachment":"scroll","background-type":"","background-media":"","overlay-type":"","overlay-color":"","overlay-opacity":"","overlay-gradient":""},"tablet":{"background-color":"","background-image":"","background-repeat":"repeat","background-position":"center center","background-size":"auto","background-attachment":"scroll","background-type":"","background-media":"","overlay-type":"","overlay-color":"","overlay-opacity":"","overlay-gradient":""},"mobile":{"background-color":"","background-image":"","background-repeat":"repeat","background-position":"center center","background-size":"auto","background-attachment":"scroll","background-type":"","background-media":"","overlay-type":"","overlay-color":"","overlay-opacity":"","overlay-gradient":""}},"ast-content-background-meta":{"desktop":{"background-color":"var(--ast-global-color-5)","background-image":"","background-repeat":"repeat","background-position":"center center","background-size":"auto","background-attachment":"scroll","background-type":"","background-media":"","overlay-type":"","overlay-color":"","overlay-opacity":"","overlay-gradient":""},"tablet":{"background-color":"var(--ast-global-color-5)","background-image":"","background-repeat":"repeat","background-position":"center center","background-size":"auto","background-attachment":"scroll","background-type":"","background-media":"","overlay-type":"","overlay-color":"","overlay-opacity":"","overlay-gradient":""},"mobile":{"background-color":"var(--ast-global-color-5)","background-image":"","background-repeat":"repeat","background-position":"center center","background-size":"auto","background-attachment":"scroll","background-type":"","background-media":"","overlay-type":"","overlay-color":"","overlay-opacity":"","overlay-gradient":""}}},"product_brand":[],"product_cat":[65,96,98],"product_tag":[],"class_list":{"0":"post-1741","1":"product","2":"type-product","3":"status-publish","4":"has-post-thumbnail","6":"product_cat-body-care","7":"product_cat-brands","8":"product_cat-kehale","9":"desktop-align-left","10":"tablet-align-left","11":"mobile-align-left","13":"first","14":"instock","15":"taxable","16":"shipping-taxable","17":"product-type-simple","18":"add-to-wishlist-before_image"},"uagb_featured_image_src":{"full":["https:\/\/kosmeetika24.com\/wp-content\/uploads\/2023\/11\/289-Age-Control-Hand-Cream.jpg",600,600,false],"thumbnail":["https:\/\/kosmeetika24.com\/wp-content\/uploads\/2023\/11\/289-Age-Control-Hand-Cream-150x150.jpg",150,150,true],"medium":["https:\/\/kosmeetika24.com\/wp-content\/uploads\/2023\/11\/289-Age-Control-Hand-Cream-300x300.jpg",300,300,true],"medium_large":["https:\/\/kosmeetika24.com\/wp-content\/uploads\/2023\/11\/289-Age-Control-Hand-Cream.jpg",600,600,false],"large":["https:\/\/kosmeetika24.com\/wp-content\/uploads\/2023\/11\/289-Age-Control-Hand-Cream.jpg",600,600,false],"1536x1536":["https:\/\/kosmeetika24.com\/wp-content\/uploads\/2023\/11\/289-Age-Control-Hand-Cream.jpg",600,600,false],"2048x2048":["https:\/\/kosmeetika24.com\/wp-content\/uploads\/2023\/11\/289-Age-Control-Hand-Cream.jpg",600,600,false],"trp-custom-language-flag":["https:\/\/kosmeetika24.com\/wp-content\/uploads\/2023\/11\/289-Age-Control-Hand-Cream-12x12.jpg",12,12,true],"woocommerce_thumbnail":["https:\/\/kosmeetika24.com\/wp-content\/uploads\/2023\/11\/289-Age-Control-Hand-Cream-300x300.jpg",300,300,true],"woocommerce_single":["https:\/\/kosmeetika24.com\/wp-content\/uploads\/2023\/11\/289-Age-Control-Hand-Cream-500x500.jpg",500,500,true],"woocommerce_gallery_thumbnail":["https:\/\/kosmeetika24.com\/wp-content\/uploads\/2023\/11\/289-Age-Control-Hand-Cream-100x100.jpg",100,100,true]},"uagb_author_info":{"display_name":"admin","author_link":"https:\/\/kosmeetika24.com\/fi\/author\/"},"uagb_comment_info":0,"uagb_excerpt":"Vananemisvastase toimega kaitsev k\u00e4tekreem. Niisutab, toidab ja hoiab \u00e4ra pigmendilaikude tekkimise. 75 ml","_links":{"self":[{"href":"https:\/\/kosmeetika24.com\/fi\/wp-json\/wp\/v2\/product\/1741","targetHints":{"allow":["GET"]}}],"collection":[{"href":"https:\/\/kosmeetika24.com\/fi\/wp-json\/wp\/v2\/product"}],"about":[{"href":"https:\/\/kosmeetika24.com\/fi\/wp-json\/wp\/v2\/types\/product"}],"replies":[{"embeddable":true,"href":"https:\/\/kosmeetika24.com\/fi\/wp-json\/wp\/v2\/comments?post=1741"}],"version-history":[{"count":2,"href":"https:\/\/kosmeetika24.com\/fi\/wp-json\/wp\/v2\/product\/1741\/revisions"}],"predecessor-version":[{"id":4179,"href":"https:\/\/kosmeetika24.com\/fi\/wp-json\/wp\/v2\/product\/1741\/revisions\/4179"}],"wp:featuredmedia":[{"embeddable":true,"href":"https:\/\/kosmeetika24.com\/fi\/wp-json\/wp\/v2\/media\/1742"}],"wp:attachment":[{"href":"https:\/\/kosmeetika24.com\/fi\/wp-json\/wp\/v2\/media?parent=1741"}],"wp:term":[{"taxonomy":"product_brand","embeddable":true,"href":"https:\/\/kosmeetika24.com\/fi\/wp-json\/wp\/v2\/product_brand?post=1741"},{"taxonomy":"product_cat","embeddable":true,"href":"https:\/\/kosmeetika24.com\/fi\/wp-json\/wp\/v2\/product_cat?post=1741"},{"taxonomy":"product_tag","embeddable":true,"href":"https:\/\/kosmeetika24.com\/fi\/wp-json\/wp\/v2\/product_tag?post=1741"}],"curies":[{"name":"wp","href":"https:\/\/api.w.org\/{rel}","templated":true}]}}